{"id":24855,"date":"2023-05-25T10:17:58","date_gmt":"2023-05-25T10:17:58","guid":{"rendered":"https:\/\/www.adrianwood.ch\/?page_id=24855"},"modified":"2023-05-27T08:29:07","modified_gmt":"2023-05-27T08:29:07","slug":"05-03-inselwechsel","status":"publish","type":"page","link":"https:\/\/www.adrianwood.ch\/?page_id=24855","title":{"rendered":"05-03 Inselwechsel"},"content":{"rendered":"<div class=\"pmdi_content_wrapper\">\n<h2 class=\"Normal-P\" style=\"margin-bottom: 6pt; direction: ltr; unicode-bidi: normal;\"><span class=\"Normal-H\"><span style=\"font-family: Arial; font-weight: bold; font-size: 11pt;\">Mittwoch, <\/span><span style=\"font-family: Arial; font-weight: bold; font-size: 11pt;\">0<\/span><span style=\"font-family: Arial; font-weight: bold; font-size: 11pt;\">3.Mai 2023<\/span><span style=\"font-family: Arial; font-weight: bold; font-size: 11pt;\">, Inselwechsel von La Gomera nach Fuerteventura<\/span><\/span><\/h2>\n<table class=\"TableGrid-T\" style=\"border-collapse: collapse;\" cellspacing=\"0\">\n<tbody>\n<tr class=\"-R\">\n<td class=\"-C\" style=\"width: 481.4pt; border: none windowtext 0pt;\" colspan=\"2\">\n<p class=\"Normal-P\" style=\"margin-bottom: 6pt; direction: ltr; unicode-bidi: normal;\"><span class=\"Normal-H\"><span style=\"font-family: Arial; font-size: 11pt;\">Tagwache ist um 6 Uhr. Das Fr\u00fchst\u00fcck k\u00f6nnen wir in unserem Hotel Gran Rey ausnahmsweise schon um 7 Uhr einnehmen. Es ist noch dunkel. Um 7.45 Uhr holt uns unser Bus ab. Zuerst geht es auf der guten Strasse hinauf ins Innere von La Gomera. Unten ist es kahl, weiter oben geht es durch dichten Wald. Nach einer l\u00e4ngeren Fahrt zweigen wir ab zum Flughafen, der fast auf Meeresniveau liegt. In unz\u00e4hligen Kehren geht es hinab, vorbei an zahlreichen Baustellen, durch die viele Kurven grossz\u00fcgig ausgebaut werden. Nach einer Fahrzeit von 1h 20 Minuten kommen wir am Flughafen an. Das Geb\u00e4ude ist sowohl aussen wie auch innen architektonisch sehr ansprechend gebaut und unterscheidet sich angenehm von denjenigen auf den ander<\/span><span style=\"font-family: Arial; font-size: 11pt;\">e<\/span><span style=\"font-family: Arial; font-size: 11pt;\">n Inseln, die f\u00fcr Massentouristen eingerichtet sind. Die Sicherheitskontrolle wird mit der selbe<\/span><span style=\"font-family: Arial; font-size: 11pt;\">r<\/span><span style=\"font-family: Arial; font-size: 11pt;\"> Gr\u00fcndlich<\/span><span style=\"font-family: Arial; font-size: 11pt;\">&#8211;<\/span><span style=\"font-family: Arial; font-size: 11pt;\">keit<\/span><span style=\"font-family: Arial; font-size: 11pt;\"> vorgenommen wie andernorts auch. Nach einiger Zeit trifft unser Flugzeug ein, eine Propelle<\/span><span style=\"font-family: Arial; font-size: 11pt;\">r<\/span><span style=\"font-family: Arial; font-size: 11pt;\">maschine vom Typ ATR72 von <\/span><span style=\"font-family: Arial; font-size: 11pt;\">Binter<\/span><span style=\"font-family: Arial; font-size: 11pt;\"> Canarias<\/span><span style=\"font-family: Arial; font-size: 11pt;\">. Abflug ist um 10.30 Uhr<\/span><span style=\"font-family: Arial; font-size: 11pt;\">.<\/span><span style=\"font-family: Arial; font-size: 11pt;\"> Die Piste ist kurz und gleich nach dem Abheben schweben wir schon \u00fcber dem Meer. Der kurze Flug nach Teneriffa Nord bietet eine sch\u00f6ne Aussicht, besonders auf den Vulkan Teide, den wir im Anflug umrunden.<\/span><\/span><\/p>\n<\/td>\n<\/tr>\n<tr class=\"-R\">\n<td class=\"-C\" style=\"width: 240.7pt; border: none windowtext 0pt;\">\n<p class=\"Normal-P\" style=\"margin-bottom: 6pt; direction: ltr; unicode-bidi: normal;\"><span class=\"Normal-H\"><span style=\"font-family: Arial; font-size: 11pt;\"><img loading=\"lazy\" decoding=\"async\" class=\"\" src=\"https:\/\/www.adrianwood.ch\/wp-content\/uploads\/2023\/05\/1685175053_image1.jpeg\" data-link=\"\" width=\"353\" height=\"235\"><\/span><\/span><\/p>\n<\/td>\n<td class=\"-C\" style=\"width: 240.7pt; border: none windowtext 0pt;\">\n<p class=\"Normal-P\" style=\"margin-bottom: 6pt; direction: ltr; unicode-bidi: normal;\"><span class=\"Normal-H\"><span style=\"font-family: Arial; font-size: 11pt;\"><img loading=\"lazy\" decoding=\"async\" class=\"\" src=\"https:\/\/www.adrianwood.ch\/wp-content\/uploads\/2023\/05\/1685175053_image2.jpeg\" data-link=\"\" width=\"352\" height=\"234\"><\/span><\/span><\/p>\n<\/td>\n<\/tr>\n<tr class=\"-R\">\n<td class=\"-C\" style=\"width: 481.4pt; border: none windowtext 0pt;\" colspan=\"2\">\n<p class=\"Normal-P\" style=\"margin-bottom: 6pt; direction: ltr; unicode-bidi: normal;\"><span class=\"Normal-H\"><span style=\"font-family: Arial; font-size: 11pt;\">Nun folgt der m\u00fchsame Teil. In Teneriffa Nord haben wir einen Aufenthalt von gut 3 Stunden. Hier heisst es einfach warten.<\/span><span style=\"font-family: Arial; font-size: 11pt;\">Der Weiterflug nach Fuerteventura erfolgt wieder mit einer Maschine von <\/span><span style=\"font-family: Arial; font-size: 11pt;\">Binter<\/span><span style=\"font-family: Arial; font-size: 11pt;\">. Dieser Flug dauert etwas l\u00e4nger als der <\/span><span style=\"font-family: Arial; font-size: 11pt;\">E<\/span><span style=\"font-family: Arial; font-size: 11pt;\">rste. Am Ziel ist das Geb\u00e4ude f\u00fcr riesige Menschenmassen ausgelegt. Aber bei unserer Ankunft ist es fast leer von Menschen. Ausserhalb des Geb\u00e4udes m\u00fcssen wir eine halbe Stunde auf unseren Bus warten. Zum Gl\u00fcck gibt es eine \u00fcberdachte Wartezone, in der wir die Hitze wie in einem Backofen besser \u00fcberstehen k\u00f6nnen. Nach einer Fahrt von 40 Minuten haben wir unser Hotel Las <\/span><span style=\"font-family: Arial; font-size: 11pt;\">Marismas<\/span><span style=\"font-family: Arial; font-size: 11pt;\"> in <\/span><span style=\"font-family: Arial; font-size: 11pt;\">Corralejo<\/span><span style=\"font-family: Arial; font-size: 11pt;\"> am n\u00f6rdlichsten Punkt der Insel erreicht.<\/span><\/span><\/p>\n<\/td>\n<\/tr>\n<tr class=\"-R\">\n<td class=\"-C\" style=\"width: 240.7pt; border: none windowtext 0pt;\">\n<p class=\"Normal-P\" style=\"margin-bottom: 6pt; direction: ltr; unicode-bidi: normal;\"><span class=\"Normal-H\"><span style=\"font-family: Arial; font-size: 11pt;\"><img loading=\"lazy\" decoding=\"async\" class=\"\" src=\"https:\/\/www.adrianwood.ch\/wp-content\/uploads\/2023\/05\/1685175053_image3.jpeg\" data-link=\"\" width=\"353\" height=\"235\"><\/span><\/span><\/p>\n<\/td>\n<td class=\"-C\" style=\"width: 240.7pt; border: none windowtext 0pt;\">\n<p class=\"Normal-P\" style=\"margin-bottom: 6pt; direction: ltr; unicode-bidi: normal;\"><span class=\"Normal-H\"><span style=\"font-family: Arial; font-size: 11pt;\"><img loading=\"lazy\" decoding=\"async\" class=\"\" src=\"https:\/\/www.adrianwood.ch\/wp-content\/uploads\/2023\/05\/1685175053_image4.jpeg\" data-link=\"\" width=\"353\" height=\"235\"><\/span><\/span><\/p>\n<\/td>\n<\/tr>\n<tr class=\"-R\">\n<td class=\"-C\" style=\"width: 481.4pt; border: none windowtext 0pt;\" colspan=\"2\">\n<p class=\"Normal-P\" style=\"margin-bottom: 6pt; direction: ltr; unicode-bidi: normal;\"><span class=\"Normal-H\"><span style=\"font-family: Arial; font-size: 11pt;\">Dieses Hotel ist f\u00fcr grosse Besucherzahlen gebaut. Die Anlage ist riesig. Sie hat eine L\u00e4nge von 300m und eine Breite von 150m. So war ich anf\u00e4nglich sehr skeptisch. Aber nachdem ich sie mir angesehen habe, war ich sehr begeistert. Die G\u00e4ste haben sehr viel Platz, um sich an verschiedenen Orten aufzuhalten, so dass man nie ein Gedr\u00e4nge empfindet. Die ganze Anlage ist auch g\u00e4rt<\/span><span style=\"font-family: Arial; font-size: 11pt;\">&#8211;<\/span><span style=\"font-family: Arial; font-size: 11pt;\">nerisch sehr ansprechend angelegt. Es gibt sehr viele und viele verschiedene tropische Pflanzen, ganz speziell auch Palmen<\/span><\/span><\/p>\n<p class=\"Normal-P\" style=\"margin-bottom: 6pt; direction: ltr; unicode-bidi: normal;\"><span class=\"Normal-H\"><span style=\"font-family: Arial; font-size: 11pt;\">Selbst ein Wasserfall ist vorhanden und ein Minimarkt. Sowohl Fr\u00fc<\/span><span style=\"font-family: Arial; font-size: 11pt;\">h<\/span><span style=\"font-family: Arial; font-size: 11pt;\">st\u00fcck als auch das <\/span><span style=\"font-family: Arial; font-size: 11pt;\">Nachtessen werden als Buffet mit Selbstbedienung offeriert. Die Auswahl ist sehr gross und ausgezeichnet. Jeden Abend wird zus\u00e4tzlich ein Men\u00fc aus einem ander<\/span><span style=\"font-family: Arial; font-size: 11pt;\">e<\/span><span style=\"font-family: Arial; font-size: 11pt;\">n Land angeboten, z.B. aus Italien oder Mexiko. Der Aufenthalt in den beiden Pools wurde leider durch den meist starken und k\u00fchlen Wind etwas gest\u00f6rt. W\u00e4hrend des ganzen Aufenthalts habe ich die ganze Anlage nicht ein einziges Mal verlassen und mich nie eingeengt gef\u00fchlt.<\/span><\/span><\/p>\n<p class=\"Normal-P\" style=\"margin-bottom: 6pt; direction: ltr; unicode-bidi: normal;\"><span class=\"Normal-H\"><span style=\"font-family: Arial; font-size: 11pt;\">Hanspeter S<\/span><span style=\"font-family: Arial; font-size: 11pt;\">.<\/span><\/span><\/p>\n<\/td>\n<\/tr>\n<p><!-- [if !supportMisalignedColumns]--><\/tbody>\n<\/table>\n<\/div>\n","protected":false},"excerpt":{"rendered":"<p>Mittwoch, 03.Mai 2023, Inselwechsel von La Gomera nach Fuerteventura Tagwache ist um 6 Uhr. Das Fr\u00fchst\u00fcck k\u00f6nnen wir in unserem Hotel Gran Rey ausnahmsweise schon um 7 Uhr einnehmen. Es ist noch dunkel. Um 7.45 Uhr holt uns unser Bus ab. Zuerst geht es auf der guten Strasse hinauf ins Innere von La Gomera. Unten &hellip; <a href=\"https:\/\/www.adrianwood.ch\/?page_id=24855\" class=\"more-link\">Continue reading <span class=\"screen-reader-text\">05-03 Inselwechsel<\/span> <span class=\"meta-nav\">&rarr;<\/span><\/a><\/p>\n","protected":false},"author":1,"featured_media":0,"parent":24622,"menu_order":2649,"comment_status":"closed","ping_status":"closed","template":"","meta":{"ngg_post_thumbnail":0,"footnotes":""},"class_list":["post-24855","page","type-page","status-publish","hentry"],"_links":{"self":[{"href":"https:\/\/www.adrianwood.ch\/index.php?rest_route=\/wp\/v2\/pages\/24855","targetHints":{"allow":["GET"]}}],"collection":[{"href":"https:\/\/www.adrianwood.ch\/index.php?rest_route=\/wp\/v2\/pages"}],"about":[{"href":"https:\/\/www.adrianwood.ch\/index.php?rest_route=\/wp\/v2\/types\/page"}],"author":[{"embeddable":true,"href":"https:\/\/www.adrianwood.ch\/index.php?rest_route=\/wp\/v2\/users\/1"}],"replies":[{"embeddable":true,"href":"https:\/\/www.adrianwood.ch\/index.php?rest_route=%2Fwp%2Fv2%2Fcomments&post=24855"}],"version-history":[{"count":4,"href":"https:\/\/www.adrianwood.ch\/index.php?rest_route=\/wp\/v2\/pages\/24855\/revisions"}],"predecessor-version":[{"id":24932,"href":"https:\/\/www.adrianwood.ch\/index.php?rest_route=\/wp\/v2\/pages\/24855\/revisions\/24932"}],"up":[{"embeddable":true,"href":"https:\/\/www.adrianwood.ch\/index.php?rest_route=\/wp\/v2\/pages\/24622"}],"wp:attachment":[{"href":"https:\/\/www.adrianwood.ch\/index.php?rest_route=%2Fwp%2Fv2%2Fmedia&parent=24855"}],"curies":[{"name":"wp","href":"https:\/\/api.w.org\/{rel}","templated":true}]}}