{"id":24956,"date":"2023-06-19T08:38:50","date_gmt":"2023-06-19T08:38:50","guid":{"rendered":"https:\/\/www.adrianwood.ch\/?page_id=24956"},"modified":"2023-06-19T08:47:04","modified_gmt":"2023-06-19T08:47:04","slug":"05-04-lajares","status":"publish","type":"page","link":"https:\/\/www.adrianwood.ch\/?page_id=24956","title":{"rendered":"05-04 Lajares"},"content":{"rendered":"<div class=\"pmdi_content_wrapper\">\n<h2 class=\"Normal-P\" style=\"margin-bottom: 6pt; direction: ltr; unicode-bidi: normal;\"><span class=\"Normal-H\"><span style=\"font-family: Arial; font-weight: bold;\">Donnerstag<\/span><span style=\"font-family: Arial; font-weight: bold;\">, 4.5.2023, <\/span><span style=\"font-family: Arial; font-weight: bold;\">Lajares<\/span><span style=\"font-family: Arial; font-weight: bold;\"> \u2013 Calder\u00f3n Hondo <\/span><\/span><\/h2>\n<p class=\"Normal-P\" style=\"margin-bottom: 6pt; direction: ltr; unicode-bidi: normal;\">\n<table class=\"TableGrid-T\" style=\"border-collapse: collapse;\" cellspacing=\"0\">\n<tbody>\n<tr class=\"-R\">\n<td class=\"-C\" style=\"width: 481.4pt; border: none windowtext 0pt;\" colspan=\"3\">\n<p class=\"Normal-P\" style=\"margin-bottom: 6pt; direction: ltr; unicode-bidi: normal;\"><span class=\"Normal-H\"><span style=\"font-family: Arial;\">Dies war <\/span><span style=\"font-family: Arial;\">unsere erste Wandertag<\/span><span style=\"font-family: Arial;\"> auf <\/span><span style=\"font-family: Arial;\">Fuertaventura<\/span><span style=\"font-family: Arial;\">. Nach eine sehr sch\u00f6ne Wanderwoche auf dem gebirgige und teilweise bewaldete Insel La Palma befanden wir uns in eine relative flache und sehr karge Landschaft. Die kleinen vulkanischen H\u00fcgel erreichen kaum 500m, nicht hoch genug um die Feuchtigkeit der Passatwinde einzufangen. Manche fragten sich ob die Gegend wirklich zum Wandern geeignet war. Jedenfalls freuten wir uns die neue Wanderleiterin, eine junge schicke Deutsche Frau namens Tina, zu treffen. Sie wohnte seit ihrer Jugend in der Nahe in einem Dorf <\/span><span style=\"font-family: Arial;\">Lajares<\/span><span style=\"font-family: Arial;\"> und war volle Enthusiasmus f\u00fcr Fuerteventura. <\/span><span style=\"font-family: Arial;\">Lajares<\/span><span style=\"font-family: Arial;\"> war eine kleine verschlafene Ortschaft bis es von Surfer und alternative Leute entdeckt wurde. Es liegt g\u00fcnstig um die von Brandung <\/span><span style=\"font-family: Arial;\">gepeischten<\/span><span style=\"font-family: Arial;\"> Str\u00e4nde sowohl an der Ost- als auch an der Westk\u00fcste zu erreichen. Es gibt noch keinen hohen Hotels im Ort aber am Rand schon manchen einst\u00f6ckigen villaartigen Anwesen.<\/span><\/span><\/p>\n<\/td>\n<\/tr>\n<tr class=\"-R\">\n<td class=\"-C\" style=\"width: 241.25pt; border: none windowtext 0pt;\">\n<p class=\"Normal-P\" style=\"margin-bottom: 6pt; direction: ltr; unicode-bidi: normal;\"><span class=\"Normal-H\"><span style=\"font-family: Arial;\"><img loading=\"lazy\" decoding=\"async\" class=\"\" src=\"https:\/\/www.adrianwood.ch\/wp-content\/uploads\/2023\/06\/1687163547_image1.jpeg\" data-link=\"\" width=\"352\" height=\"234\"><\/span><\/span><\/p>\n<\/td>\n<td class=\"-C\" style=\"width: 240.15pt; border: none windowtext 0pt;\" colspan=\"2\">\n<p class=\"Normal-P\" style=\"margin-bottom: 6pt; direction: ltr; unicode-bidi: normal;\"><span class=\"Normal-H\"><span style=\"font-family: Arial;\"><img loading=\"lazy\" decoding=\"async\" class=\"\" src=\"https:\/\/www.adrianwood.ch\/wp-content\/uploads\/2023\/06\/1687163547_image2.jpeg\" data-link=\"\" width=\"353\" height=\"236\"><\/span><\/span><\/p>\n<\/td>\n<\/tr>\n<tr class=\"-R\">\n<td class=\"-C\" style=\"width: 481.4pt; border: none windowtext 0pt;\" colspan=\"3\">\n<p class=\"Normal-P\" style=\"margin-bottom: 6pt; direction: ltr; unicode-bidi: normal;\"><span class=\"Normal-H\"><span style=\"font-family: Arial;\">Ich hatte keine M\u00f6glichkeit Tina am Vortag zu treffen, so wir mussten zuerst die Wander<\/span><span style=\"font-family: Arial;\">&#8211;<\/span><span style=\"font-family: Arial;\">programm f\u00fcr der Woche besprechen. Die geplante Wanderung bis <\/span><span style=\"font-family: Arial;\">Majanicho<\/span><span style=\"font-family: Arial;\"> an der Nordk\u00fcste haben wir als etwas zu lang gefunden und sie hat eine Variante auf den Calder\u00f3n Hondo mit <\/span><span style=\"font-family: Arial;\">mit<\/span><span style=\"font-family: Arial;\"> Anfang und Ende in <\/span><span style=\"font-family: Arial;\">Lajares<\/span><span style=\"font-family: Arial;\"> vorgeschlagen. Nach einer kurzen Busfahrt starteten wir dann in <\/span><span style=\"font-family: Arial;\">Lajares<\/span><span style=\"font-family: Arial;\"> und kamen bald eine Kamel Karavan, die auf Kundschaft wartete, vorbei. <\/span><\/span><\/p>\n<\/td>\n<\/tr>\n<tr class=\"-R\">\n<td class=\"-C\" style=\"width: 241.25pt; border: none windowtext 0pt;\">\n<p class=\"Normal-P\" style=\"margin-bottom: 6pt; direction: ltr; unicode-bidi: normal;\"><span class=\"Normal-H\"><span style=\"font-family: Arial;\"><img loading=\"lazy\" decoding=\"async\" class=\"\" src=\"https:\/\/www.adrianwood.ch\/wp-content\/uploads\/2023\/06\/1687163547_image3.jpeg\" data-link=\"\" width=\"353\" height=\"235\"><\/span><\/span><\/p>\n<\/td>\n<td class=\"-C\" style=\"width: 240.15pt; border: none windowtext 0pt;\" colspan=\"2\">\n<p class=\"Normal-P\" style=\"margin-bottom: 6pt; direction: ltr; unicode-bidi: normal;\"><span class=\"Normal-H\"><span style=\"font-family: Arial;\"><img loading=\"lazy\" decoding=\"async\" class=\"\" src=\"https:\/\/www.adrianwood.ch\/wp-content\/uploads\/2023\/06\/1687163547_image4.jpeg\" data-link=\"\" width=\"353\" height=\"236\"><\/span><\/span><\/p>\n<\/td>\n<\/tr>\n<tr class=\"-R\">\n<td class=\"-C\" style=\"width: 339.55pt; border: none windowtext 0pt;\" colspan=\"2\">\n<p class=\"Normal-P\" style=\"margin-bottom: 6pt; direction: ltr; unicode-bidi: normal;\"><span class=\"Normal-H\"><span style=\"font-family: Arial;\"><img decoding=\"async\" src=\"https:\/\/www.adrianwood.ch\/wp-content\/uploads\/2023\/06\/1687163547_image5.jpeg\" data-link=\"\" width=\"438.000839895013px \" height=\"222px \"><\/span><\/span><\/p>\n<\/td>\n<td class=\"-C\" style=\"width: 141.85pt; border: none windowtext 0pt;\">\n<p class=\"Normal-P\" style=\"margin-bottom: 6pt; direction: ltr; unicode-bidi: normal;\"><span class=\"Normal-H\"><span style=\"font-family: Arial;\"><img decoding=\"async\" src=\"https:\/\/www.adrianwood.ch\/wp-content\/uploads\/2023\/06\/1687163547_image6.jpeg\" data-link=\"\" width=\"175px \" height=\"208.715590551181px \"><\/span><\/span><\/p>\n<\/td>\n<\/tr>\n<tr class=\"-R\">\n<td class=\"-C\" style=\"width: 481.4pt; border: none windowtext 0pt;\" colspan=\"3\">\n<p class=\"Normal-P\" style=\"margin-bottom: 6pt; direction: ltr; unicode-bidi: normal;\"><span class=\"Normal-H\"><span style=\"font-family: Arial;\">Wir liefen auf einem vorbereiteten Weg um den Montana <\/span><span style=\"font-family: Arial;\">Colorada<\/span><span style=\"font-family: Arial;\"> zur anderen Seite von <\/span><span style=\"font-family: Arial;\">der <\/span><span style=\"font-family: Arial;\">Hondo. Unterwegs erkl\u00e4rte Tina die sp\u00e4rliche Vegetation, dass nur aus einige gedrungene Pflanzenarten bestand<\/span><span style=\"font-family: Arial;\">. Aus den Samen von einen k\u00f6nnten man eine Art von <\/span><span style=\"font-family: Arial;\">Gofio<\/span><span style=\"font-family: Arial;\"> f\u00fcr arme Leute machen. <\/span><span style=\"font-family: Arial;\">Gofio<\/span><span style=\"font-family: Arial;\"> war der Getreidegericht der Guanchen, die Ureinwohner der Kanaren.<\/span><\/span><\/p>\n<\/td>\n<\/tr>\n<tr class=\"-R\">\n<td class=\"-C\" style=\"width: 241.25pt; border: none windowtext 0pt;\">\n<p class=\"Normal-P\" style=\"margin-bottom: 6pt; direction: ltr; unicode-bidi: normal;\"><span class=\"Normal-H\"><span style=\"font-family: Arial;\"><img loading=\"lazy\" decoding=\"async\" class=\"\" src=\"https:\/\/www.adrianwood.ch\/wp-content\/uploads\/2023\/06\/1687163547_image7.jpeg\" data-link=\"\" width=\"359\" height=\"239\"><\/span><\/span><\/p>\n<\/td>\n<td class=\"-C\" style=\"width: 240.15pt; border: none windowtext 0pt;\" colspan=\"2\">\n<p class=\"Normal-P\" style=\"margin-bottom: 6pt; direction: ltr; unicode-bidi: normal;\"><span class=\"Normal-H\"><span style=\"font-family: Arial;\"><img loading=\"lazy\" decoding=\"async\" class=\"\" src=\"https:\/\/www.adrianwood.ch\/wp-content\/uploads\/2023\/06\/1687163547_image8.jpeg\" data-link=\"\" width=\"353\" height=\"236\"><\/span><\/span><\/p>\n<\/td>\n<\/tr>\n<tr class=\"-R\">\n<td class=\"-C\" style=\"width: 481.4pt; border: none windowtext 0pt;\" colspan=\"3\">\n<p class=\"Normal-P\" style=\"margin-bottom: 6pt; direction: ltr; unicode-bidi: normal;\"><span class=\"Normal-H\"><span style=\"font-family: Arial;\">Auf eine mit Pflastersteinen gebauten Weg stiegen wir steil hinauf zum eindr\u00fccklichen Kraterrand von <\/span><span style=\"font-family: Arial;\">Calder\u00f3n Hondo<\/span><span style=\"font-family: Arial;\">. Es geh\u00f6rt zu einer Gruppe von kleinen Vulkanen die seit dem letzten Ausbruch den N\u00f6rdliche Teil von Fuerteventura bilden. Alle sind schon l\u00e4ngst erl\u00f6schen.<\/span><\/span><\/p>\n<\/td>\n<\/tr>\n<tr class=\"-R\">\n<td class=\"-C\" style=\"width: 241.25pt; border: none windowtext 0pt;\">\n<p class=\"Normal-P\" style=\"margin-bottom: 6pt; direction: ltr; unicode-bidi: normal;\"><span class=\"Normal-H\"><span style=\"font-family: Arial;\"><img loading=\"lazy\" decoding=\"async\" class=\"\" src=\"https:\/\/www.adrianwood.ch\/wp-content\/uploads\/2023\/06\/1687163547_image9.jpeg\" data-link=\"\" width=\"355\" height=\"236\"><\/span><\/span><\/p>\n<\/td>\n<td class=\"-C\" style=\"width: 240.15pt; border: none windowtext 0pt;\" colspan=\"2\">\n<p class=\"Normal-P\" style=\"margin-bottom: 6pt; direction: ltr; unicode-bidi: normal;\"><span class=\"Normal-H\"><span style=\"font-family: Arial;\"><img loading=\"lazy\" decoding=\"async\" class=\"\" src=\"https:\/\/www.adrianwood.ch\/wp-content\/uploads\/2023\/06\/1687163547_image10.jpeg\" data-link=\"\" width=\"353\" height=\"236\"><\/span><\/span><\/p>\n<\/td>\n<\/tr>\n<tr class=\"-R\">\n<td class=\"-C\" style=\"width: 481.4pt; border: none windowtext 0pt;\" colspan=\"3\">\n<p class=\"Normal-P\" style=\"margin-bottom: 6pt; direction: ltr; unicode-bidi: normal;\"><span class=\"Normal-H\"><span style=\"font-family: Arial;\">Oben angekommen <\/span><span style=\"font-family: Arial;\">erwarte<\/span><span style=\"font-family: Arial;\">te<\/span><span style=\"font-family: Arial;\">n uns<\/span><span style=\"font-family: Arial;\">traumhafte Ausblicke \u00fcber die Insel und das Meer<\/span><span style=\"font-family: Arial;\"> bis nach Lanzarote<\/span><span style=\"font-family: Arial;\">. <\/span><span style=\"font-family: Arial;\">D<\/span><span style=\"font-family: Arial;\">er<\/span><span style=\"font-family: Arial;\"> Abstieg erfolgte zuerst <\/span><span style=\"font-family: Arial;\">auf de<\/span><span style=\"font-family: Arial;\"> gleichem Weg<\/span><span style=\"font-family: Arial;\">, aber dann mehr nach Norden zu einen alten Ruine, wo wir unsere Mittagspause <\/span><span style=\"font-family: Arial;\">genommen haben. Wir wurden besucht von neugierigen gestreiften Eichh\u00f6rnchen die an unseren Proviant teilhaben wollten. <\/span><\/span><\/p>\n<\/td>\n<\/tr>\n<tr class=\"-R\">\n<td class=\"-C\" style=\"width: 241.25pt; border: none windowtext 0pt;\">\n<p class=\"Normal-P\" style=\"margin-bottom: 6pt; direction: ltr; unicode-bidi: normal;\"><span class=\"Normal-H\"><span style=\"font-family: Arial;\"><img loading=\"lazy\" decoding=\"async\" class=\"\" src=\"https:\/\/www.adrianwood.ch\/wp-content\/uploads\/2023\/06\/1687163547_image11.jpeg\" data-link=\"\" width=\"353\" height=\"235\"><\/span><\/span><\/p>\n<\/td>\n<td class=\"-C\" style=\"width: 240.15pt; border: none windowtext 0pt;\" colspan=\"2\">\n<p class=\"Normal-P\" style=\"margin-bottom: 6pt; direction: ltr; unicode-bidi: normal;\"><span class=\"Normal-H\"><span style=\"font-family: Arial;\"><img loading=\"lazy\" decoding=\"async\" class=\"\" src=\"https:\/\/www.adrianwood.ch\/wp-content\/uploads\/2023\/06\/1687163547_image12.jpeg\" data-link=\"\" width=\"353\" height=\"236\"><\/span><\/span><\/p>\n<\/td>\n<\/tr>\n<tr class=\"-R\">\n<td class=\"-C\" style=\"width: 481.4pt; border: none windowtext 0pt;\" colspan=\"3\">\n<p class=\"Normal-P\" style=\"margin-bottom: 6pt; direction: ltr; unicode-bidi: normal;\"><span class=\"Normal-H\"><span style=\"font-family: Arial;\">Der R\u00fcckweg war l\u00e4nger als der Hinweg und wir sind auch weiter <\/span><span style=\"font-family: Arial;\">durch den Dorf<\/span><span style=\"font-family: Arial;\"> bis zu einem Bar gelaufen. Dort k\u00f6nnten wir nat\u00fcrlich unseren Durst l\u00f6schen und uns <\/span><span style=\"font-family: Arial;\">von der <\/span><span style=\"font-family: Arial;\">heisse <\/span><span style=\"font-family: Arial;\">Wanderung<\/span><span style=\"font-family: Arial;\"> erholen.<\/span><\/span><\/p>\n<p class=\"Normal-P\" style=\"margin-bottom: 6pt; direction: ltr; unicode-bidi: normal;\"><span class=\"Normal-H\"><span style=\"font-family: Arial;\">Zur\u00fcck in <\/span><span style=\"font-family: Arial;\">Corralejo<\/span><span style=\"font-family: Arial;\"> hatten manche von uns doch noch Lust ans Meer zu gehen. Wen man den richtigen Weg gleich findet brauch es nur <\/span><span style=\"font-family: Arial;\">ca<\/span><span style=\"font-family: Arial;\"> 20 Minuten zu Fuss. <\/span><\/span><\/p>\n<p class=\"Normal-P\" style=\"margin-bottom: 6pt; direction: ltr; unicode-bidi: normal;\"><span class=\"Normal-H\"><span style=\"font-family: Arial;\">A<\/span><span style=\"font-family: Arial;\">drian<\/span><\/span><\/p>\n<\/td>\n<\/tr>\n<p><!-- [if !supportMisalignedColumns]--><\/tbody>\n<\/table>\n<\/div>\n","protected":false},"excerpt":{"rendered":"<p>Donnerstag, 4.5.2023, Lajares \u2013 Calder\u00f3n Hondo Dies war unsere erste Wandertag auf Fuertaventura. Nach eine sehr sch\u00f6ne Wanderwoche auf dem gebirgige und teilweise bewaldete Insel La Palma befanden wir uns in eine relative flache und sehr karge Landschaft. Die kleinen vulkanischen H\u00fcgel erreichen kaum 500m, nicht hoch genug um die Feuchtigkeit der Passatwinde einzufangen. Manche &hellip; <a href=\"https:\/\/www.adrianwood.ch\/?page_id=24956\" class=\"more-link\">Continue reading <span class=\"screen-reader-text\">05-04 Lajares<\/span> <span class=\"meta-nav\">&rarr;<\/span><\/a><\/p>\n","protected":false},"author":1,"featured_media":0,"parent":24622,"menu_order":2650,"comment_status":"closed","ping_status":"closed","template":"","meta":{"ngg_post_thumbnail":0,"footnotes":""},"class_list":["post-24956","page","type-page","status-publish","hentry"],"_links":{"self":[{"href":"https:\/\/www.adrianwood.ch\/index.php?rest_route=\/wp\/v2\/pages\/24956","targetHints":{"allow":["GET"]}}],"collection":[{"href":"https:\/\/www.adrianwood.ch\/index.php?rest_route=\/wp\/v2\/pages"}],"about":[{"href":"https:\/\/www.adrianwood.ch\/index.php?rest_route=\/wp\/v2\/types\/page"}],"author":[{"embeddable":true,"href":"https:\/\/www.adrianwood.ch\/index.php?rest_route=\/wp\/v2\/users\/1"}],"replies":[{"embeddable":true,"href":"https:\/\/www.adrianwood.ch\/index.php?rest_route=%2Fwp%2Fv2%2Fcomments&post=24956"}],"version-history":[{"count":5,"href":"https:\/\/www.adrianwood.ch\/index.php?rest_route=\/wp\/v2\/pages\/24956\/revisions"}],"predecessor-version":[{"id":24972,"href":"https:\/\/www.adrianwood.ch\/index.php?rest_route=\/wp\/v2\/pages\/24956\/revisions\/24972"}],"up":[{"embeddable":true,"href":"https:\/\/www.adrianwood.ch\/index.php?rest_route=\/wp\/v2\/pages\/24622"}],"wp:attachment":[{"href":"https:\/\/www.adrianwood.ch\/index.php?rest_route=%2Fwp%2Fv2%2Fmedia&parent=24956"}],"curies":[{"name":"wp","href":"https:\/\/api.w.org\/{rel}","templated":true}]}}