{"id":24976,"date":"2023-07-01T08:12:12","date_gmt":"2023-07-01T08:12:12","guid":{"rendered":"https:\/\/www.adrianwood.ch\/?page_id=24976"},"modified":"2023-07-01T08:12:12","modified_gmt":"2023-07-01T08:12:12","slug":"04-30-valle-gran-rey","status":"publish","type":"page","link":"https:\/\/www.adrianwood.ch\/?page_id=24976","title":{"rendered":"04-30 Valle Gran Rey"},"content":{"rendered":"<div class=\"pmdi_content_wrapper\">\n<p class=\"Normal-P\" style=\"margin-bottom: 6pt; direction: ltr; unicode-bidi: normal;\"><span class=\"Normal-H\"><span style=\"font-family: Arial; font-weight: bold;\">Freitag, 30. April 2023, Freie Tag<\/span><span style=\"font-family: Arial; font-weight: bold;\"> in Valle Gran Rey<\/span><span style=\"font-family: Arial; font-weight: bold;\">, individuelle Aktivit\u00e4ten<\/span><\/span><\/p>\n<p class=\"Normal-P\" style=\"margin-bottom: 6pt; direction: ltr; unicode-bidi: normal;\"><span class=\"Normal-H\"><\/span><\/p>\n<table class=\"TableGrid-T\" style=\"border-collapse: collapse;\" cellspacing=\"0\">\n<tbody>\n<tr class=\"-R\">\n<td class=\"-C\" style=\"width: 239.35pt; border: none windowtext 0pt;\">\n<p class=\"Normal-P\" style=\"margin-bottom: 6pt; direction: ltr; unicode-bidi: normal;\"><span class=\"Normal-H\"><img decoding=\"async\" src=\"https:\/\/www.adrianwood.ch\/wp-content\/uploads\/2023\/07\/1688199033_image1.jpeg\" data-link=\"\" width=\"306px       \" height=\"204px       \"><\/span><\/p>\n<\/td>\n<td class=\"-C\" style=\"width: 242.05pt; border: none windowtext 0pt;\">\n<p class=\"Normal-P\" style=\"margin-bottom: 6pt; direction: ltr; unicode-bidi: normal;\"><span class=\"Normal-H\"><img decoding=\"async\" src=\"https:\/\/www.adrianwood.ch\/wp-content\/uploads\/2023\/07\/1688199033_image2.jpeg\" data-link=\"\" width=\"307.500052493438px       \" height=\"205px       \"><\/span><\/p>\n<\/td>\n<\/tr>\n<tr class=\"-R\">\n<td class=\"-C\" style=\"width: 481.4pt; border: none windowtext 0pt;\" colspan=\"2\">\n<p class=\"Normal-P\" style=\"margin-bottom: 6pt; direction: ltr; unicode-bidi: normal;\"><span class=\"Normal-H\">Eine bestieg den 800m hohe Klippe hinter dem Dorf und kam gleich wieder hinunter.<\/span><\/p>\n<\/td>\n<\/tr>\n<tr class=\"-R\">\n<td class=\"-C\" style=\"width: 239.35pt; border: none windowtext 0pt;\">\n<p class=\"Normal-P\" style=\"margin-bottom: 6pt; direction: ltr; unicode-bidi: normal;\"><span class=\"Normal-H\"><img decoding=\"async\" src=\"https:\/\/www.adrianwood.ch\/wp-content\/uploads\/2023\/07\/1688199033_image3.jpeg\" data-link=\"\" width=\"306px       \" height=\"204px       \"><\/span><\/p>\n<\/td>\n<td class=\"-C\" style=\"width: 242.05pt; border: none windowtext 0pt;\">\n<p class=\"Normal-P\" style=\"margin-bottom: 6pt; direction: ltr; unicode-bidi: normal;\"><span class=\"Normal-H\"><img decoding=\"async\" src=\"https:\/\/www.adrianwood.ch\/wp-content\/uploads\/2023\/07\/1688199033_image4.jpeg\" data-link=\"\" width=\"303.4px       \" height=\"202.266666666667px       \"><\/span><\/p>\n<\/td>\n<\/tr>\n<tr class=\"-R\">\n<td class=\"-C\" style=\"width: 481.4pt; border: none windowtext 0pt;\" colspan=\"2\">\n<p class=\"Normal-P\" style=\"margin-bottom: 6pt; direction: ltr; unicode-bidi: normal;\"><span class=\"Normal-H\">Manche besuchten die Playa del Ingles und beobachteten den mutigen Leuten in der hohen Brandung.<\/span><\/p>\n<\/td>\n<\/tr>\n<tr class=\"-R\">\n<td class=\"-C\" style=\"width: 239.35pt; border: none windowtext 0pt;\">\n<p class=\"Normal-P\" style=\"margin-bottom: 6pt; direction: ltr; unicode-bidi: normal;\"><span class=\"Normal-H\"><img decoding=\"async\" src=\"https:\/\/www.adrianwood.ch\/wp-content\/uploads\/2023\/07\/1688199033_image5.jpeg\" data-link=\"\" width=\"306px       \" height=\"204px       \"><\/span><\/p>\n<\/td>\n<td class=\"-C\" style=\"width: 242.05pt; border: none windowtext 0pt;\">\n<p class=\"Normal-P\" style=\"margin-bottom: 6pt; direction: ltr; unicode-bidi: normal;\"><span class=\"Normal-H\"><img decoding=\"async\" src=\"https:\/\/www.adrianwood.ch\/wp-content\/uploads\/2023\/07\/1688199033_image6.jpeg\" data-link=\"\" width=\"304.500052493438px       \" height=\"203px       \"><\/span><\/p>\n<\/td>\n<\/tr>\n<tr class=\"-R\">\n<td class=\"-C\" style=\"width: 481.4pt; border: none windowtext 0pt;\" colspan=\"2\">\n<p class=\"Normal-P\" style=\"margin-bottom: 6pt; direction: ltr; unicode-bidi: normal;\"><span class=\"Normal-H\">Es war sehr viel ruhiger und gut zum Baden auf dem Strand beim kleinen Hafen Vueltas.<\/span><\/p>\n<\/td>\n<\/tr>\n<tr class=\"-R\">\n<td class=\"-C\" style=\"width: 239.35pt; border: none windowtext 0pt;\">\n<p class=\"Normal-P\" style=\"margin-bottom: 6pt; direction: ltr; unicode-bidi: normal;\"><span class=\"Normal-H\"><img decoding=\"async\" src=\"https:\/\/www.adrianwood.ch\/wp-content\/uploads\/2023\/07\/1688199033_image7.jpeg\" data-link=\"\" width=\"301px       \" height=\"200.666666666667px       \"><\/span><\/p>\n<\/td>\n<td class=\"-C\" style=\"width: 242.05pt; border: none windowtext 0pt;\">\n<p class=\"Normal-P\" style=\"margin-bottom: 6pt; direction: ltr; unicode-bidi: normal;\"><span class=\"Normal-H\"><img decoding=\"async\" src=\"https:\/\/www.adrianwood.ch\/wp-content\/uploads\/2023\/07\/1688199033_image8.jpeg\" data-link=\"\" width=\"308.4px       \" height=\"205.6px       \"><\/span><\/p>\n<\/td>\n<\/tr>\n<tr class=\"-R\">\n<td class=\"-C\" style=\"width: 239.35pt; border: none windowtext 0pt;\">\n<p class=\"Normal-P\" style=\"margin-bottom: 6pt; direction: ltr; unicode-bidi: normal;\"><span class=\"Normal-H\"><img decoding=\"async\" src=\"https:\/\/www.adrianwood.ch\/wp-content\/uploads\/2023\/07\/1688199033_image9.jpeg\" data-link=\"\" width=\"303px       \" height=\"202px       \"><\/span><\/p>\n<\/td>\n<td class=\"-C\" style=\"width: 242.05pt; border: none windowtext 0pt;\">\n<p class=\"Normal-P\" style=\"margin-bottom: 6pt; direction: ltr; unicode-bidi: normal;\"><span class=\"Normal-H\"><img decoding=\"async\" src=\"https:\/\/www.adrianwood.ch\/wp-content\/uploads\/2023\/07\/1688199033_image10.jpeg\" data-link=\"\" width=\"308.4px       \" height=\"205.6px       \"><\/span><\/p>\n<\/td>\n<\/tr>\n<tr class=\"-R\">\n<td class=\"-C\" style=\"width: 481.4pt; border: none windowtext 0pt;\" colspan=\"2\">\n<p class=\"Normal-P\" style=\"margin-bottom: 6pt; direction: ltr; unicode-bidi: normal;\"><span class=\"Normal-H\">Drei Personen wollten Wale beobachten, aber k\u00f6nnten es erst zwei Tage sp\u00e4ter machen.<\/span><\/p>\n<\/td>\n<\/tr>\n<tr class=\"-R\">\n<td class=\"-C\" style=\"width: 239.35pt; border: none windowtext 0pt;\">\n<p class=\"Normal-P\" style=\"margin-bottom: 6pt; direction: ltr; unicode-bidi: normal;\"><span class=\"Normal-H\"><img decoding=\"async\" src=\"https:\/\/www.adrianwood.ch\/wp-content\/uploads\/2023\/07\/1688199033_image11.jpeg\" data-link=\"\" width=\"303px       \" height=\"202px       \"><\/span><\/p>\n<\/td>\n<td class=\"-C\" style=\"width: 242.05pt; border: none windowtext 0pt;\">\n<p class=\"Normal-P\" style=\"margin-bottom: 6pt; direction: ltr; unicode-bidi: normal;\"><span class=\"Normal-H\"><img decoding=\"async\" src=\"https:\/\/www.adrianwood.ch\/wp-content\/uploads\/2023\/07\/1688199033_image12.jpeg\" data-link=\"\" width=\"309.4px       \" height=\"206.266666666667px       \"><\/span><\/p>\n<\/td>\n<\/tr>\n<tr class=\"-R\">\n<td class=\"-C\" style=\"width: 481.4pt; border: none windowtext 0pt;\" colspan=\"2\">\n<p class=\"Normal-P\" style=\"margin-bottom: 6pt; direction: ltr; unicode-bidi: normal;\"><span class=\"Normal-H\">Die Delfine und Grindwale kamen ganz in der Nahe des Schiffs Tina, aber es gab keine grosse Wale.<\/span><\/p>\n<\/td>\n<\/tr>\n<tr class=\"-R\">\n<td class=\"-C\" style=\"width: 239.35pt; border: none windowtext 0pt;\">\n<p class=\"Normal-P\" style=\"margin-bottom: 6pt; direction: ltr; unicode-bidi: normal;\"><span class=\"Normal-H\"><img decoding=\"async\" src=\"https:\/\/www.adrianwood.ch\/wp-content\/uploads\/2023\/07\/1688199033_image13.jpeg\" data-link=\"\" width=\"305px       \" height=\"203.333333333333px       \"><\/span><\/p>\n<\/td>\n<td class=\"-C\" style=\"width: 242.05pt; border: none windowtext 0pt;\">\n<p class=\"Normal-P\" style=\"margin-bottom: 6pt; direction: ltr; unicode-bidi: normal;\"><span class=\"Normal-H\"><img decoding=\"async\" src=\"https:\/\/www.adrianwood.ch\/wp-content\/uploads\/2023\/07\/1688199033_image14.jpeg\" data-link=\"\" width=\"305.4px       \" height=\"203.6px       \"><\/span><\/p>\n<\/td>\n<\/tr>\n<tr class=\"-R\">\n<td class=\"-C\" style=\"width: 481.4pt; border: none windowtext 0pt;\" colspan=\"2\">\n<p class=\"Normal-P\" style=\"margin-bottom: 6pt; direction: ltr; unicode-bidi: normal;\"><span class=\"Normal-H\">Der R\u00fcckfahrt entlang die wilde K\u00fcste mit seinen Orgelpfeifen war eindr\u00fccklich.<\/span><\/p>\n<\/td>\n<\/tr>\n<tr class=\"-R\">\n<td class=\"-C\" style=\"width: 239.35pt; border: none windowtext 0pt;\">\n<p class=\"Normal-P\" style=\"margin-bottom: 6pt; direction: ltr; unicode-bidi: normal;\"><span class=\"Normal-H\"><img decoding=\"async\" src=\"https:\/\/www.adrianwood.ch\/wp-content\/uploads\/2023\/07\/1688199033_image15.jpeg\" data-link=\"\" width=\"306.4px       \" height=\"204.266666666667px       \"><\/span><\/p>\n<\/td>\n<td class=\"-C\" style=\"width: 242.05pt; border: none windowtext 0pt;\">\n<p class=\"Normal-P\" style=\"margin-bottom: 6pt; direction: ltr; unicode-bidi: normal;\"><span class=\"Normal-H\"><img decoding=\"async\" src=\"https:\/\/www.adrianwood.ch\/wp-content\/uploads\/2023\/07\/1688199033_image16.jpeg\" data-link=\"\" width=\"309.4px       \" height=\"206.266666666667px       \"><\/span><\/p>\n<\/td>\n<\/tr>\n<tr class=\"-R\">\n<td class=\"-C\" style=\"width: 481.4pt; border: none windowtext 0pt;\" colspan=\"2\">\n<p class=\"Normal-P\" style=\"margin-bottom: 6pt; direction: ltr; unicode-bidi: normal;\"><span class=\"Normal-H\">Jede kam auf irgendeiner Weise auf seine Kosten und sammelte Kraft f\u00fcr die n\u00e4chste Wanderung.<\/span><\/p>\n<\/td>\n<\/tr>\n<p><!-- [if !supportMisalignedColumns]--><\/tbody>\n<\/table>\n<\/div>\n","protected":false},"excerpt":{"rendered":"<p>Freitag, 30. April 2023, Freie Tag in Valle Gran Rey, individuelle Aktivit\u00e4ten Eine bestieg den 800m hohe Klippe hinter dem Dorf und kam gleich wieder hinunter. Manche besuchten die Playa del Ingles und beobachteten den mutigen Leuten in der hohen Brandung. Es war sehr viel ruhiger und gut zum Baden auf dem Strand beim kleinen &hellip; <a href=\"https:\/\/www.adrianwood.ch\/?page_id=24976\" class=\"more-link\">Continue reading <span class=\"screen-reader-text\">04-30 Valle Gran Rey<\/span> <span class=\"meta-nav\">&rarr;<\/span><\/a><\/p>\n","protected":false},"author":1,"featured_media":0,"parent":24622,"menu_order":2646,"comment_status":"closed","ping_status":"closed","template":"","meta":{"ngg_post_thumbnail":0,"footnotes":""},"class_list":["post-24976","page","type-page","status-publish","hentry"],"_links":{"self":[{"href":"https:\/\/www.adrianwood.ch\/index.php?rest_route=\/wp\/v2\/pages\/24976","targetHints":{"allow":["GET"]}}],"collection":[{"href":"https:\/\/www.adrianwood.ch\/index.php?rest_route=\/wp\/v2\/pages"}],"about":[{"href":"https:\/\/www.adrianwood.ch\/index.php?rest_route=\/wp\/v2\/types\/page"}],"author":[{"embeddable":true,"href":"https:\/\/www.adrianwood.ch\/index.php?rest_route=\/wp\/v2\/users\/1"}],"replies":[{"embeddable":true,"href":"https:\/\/www.adrianwood.ch\/index.php?rest_route=%2Fwp%2Fv2%2Fcomments&post=24976"}],"version-history":[{"count":2,"href":"https:\/\/www.adrianwood.ch\/index.php?rest_route=\/wp\/v2\/pages\/24976\/revisions"}],"predecessor-version":[{"id":24994,"href":"https:\/\/www.adrianwood.ch\/index.php?rest_route=\/wp\/v2\/pages\/24976\/revisions\/24994"}],"up":[{"embeddable":true,"href":"https:\/\/www.adrianwood.ch\/index.php?rest_route=\/wp\/v2\/pages\/24622"}],"wp:attachment":[{"href":"https:\/\/www.adrianwood.ch\/index.php?rest_route=%2Fwp%2Fv2%2Fmedia&parent=24976"}],"curies":[{"name":"wp","href":"https:\/\/api.w.org\/{rel}","templated":true}]}}