{"id":25446,"date":"2023-10-19T14:50:52","date_gmt":"2023-10-19T14:50:52","guid":{"rendered":"https:\/\/www.adrianwood.ch\/?page_id=25446"},"modified":"2023-10-20T08:18:46","modified_gmt":"2023-10-20T08:18:46","slug":"09-02-vourilotes","status":"publish","type":"page","link":"https:\/\/www.adrianwood.ch\/?page_id=25446","title":{"rendered":"09 22 Vourilotes"},"content":{"rendered":"<figure id=\"attachment_25447\" aria-describedby=\"caption-attachment-25447\" style=\"width: 1620px\" class=\"wp-caption alignleft\"><a href=\"https:\/\/www.adrianwood.ch\/wp-content\/uploads\/2023\/10\/SAM_0056.jpg\"><img loading=\"lazy\" decoding=\"async\" class=\"size-full wp-image-25447\" src=\"https:\/\/www.adrianwood.ch\/wp-content\/uploads\/2023\/10\/SAM_0056.jpg\" alt=\"\" width=\"1620\" height=\"1080\" srcset=\"https:\/\/www.adrianwood.ch\/wp-content\/uploads\/2023\/10\/SAM_0056.jpg 1620w, https:\/\/www.adrianwood.ch\/wp-content\/uploads\/2023\/10\/SAM_0056-300x200.jpg 300w, https:\/\/www.adrianwood.ch\/wp-content\/uploads\/2023\/10\/SAM_0056-1024x683.jpg 1024w, https:\/\/www.adrianwood.ch\/wp-content\/uploads\/2023\/10\/SAM_0056-768x512.jpg 768w, https:\/\/www.adrianwood.ch\/wp-content\/uploads\/2023\/10\/SAM_0056-1536x1024.jpg 1536w\" sizes=\"auto, (max-width: 1620px) 100vw, 1620px\" \/><\/a><figcaption id=\"caption-attachment-25447\" class=\"wp-caption-text\">Sicht auf Vourilotes<\/figcaption><\/figure>\n<h2>22. Sep. Platanakia \u2013 Vourliotes \u2013 Tsabou<\/h2>\n<p>Wanderzeit: ca. 3 Std.<br \/>\nWir wandern den Nachtigaltal hinauf durch \u00fcppige Vegetation und bewundern den m\u00e4chtigen B\u00e4umen, vor allem Platanen. Der alte Verbindungspfad ins stattliche Rebbauerndorf Vourliotes schl\u00e4ngelt sich durch Rebberge und vorbei an Oliventerrassen. Nach einem ausgiebigen Halt geht es abw\u00e4rts zur Tsabou Bucht, wo das glasklare Wasser zum Schwimmen lockt. Anschliessend fahren wir nach Kokkari eine malerische Ortschaft mit einer vorgelagerten Halbinsel. Dort geniessen einem typischen griechischen Abendessen.<\/p>\nngg_shortcode_0_placeholder\n","protected":false},"excerpt":{"rendered":"<p>22. Sep. Platanakia \u2013 Vourliotes \u2013 Tsabou Wanderzeit: ca. 3 Std. Wir wandern den Nachtigaltal hinauf durch \u00fcppige Vegetation und bewundern den m\u00e4chtigen B\u00e4umen, vor allem Platanen. Der alte Verbindungspfad ins stattliche Rebbauerndorf Vourliotes schl\u00e4ngelt sich durch Rebberge und vorbei an Oliventerrassen. Nach einem ausgiebigen Halt geht es abw\u00e4rts zur Tsabou Bucht, wo das glasklare &hellip; <a href=\"https:\/\/www.adrianwood.ch\/?page_id=25446\" class=\"more-link\">Continue reading <span class=\"screen-reader-text\">09 22 Vourilotes<\/span> <span class=\"meta-nav\">&rarr;<\/span><\/a><\/p>\n","protected":false},"author":1,"featured_media":0,"parent":25441,"menu_order":4872,"comment_status":"closed","ping_status":"closed","template":"","meta":{"ngg_post_thumbnail":0,"footnotes":""},"class_list":["post-25446","page","type-page","status-publish","hentry"],"_links":{"self":[{"href":"https:\/\/www.adrianwood.ch\/index.php?rest_route=\/wp\/v2\/pages\/25446","targetHints":{"allow":["GET"]}}],"collection":[{"href":"https:\/\/www.adrianwood.ch\/index.php?rest_route=\/wp\/v2\/pages"}],"about":[{"href":"https:\/\/www.adrianwood.ch\/index.php?rest_route=\/wp\/v2\/types\/page"}],"author":[{"embeddable":true,"href":"https:\/\/www.adrianwood.ch\/index.php?rest_route=\/wp\/v2\/users\/1"}],"replies":[{"embeddable":true,"href":"https:\/\/www.adrianwood.ch\/index.php?rest_route=%2Fwp%2Fv2%2Fcomments&post=25446"}],"version-history":[{"count":3,"href":"https:\/\/www.adrianwood.ch\/index.php?rest_route=\/wp\/v2\/pages\/25446\/revisions"}],"predecessor-version":[{"id":25517,"href":"https:\/\/www.adrianwood.ch\/index.php?rest_route=\/wp\/v2\/pages\/25446\/revisions\/25517"}],"up":[{"embeddable":true,"href":"https:\/\/www.adrianwood.ch\/index.php?rest_route=\/wp\/v2\/pages\/25441"}],"wp:attachment":[{"href":"https:\/\/www.adrianwood.ch\/index.php?rest_route=%2Fwp%2Fv2%2Fmedia&parent=25446"}],"curies":[{"name":"wp","href":"https:\/\/api.w.org\/{rel}","templated":true}]}}