{"id":25452,"date":"2023-10-19T15:52:06","date_gmt":"2023-10-19T15:52:06","guid":{"rendered":"https:\/\/www.adrianwood.ch\/?page_id=25452"},"modified":"2023-10-20T08:29:09","modified_gmt":"2023-10-20T08:29:09","slug":"09-03-mikro-seitani","status":"publish","type":"page","link":"https:\/\/www.adrianwood.ch\/?page_id=25452","title":{"rendered":"09 23 Mikro Seitani"},"content":{"rendered":"<figure id=\"attachment_25453\" aria-describedby=\"caption-attachment-25453\" style=\"width: 1620px\" class=\"wp-caption alignleft\"><a href=\"https:\/\/www.adrianwood.ch\/wp-content\/uploads\/2023\/10\/SAM_0121.jpg\"><img loading=\"lazy\" decoding=\"async\" class=\"size-full wp-image-25453\" src=\"https:\/\/www.adrianwood.ch\/wp-content\/uploads\/2023\/10\/SAM_0121.jpg\" alt=\"\" width=\"1620\" height=\"1080\" srcset=\"https:\/\/www.adrianwood.ch\/wp-content\/uploads\/2023\/10\/SAM_0121.jpg 1620w, https:\/\/www.adrianwood.ch\/wp-content\/uploads\/2023\/10\/SAM_0121-300x200.jpg 300w, https:\/\/www.adrianwood.ch\/wp-content\/uploads\/2023\/10\/SAM_0121-1024x683.jpg 1024w, https:\/\/www.adrianwood.ch\/wp-content\/uploads\/2023\/10\/SAM_0121-768x512.jpg 768w, https:\/\/www.adrianwood.ch\/wp-content\/uploads\/2023\/10\/SAM_0121-1536x1024.jpg 1536w\" sizes=\"auto, (max-width: 1620px) 100vw, 1620px\" \/><\/a><figcaption id=\"caption-attachment-25453\" class=\"wp-caption-text\">Mikro Seitani<\/figcaption><\/figure>\n<h2>23. Sep. Platanos \u2013 Mikro und Megalo Seitani<\/h2>\n<p>Wanderzeit: ca. 3 \u00bd Std.<br \/>\nWegen dem heissen Wetter bleiben wir in K\u00fcstenn\u00e4he und wandern im Nordwesten von Samos auf Wildromantischen Pfaden durch dicht bewaldete Gel\u00e4nde von Bucht zu Bucht, immer mit Blick auf dem Tiefblauen Meer. Die beiden Str\u00e4nde bieten traumhafte Verh\u00e4ltnisse zum Baden und entspannen. Zur\u00fcck beim Strand von Platanos geniessen wir ein k\u00fchles Bier oder Ouzo.<\/p>\nngg_shortcode_0_placeholder\n","protected":false},"excerpt":{"rendered":"<p>23. Sep. Platanos \u2013 Mikro und Megalo Seitani Wanderzeit: ca. 3 \u00bd Std. Wegen dem heissen Wetter bleiben wir in K\u00fcstenn\u00e4he und wandern im Nordwesten von Samos auf Wildromantischen Pfaden durch dicht bewaldete Gel\u00e4nde von Bucht zu Bucht, immer mit Blick auf dem Tiefblauen Meer. Die beiden Str\u00e4nde bieten traumhafte Verh\u00e4ltnisse zum Baden und entspannen. &hellip; <a href=\"https:\/\/www.adrianwood.ch\/?page_id=25452\" class=\"more-link\">Continue reading <span class=\"screen-reader-text\">09 23 Mikro Seitani<\/span> <span class=\"meta-nav\">&rarr;<\/span><\/a><\/p>\n","protected":false},"author":1,"featured_media":0,"parent":25441,"menu_order":4873,"comment_status":"closed","ping_status":"closed","template":"","meta":{"ngg_post_thumbnail":0,"footnotes":""},"class_list":["post-25452","page","type-page","status-publish","hentry"],"_links":{"self":[{"href":"https:\/\/www.adrianwood.ch\/index.php?rest_route=\/wp\/v2\/pages\/25452","targetHints":{"allow":["GET"]}}],"collection":[{"href":"https:\/\/www.adrianwood.ch\/index.php?rest_route=\/wp\/v2\/pages"}],"about":[{"href":"https:\/\/www.adrianwood.ch\/index.php?rest_route=\/wp\/v2\/types\/page"}],"author":[{"embeddable":true,"href":"https:\/\/www.adrianwood.ch\/index.php?rest_route=\/wp\/v2\/users\/1"}],"replies":[{"embeddable":true,"href":"https:\/\/www.adrianwood.ch\/index.php?rest_route=%2Fwp%2Fv2%2Fcomments&post=25452"}],"version-history":[{"count":4,"href":"https:\/\/www.adrianwood.ch\/index.php?rest_route=\/wp\/v2\/pages\/25452\/revisions"}],"predecessor-version":[{"id":25736,"href":"https:\/\/www.adrianwood.ch\/index.php?rest_route=\/wp\/v2\/pages\/25452\/revisions\/25736"}],"up":[{"embeddable":true,"href":"https:\/\/www.adrianwood.ch\/index.php?rest_route=\/wp\/v2\/pages\/25441"}],"wp:attachment":[{"href":"https:\/\/www.adrianwood.ch\/index.php?rest_route=%2Fwp%2Fv2%2Fmedia&parent=25452"}],"curies":[{"name":"wp","href":"https:\/\/api.w.org\/{rel}","templated":true}]}}