{"id":25471,"date":"2023-10-19T16:24:34","date_gmt":"2023-10-19T16:24:34","guid":{"rendered":"https:\/\/www.adrianwood.ch\/?page_id=25471"},"modified":"2023-10-20T09:34:01","modified_gmt":"2023-10-20T09:34:01","slug":"09-27-kambos","status":"publish","type":"page","link":"https:\/\/www.adrianwood.ch\/?page_id=25471","title":{"rendered":"09 27 Kambos"},"content":{"rendered":"<figure id=\"attachment_25472\" aria-describedby=\"caption-attachment-25472\" style=\"width: 1620px\" class=\"wp-caption alignleft\"><a href=\"https:\/\/www.adrianwood.ch\/wp-content\/uploads\/2023\/10\/SAM_0345.jpg\"><img loading=\"lazy\" decoding=\"async\" class=\"size-full wp-image-25472\" src=\"https:\/\/www.adrianwood.ch\/wp-content\/uploads\/2023\/10\/SAM_0345.jpg\" alt=\"\" width=\"1620\" height=\"1080\" srcset=\"https:\/\/www.adrianwood.ch\/wp-content\/uploads\/2023\/10\/SAM_0345.jpg 1620w, https:\/\/www.adrianwood.ch\/wp-content\/uploads\/2023\/10\/SAM_0345-300x200.jpg 300w, https:\/\/www.adrianwood.ch\/wp-content\/uploads\/2023\/10\/SAM_0345-1024x683.jpg 1024w, https:\/\/www.adrianwood.ch\/wp-content\/uploads\/2023\/10\/SAM_0345-768x512.jpg 768w, https:\/\/www.adrianwood.ch\/wp-content\/uploads\/2023\/10\/SAM_0345-1536x1024.jpg 1536w\" sizes=\"auto, (max-width: 1620px) 100vw, 1620px\" \/><\/a><figcaption id=\"caption-attachment-25472\" class=\"wp-caption-text\">der Wanderweg<\/figcaption><\/figure>\n<h2>27. Sep. Frandato \u2013 Kambos<\/h2>\n<p>Wanderzeit: ca. 4 Std.<br \/>\nNach langer Fahrt mit unserem kleinen Bus zum Teil \u00fcber Naturstrassen erreichen wir den Startpunkt bei einem Stausee. Die Wanderung beginnt im gebirgigen Hinterland und steigt ab zur historischen Siedlung Kambos. Zuerst felsig ist der Weg sp\u00e4ter \u00fcberwuchert mit Geb\u00fcsch und Farne. Unterwegs besuchen wir einen mitten im Wald gelegenes, verlassenes Kloster mit sch\u00f6nen Fresken aus dem 17. Jahrhundert, und ein kleines Haus gebaut unter einem grossen Stein. Ein Bad auf dem sch\u00f6ne Mesachti Strand nicht weit von unserer Unterkunft rundet den Tag ab.<\/p>\nngg_shortcode_0_placeholder\n","protected":false},"excerpt":{"rendered":"<p>27. Sep. Frandato \u2013 Kambos Wanderzeit: ca. 4 Std. Nach langer Fahrt mit unserem kleinen Bus zum Teil \u00fcber Naturstrassen erreichen wir den Startpunkt bei einem Stausee. Die Wanderung beginnt im gebirgigen Hinterland und steigt ab zur historischen Siedlung Kambos. Zuerst felsig ist der Weg sp\u00e4ter \u00fcberwuchert mit Geb\u00fcsch und Farne. Unterwegs besuchen wir einen &hellip; <a href=\"https:\/\/www.adrianwood.ch\/?page_id=25471\" class=\"more-link\">Continue reading <span class=\"screen-reader-text\">09 27 Kambos<\/span> <span class=\"meta-nav\">&rarr;<\/span><\/a><\/p>\n","protected":false},"author":1,"featured_media":0,"parent":25441,"menu_order":4877,"comment_status":"closed","ping_status":"closed","template":"","meta":{"ngg_post_thumbnail":0,"footnotes":""},"class_list":["post-25471","page","type-page","status-publish","hentry"],"_links":{"self":[{"href":"https:\/\/www.adrianwood.ch\/index.php?rest_route=\/wp\/v2\/pages\/25471","targetHints":{"allow":["GET"]}}],"collection":[{"href":"https:\/\/www.adrianwood.ch\/index.php?rest_route=\/wp\/v2\/pages"}],"about":[{"href":"https:\/\/www.adrianwood.ch\/index.php?rest_route=\/wp\/v2\/types\/page"}],"author":[{"embeddable":true,"href":"https:\/\/www.adrianwood.ch\/index.php?rest_route=\/wp\/v2\/users\/1"}],"replies":[{"embeddable":true,"href":"https:\/\/www.adrianwood.ch\/index.php?rest_route=%2Fwp%2Fv2%2Fcomments&post=25471"}],"version-history":[{"count":3,"href":"https:\/\/www.adrianwood.ch\/index.php?rest_route=\/wp\/v2\/pages\/25471\/revisions"}],"predecessor-version":[{"id":25607,"href":"https:\/\/www.adrianwood.ch\/index.php?rest_route=\/wp\/v2\/pages\/25471\/revisions\/25607"}],"up":[{"embeddable":true,"href":"https:\/\/www.adrianwood.ch\/index.php?rest_route=\/wp\/v2\/pages\/25441"}],"wp:attachment":[{"href":"https:\/\/www.adrianwood.ch\/index.php?rest_route=%2Fwp%2Fv2%2Fmedia&parent=25471"}],"curies":[{"name":"wp","href":"https:\/\/api.w.org\/{rel}","templated":true}]}}