{"id":25483,"date":"2023-10-19T16:40:42","date_gmt":"2023-10-19T16:40:42","guid":{"rendered":"https:\/\/www.adrianwood.ch\/?page_id=25483"},"modified":"2023-10-20T10:04:47","modified_gmt":"2023-10-20T10:04:47","slug":"09-30-charlaris","status":"publish","type":"page","link":"https:\/\/www.adrianwood.ch\/?page_id=25483","title":{"rendered":"09 30 Charlaris"},"content":{"rendered":"<figure id=\"attachment_25484\" aria-describedby=\"caption-attachment-25484\" style=\"width: 1620px\" class=\"wp-caption alignleft\"><a href=\"https:\/\/www.adrianwood.ch\/wp-content\/uploads\/2023\/10\/SAM_0501.jpg\"><img loading=\"lazy\" decoding=\"async\" class=\"size-full wp-image-25484\" src=\"https:\/\/www.adrianwood.ch\/wp-content\/uploads\/2023\/10\/SAM_0501.jpg\" alt=\"\" width=\"1620\" height=\"1080\" srcset=\"https:\/\/www.adrianwood.ch\/wp-content\/uploads\/2023\/10\/SAM_0501.jpg 1620w, https:\/\/www.adrianwood.ch\/wp-content\/uploads\/2023\/10\/SAM_0501-300x200.jpg 300w, https:\/\/www.adrianwood.ch\/wp-content\/uploads\/2023\/10\/SAM_0501-1024x683.jpg 1024w, https:\/\/www.adrianwood.ch\/wp-content\/uploads\/2023\/10\/SAM_0501-768x512.jpg 768w, https:\/\/www.adrianwood.ch\/wp-content\/uploads\/2023\/10\/SAM_0501-1536x1024.jpg 1536w\" sizes=\"auto, (max-width: 1620px) 100vw, 1620px\" \/><\/a><figcaption id=\"caption-attachment-25484\" class=\"wp-caption-text\">in der Charlaris Schlucht<\/figcaption><\/figure>\n<h2>30. Sep. Chalaris \u2013 Ag. Dimitros<\/h2>\n<p>Wanderzeit: ca. 3 \u00be Std.<br \/>\nVon in der N\u00e4he des Dorfs Proespera steigen wir hinauf zum Rande der imposante Chalaris Schlucht. An m\u00e4chtigen Klippen vorbei geht es dann hinunter in dem wilden Bachbett. Beim niedrigen Wasserstand wirkt aber eher verw\u00fcnschen und traumhaft. Der alte Steinbogenbr\u00fccke steht nicht mehr aber die Durchquerung bietet keine Schwierigkeiten und der Aufstieg bringt uns bald zum Dorf Ag. Dimitrios. Freundliche Hirten\/Bauern bereiten f\u00fcr uns eine \u00fcppige Mahlzeit mit ihrer eigene Erzeugnisse.<\/p>\nngg_shortcode_0_placeholder\n","protected":false},"excerpt":{"rendered":"<p>30. Sep. Chalaris \u2013 Ag. Dimitros Wanderzeit: ca. 3 \u00be Std. Von in der N\u00e4he des Dorfs Proespera steigen wir hinauf zum Rande der imposante Chalaris Schlucht. An m\u00e4chtigen Klippen vorbei geht es dann hinunter in dem wilden Bachbett. Beim niedrigen Wasserstand wirkt aber eher verw\u00fcnschen und traumhaft. Der alte Steinbogenbr\u00fccke steht nicht mehr aber &hellip; <a href=\"https:\/\/www.adrianwood.ch\/?page_id=25483\" class=\"more-link\">Continue reading <span class=\"screen-reader-text\">09 30 Charlaris<\/span> <span class=\"meta-nav\">&rarr;<\/span><\/a><\/p>\n","protected":false},"author":1,"featured_media":0,"parent":25441,"menu_order":4880,"comment_status":"closed","ping_status":"closed","template":"","meta":{"ngg_post_thumbnail":0,"footnotes":""},"class_list":["post-25483","page","type-page","status-publish","hentry"],"_links":{"self":[{"href":"https:\/\/www.adrianwood.ch\/index.php?rest_route=\/wp\/v2\/pages\/25483","targetHints":{"allow":["GET"]}}],"collection":[{"href":"https:\/\/www.adrianwood.ch\/index.php?rest_route=\/wp\/v2\/pages"}],"about":[{"href":"https:\/\/www.adrianwood.ch\/index.php?rest_route=\/wp\/v2\/types\/page"}],"author":[{"embeddable":true,"href":"https:\/\/www.adrianwood.ch\/index.php?rest_route=\/wp\/v2\/users\/1"}],"replies":[{"embeddable":true,"href":"https:\/\/www.adrianwood.ch\/index.php?rest_route=%2Fwp%2Fv2%2Fcomments&post=25483"}],"version-history":[{"count":3,"href":"https:\/\/www.adrianwood.ch\/index.php?rest_route=\/wp\/v2\/pages\/25483\/revisions"}],"predecessor-version":[{"id":25664,"href":"https:\/\/www.adrianwood.ch\/index.php?rest_route=\/wp\/v2\/pages\/25483\/revisions\/25664"}],"up":[{"embeddable":true,"href":"https:\/\/www.adrianwood.ch\/index.php?rest_route=\/wp\/v2\/pages\/25441"}],"wp:attachment":[{"href":"https:\/\/www.adrianwood.ch\/index.php?rest_route=%2Fwp%2Fv2%2Fmedia&parent=25483"}],"curies":[{"name":"wp","href":"https:\/\/api.w.org\/{rel}","templated":true}]}}