{"id":26090,"date":"2024-06-13T08:52:48","date_gmt":"2024-06-13T08:52:48","guid":{"rendered":"https:\/\/www.adrianwood.ch\/?page_id=26090"},"modified":"2024-06-17T12:22:48","modified_gmt":"2024-06-17T12:22:48","slug":"2024-05-samos-ikaria","status":"publish","type":"page","link":"https:\/\/www.adrianwood.ch\/?page_id=26090","title":{"rendered":"2024-05 Samos &#038; Ikaria"},"content":{"rendered":"<figure id=\"attachment_26091\" aria-describedby=\"caption-attachment-26091\" style=\"width: 1804px\" class=\"wp-caption alignleft\"><a href=\"https:\/\/www.adrianwood.ch\/wp-content\/uploads\/2024\/06\/SAN_0705-Pano.jpg\"><img loading=\"lazy\" decoding=\"async\" class=\"size-full wp-image-26091\" src=\"https:\/\/www.adrianwood.ch\/wp-content\/uploads\/2024\/06\/SAN_0705-Pano.jpg\" alt=\"\" width=\"1804\" height=\"1080\" srcset=\"https:\/\/www.adrianwood.ch\/wp-content\/uploads\/2024\/06\/SAN_0705-Pano.jpg 1804w, https:\/\/www.adrianwood.ch\/wp-content\/uploads\/2024\/06\/SAN_0705-Pano-300x180.jpg 300w, https:\/\/www.adrianwood.ch\/wp-content\/uploads\/2024\/06\/SAN_0705-Pano-1024x613.jpg 1024w, https:\/\/www.adrianwood.ch\/wp-content\/uploads\/2024\/06\/SAN_0705-Pano-768x460.jpg 768w, https:\/\/www.adrianwood.ch\/wp-content\/uploads\/2024\/06\/SAN_0705-Pano-1536x920.jpg 1536w\" sizes=\"auto, (max-width: 1804px) 100vw, 1804px\" \/><\/a><figcaption id=\"caption-attachment-26091\" class=\"wp-caption-text\">bei Langarda auf Ikaria<\/figcaption><\/figure>\n<h2><strong>Mo., 13. \u2013 Mo., 27. Mai, Wanderreise auf den Griechische Inseln, Samos und Ikaria<\/strong><\/h2>\n<p>Die Nordost\u00e4g\u00e4ischen Inseln ziehen sich vom griechischen Festland im Norden weit in den S\u00fcden entlang der t\u00fcrkischen K\u00fcste. Sie sind landschaftlich vielf\u00e4ltig und, je weiter vom Mutterland entfernt, desto kulturell eigenst\u00e4ndiger. Die Kombination der am s\u00fcdlichsten gelegenen Inseln Samos und Ikaria ist aufgrund der gro\u00dfen Kontraste der beiden Inseln besonders spannend. W\u00e4hrend Samos hohe Berge hat und sehr waldreich und vielf\u00e4ltig ist, pr\u00e4sentiert sich Ikaria als schmales, wildes und zerkl\u00fcftetes Eiland, dessen Reize erst entdeckt werden wollen.<\/p>\n<h2><a href=\"https:\/\/www.adrianwood.ch\/?page_id=26096\">Programm<\/a><\/h2>\n<h2><a href=\"https:\/\/www.adrianwood.ch\/?page_id=26101\">Einf\u00fchrung<\/a><\/h2>\n<p>ngg_shortcode_0_placeholderDie wei\u00dfen Kirchlein mit ihren himmelfarbenen Kuppeln, die blauen Fensterl\u00e4den an den wei\u00dfgekalkten H\u00e4usern, das Terracotta-Rot der heimischen Ziegeld\u00e4cher, das frische Gr\u00fcn der Pinienw\u00e4lder und vor allem das leuchtende T\u00fcrkis des Meeres \u2013 diese typische Griechische Farbpalette ist auf der Insel Samos besonders ausgepr\u00e4gt. Bekannt als Heimat der G\u00f6ttin Hera, des Tyrannen Polykrates und des Philosophen Pythagoras verspricht die Insel viel Interessantes an Mythologie und Geschichte(n). Kokkari an der Nordk\u00fcste ist ein attraktiver Urlaubsort mit eigener Wohlf\u00fchl-atmosph\u00e4re. Hier wohtnen wir in einem kleinen Hotel, ruhig und dennoch nah an Zentrum und Strand. Von diesem idealen Ausgangspunkt f\u00fchrten unsere Wanderungen uns auf alte Wege in Bergd\u00f6rfer, zu Kl\u00f6stern, durch Pinienw\u00e4lder und \u00fcber Weinterrassen.<\/p>\n<p>Die Insel Ikaria wirkt von au\u00dfen betrachtet zun\u00e4chst schroff und unzug\u00e4nglich, aber demjenigen, der sich auf die Insel einl\u00e4sst, zeigt sie schon bald ihre wahren Sch\u00f6nheiten. Die Wanderungen f\u00fchren uns durch Steineichenw\u00e4lder, in wilde Schluchten und zu au\u00dfergew\u00f6hnlichen Felsformationen. Wir passieren urige Bergd\u00f6rfer mit alten Steinh\u00e4usern und Felsend\u00e4chern. Wir begegnen Menschen, die durch ihr einfaches Leben in und mit der Natur ges\u00fcnder sind und auch \u00e4lter werden als anderswo. Diese Abgeschiedenheit hat den Inseltanz \u201eIkariotiko\u201c entstehen lassen. Er spiegelt das ureigene Lebensgef\u00fchl der hier geborenen und lebenden Menschen wieder. Unser Hotel lag im Ort Armenistis auf einem Felsen und bietete einen umwerfenden Blick auf das blaue Meer.<\/p>\n<p><a href=\"https:\/\/www.adrianwood.ch\/wp-content\/uploads\/2024\/06\/landkarte_europa_griechenland_gross.jpg\"><img loading=\"lazy\" decoding=\"async\" class=\"alignleft size-full wp-image-26397\" src=\"https:\/\/www.adrianwood.ch\/wp-content\/uploads\/2024\/06\/landkarte_europa_griechenland_gross.jpg\" alt=\"Griechenland\" width=\"921\" height=\"850\" srcset=\"https:\/\/www.adrianwood.ch\/wp-content\/uploads\/2024\/06\/landkarte_europa_griechenland_gross.jpg 921w, https:\/\/www.adrianwood.ch\/wp-content\/uploads\/2024\/06\/landkarte_europa_griechenland_gross-300x277.jpg 300w, https:\/\/www.adrianwood.ch\/wp-content\/uploads\/2024\/06\/landkarte_europa_griechenland_gross-768x709.jpg 768w\" sizes=\"auto, (max-width: 921px) 100vw, 921px\" \/><\/a><\/p>\n","protected":false},"excerpt":{"rendered":"<p>Mo., 13. \u2013 Mo., 27. Mai, Wanderreise auf den Griechische Inseln, Samos und Ikaria Die Nordost\u00e4g\u00e4ischen Inseln ziehen sich vom griechischen Festland im Norden weit in den S\u00fcden entlang der t\u00fcrkischen K\u00fcste. Sie sind landschaftlich vielf\u00e4ltig und, je weiter vom Mutterland entfernt, desto kulturell eigenst\u00e4ndiger. Die Kombination der am s\u00fcdlichsten gelegenen Inseln Samos und Ikaria &hellip; <a href=\"https:\/\/www.adrianwood.ch\/?page_id=26090\" class=\"more-link\">Continue reading <span class=\"screen-reader-text\">2024-05 Samos &#038; Ikaria<\/span> <span class=\"meta-nav\">&rarr;<\/span><\/a><\/p>\n","protected":false},"author":1,"featured_media":0,"parent":20756,"menu_order":266,"comment_status":"closed","ping_status":"closed","template":"","meta":{"ngg_post_thumbnail":0,"footnotes":""},"class_list":["post-26090","page","type-page","status-publish","hentry"],"_links":{"self":[{"href":"https:\/\/www.adrianwood.ch\/index.php?rest_route=\/wp\/v2\/pages\/26090","targetHints":{"allow":["GET"]}}],"collection":[{"href":"https:\/\/www.adrianwood.ch\/index.php?rest_route=\/wp\/v2\/pages"}],"about":[{"href":"https:\/\/www.adrianwood.ch\/index.php?rest_route=\/wp\/v2\/types\/page"}],"author":[{"embeddable":true,"href":"https:\/\/www.adrianwood.ch\/index.php?rest_route=\/wp\/v2\/users\/1"}],"replies":[{"embeddable":true,"href":"https:\/\/www.adrianwood.ch\/index.php?rest_route=%2Fwp%2Fv2%2Fcomments&post=26090"}],"version-history":[{"count":7,"href":"https:\/\/www.adrianwood.ch\/index.php?rest_route=\/wp\/v2\/pages\/26090\/revisions"}],"predecessor-version":[{"id":26398,"href":"https:\/\/www.adrianwood.ch\/index.php?rest_route=\/wp\/v2\/pages\/26090\/revisions\/26398"}],"up":[{"embeddable":true,"href":"https:\/\/www.adrianwood.ch\/index.php?rest_route=\/wp\/v2\/pages\/20756"}],"wp:attachment":[{"href":"https:\/\/www.adrianwood.ch\/index.php?rest_route=%2Fwp%2Fv2%2Fmedia&parent=26090"}],"curies":[{"name":"wp","href":"https:\/\/api.w.org\/{rel}","templated":true}]}}