{"id":26096,"date":"2024-06-13T09:01:08","date_gmt":"2024-06-13T09:01:08","guid":{"rendered":"https:\/\/www.adrianwood.ch\/?page_id=26096"},"modified":"2024-06-14T13:42:06","modified_gmt":"2024-06-14T13:42:06","slug":"programm","status":"publish","type":"page","link":"https:\/\/www.adrianwood.ch\/?page_id=26096","title":{"rendered":"Programm"},"content":{"rendered":"<p><a href=\"https:\/\/www.adrianwood.ch\/wp-content\/uploads\/2024\/06\/SAN_0702.jpg\"><img loading=\"lazy\" decoding=\"async\" class=\"alignleft size-full wp-image-26097\" src=\"https:\/\/www.adrianwood.ch\/wp-content\/uploads\/2024\/06\/SAN_0702.jpg\" alt=\"\" width=\"1620\" height=\"1080\" srcset=\"https:\/\/www.adrianwood.ch\/wp-content\/uploads\/2024\/06\/SAN_0702.jpg 1620w, https:\/\/www.adrianwood.ch\/wp-content\/uploads\/2024\/06\/SAN_0702-300x200.jpg 300w, https:\/\/www.adrianwood.ch\/wp-content\/uploads\/2024\/06\/SAN_0702-1024x683.jpg 1024w, https:\/\/www.adrianwood.ch\/wp-content\/uploads\/2024\/06\/SAN_0702-768x512.jpg 768w, https:\/\/www.adrianwood.ch\/wp-content\/uploads\/2024\/06\/SAN_0702-1536x1024.jpg 1536w\" sizes=\"auto, (max-width: 1620px) 100vw, 1620px\" \/><\/a><\/p>\n<h2><strong>Samos &amp; Ikaria, Mo, 13.05. &#8211; Mo, 27.05.2024<\/strong><\/h2>\n<p><strong>Berg- und Skiclub Novartis \/ Naturfreunde Basel-Riehen<\/strong><\/p>\n<p><strong>Wanderprogramm Lupe Reisen<br \/>\n<\/strong><\/p>\n<ol>\n<li><strong> Tag (Mo, 13.05.2024): Flug-Anreise Z\u00fcrich \u2013 Athen \u2013 Samos und Transfer ins Hotel <\/strong><\/li>\n<\/ol>\n<p>Flug mit Aegean Airlines von Z\u00fcrich nach Athen (11:15 &#8211; 14:50 Uhr) und Weiterflug mit Olympic Air von Athen nach Samos (16:50 &#8211; 17:50 Uhr), Transfer (ca. 1\/2 Stunde) vom Flughafen Samos nach Kokkari. Wir beziehen unsere Zimmer im Hotel Athena. Erster Rundgang durch den Ort und anschlie\u00dfend Abendessen.<\/p>\n<ol start=\"2\">\n<li><strong> Tag (Di,14.05.2024): <a href=\"https:\/\/www.adrianwood.ch\/?page_id=26101\">Ankommen in Kokkari<\/a><\/strong><\/li>\n<\/ol>\n<p>Wir starten zu einer kleinen Erkundungswanderung in die n\u00e4here Umgebung mit interessanten Ein- und sch\u00f6nen Ausblicken.<\/p>\n<p>Reine Wanderzeit: ca. 2 Std., leicht, ca. 100 H\u00f6henmeter (hm)<\/p>\n<ol start=\"3\">\n<li><strong> Tag (Mi, 15.05.2024): <a href=\"https:\/\/www.adrianwood.ch\/?page_id=26149\">Bergdorf Vourliotes<\/a> <\/strong><\/li>\n<\/ol>\n<p>\u00dcber alte Pfade wandern wir von Kokkari aus hinauf nach Vourliotes. Dieser Ort geh\u00f6rt zu den ersten Bergd\u00f6rfern, wo Wein angebaut wurde. Der von hier stammendem Muskatwein ist einer der besten der Insel Samos. Nach einer Pause auf dem pittoresken Dorfplatz geht es \u00fcber den Weiler Pnaka hinunter zum Meer nach Paleohori. Gelegenheit zum Baden in Kampos.<\/p>\n<p>Reine Wanderzeit: ca. 3 Std. 30 Min., mittel, ca. 360 hm (hier besteht die M\u00f6glichkeit, den Auf- oder den Abstieg durch eine Taxifahrt zu ersetzen)<\/p>\n<ol start=\"4\">\n<li><strong> Tag (Do 16.05.2024): Ausflug nach <a href=\"https:\/\/www.adrianwood.ch\/?page_id=26298\">Pythagorion<\/a> mit dem Evpalinos-Tunnel <\/strong><\/li>\n<\/ol>\n<p>Pythagorion ist die Heimat des Pythagoras und ehemalige Hauptstadt und Residenz des Tyrannen Polykrates. Die Stadt l\u00e4sst beim genauen Hinsehen die Ausma\u00dfe von Macht und Reichtum des Tyrannenreichs ahnen. In der n\u00e4heren Umgebung finden wir umwerfende Relikte architektonischen Know-hows aus der Vergangenheit: Den Evpalinos-Tunnel, eine 2500 Jahre alte Wasserleitung durch den Berg Ambelos und Reste einer antiken Stadtmauer. Schlie\u00dflich kommen wir zum Kloster Spiliani, eine H\u00f6hlenkirche mit wundert\u00e4tigem Wasser. Unseren Rundgang beenden wir am Kastell, dem ehemaligen Herrschersitz.<\/p>\n<p>Reine Wanderzeit: ca. 1,5 Std., leicht, wenige hm<\/p>\n<ol start=\"5\">\n<li><strong> Tag (Fr, 17.05.2024): Die <a href=\"https:\/\/www.adrianwood.ch\/?page_id=26165\">4-D\u00f6rfer-Wanderung<\/a><\/strong><\/li>\n<\/ol>\n<p>Am Morgen fahren wir mit dem Bus bis zum Anfang der Ortschaft Agios Konstantinos, nach Platanos. Durch das Nachtigallental wandern wir allm\u00e4hlich hinauf nach Manolates. Wir haben Zeit, den reizenden Ort mit seinen interessanten Kunsthandwerksl\u00e4den und Tavernen zu erkunden. Eine Pause bei Lukas ist obligatorisch. Von dem oben im Dorf gelegenen Lokal aus hat man eine herrliche Aussicht \u00fcber die mannigfaltigen Gr\u00fcnt\u00f6ne von Samos hinweg bis ans Meer. Der weitere Weg f\u00fchrt uns durch duftende Kiefernw\u00e4lder, Weinterrassen und Olivenhaine nach Stavrinides. Von hier aus wandern wir noch ca. 45 Minuten hinab nach Agios Konstantinos. Reine Wanderzeit: ca. 5 Std, mittel, ca. 400 hm<\/p>\n<ol start=\"6\">\n<li><strong> Tag (Sa. 18.05.2024): K\u00fcstenwanderung mit <a href=\"https:\/\/www.adrianwood.ch\/?page_id=26180\">Traumstr\u00e4nden<\/a><\/strong><\/li>\n<\/ol>\n<p>Fahrt mit dem Bus (ca. 1 Std.) quer \u00fcber die Insel entlang der S\u00fcdwestk\u00fcste zu dem am Westhang des Kerkis-Massivs gelegenen Bergdorf Drakei. Der Kerkis ist mit 1.433 m der h\u00f6chste Berg von Samos und beherrscht den westlichen Teil der Insel. Von Drakei aus wandern wir vorwiegend oberhalb der K\u00fcste entlang nach Potami. Wir passieren zwei traumhafte Strandbuchten, Megalo und Mikro Seitani (Badem\u00f6glichkeit). Die R\u00fcckfahrt mit dem Bus f\u00fchrt entlang der Nordk\u00fcste zur\u00fcck nach Kokkari.<\/p>\n<p>Reine Wanderzeit: ca. 3 Std., mittel, ca. 300 hm<\/p>\n<ol start=\"7\">\n<li><strong> Tag (So. 19.05.2024): F\u00e4hrfahrt von Samos nach Ikaria, Transfer nach Armenistis <\/strong><\/li>\n<\/ol>\n<p>Auf Samos gibt es drei F\u00e4hrh\u00e4fen, n\u00e4mlich Vathy = Samos-Stadt und Karlovassi an der Nordk\u00fcste und Pythagorion im S\u00fcden der Insel. Auf Ikaria sind es zwei H\u00e4fen, Agios Kirikos im S\u00fcden und Evdilos im Nordwesten. Nach Ikaria f\u00e4hrt heute die gro\u00dfe Blue Star Ferry um 14:45 h ab Karlovassi, so da\u00df wir um 16:30 h in Evdilos auf Ikaria ankommen. Die Transferfahrt mit dem Bus dauert ca. 20 Minuten vom F\u00e4hrhafen Evdilos nach Armenistis zu unserem Hotel.<\/p>\n<ol start=\"8\">\n<li><strong> Tag (Mo, 20.05.2024): Schluchtenwanderung nach Agios Dimitrios und <a href=\"https:\/\/www.adrianwood.ch\/?page_id=26195\">Christos Raches<\/a><\/strong><\/li>\n<\/ol>\n<p>Von Armenistis aus wandern wir durch die \u00fcberraschend gr\u00fcne Landschaft der Charaki-Schlucht zum Ort Agios Dimitrios auf 320 m H\u00f6he. Nach einer Pause im urigen Kafenion spazieren wir die letzten 120 H\u00f6henmeter hinauf nach Christos Raches. Diesen au\u00dfergew\u00f6hnlichen Ort mit seinen besonderen Menschen sollten wir auf uns wirken lassen. Dies am besten bei einem Kaffee auf dem Dorfplatz, bei selbstgebackenem Kuchen der Frauenkooperative, beim Besuch der Schweizerin Ursula in ihrem kleinen Laden\u2026 In Christos Raches lassen wir uns abholen und fahren zur\u00fcck nach Armenistis.<\/p>\n<p>Reine Gehzeit: ca. 4 Std., mittel, ca. 440 hm aufw\u00e4rts<\/p>\n<ol start=\"9\">\n<li><strong> Tag (Di, 21.05.2024): Entlang der Str\u00e4nde von <a href=\"https:\/\/www.adrianwood.ch\/?page_id=26211\">Armenistis<\/a> und Gialiskari<\/strong><\/li>\n<\/ol>\n<p>Heute f\u00fchrt uns eine kurze Wanderung in die n\u00e4here Umgebung. Es geht \u00fcber die nahen Str\u00e4nde Livadi und Mesakti nach Gialiskari. Auf dem R\u00fcckweg haben wir Gelegenheit zum Baden, nette Strandbars oder Caf\u00e9s zu besuchen&#8230;<\/p>\n<p>Reine Gehzeit: ca. 1,5 Std., leicht<\/p>\n<p>Am sp\u00e4ten Nachmittag fahren wir nach Pigi und statten dem Kloster Theoktisti mit der interessanten Felsenkirche Theokepasti einen Besuch ab. Dann spazieren wir ca. 10 Minuten zum Weingut von Jorgos und Eleni. Dort werden wir nach einer F\u00fchrung \u00fcber den Hof eine Weinprobe verbunden mit einem von Eleni zubereiteten ausgew\u00e4hlten Men\u00fc genie\u00dfen.<\/p>\n<ol start=\"10\">\n<li><strong> Tag (Mi, 22.05.2024): <a href=\"https:\/\/www.adrianwood.ch\/?page_id=26228\">Ranti-Wald<\/a> mit Naturf\u00fchrer Lefteris<\/strong><\/li>\n<\/ol>\n<p>Wir fahren nach Petropouli, ein kleines Dorf ziemlich in der Mitte der Insel Ikaria. Wir wandern in Begleitung des Naturf\u00fchrers Lefteris eine gro\u00dfe abwechslungsreiche Runde durch den Ranti-Wald. Dieser alte Wald mit bis zu 300 Jahre alten B\u00e4umen erstreckt sich \u00fcber 16 km2 und bildet 23 % des gesamten Waldanteils von Ikaria.<\/p>\n<p>Reine Gehzeit: ca. 3,5 Std., mittel (Ausdauer erforderlich)<\/p>\n<ol start=\"11\">\n<li><strong> Tag (Do 23.05.2024): Von Agios Dimitrios durch die <a href=\"https:\/\/www.adrianwood.ch\/?page_id=26239\">Chalaris-Schlucht nach Nas<\/a> <\/strong><\/li>\n<\/ol>\n<p>Wir fahren bis Agios Dimitrios auf 320 m H\u00f6he und begeben uns zu dem mittleren Einstieg in die Chalaris-Schlucht. Allm\u00e4hlich abw\u00e4rts auf alten Pfaden erreichen wir schlie\u00dflich Nas. Hier haben wir Gelegenheit in der traumhaften kleinen Bucht zu Baden. Sie bildete in der Antike den einzigen nat\u00fcrlichen Hafen der Insel, was u.a. der Grund daf\u00fcr war, dort einen Tempel zu bauen, dessen sp\u00e4rlichen \u00dcberreste man noch recht gut erkennen kann. In Nas werden wir gemeinsam essen. Die Entfernung von Nas zur\u00fcck ins Hotel betr\u00e4gt 2 km entlang der Stra\u00dfe, ca. die H\u00e4lfte k\u00f6nnen wir \u00fcber einen sanften H\u00f6henweg zur\u00fccklegen. Nat\u00fcrlich gibt es auch die M\u00f6glichkeit, den R\u00fcckweg nach dem Essen mit Bus oder Auto zur\u00fcckzulegen Reine Gehzeit: ca. 3,5 &#8211; 4 Std. meist abw\u00e4rts, ger\u00f6llig, Trittsicherheit erforderlich<\/p>\n<ol start=\"12\">\n<li><strong> Tag (Fr, 24.05.2024): Von Christos Raches zum <a href=\"https:\/\/www.adrianwood.ch\/?page_id=26257\">Kloster Monte<\/a> und Myrsonas-Schlucht <\/strong><\/li>\n<\/ol>\n<p>Wir fahren wieder hinauf nach Christos Raches (siehe 8. Tag) und machen uns auf den Weg zum Kloster Mont\u00e9. Wir gehen \u00fcber uralte Versorgungswege und passieren eine alte Wasserm\u00fchle. Der letzte Abschnitt unserer heutigen Tour f\u00fchrt entlang der Myrsonas-Schlucht und auf abwechslungsreichen Wegen zum urigen Dorf Polykarpos. Dort holt uns der Bus ab und bringt uns zu der Fischtaverne von Gialiskari.<\/p>\n<p>Reine Gehzeit: ca. 4 Std., abwechslungsreich, auf und ab<\/p>\n<ol start=\"13\">\n<li><strong> Tag (Sa, 25.05.2024): Abstieg von Langada nach <a href=\"https:\/\/www.adrianwood.ch\/?page_id=26270\">Vrakades<\/a> im Westen von Ikaria <\/strong><\/li>\n<\/ol>\n<p>Fahrt \u00fcber Christos Raches und vorbei am gro\u00dfen Stausee des Halaris nach Langada. Hier haben sich die Menschen in unauff\u00e4lligen Steinh\u00e4usern vor den Bedrohungen vom Meer aus versteckt. \u00dcber einen H\u00f6henweg und durch Kermeseichen-W\u00e4lder steigen wir allm\u00e4hlich abw\u00e4rts nach Vrakades. Mikis Theodorakis war hier eine Weile in Verbannnung.<\/p>\n<p>Reine Gehzeit: ca. 2 Std., mittel<\/p>\n<ol start=\"14\">\n<li><strong> Tag (So, 26.05.2024): F\u00e4hrfahrt Ikaria &#8211; Samos \/ Unterkunftswechsel nach Samos Stadt <\/strong><\/li>\n<\/ol>\n<p>Heute werden wir um 16:20 h mit dem schnellen Katamaran \u201eDodekanisos Pride\u201c von Agios Kirikos\/Ikaria nach Pythagorion\/Samos fahren. Wir haben also Zeit, einen Abstecher nach Therma zu machen, dem alten Bade- und Kurort mit hei\u00dfen Quellen. Samos erreichen wir um 18:00 h. Ein Bus bringt uns in ca. einer halben Stunde zum Hotel Samos Bay<\/p>\n<ol start=\"15\">\n<li><strong> Tag: Mo, 27.05.2024): Transfer zum Flughafen Samos und R\u00fcckflug nach Z\u00fcrich. <\/strong>Nach dem Fr\u00fchst\u00fcck um ca. 10 Uhr Bus-Transfer vom Hotel in Samos Stadt zum Flughafen Samos und Flug mit Olympic Air von Samos nach Athen (13:00 &#8211; 14:10 Uhr) sowie Weiterflug mit Aegean Airlines von Athen nach Z\u00fcrich (16:15 \u2013 18:05 Uhr).<\/li>\n<\/ol>\n","protected":false},"excerpt":{"rendered":"<p>Samos &amp; Ikaria, Mo, 13.05. &#8211; Mo, 27.05.2024 Berg- und Skiclub Novartis \/ Naturfreunde Basel-Riehen Wanderprogramm Lupe Reisen Tag (Mo, 13.05.2024): Flug-Anreise Z\u00fcrich \u2013 Athen \u2013 Samos und Transfer ins Hotel Flug mit Aegean Airlines von Z\u00fcrich nach Athen (11:15 &#8211; 14:50 Uhr) und Weiterflug mit Olympic Air von Athen nach Samos (16:50 &#8211; 17:50 &hellip; <a href=\"https:\/\/www.adrianwood.ch\/?page_id=26096\" class=\"more-link\">Continue reading <span class=\"screen-reader-text\">Programm<\/span> <span class=\"meta-nav\">&rarr;<\/span><\/a><\/p>\n","protected":false},"author":1,"featured_media":0,"parent":26090,"menu_order":2660,"comment_status":"closed","ping_status":"closed","template":"","meta":{"ngg_post_thumbnail":0,"footnotes":""},"class_list":["post-26096","page","type-page","status-publish","hentry"],"_links":{"self":[{"href":"https:\/\/www.adrianwood.ch\/index.php?rest_route=\/wp\/v2\/pages\/26096","targetHints":{"allow":["GET"]}}],"collection":[{"href":"https:\/\/www.adrianwood.ch\/index.php?rest_route=\/wp\/v2\/pages"}],"about":[{"href":"https:\/\/www.adrianwood.ch\/index.php?rest_route=\/wp\/v2\/types\/page"}],"author":[{"embeddable":true,"href":"https:\/\/www.adrianwood.ch\/index.php?rest_route=\/wp\/v2\/users\/1"}],"replies":[{"embeddable":true,"href":"https:\/\/www.adrianwood.ch\/index.php?rest_route=%2Fwp%2Fv2%2Fcomments&post=26096"}],"version-history":[{"count":7,"href":"https:\/\/www.adrianwood.ch\/index.php?rest_route=\/wp\/v2\/pages\/26096\/revisions"}],"predecessor-version":[{"id":26318,"href":"https:\/\/www.adrianwood.ch\/index.php?rest_route=\/wp\/v2\/pages\/26096\/revisions\/26318"}],"up":[{"embeddable":true,"href":"https:\/\/www.adrianwood.ch\/index.php?rest_route=\/wp\/v2\/pages\/26090"}],"wp:attachment":[{"href":"https:\/\/www.adrianwood.ch\/index.php?rest_route=%2Fwp%2Fv2%2Fmedia&parent=26096"}],"curies":[{"name":"wp","href":"https:\/\/api.w.org\/{rel}","templated":true}]}}