{"id":26149,"date":"2024-06-14T08:59:23","date_gmt":"2024-06-14T08:59:23","guid":{"rendered":"https:\/\/www.adrianwood.ch\/?page_id=26149"},"modified":"2024-06-15T08:01:09","modified_gmt":"2024-06-15T08:01:09","slug":"05-15-vourliotes","status":"publish","type":"page","link":"https:\/\/www.adrianwood.ch\/?page_id=26149","title":{"rendered":"05-15 Vourliotes"},"content":{"rendered":"<div class=\"pmdi_content_wrapper\">\n<p class=\"Normal-P\" style=\"margin-bottom: 6pt; direction: ltr; unicode-bidi: normal;\"><span class=\"Normal-H\"><span style=\"font-family: Arial; font-weight: bold;\">Mi 15.05.2024<\/span><span style=\"font-family: Arial; font-weight: bold;\">, <\/span><span style=\"font-family: Arial; font-weight: bold;\">Bergdorf <\/span><span style=\"font-family: Arial; font-weight: bold;\">Vourliotes<\/span><\/span><\/p>\n<table class=\"TableGrid-T\" style=\"border-collapse: collapse;\" cellspacing=\"0\">\n<tbody>\n<tr class=\"-R\">\n<td class=\"-C\" style=\"width: 481.4pt; border: none windowtext 0pt;\" colspan=\"2\">\n<p class=\"Normal-P\" style=\"margin-bottom: 6pt; direction: ltr; unicode-bidi: normal;\"><span class=\"Normal-H\"><span style=\"font-family: Arial;\">Frisch gest\u00e4rkt nach dem Fr\u00fchst\u00fcck, verlassen wir <\/span><span style=\"font-family: Arial;\">Kokkari<\/span><span style=\"font-family: Arial;\"> und steigen hinauf Richtung<\/span><span style=\"font-family: Arial;\">Vourliotes<\/span><span style=\"font-family: Arial;\">.<\/span><span style=\"font-family: Arial;\">Anfangs noch vorbei an vereinzelten H\u00e4usern mit ihren G\u00e4rten, wo Orangen, <\/span><span style=\"font-family: Arial;\">Citronen<\/span><span style=\"font-family: Arial;\">, Oliven und Trauben wachsen.<\/span><\/span><\/p>\n<\/td>\n<\/tr>\n<tr class=\"-R\">\n<td class=\"-C\" style=\"width: 239.95pt; border: none windowtext 0pt;\">\n<p class=\"Normal-P\" style=\"margin-bottom: 6pt; direction: ltr; unicode-bidi: normal;\"><span class=\"Normal-H\"><span style=\"font-family: Arial;\"><img loading=\"lazy\" decoding=\"async\" class=\"\" src=\"https:\/\/www.adrianwood.ch\/wp-content\/uploads\/2024\/06\/1718355457_image1.jpeg\" width=\"352\" height=\"235\" data-link=\"\"><\/span><\/span><\/p>\n<\/td>\n<td class=\"-C\" style=\"width: 241.45pt; border: none windowtext 0pt;\">\n<p class=\"Normal-P\" style=\"margin-bottom: 6pt; direction: ltr; unicode-bidi: normal;\"><span class=\"Normal-H\"><span style=\"font-family: Arial;\"><img loading=\"lazy\" decoding=\"async\" class=\"\" src=\"https:\/\/www.adrianwood.ch\/wp-content\/uploads\/2024\/06\/1718355457_image2.jpeg\" width=\"352\" height=\"236\" data-link=\"\"><\/span><\/span><\/p>\n<\/td>\n<\/tr>\n<tr class=\"-R\">\n<td class=\"-C\" style=\"width: 481.4pt; border: none windowtext 0pt;\" colspan=\"2\">\n<p class=\"Normal-P\" style=\"margin-bottom: 6pt; direction: ltr; unicode-bidi: normal;\"><span class=\"Normal-H\"><span style=\"font-family: Arial;\">Wir entdecken Bl\u00fcten <\/span><span style=\"font-family: Arial;\">von Granatapfelb\u00e4ume<\/span><span style=\"font-family: Arial;\">, sehen Bl\u00fcten von Kapernb\u00fcschen&#8230;Irgendwo riecht es nach wildem Basilikum, Thymian weiter stetig hinauf, sehen von oben die Orchideen<\/span><span style=\"font-family: Arial;\">&#8211;<\/span><span style=\"font-family: Arial;\">gew\u00e4chsh\u00e4user und haben auf erh\u00f6hter Lage wunderbare Sicht auf <\/span><span style=\"font-family: Arial;\">Kokkari<\/span><span style=\"font-family: Arial;\"> und das Meer.<\/span><\/span><\/p>\n<\/td>\n<\/tr>\n<tr class=\"-R\">\n<td class=\"-C\" style=\"width: 239.95pt; border: none windowtext 0pt;\">\n<p class=\"Normal-P\" style=\"margin-bottom: 6pt; direction: ltr; unicode-bidi: normal;\"><span class=\"Normal-H\"><span style=\"font-family: Arial;\"><img loading=\"lazy\" decoding=\"async\" class=\"\" src=\"https:\/\/www.adrianwood.ch\/wp-content\/uploads\/2024\/06\/1718355457_image3.jpeg\" width=\"352\" height=\"235\" data-link=\"\"><\/span><\/span><\/p>\n<\/td>\n<td class=\"-C\" style=\"width: 241.45pt; border: none windowtext 0pt;\">\n<p class=\"Normal-P\" style=\"margin-bottom: 6pt; direction: ltr; unicode-bidi: normal;\"><span class=\"Normal-H\"><span style=\"font-family: Arial;\"><img loading=\"lazy\" decoding=\"async\" class=\"\" src=\"https:\/\/www.adrianwood.ch\/wp-content\/uploads\/2024\/06\/1718355457_image4.jpeg\" width=\"352\" height=\"236\" data-link=\"\"><\/span><\/span><\/p>\n<\/td>\n<\/tr>\n<tr class=\"-R\">\n<td class=\"-C\" style=\"width: 239.95pt; border: none windowtext 0pt;\">\n<p class=\"Normal-P\" style=\"margin-bottom: 6pt; direction: ltr; unicode-bidi: normal;\">\n<\/td>\n<td class=\"-C\" style=\"width: 241.45pt; border: none windowtext 0pt;\">\n<p class=\"Normal-P\" style=\"margin-bottom: 6pt; direction: ltr; unicode-bidi: normal;\">\n<\/td>\n<\/tr>\n<tr class=\"-R\">\n<td class=\"-C\" style=\"width: 239.95pt; border: none windowtext 0pt;\">\n<p class=\"Normal-P\" style=\"margin-bottom: 6pt; direction: ltr; unicode-bidi: normal;\"><span class=\"Normal-H\"><span style=\"font-family: Arial;\"><img loading=\"lazy\" decoding=\"async\" class=\"\" src=\"https:\/\/www.adrianwood.ch\/wp-content\/uploads\/2024\/06\/1718355457_image5.jpeg\" width=\"352\" height=\"235\" data-link=\"\"><\/span><\/span><\/p>\n<\/td>\n<td class=\"-C\" style=\"width: 241.45pt; border: none windowtext 0pt;\">\n<p class=\"Normal-P\" style=\"margin-bottom: 6pt; direction: ltr; unicode-bidi: normal;\"><span class=\"Normal-H\"><span style=\"font-family: Arial;\"><img loading=\"lazy\" decoding=\"async\" class=\"\" src=\"https:\/\/www.adrianwood.ch\/wp-content\/uploads\/2024\/06\/1718355457_image6.jpeg\" width=\"352\" height=\"234\" data-link=\"\"><\/span><\/span><\/p>\n<\/td>\n<\/tr>\n<tr class=\"-R\">\n<td class=\"-C\" style=\"width: 481.4pt; border: none windowtext 0pt;\" colspan=\"2\">\n<p class=\"Normal-P\" style=\"margin-bottom: 6pt; direction: ltr; unicode-bidi: normal;\"><span class=\"Normal-H\"><span style=\"font-family: Arial;\">Steigen weiter und weiter auf den schmalsten Bergwegen empor, erkennen immer wieder die vom Brand 2020 verkohlten B\u00e4ume, sind \u00fcberrascht, dass Vegetation sich vom Brand trotzdem gut erholt hat, viele wilde Str\u00e4ucher, Pflanzen, aber auch B\u00e4ume sind inzwischen wieder gewachsen.<\/span><span style=\"font-family: Arial;\">Nur die verkohlten Baumst\u00e4mme, die durch Wind und Wetter auf den Wanderweg gefallen sind, erschweren uns die Wanderung.<\/span><\/span><\/p>\n<\/td>\n<\/tr>\n<tr class=\"-R\">\n<td class=\"-C\" style=\"width: 239.95pt; border: none windowtext 0pt;\">\n<p class=\"Normal-P\" style=\"margin-bottom: 6pt; direction: ltr; unicode-bidi: normal;\"><span class=\"Normal-H\"><span style=\"font-family: Arial;\"><img loading=\"lazy\" decoding=\"async\" class=\"\" src=\"https:\/\/www.adrianwood.ch\/wp-content\/uploads\/2024\/06\/1718355457_image7.jpeg\" width=\"351\" height=\"233\" data-link=\"\"><\/span><\/span><\/p>\n<\/td>\n<td class=\"-C\" style=\"width: 241.45pt; border: none windowtext 0pt;\">\n<p class=\"Normal-P\" style=\"margin-bottom: 6pt; direction: ltr; unicode-bidi: normal;\"><span class=\"Normal-H\"><span style=\"font-family: Arial;\"><img loading=\"lazy\" decoding=\"async\" class=\"\" src=\"https:\/\/www.adrianwood.ch\/wp-content\/uploads\/2024\/06\/1718355457_image8.jpeg\" width=\"352\" height=\"234\" data-link=\"\"><\/span><\/span><\/p>\n<\/td>\n<\/tr>\n<tr class=\"-R\">\n<td class=\"-C\" style=\"width: 481.4pt; border: none windowtext 0pt;\" colspan=\"2\">\n<p class=\"Normal-P\" style=\"margin-bottom: 6pt; direction: ltr; unicode-bidi: normal;\"><span class=\"Normal-H\"><span style=\"font-family: Arial;\">Weiter oben haben wir das Gef\u00fchl, wir w\u00e4ren in der Landschaft von Winnetou.<\/span><span style=\"font-family: Arial;\"><span style=\"display: block;\"><span style=\"display: none;\">&#8230;<\/span><\/span>Immer weiter, halten an einer Kapelle, Christina taucht mit uns in die griech. orthodoxe Religion, wir z\u00fcnden Weihrauch und Myrre an, halten kurz Inne und erklimmen dann den Rest des Weges. Wir haben wunderbare Sicht auf Landschaft und Meer, am Wegrand begleiten uns kretische Zistrosen, treffen einen Erdbeerbaum und oben im Dorf k\u00f6nnen wir Beeren vom Maulbeerbaum pfl\u00fccken.<\/span><\/span><\/p>\n<\/td>\n<\/tr>\n<tr class=\"-R\">\n<td class=\"-C\" style=\"width: 239.95pt; border: none windowtext 0pt;\">\n<p class=\"Normal-P\" style=\"margin-bottom: 6pt; direction: ltr; unicode-bidi: normal;\"><span class=\"Normal-H\"><span style=\"font-family: Arial;\"><img loading=\"lazy\" decoding=\"async\" class=\"\" src=\"https:\/\/www.adrianwood.ch\/wp-content\/uploads\/2024\/06\/1718355457_image9.jpeg\" width=\"352\" height=\"235\" data-link=\"\"><\/span><\/span><\/p>\n<\/td>\n<td class=\"-C\" style=\"width: 241.45pt; border: none windowtext 0pt;\">\n<p class=\"Normal-P\" style=\"margin-bottom: 6pt; direction: ltr; unicode-bidi: normal;\"><span class=\"Normal-H\"><span style=\"font-family: Arial;\"><img loading=\"lazy\" decoding=\"async\" class=\"\" src=\"https:\/\/www.adrianwood.ch\/wp-content\/uploads\/2024\/06\/1718355457_image10.jpeg\" width=\"352\" height=\"234\" data-link=\"\"><\/span><\/span><\/p>\n<\/td>\n<\/tr>\n<tr class=\"-R\">\n<td class=\"-C\" style=\"width: 481.4pt; border: none windowtext 0pt;\" colspan=\"2\">\n<p class=\"Normal-P\" style=\"margin-bottom: 6pt; direction: ltr; unicode-bidi: normal;\"><span class=\"Normal-H\"><span style=\"font-family: Arial;\">Das Dorf <\/span><span style=\"font-family: Arial;\">Vourliotes<\/span><span style=\"font-family: Arial;\"> ist h\u00fcbsch ganz hoch gelegen, hat einen wunderbaren Dorfplatz. Wir geniessen ein wunderbares griech. Mittagessen und machen uns dann auf den Abstieg hinunter ans Meer, wo wir uns von den Strapazen an einer Bar mit einem k\u00fchlen Getr\u00e4nk erfrischen. Wenige Wanderfreunde geniessen ein Bad im Meer und dann gings mit dem Bus zur\u00fcck nach <\/span><span style=\"font-family: Arial;\">Kokkari<\/span><span style=\"font-family: Arial;\">.<\/span><\/span><\/p>\n<\/td>\n<\/tr>\n<tr class=\"-R\">\n<td class=\"-C\" style=\"width: 239.95pt; border: none windowtext 0pt;\">\n<p class=\"Normal-P\" style=\"margin-bottom: 6pt; direction: ltr; unicode-bidi: normal;\"><span class=\"Normal-H\"><span style=\"font-family: Arial;\"><img loading=\"lazy\" decoding=\"async\" class=\"\" src=\"https:\/\/www.adrianwood.ch\/wp-content\/uploads\/2024\/06\/1718355457_image11.jpeg\" width=\"352\" height=\"235\" data-link=\"\"><\/span><\/span><\/p>\n<\/td>\n<td class=\"-C\" style=\"width: 241.45pt; border: none windowtext 0pt;\">\n<p class=\"Normal-P\" style=\"margin-bottom: 6pt; direction: ltr; unicode-bidi: normal;\"><span class=\"Normal-H\"><span style=\"font-family: Arial;\"><img loading=\"lazy\" decoding=\"async\" class=\"\" src=\"https:\/\/www.adrianwood.ch\/wp-content\/uploads\/2024\/06\/1718355457_image12.jpeg\" width=\"352\" height=\"236\" data-link=\"\"><\/span><\/span><\/p>\n<\/td>\n<\/tr>\n<tr class=\"-R\">\n<td class=\"-C\" style=\"width: 481.4pt; border: none windowtext 0pt;\" colspan=\"2\">\n<p class=\"Normal-P\" style=\"margin-bottom: 6pt; direction: ltr; unicode-bidi: normal;\"><span class=\"Normal-H\"><span style=\"font-family: Arial;\">Ein sch\u00f6ner Tag bleibt in bester <\/span><span style=\"font-family: Arial;\">Errinnerung<\/span><span style=\"font-family: Arial;\">.<\/span><\/span><\/p>\n<p class=\"Normal-P\" style=\"margin-bottom: 6pt; direction: ltr; unicode-bidi: normal;\"><span class=\"Normal-H\"><span style=\"font-family: Arial;\">Marianne Cirelli<\/span><\/span><\/p>\n<\/td>\n<\/tr>\n<p><!-- [if !supportMisalignedColumns]--><\/tbody>\n<\/table>\n<\/div>\n","protected":false},"excerpt":{"rendered":"<p>Mi 15.05.2024, Bergdorf Vourliotes Frisch gest\u00e4rkt nach dem Fr\u00fchst\u00fcck, verlassen wir Kokkari und steigen hinauf RichtungVourliotes.Anfangs noch vorbei an vereinzelten H\u00e4usern mit ihren G\u00e4rten, wo Orangen, Citronen, Oliven und Trauben wachsen. Wir entdecken Bl\u00fcten von Granatapfelb\u00e4ume, sehen Bl\u00fcten von Kapernb\u00fcschen&#8230;Irgendwo riecht es nach wildem Basilikum, Thymian weiter stetig hinauf, sehen von oben die Orchideen&#8211;gew\u00e4chsh\u00e4user und &hellip; <a href=\"https:\/\/www.adrianwood.ch\/?page_id=26149\" class=\"more-link\">Continue reading <span class=\"screen-reader-text\">05-15 Vourliotes<\/span> <span class=\"meta-nav\">&rarr;<\/span><\/a><\/p>\n","protected":false},"author":1,"featured_media":0,"parent":26090,"menu_order":2663,"comment_status":"closed","ping_status":"closed","template":"","meta":{"ngg_post_thumbnail":0,"footnotes":""},"class_list":["post-26149","page","type-page","status-publish","hentry"],"_links":{"self":[{"href":"https:\/\/www.adrianwood.ch\/index.php?rest_route=\/wp\/v2\/pages\/26149","targetHints":{"allow":["GET"]}}],"collection":[{"href":"https:\/\/www.adrianwood.ch\/index.php?rest_route=\/wp\/v2\/pages"}],"about":[{"href":"https:\/\/www.adrianwood.ch\/index.php?rest_route=\/wp\/v2\/types\/page"}],"author":[{"embeddable":true,"href":"https:\/\/www.adrianwood.ch\/index.php?rest_route=\/wp\/v2\/users\/1"}],"replies":[{"embeddable":true,"href":"https:\/\/www.adrianwood.ch\/index.php?rest_route=%2Fwp%2Fv2%2Fcomments&post=26149"}],"version-history":[{"count":5,"href":"https:\/\/www.adrianwood.ch\/index.php?rest_route=\/wp\/v2\/pages\/26149\/revisions"}],"predecessor-version":[{"id":26324,"href":"https:\/\/www.adrianwood.ch\/index.php?rest_route=\/wp\/v2\/pages\/26149\/revisions\/26324"}],"up":[{"embeddable":true,"href":"https:\/\/www.adrianwood.ch\/index.php?rest_route=\/wp\/v2\/pages\/26090"}],"wp:attachment":[{"href":"https:\/\/www.adrianwood.ch\/index.php?rest_route=%2Fwp%2Fv2%2Fmedia&parent=26149"}],"curies":[{"name":"wp","href":"https:\/\/api.w.org\/{rel}","templated":true}]}}