{"id":26180,"date":"2024-06-14T09:49:00","date_gmt":"2024-06-14T09:49:00","guid":{"rendered":"https:\/\/www.adrianwood.ch\/?page_id=26180"},"modified":"2024-06-15T08:13:31","modified_gmt":"2024-06-15T08:13:31","slug":"05-18-drakei","status":"publish","type":"page","link":"https:\/\/www.adrianwood.ch\/?page_id=26180","title":{"rendered":"05-18 Drakei"},"content":{"rendered":"<div class=\"pmdi_content_wrapper\">\n<p class=\"Normal-P\" style=\"margin-bottom: 6pt; direction: ltr; unicode-bidi: normal;\"><span class=\"Normal-H\"><span style=\"font-family: Arial;\"><span style=\"display: block;\"><span style=\"display: none;\">&#8230;<\/span><\/span><\/span><span style=\"font-family: Arial;\"><span style=\"display: block;\"><span style=\"display: none;\">&#8230;<\/span><\/span><\/span><\/span><\/p>\n<p class=\"Normal-P\" style=\"margin-bottom: 6pt; direction: ltr; unicode-bidi: normal;\">\n<table class=\"TableGrid-T\" style=\"border-collapse: collapse;\" cellspacing=\"0\">\n<tbody>\n<tr class=\"-R\">\n<td class=\"-C\" style=\"width: 481.4pt; border: none windowtext 0pt;\" colspan=\"2\">\n<p class=\"Normal-P\" style=\"margin-bottom: 6pt; direction: ltr; unicode-bidi: normal;\"><span class=\"Normal-H\"><span style=\"font-family: Arial; font-weight: bold;\">Sa. 18.05.2024<\/span><span style=\"font-family: Arial; font-weight: bold;\">, <\/span><span style=\"font-family: Arial; font-weight: bold;\">K\u00fcstenwanderung mit Traumstr\u00e4nden<\/span><span style=\"font-family: Arial;\"><span style=\"display: block;\"><span style=\"display: none;\">&#8230;<\/span><\/span><\/span><span style=\"font-family: Arial;\">Heute starten wir bereits um 09:00, weil die Busfahrt ca.2 Stunden dauert. Der kleine Ort <\/span><span style=\"font-family: Arial;\">Drakei<\/span><span style=\"font-family: Arial;\"> im Nordwesten der Insel Samos ist mit Fahrzeugen nur \u00fcber grossen Umweg erreichbar. F\u00fcr die ca. 10km von <\/span><span style=\"font-family: Arial;\">Potarsi<\/span><span style=\"font-family: Arial;\"> hinauf nach <\/span><span style=\"font-family: Arial;\">Drakei<\/span><span style=\"font-family: Arial;\"> war eine Strasse geplant und bereits ansatzweise im Bau. Das Projekt wurde aus Naturschutzgr\u00fcnden und Mangel an Finanzen begraben.<\/span><\/span><\/p>\n<\/td>\n<\/tr>\n<tr class=\"-R\">\n<td class=\"-C\" style=\"width: 240.7pt; border: none windowtext 0pt;\">\n<p class=\"Normal-P\" style=\"margin-bottom: 6pt; direction: ltr; unicode-bidi: normal;\"><span class=\"Normal-H\"><span style=\"font-family: Arial;\"><img loading=\"lazy\" decoding=\"async\" class=\"\" src=\"https:\/\/www.adrianwood.ch\/wp-content\/uploads\/2024\/06\/1718358454_image1.jpeg\" width=\"353\" height=\"235\" data-link=\"\"><\/span><\/span><\/p>\n<\/td>\n<td class=\"-C\" style=\"width: 240.7pt; border: none windowtext 0pt;\">\n<p class=\"Normal-P\" style=\"margin-bottom: 6pt; direction: ltr; unicode-bidi: normal;\"><span class=\"Normal-H\"><span style=\"font-family: Arial;\"><img loading=\"lazy\" decoding=\"async\" class=\"\" src=\"https:\/\/www.adrianwood.ch\/wp-content\/uploads\/2024\/06\/1718358454_image2.jpeg\" width=\"353\" height=\"235\" data-link=\"\"><\/span><\/span><\/p>\n<\/td>\n<\/tr>\n<tr class=\"-R\">\n<td class=\"-C\" style=\"width: 481.4pt; border: none windowtext 0pt;\" colspan=\"2\">\n<p class=\"Normal-P\" style=\"margin-bottom: 6pt; direction: ltr; unicode-bidi: normal;\"><span class=\"Normal-H\"><span style=\"font-family: Arial;\">Von <\/span><span style=\"font-family: Arial;\">Kokkari<\/span><span style=\"font-family: Arial;\"> fahren wir der K\u00fcste entlang zur Hafen- und <\/span><span style=\"font-family: Arial;\">Universit\u00e4tsstdt<\/span><span style=\"font-family: Arial;\">Karlovasi<\/span><span style=\"font-family: Arial;\">. Von da geht die Fahrt ins Landesinnere \u00fcber einen Pass bis ca.500m <\/span><span style=\"font-family: Arial;\">\u00fc.M<\/span><span style=\"font-family: Arial;\">. an die S\u00fcdk\u00fcste und anschlie\u00dfend in der Uhrzeigerrichtung um den 1433m hohen <\/span><span style=\"font-family: Arial;\">Kerkis<\/span><span style=\"font-family: Arial;\">, der h\u00f6chsten Erhebung in der \u00c4g\u00e4is.<\/span><span style=\"font-family: Arial;\">In <\/span><span style=\"font-family: Arial;\">Drakei<\/span><span style=\"font-family: Arial;\"> auf 300m <\/span><span style=\"font-family: Arial;\">\u00fc.M<\/span><span style=\"font-family: Arial;\">. endet die Fahrstrasse. Kurz davor sehen wir ein Schiff im Bau. Interessanterweise befindet sich die Werkst\u00e4tte hier oben am Berg.<\/span><\/span><\/p>\n<\/td>\n<\/tr>\n<tr class=\"-R\">\n<td class=\"-C\" style=\"width: 240.7pt; border: none windowtext 0pt;\">\n<p class=\"Normal-P\" style=\"margin-bottom: 6pt; direction: ltr; unicode-bidi: normal;\"><span class=\"Normal-H\"><span style=\"font-family: Arial;\"><img loading=\"lazy\" decoding=\"async\" class=\"\" src=\"https:\/\/www.adrianwood.ch\/wp-content\/uploads\/2024\/06\/1718358454_image3.jpeg\" width=\"353\" height=\"235\" data-link=\"\"><\/span><\/span><\/p>\n<\/td>\n<td class=\"-C\" style=\"width: 240.7pt; border: none windowtext 0pt;\">\n<p class=\"Normal-P\" style=\"margin-bottom: 6pt; direction: ltr; unicode-bidi: normal;\"><span class=\"Normal-H\"><span style=\"font-family: Arial;\"><img loading=\"lazy\" decoding=\"async\" class=\"\" src=\"https:\/\/www.adrianwood.ch\/wp-content\/uploads\/2024\/06\/1718358454_image4.jpeg\" width=\"352\" height=\"234\" data-link=\"\"><\/span><\/span><\/p>\n<\/td>\n<\/tr>\n<tr class=\"-R\">\n<td class=\"-C\" style=\"width: 481.4pt; border: none windowtext 0pt;\" colspan=\"2\">\n<p class=\"Normal-P\" style=\"margin-bottom: 6pt; direction: ltr; unicode-bidi: normal;\"><span class=\"Normal-H\"><span style=\"font-family: Arial;\">In <\/span><span style=\"font-family: Arial;\">Drakei<\/span><span style=\"font-family: Arial;\"> starten wir unsere Wanderung. Bereits im Dorf mit den vielen G\u00e4sschen verlieren Albert und ich den Anschluss an die Gruppe, doch die Suche nach uns ist bald erfolgreich \ud83d\ude42<\/span><span style=\"font-family: Arial;\"><span style=\"display: block;\"><span style=\"display: none;\">&#8230;<\/span><\/span><\/span><span style=\"font-family: Arial;\">Eigentlich weckt die Tourenbeschreibung &#8220;K\u00fcstenwanderung und Traumstr\u00e4nde&#8221; Erwartungen an lockere Wanderung mit Strandsandalen. Fehlanzeige, denn gute Schuhe, Trittsicherheit und Ausdauer braucht es. Der Weg f\u00fchrt abwechslungsreich immer wieder auf und ab, mit dem Ziel, aufMeeresh\u00f6he abzusteigen.<\/span><\/span><\/p>\n<\/td>\n<\/tr>\n<tr class=\"-R\">\n<td class=\"-C\" style=\"width: 481.4pt; border: none windowtext 0pt;\" colspan=\"2\">\n<p class=\"Normal-P\" style=\"margin-bottom: 6pt; direction: ltr; unicode-bidi: normal;\"><span class=\"Normal-H\"><span style=\"font-family: Arial;\"><img loading=\"lazy\" decoding=\"async\" class=\"\" src=\"https:\/\/www.adrianwood.ch\/wp-content\/uploads\/2024\/06\/1718358454_image5.jpeg\" width=\"722\" height=\"256\" data-link=\"\"><\/span><\/span><\/p>\n<\/td>\n<\/tr>\n<tr class=\"-R\">\n<td class=\"-C\" style=\"width: 240.7pt; border: none windowtext 0pt;\">\n<p class=\"Normal-P\" style=\"margin-bottom: 6pt; direction: ltr; unicode-bidi: normal;\"><span class=\"Normal-H\"><span style=\"font-family: Arial;\"><img loading=\"lazy\" decoding=\"async\" class=\"\" src=\"https:\/\/www.adrianwood.ch\/wp-content\/uploads\/2024\/06\/1718358454_image6.jpeg\" width=\"353\" height=\"235\" data-link=\"\"><\/span><\/span><\/p>\n<\/td>\n<td class=\"-C\" style=\"width: 240.7pt; border: none windowtext 0pt;\">\n<p class=\"Normal-P\" style=\"margin-bottom: 6pt; direction: ltr; unicode-bidi: normal;\"><span class=\"Normal-H\"><span style=\"font-family: Arial;\"><img loading=\"lazy\" decoding=\"async\" class=\"\" src=\"https:\/\/www.adrianwood.ch\/wp-content\/uploads\/2024\/06\/1718358454_image7.jpeg\" width=\"353\" height=\"235\" data-link=\"\"><\/span><\/span><\/p>\n<\/td>\n<\/tr>\n<tr class=\"-R\">\n<td class=\"-C\" style=\"width: 481.4pt; border: none windowtext 0pt;\" colspan=\"2\">\n<p class=\"Normal-P\" style=\"margin-bottom: 6pt; direction: ltr; unicode-bidi: normal;\"><span class=\"Normal-H\"><span style=\"font-family: Arial;\">Nach fast drei Stunden erreichen wir den grossen Strand <\/span><span style=\"font-family: Arial;\">Megalo<\/span><span style=\"font-family: Arial;\">Seitani<\/span><span style=\"font-family: Arial;\"> f\u00fcrMittagsrast und Bad. Adrian zieht es weiter zur kleinen Badebucht Mikro <\/span><span style=\"font-family: Arial;\">Seitani<\/span><span style=\"font-family: Arial;\">, wohin ich ihn begleite. Nach Rast und Bad kommt die Gruppe hier vorbei und wir wandern zusammen noch ca. eine Stunde bis Potami, wo der Bus p\u00fcnktlich wartet, und uns nach <\/span><span style=\"font-family: Arial;\">Kokkari<\/span><span style=\"font-family: Arial;\"> zur\u00fcckbringt<\/span><span style=\"font-family: Arial;\">.<\/span><\/span><\/p>\n<\/td>\n<\/tr>\n<tr class=\"-R\">\n<td class=\"-C\" style=\"width: 240.7pt; border: none windowtext 0pt;\">\n<p class=\"Normal-P\" style=\"margin-bottom: 6pt; direction: ltr; unicode-bidi: normal;\"><span class=\"Normal-H\"><span style=\"font-family: Arial;\"><img loading=\"lazy\" decoding=\"async\" class=\"\" src=\"https:\/\/www.adrianwood.ch\/wp-content\/uploads\/2024\/06\/1718358454_image8.jpeg\" width=\"353\" height=\"235\" data-link=\"\"><\/span><\/span><\/p>\n<\/td>\n<td class=\"-C\" style=\"width: 240.7pt; border: none windowtext 0pt;\">\n<p class=\"Normal-P\" style=\"margin-bottom: 6pt; direction: ltr; unicode-bidi: normal;\"><span class=\"Normal-H\"><span style=\"font-family: Arial;\"><img loading=\"lazy\" decoding=\"async\" class=\"\" src=\"https:\/\/www.adrianwood.ch\/wp-content\/uploads\/2024\/06\/1718358454_image9.jpeg\" width=\"352\" height=\"234\" data-link=\"\"><\/span><\/span><\/p>\n<\/td>\n<\/tr>\n<tr class=\"-R\">\n<td class=\"-C\" style=\"width: 481.4pt; border: none windowtext 0pt;\" colspan=\"2\">\n<p class=\"Normal-P\" style=\"margin-bottom: 6pt; direction: ltr; unicode-bidi: normal;\"><span class=\"Normal-H\"><span style=\"font-family: Arial;\">Es war eine sehr sch\u00f6ne, abwechslungsreiche aber anspruchsvolle Tageswanderung mit viel Vegetation und Meersicht. Unterwegs sahen wir Erdbeerb\u00e4ume mit orangefarbener glatter Rinde, eine f\u00fcr uns seltene Orchidee Ragwurz und verlassene Olivenhaine mit riesigen B\u00e4umen. Ein kleiner Teil des Weges zeigte uns die angefangene Fahrstrasse. Der Weg geht viel auf und ab. Wir waren sechs Stunden <\/span><span style=\"font-family: Arial;\">unterweges<\/span><span style=\"font-family: Arial;\"> mit kleinen Pausen und einst\u00fcndiger Mittags- und <\/span><span style=\"font-family: Arial;\">Baderast<\/span><span style=\"font-family: Arial;\">.<\/span><\/span><\/p>\n<\/td>\n<\/tr>\n<tr class=\"-R\">\n<td class=\"-C\" style=\"width: 240.7pt; border: none windowtext 0pt;\">\n<p class=\"Normal-P\" style=\"margin-bottom: 6pt; direction: ltr; unicode-bidi: normal;\"><span class=\"Normal-H\"><span style=\"font-family: Arial;\"><img loading=\"lazy\" decoding=\"async\" class=\"\" src=\"https:\/\/www.adrianwood.ch\/wp-content\/uploads\/2024\/06\/1718358454_image10.jpeg\" width=\"353\" height=\"235\" data-link=\"\"><\/span><\/span><\/p>\n<\/td>\n<td class=\"-C\" style=\"width: 240.7pt; border: none windowtext 0pt;\">\n<p class=\"Normal-P\" style=\"margin-bottom: 6pt; direction: ltr; unicode-bidi: normal;\"><span class=\"Normal-H\"><span style=\"font-family: Arial;\"><img loading=\"lazy\" decoding=\"async\" class=\"\" src=\"https:\/\/www.adrianwood.ch\/wp-content\/uploads\/2024\/06\/1718358454_image11.jpeg\" width=\"353\" height=\"235\" data-link=\"\"><\/span><\/span><\/p>\n<\/td>\n<\/tr>\n<tr class=\"-R\">\n<td class=\"-C\" style=\"width: 481.4pt; border: none windowtext 0pt;\" colspan=\"2\">\n<p class=\"Normal-P\" style=\"margin-bottom: 6pt; direction: ltr; unicode-bidi: normal;\"><span class=\"Normal-H\"><span style=\"font-family: Arial;\">Es freut uns, dass alle mitgekommen sind und gratulieren dem <\/span><span style=\"font-family: Arial;\">87 j\u00e4hrigen<\/span><span style=\"font-family: Arial;\"> Heinz und dem nicht schwindelfreien Roberto, die vor dem Nachtessen bereits wieder locker drauf sind.<\/span><span style=\"font-family: Arial;\"><span style=\"display: block;\"><span style=\"display: none;\">&#8230;<\/span><\/span><\/span><span style=\"font-family: Arial;\">Ca.10km Weg scheinen uns viel zu wenig zu sein. Mit dem dauernden Auf und Ab waren es total ca. 320hm Aufstieg und 590hm Abstieg.<\/span><\/span><\/p>\n<p class=\"Normal-P\" style=\"margin-bottom: 6pt; direction: ltr; unicode-bidi: normal;\"><span class=\"Normal-H\"><span style=\"font-family: Arial;\">Vor dem Nachtessen gibt es einen kleinen Fussmarsch ans Westende von <\/span><span style=\"font-family: Arial;\">Kokkari<\/span><span style=\"font-family: Arial;\">, wo uns Christina wunderbare Lammkeule und griechischen Salat bestellt hat. Der kurze Verdauungsspaziergang vor dem Schlafen ist willkommen <\/span><span style=\"font-family: Arial;\">\ud83d\ude42<\/span><span style=\"font-family: Arial;\">.<\/span><span style=\"font-family: Arial;\">Peter<\/span><\/span><\/p>\n<\/td>\n<\/tr>\n<p><!-- [if !supportMisalignedColumns]--><\/tbody>\n<\/table>\n<\/div>\n","protected":false},"excerpt":{"rendered":"<p>&#8230;&#8230; Sa. 18.05.2024, K\u00fcstenwanderung mit Traumstr\u00e4nden&#8230;Heute starten wir bereits um 09:00, weil die Busfahrt ca.2 Stunden dauert. Der kleine Ort Drakei im Nordwesten der Insel Samos ist mit Fahrzeugen nur \u00fcber grossen Umweg erreichbar. F\u00fcr die ca. 10km von Potarsi hinauf nach Drakei war eine Strasse geplant und bereits ansatzweise im Bau. Das Projekt wurde &hellip; <a href=\"https:\/\/www.adrianwood.ch\/?page_id=26180\" class=\"more-link\">Continue reading <span class=\"screen-reader-text\">05-18 Drakei<\/span> <span class=\"meta-nav\">&rarr;<\/span><\/a><\/p>\n","protected":false},"author":1,"featured_media":0,"parent":26090,"menu_order":2666,"comment_status":"closed","ping_status":"closed","template":"","meta":{"ngg_post_thumbnail":0,"footnotes":""},"class_list":["post-26180","page","type-page","status-publish","hentry"],"_links":{"self":[{"href":"https:\/\/www.adrianwood.ch\/index.php?rest_route=\/wp\/v2\/pages\/26180","targetHints":{"allow":["GET"]}}],"collection":[{"href":"https:\/\/www.adrianwood.ch\/index.php?rest_route=\/wp\/v2\/pages"}],"about":[{"href":"https:\/\/www.adrianwood.ch\/index.php?rest_route=\/wp\/v2\/types\/page"}],"author":[{"embeddable":true,"href":"https:\/\/www.adrianwood.ch\/index.php?rest_route=\/wp\/v2\/users\/1"}],"replies":[{"embeddable":true,"href":"https:\/\/www.adrianwood.ch\/index.php?rest_route=%2Fwp%2Fv2%2Fcomments&post=26180"}],"version-history":[{"count":3,"href":"https:\/\/www.adrianwood.ch\/index.php?rest_route=\/wp\/v2\/pages\/26180\/revisions"}],"predecessor-version":[{"id":26193,"href":"https:\/\/www.adrianwood.ch\/index.php?rest_route=\/wp\/v2\/pages\/26180\/revisions\/26193"}],"up":[{"embeddable":true,"href":"https:\/\/www.adrianwood.ch\/index.php?rest_route=\/wp\/v2\/pages\/26090"}],"wp:attachment":[{"href":"https:\/\/www.adrianwood.ch\/index.php?rest_route=%2Fwp%2Fv2%2Fmedia&parent=26180"}],"curies":[{"name":"wp","href":"https:\/\/api.w.org\/{rel}","templated":true}]}}