{"id":26228,"date":"2024-06-14T10:21:32","date_gmt":"2024-06-14T10:21:32","guid":{"rendered":"https:\/\/www.adrianwood.ch\/?page_id=26228"},"modified":"2024-06-15T08:29:53","modified_gmt":"2024-06-15T08:29:53","slug":"05-22-ranti-wald","status":"publish","type":"page","link":"https:\/\/www.adrianwood.ch\/?page_id=26228","title":{"rendered":"05-22 Ranti-Wald"},"content":{"rendered":"<div class=\"pmdi_content_wrapper\">\n<p class=\"Normal-P\" style=\"margin-bottom: 6pt; direction: ltr; unicode-bidi: normal;\"><span class=\"Normal-H\"><span style=\"font-family: Arial; font-weight: bold;\">Mi., 22.05.2024: <\/span><span style=\"font-family: Arial; font-weight: bold;\">Ranti<\/span><span style=\"font-family: Arial; font-weight: bold;\">-Wald mit Naturf\u00fchrer Lefteris<\/span><\/span><\/p>\n<p class=\"Normal-P\" style=\"margin-bottom: 6pt; direction: ltr; unicode-bidi: normal;\">\n<table class=\"TableGrid-T\" style=\"border-collapse: collapse;\" cellspacing=\"0\">\n<tbody>\n<tr class=\"-R\">\n<td class=\"-C\" style=\"width: 481.4pt; border: none windowtext 0pt;\" colspan=\"2\">\n<p class=\"Normal-P\" style=\"margin-bottom: 6pt; direction: ltr; unicode-bidi: normal;\"><span class=\"Normal-H\"><span style=\"font-family: Arial;\">Naturf\u00fchrer Lefteris holt uns im Hotel Cove Bay (<\/span><span style=\"font-family: Arial;\">Ikaria<\/span><span style=\"font-family: Arial;\">) morgens um 9h ab. Er stellt sich vor als Eingeborener. Sein Stolz auf die Insel mit ihren Einwohnern und der Pflanzenwelt ist unverkennbar. Wir werden sehen, dass es sich hierbei um ein fachlich und pers\u00f6nlich abgest\u00fctztes, \u00fcberaus ehrliches und beindruckendes Engagement handelt. Lefteris arbeitet heute <\/span><span style=\"font-family: Arial;\">u.a..<\/span><span style=\"font-family: Arial;\"> als Naturf\u00fchrer, hat aber in der Vergangenheit an wissenschaftlichen Projekten mitgewirkt und sein beruflicher Hintergrund ist wohl die Botanik (ohne dass er einen entsprechenden Abschluss in Anspruch nimmt).<\/span><\/span><\/p>\n<p class=\"Normal-P\" style=\"margin-bottom: 6pt; direction: ltr; unicode-bidi: normal;\"><span class=\"Normal-H\"><span style=\"font-family: Arial;\">Wir fahren mit dem Bus nach <\/span><span style=\"font-family: Arial;\">Petropouli<\/span><span style=\"font-family: Arial;\">. Dieser Ort liegt am Eingang zu dem als UNESCO-Weltkulturerbe z\u00e4hlenden Naturpark \u201e<\/span><span style=\"font-family: Arial;\">Dasos<\/span><span style=\"font-family: Arial;\">Ranti<\/span><span style=\"font-family: Arial;\">\u201c. Der Park erstreckt sich \u00fcber 16 km2 in einer h\u00fcgeligen Lage; im Zentrum liegt auf dem h\u00f6chsten Punkt das Kirchlein Christos auf 607 <\/span><span style=\"font-family: Arial;\">M\u00fcM<\/span><span style=\"font-family: Arial;\">. Das gesamte Gebiet befindet sich in der mittleren der auf drei Zonen von West nach Ost aufgeteilten Insel <\/span><span style=\"font-family: Arial;\">Ikaria<\/span><span style=\"font-family: Arial;\">.<\/span><\/span><\/p>\n<\/td>\n<\/tr>\n<tr class=\"-R\">\n<td class=\"-C\" style=\"width: 238.45pt; border: none windowtext 0pt;\">\n<p class=\"Normal-P\" style=\"margin-bottom: 6pt; direction: ltr; unicode-bidi: normal;\"><span class=\"Normal-H\"><span style=\"font-family: Arial;\"><img loading=\"lazy\" decoding=\"async\" class=\"\" src=\"https:\/\/www.adrianwood.ch\/wp-content\/uploads\/2024\/06\/1718360464_image1.jpeg\" width=\"352\" height=\"235\" data-link=\"\"><\/span><\/span><\/p>\n<\/td>\n<td class=\"-C\" style=\"width: 242.95pt; border: none windowtext 0pt;\">\n<p class=\"Normal-P\" style=\"margin-bottom: 6pt; direction: ltr; unicode-bidi: normal;\"><span class=\"Normal-H\"><span style=\"font-family: Arial;\"><img loading=\"lazy\" decoding=\"async\" class=\"\" src=\"https:\/\/www.adrianwood.ch\/wp-content\/uploads\/2024\/06\/1718360464_image2.jpeg\" width=\"353\" height=\"235\" data-link=\"\"><\/span><\/span><\/p>\n<\/td>\n<\/tr>\n<tr class=\"-R\">\n<td class=\"-C\" style=\"width: 481.4pt; border: none windowtext 0pt;\" colspan=\"2\">\n<p class=\"Normal-P\" style=\"margin-bottom: 6pt; direction: ltr; unicode-bidi: normal;\"><span class=\"Normal-H\"><span style=\"font-family: Arial;\">Obwohl der Park seitens UNESCO diesen hohen Schutzstatus aufweist, gibt es keine eigentliche Parkverwaltung. Aber die Unterschutzstellung erfolgte selbstverst\u00e4ndlich auf Wunsch und im Einverst\u00e4ndnis mit dem griechischen Staat und gibt dem Projekt einen gewissen Schutz. Die Durchsetzung der <\/span><span style=\"font-family: Arial;\">Interesssen<\/span><span style=\"font-family: Arial;\"> des Parks gegen\u00fcber Interessen Dritter scheint aber durchaus kein Selbstl\u00e4ufer zu sein. Lefteris hat sich dazu allerdings nicht weiter ge\u00e4ussert.<\/span><\/span><\/p>\n<\/td>\n<\/tr>\n<tr class=\"-R\">\n<td class=\"-C\" style=\"width: 238.45pt; border: none windowtext 0pt;\">\n<p class=\"Normal-P\" style=\"margin-bottom: 6pt; direction: ltr; unicode-bidi: normal;\"><span class=\"Normal-H\"><span style=\"font-family: Arial;\"><img loading=\"lazy\" decoding=\"async\" class=\"\" src=\"https:\/\/www.adrianwood.ch\/wp-content\/uploads\/2024\/06\/1718360464_image3.jpeg\" width=\"352\" height=\"235\" data-link=\"\"><\/span><\/span><\/p>\n<\/td>\n<td class=\"-C\" style=\"width: 242.95pt; border: none windowtext 0pt;\">\n<p class=\"Normal-P\" style=\"margin-bottom: 6pt; direction: ltr; unicode-bidi: normal;\"><span class=\"Normal-H\"><span style=\"font-family: Arial;\"><img loading=\"lazy\" decoding=\"async\" class=\"\" src=\"https:\/\/www.adrianwood.ch\/wp-content\/uploads\/2024\/06\/1718360464_image4.jpeg\" width=\"352\" height=\"234\" data-link=\"\"><\/span><\/span><\/p>\n<\/td>\n<\/tr>\n<tr class=\"-R\">\n<td class=\"-C\" style=\"width: 238.45pt; border: none windowtext 0pt;\">\n<p class=\"Normal-P\" style=\"margin-bottom: 6pt; direction: ltr; unicode-bidi: normal;\"><span class=\"Normal-H\"><span style=\"font-family: Arial;\">Arbutus<\/span><span style=\"font-family: Arial;\">androchnae<\/span><span style=\"font-family: Arial;\"> (Erdbeerbaum) mit Naturf\u00fchrer Lefteris<\/span><\/span><\/p>\n<\/td>\n<td class=\"-C\" style=\"width: 242.95pt; border: none windowtext 0pt;\">\n<p class=\"Normal-P\" style=\"margin-bottom: 6pt; direction: ltr; unicode-bidi: normal;\"><span class=\"Normal-H\"><span style=\"font-family: Arial;\">Quercus <\/span><span style=\"font-family: Arial;\">coccifera<\/span><span style=\"font-family: Arial;\"> (Kermeseiche)<\/span><\/span><\/p>\n<p class=\"Normal-P\" style=\"margin-bottom: 6pt; direction: ltr; unicode-bidi: normal;\">\n<\/td>\n<\/tr>\n<tr class=\"-R\">\n<td class=\"-C\" style=\"width: 481.4pt; border: none windowtext 0pt;\" colspan=\"2\">\n<p class=\"Normal-P\" style=\"margin-bottom: 6pt; direction: ltr; unicode-bidi: normal;\"><span class=\"Normal-H\"><span style=\"font-family: Arial;\">Der wohl bedeutendste Teil des Parks ist (Ur-)Wald mit zahlreichen <\/span><span style=\"font-family: Arial;\">dreihunderj\u00e4hrigen<\/span><span style=\"font-family: Arial;\"> Eichen. In seinen Ausf\u00fchrungen konzentriert sich Lefteris auf Quercus (Eiche) und <\/span><span style=\"font-family: Arial;\">Arbutus<\/span><span style=\"font-family: Arial;\"> (Erdbeerbaum).<\/span><\/span><\/p>\n<p class=\"Normal-P\" style=\"margin-bottom: 6pt; direction: ltr; unicode-bidi: normal;\"><span class=\"Normal-H\"><span style=\"font-family: Arial;\">Nun zum eigentlichen Thema von Lefteris: Wie funktioniert die Natur \u2013 B\u00e4ume und Pflanzen -, und was k\u00f6nnen wir von diesen auch im Hinblick auf die aktueller und prognostizieren <\/span><span style=\"font-family: Arial;\">Klimaver\u00e4nderungen lernen? Anhand des einfachen Beispiels einer am Boden liegenden Eichel sehen wir, dass bereits dieser unscheinbare Samen weiss, in welche Richtung er seine Wurzeln entwickeln muss (er kennt das Gesetz der Gravitation). Die F\u00e4higkeiten der B\u00e4ume und Pflanzen gehen allerdings weit dar\u00fcber hinaus: Sie kommunizieren miteinander und sind sich in <\/span><span style=\"font-family: Arial;\">gesch\u00e4tzten 90% der F\u00e4lle freundlich gesinnt \u2013 anders als wie fr\u00fcher dargestellt befinden sie sich nicht in einem Verdr\u00e4ngungskampf um Licht, Wasser, etc.<\/span><\/span><\/p>\n<\/td>\n<\/tr>\n<tr class=\"-R\">\n<td class=\"-C\" style=\"width: 481.4pt; border: none windowtext 0pt;\" colspan=\"2\">\n<p class=\"Normal-P\" style=\"margin-bottom: 6pt; direction: ltr; unicode-bidi: normal;\">\n<\/td>\n<\/tr>\n<tr class=\"-R\">\n<td class=\"-C\" style=\"width: 238.45pt; border: none windowtext 0pt;\">\n<p class=\"Normal-P\" style=\"margin-bottom: 6pt; direction: ltr; unicode-bidi: normal;\"><span class=\"Normal-H\"><span style=\"font-family: Arial;\"><img loading=\"lazy\" decoding=\"async\" class=\"\" src=\"https:\/\/www.adrianwood.ch\/wp-content\/uploads\/2024\/06\/1718360464_image5.jpeg\" width=\"352\" height=\"235\" data-link=\"\"><\/span><\/span><\/p>\n<\/td>\n<td class=\"-C\" style=\"width: 242.95pt; border: none windowtext 0pt;\">\n<p class=\"Normal-P\" style=\"margin-bottom: 6pt; direction: ltr; unicode-bidi: normal;\"><span class=\"Normal-H\"><span style=\"font-family: Arial;\"><img loading=\"lazy\" decoding=\"async\" class=\"\" src=\"https:\/\/www.adrianwood.ch\/wp-content\/uploads\/2024\/06\/1718360464_image6.jpeg\" width=\"352\" height=\"234\" data-link=\"\"><\/span><\/span><\/p>\n<\/td>\n<\/tr>\n<tr class=\"-R\">\n<td class=\"-C\" style=\"width: 481.4pt; border: none windowtext 0pt;\" colspan=\"2\">\n<p class=\"Normal-P\" style=\"margin-bottom: 6pt; direction: ltr; unicode-bidi: normal;\"><span class=\"Normal-H\"><span style=\"font-family: Arial;\">Wir sehen Eichengruppen, die dem Erdbeerbaum ein Lichtprofil freilassen, damit sich dieser ebenfalls entwickeln kann. Offensichtlich profitieren alle davon, weil ein gegenseitiger Windschutz entsteht. Es d\u00fcrfte ausserdem so sein, dass sich die chemische Zusammensetzung der B\u00f6den rund um die verschiedenen Baumarten erg\u00e4nzen. Der ganze Boden ist (nicht nur hier auf <\/span><span style=\"font-family: Arial;\">Ikaria<\/span><span style=\"font-family: Arial;\"> sondern \u00fcberall) durchwirkt von einem <\/span><span style=\"font-family: Arial;\">spinnwebenartigen<\/span><span style=\"font-family: Arial;\"> Mycel (Pilzgewebe). Dieses erst in den letzten Jahren weltweit intensiv erforschte Kommunikationssystem zwischen den Pflanzen d\u00fcrfte daf\u00fcr verantwortlich sein, dass die Pflanzen an die ben\u00f6tigten N\u00e4hrstoffe gelangen, aber auch vor Gefahren gewarnt werden. Lefteris berichtet von einer gross angelegten Studie, der die These zugrunde liegt, dass sich B\u00e4ume gegenseitig \u00fcber eine grosse Distanz hinweg vor einer Feuersbrunst warnen; jedenfalls fiel auf, dass sich B\u00e4ume weit weg von einer Feuerbrunst bereits durch Einrollen der Bl\u00e4tter (Verkleinerung der Angriffsfl\u00e4che gegen\u00fcber dem Feuer) wappnen.<\/span><\/span><\/p>\n<\/td>\n<\/tr>\n<tr class=\"-R\">\n<td class=\"-C\" style=\"width: 238.45pt; border: none windowtext 0pt;\">\n<p class=\"Normal-P\" style=\"margin-bottom: 6pt; direction: ltr; unicode-bidi: normal;\"><span class=\"Normal-H\"><span style=\"font-family: Arial;\"><img loading=\"lazy\" decoding=\"async\" class=\"\" src=\"https:\/\/www.adrianwood.ch\/wp-content\/uploads\/2024\/06\/1718360464_image7.jpeg\" width=\"352\" height=\"235\" data-link=\"\"><\/span><\/span><\/p>\n<\/td>\n<td class=\"-C\" style=\"width: 242.95pt; border: none windowtext 0pt;\">\n<p class=\"Normal-P\" style=\"margin-bottom: 6pt; direction: ltr; unicode-bidi: normal;\"><span class=\"Normal-H\"><span style=\"font-family: Arial;\"><img loading=\"lazy\" decoding=\"async\" class=\"\" src=\"https:\/\/www.adrianwood.ch\/wp-content\/uploads\/2024\/06\/1718360464_image8.jpeg\" width=\"353\" height=\"235\" data-link=\"\"><\/span><\/span><\/p>\n<\/td>\n<\/tr>\n<tr class=\"-R\">\n<td class=\"-C\" style=\"width: 481.4pt; border: none windowtext 0pt;\" colspan=\"2\">\n<p class=\"Normal-P\" style=\"margin-bottom: 6pt; direction: ltr; unicode-bidi: normal;\"><span class=\"Normal-H\"><span style=\"font-family: Arial;\">Weiterhin zeigt uns Lefteris eine nat\u00fcrliche Kreuzung der beiden auf <\/span><span style=\"font-family: Arial;\">Ikaria<\/span><span style=\"font-family: Arial;\"> bekannten Varianten des <\/span><span style=\"font-family: Arial;\">Arbutus<\/span><span style=\"font-family: Arial;\"> (u.a. <\/span><span style=\"font-family: Arial;\">Arbutus<\/span><span style=\"font-family: Arial;\">andrachnae<\/span><span style=\"font-family: Arial;\">). Dieser Hybrid wurde k\u00fcrzlich entdeckt; seine neu entwickelten Eigenschaften werden als Reaktion auf die Klimaver\u00e4nderung gesehen. Der Baum steht offenbar unter weltweiter wissenschaftlicher Beobachtung.<\/span><\/span><\/p>\n<p class=\"Normal-P\" style=\"margin-bottom: 6pt; direction: ltr; unicode-bidi: normal;\"><span class=\"Normal-H\"><span style=\"font-family: Arial;\">Im Abstieg zur\u00fcck an den Ausgangspunkt <\/span><span style=\"font-family: Arial;\">Petropouli<\/span><span style=\"font-family: Arial;\"> zeigt uns Lefteris am Wegrand eine <\/span><span style=\"font-family: Arial;\">Oreganumpflanze<\/span><span style=\"font-family: Arial;\">. Dieses wurde gerade eben in einem Labor untersucht mit dem Ergebnis, dass sie Eigenschaften aufweist, die nur auf <\/span><span style=\"font-family: Arial;\">Ikaria<\/span><span style=\"font-family: Arial;\"> vorkommen (endemisch).<\/span><\/span><\/p>\n<p class=\"Normal-P\" style=\"margin-bottom: 6pt; direction: ltr; unicode-bidi: normal;\"><span class=\"Normal-H\"><span style=\"font-family: Arial;\">Unsere Reisegruppe dankt Lefteris und unserer Reiseleiterin Christina Gr\u00fcnbauer f\u00fcr diesen ausgesprochen interessanten und freundschaftlichen Tag, der uns in mancher Hinsicht Einblick in das Leben auf <\/span><span style=\"font-family: Arial;\">Ikaria<\/span><span style=\"font-family: Arial;\"> von damals und heute brachte. <\/span><\/span><\/p>\n<p class=\"Normal-P\" style=\"margin-bottom: 6pt; direction: ltr; unicode-bidi: normal;\"><span class=\"Normal-H\"><span style=\"font-family: Arial;\">Thomas<\/span><\/span><\/p>\n<\/td>\n<\/tr>\n<p><!-- [if !supportMisalignedColumns]--><\/tbody>\n<\/table>\n<\/div>\n","protected":false},"excerpt":{"rendered":"<p>Mi., 22.05.2024: Ranti-Wald mit Naturf\u00fchrer Lefteris Naturf\u00fchrer Lefteris holt uns im Hotel Cove Bay (Ikaria) morgens um 9h ab. Er stellt sich vor als Eingeborener. Sein Stolz auf die Insel mit ihren Einwohnern und der Pflanzenwelt ist unverkennbar. Wir werden sehen, dass es sich hierbei um ein fachlich und pers\u00f6nlich abgest\u00fctztes, \u00fcberaus ehrliches und beindruckendes &hellip; <a href=\"https:\/\/www.adrianwood.ch\/?page_id=26228\" class=\"more-link\">Continue reading <span class=\"screen-reader-text\">05-22 Ranti-Wald<\/span> <span class=\"meta-nav\">&rarr;<\/span><\/a><\/p>\n","protected":false},"author":1,"featured_media":0,"parent":26090,"menu_order":2670,"comment_status":"closed","ping_status":"closed","template":"","meta":{"ngg_post_thumbnail":0,"footnotes":""},"class_list":["post-26228","page","type-page","status-publish","hentry"],"_links":{"self":[{"href":"https:\/\/www.adrianwood.ch\/index.php?rest_route=\/wp\/v2\/pages\/26228","targetHints":{"allow":["GET"]}}],"collection":[{"href":"https:\/\/www.adrianwood.ch\/index.php?rest_route=\/wp\/v2\/pages"}],"about":[{"href":"https:\/\/www.adrianwood.ch\/index.php?rest_route=\/wp\/v2\/types\/page"}],"author":[{"embeddable":true,"href":"https:\/\/www.adrianwood.ch\/index.php?rest_route=\/wp\/v2\/users\/1"}],"replies":[{"embeddable":true,"href":"https:\/\/www.adrianwood.ch\/index.php?rest_route=%2Fwp%2Fv2%2Fcomments&post=26228"}],"version-history":[{"count":3,"href":"https:\/\/www.adrianwood.ch\/index.php?rest_route=\/wp\/v2\/pages\/26228\/revisions"}],"predecessor-version":[{"id":26238,"href":"https:\/\/www.adrianwood.ch\/index.php?rest_route=\/wp\/v2\/pages\/26228\/revisions\/26238"}],"up":[{"embeddable":true,"href":"https:\/\/www.adrianwood.ch\/index.php?rest_route=\/wp\/v2\/pages\/26090"}],"wp:attachment":[{"href":"https:\/\/www.adrianwood.ch\/index.php?rest_route=%2Fwp%2Fv2%2Fmedia&parent=26228"}],"curies":[{"name":"wp","href":"https:\/\/api.w.org\/{rel}","templated":true}]}}