{"id":26239,"date":"2024-06-14T10:33:09","date_gmt":"2024-06-14T10:33:09","guid":{"rendered":"https:\/\/www.adrianwood.ch\/?page_id=26239"},"modified":"2024-06-15T08:38:27","modified_gmt":"2024-06-15T08:38:27","slug":"05-23-nas","status":"publish","type":"page","link":"https:\/\/www.adrianwood.ch\/?page_id=26239","title":{"rendered":"05-23 Nas"},"content":{"rendered":"<div class=\"pmdi_content_wrapper\">\n<p class=\"Normal-P\" style=\"margin-bottom: 3pt; direction: ltr; unicode-bidi: normal;\"><span class=\"Normal-H\"><span style=\"font-family: Arial; font-weight: bold;\">23.Mai, <\/span><span style=\"font-family: Arial; font-weight: bold;\">Von Agios Dimitros durch die <\/span><span style=\"font-family: Arial; font-weight: bold;\">Chalaris<\/span><span style=\"font-family: Arial; font-weight: bold;\">-Schlucht nach Nas<\/span><\/span><\/p>\n<table class=\"TableGrid-T\" style=\"border-collapse: collapse;\" cellspacing=\"0\">\n<tbody>\n<tr class=\"-R\">\n<td class=\"-C\" style=\"width: 481.4pt; border: none windowtext 0pt;\" colspan=\"2\">\n<p class=\"Normal-P\" style=\"margin-bottom: 3pt; direction: ltr; unicode-bidi: normal;\"><span class=\"Normal-H\"><span style=\"font-family: Arial;\">Heute besteigen acht Wanderfreudige den Bus, der uns nach Agios Dimitros bringt. Auf 320 m H\u00f6he steigen wir in die Schlucht <\/span><span style=\"font-family: Arial;\">Chalaris<\/span><span style=\"font-family: Arial;\"> ein (die alles mit sich Reissende). Der Weg bis hinunter zum Bachbett erweist sich als recht schwierig. Einige haben verzichtet und den guten Rat unserer erfahrenen Christina ber\u00fccksichtigt und stattdessen den gem\u00fctlichen Spaziergang vom Hotel nach Nas unter die F\u00fcsse genommen.<\/span><\/span><\/p>\n<\/td>\n<\/tr>\n<tr class=\"-R\">\n<td class=\"-C\" style=\"width: 240.85pt; border: none windowtext 0pt;\">\n<p class=\"Normal-P\" style=\"margin-bottom: 3pt; direction: ltr; unicode-bidi: normal;\"><span class=\"Normal-H\"><span style=\"font-family: Arial;\"><img loading=\"lazy\" decoding=\"async\" class=\"\" src=\"https:\/\/www.adrianwood.ch\/wp-content\/uploads\/2024\/06\/1718361153_image1.jpeg\" width=\"353\" height=\"235\" data-link=\"\"><\/span><\/span><\/p>\n<\/td>\n<td class=\"-C\" style=\"width: 240.55pt; border: none windowtext 0pt;\">\n<p class=\"Normal-P\" style=\"margin-bottom: 3pt; direction: ltr; unicode-bidi: normal;\"><span class=\"Normal-H\"><span style=\"font-family: Arial;\"><img loading=\"lazy\" decoding=\"async\" class=\"\" src=\"https:\/\/www.adrianwood.ch\/wp-content\/uploads\/2024\/06\/1718361153_image2.jpeg\" width=\"352\" height=\"235\" data-link=\"\"><\/span><\/span><\/p>\n<\/td>\n<\/tr>\n<tr class=\"-R\">\n<td class=\"-C\" style=\"width: 481.4pt; border: none windowtext 0pt;\" colspan=\"2\">\n<p class=\"Normal-P\" style=\"margin-bottom: 3pt; direction: ltr; unicode-bidi: normal;\"><span class=\"Normal-H\"><span style=\"font-family: Arial;\">Das Tal ist sehr gr\u00fcn, es hat Kiefern und das Rosa der Oleanderb\u00fcsche leuchtet in der Sonne. Im Bachbett hat es grosse Steine und nat\u00fcrliche Wasserbecken. Wir verweilen etwas am Wasser und h\u00f6ren das muntere Quaken von Fr\u00f6schen. Gerne w\u00fcrde man hier l\u00e4nger bleiben, es erinnert mich ans Verzasca Tal. Manche der Kiefern sind krank, an ihren St\u00e4mmen flattern weisse B\u00e4uschchen-wie Watte oder <\/span><span style=\"font-family: Arial;\">F\u00f6tzelchen<\/span><span style=\"font-family: Arial;\"> von <\/span><span style=\"font-family: Arial;\">WC Papier<\/span><span style=\"font-family: Arial;\">. Ein Sch\u00e4dling entzieht den B\u00e4umen das Wasser und durch die Rinde kommt diese \u201eZuckerwatte\u201c heraus. Die Bienen saugen daraus den Zuckersaft.<\/span><\/span><\/p>\n<\/td>\n<\/tr>\n<tr class=\"-R\">\n<td class=\"-C\" style=\"width: 240.85pt; border: none windowtext 0pt;\">\n<p class=\"Normal-P\" style=\"margin-bottom: 3pt; direction: ltr; unicode-bidi: normal;\"><span class=\"Normal-H\"><span style=\"font-family: Arial;\"><img loading=\"lazy\" decoding=\"async\" class=\"\" src=\"https:\/\/www.adrianwood.ch\/wp-content\/uploads\/2024\/06\/1718361153_image3.jpeg\" width=\"353\" height=\"235\" data-link=\"\"><\/span><\/span><\/p>\n<\/td>\n<td class=\"-C\" style=\"width: 240.55pt; border: none windowtext 0pt;\">\n<p class=\"Normal-P\" style=\"margin-bottom: 3pt; direction: ltr; unicode-bidi: normal;\"><span class=\"Normal-H\"><span style=\"font-family: Arial;\"><img loading=\"lazy\" decoding=\"async\" class=\"\" src=\"https:\/\/www.adrianwood.ch\/wp-content\/uploads\/2024\/06\/1718361153_image4.jpeg\" width=\"353\" height=\"236\" data-link=\"\"><\/span><\/span><\/p>\n<\/td>\n<\/tr>\n<tr class=\"-R\">\n<td class=\"-C\" style=\"width: 481.4pt; border: none windowtext 0pt;\" colspan=\"2\">\n<p class=\"Normal-P\" style=\"margin-bottom: 3pt; direction: ltr; unicode-bidi: normal;\"><span class=\"Normal-H\"><span style=\"font-family: Arial;\">Am Strand angelangt begutachten wir die Tempelruine <\/span><span style=\"font-family: Arial;\">Arthemis<\/span><span style=\"font-family: Arial;\">Atropulos<\/span><span style=\"font-family: Arial;\">. Zum Leidwesen der Nachwelt ist nur wenig \u00fcbrig, denn die Steinquader wurden wiederverwendet. Diese Bucht war fr\u00fcher der einzige Hafen der Insel, weswegen wenig Handel\/Reiset\u00e4tigkeit herrschte. <\/span><\/span><\/p>\n<\/td>\n<\/tr>\n<tr class=\"-R\">\n<td class=\"-C\" style=\"width: 240.85pt; border: none windowtext 0pt;\">\n<p class=\"Normal-P\" style=\"margin-bottom: 3pt; direction: ltr; unicode-bidi: normal;\"><span class=\"Normal-H\"><span style=\"font-family: Arial;\"><img loading=\"lazy\" decoding=\"async\" class=\"\" src=\"https:\/\/www.adrianwood.ch\/wp-content\/uploads\/2024\/06\/1718361153_image5.jpeg\" width=\"353\" height=\"235\" data-link=\"\"><\/span><\/span><\/p>\n<\/td>\n<td class=\"-C\" style=\"width: 240.55pt; border: none windowtext 0pt;\">\n<p class=\"Normal-P\" style=\"margin-bottom: 3pt; direction: ltr; unicode-bidi: normal;\"><span class=\"Normal-H\"><span style=\"font-family: Arial;\"><img loading=\"lazy\" decoding=\"async\" class=\"\" src=\"https:\/\/www.adrianwood.ch\/wp-content\/uploads\/2024\/06\/1718361153_image6.jpeg\" width=\"353\" height=\"236\" data-link=\"\"><\/span><\/span><\/p>\n<\/td>\n<\/tr>\n<tr class=\"-R\">\n<td class=\"-C\" style=\"width: 481.4pt; border: none windowtext 0pt;\" colspan=\"2\">\n<p class=\"Normal-P\" style=\"margin-bottom: 3pt; direction: ltr; unicode-bidi: normal;\"><span class=\"Normal-H\"><span style=\"font-family: Arial;\">Um den Weg hinauf zur Bar in Nas abzuk\u00fcrzen, ziehen wir unsere Schuhe und langen Hosen aus und durchschreiten einen See. In Nas verspeisen wir ein schmackhaftes griechisches Nachtessen.<\/span><\/span><\/p>\n<p class=\"Normal-P\" style=\"margin-bottom: 3pt; direction: ltr; unicode-bidi: normal;\"><span class=\"Normal-H\"><span style=\"font-family: Arial;\">Inge<\/span><\/span><\/p>\n<\/td>\n<\/tr>\n<tr class=\"-R\">\n<td class=\"-C\" style=\"width: 481.4pt; border: none windowtext 0pt;\" colspan=\"2\">\n<p class=\"Normal-P\" style=\"margin-bottom: 3pt; direction: ltr; unicode-bidi: normal;\"><span class=\"Normal-H\"><span style=\"font-family: Arial; font-weight: bold;\">Von <\/span><span style=\"font-family: Arial; font-weight: bold;\">Amenistis<\/span><span style=\"font-family: Arial; font-weight: bold;\"> nach Nas<\/span><\/span><\/p>\n<p class=\"Normal-P\" style=\"margin-bottom: 3pt; direction: ltr; unicode-bidi: normal;\"><span class=\"Normal-H\"><span style=\"font-family: Arial;\">F\u00fcnf Wanderer haben sich f\u00fcr die leichte Wanderung parallel zur K\u00fcste entschieden. Obwohl es entlang der Strasse anfing, kann von einem Spaziergang nicht der Rede sein. Nach ungef\u00e4hr 20 Minuten zeigte ein rote Wanderweg Schild steil den Hang hinauf. Der Weg war fast \u00fcberwachsen und f\u00fchrte durch dichtes Gestr\u00fcpp. Weil ich schon vor ein paar Tage schlechte Erfahrung mit solche Wege wegen M\u00fcckenstiche hatte, zog ich gleich meinen langen Hosenbeinen an.<\/span><\/span><\/p>\n<\/td>\n<\/tr>\n<tr class=\"-R\">\n<td class=\"-C\" style=\"width: 240.85pt; border: none windowtext 0pt;\">\n<p class=\"Normal-P\" style=\"margin-bottom: 3pt; direction: ltr; unicode-bidi: normal;\"><span class=\"Normal-H\"><span style=\"font-family: Arial;\"><img loading=\"lazy\" decoding=\"async\" class=\"\" src=\"https:\/\/www.adrianwood.ch\/wp-content\/uploads\/2024\/06\/1718361153_image7.jpeg\" width=\"353\" height=\"235\" data-link=\"\"><\/span><\/span><\/p>\n<\/td>\n<td class=\"-C\" style=\"width: 240.55pt; border: none windowtext 0pt;\">\n<p class=\"Normal-P\" style=\"margin-bottom: 3pt; direction: ltr; unicode-bidi: normal;\"><span class=\"Normal-H\"><span style=\"font-family: Arial;\"><img loading=\"lazy\" decoding=\"async\" class=\"\" src=\"https:\/\/www.adrianwood.ch\/wp-content\/uploads\/2024\/06\/1718361153_image8.jpeg\" width=\"353\" height=\"236\" data-link=\"\"><\/span><\/span><\/p>\n<\/td>\n<\/tr>\n<tr class=\"-R\">\n<td class=\"-C\" style=\"width: 481.4pt; border: none windowtext 0pt;\" colspan=\"2\">\n<p class=\"Normal-P\" style=\"margin-bottom: 3pt; direction: ltr; unicode-bidi: normal;\"><span class=\"Normal-H\"><span style=\"font-family: Arial;\">Nach dem wir eine gewisse Hohe erreicht hatten kamen wir auf einen breiten Fahrweg mit einer sch\u00f6nen Sicht \u00fcber dem tiefblauen Meer. Wir k\u00f6nnten diesem Naturstrasse mit einige Auf- und Abstiege den ganzen Weg bis Kato <\/span><span style=\"font-family: Arial;\">Raches<\/span><span style=\"font-family: Arial;\"> oberhalb von der Nas Bucht folgen. Unterwegs gab es einen alten Dreschplatz und auch interessante Blumen und Insekten zu beobachten.<\/span><\/span><\/p>\n<\/td>\n<\/tr>\n<tr class=\"-R\">\n<td class=\"-C\" style=\"width: 240.85pt; border: none windowtext 0pt;\">\n<p class=\"Normal-P\" style=\"margin-bottom: 3pt; direction: ltr; unicode-bidi: normal;\"><span class=\"Normal-H\"><span style=\"font-family: Arial;\"><img loading=\"lazy\" decoding=\"async\" class=\"\" src=\"https:\/\/www.adrianwood.ch\/wp-content\/uploads\/2024\/06\/1718361153_image9.jpeg\" width=\"352\" height=\"234\" data-link=\"\"><\/span><\/span><\/p>\n<\/td>\n<td class=\"-C\" style=\"width: 240.55pt; border: none windowtext 0pt;\">\n<p class=\"Normal-P\" style=\"margin-bottom: 3pt; direction: ltr; unicode-bidi: normal;\"><span class=\"Normal-H\"><span style=\"font-family: Arial;\"><img loading=\"lazy\" decoding=\"async\" class=\"\" src=\"https:\/\/www.adrianwood.ch\/wp-content\/uploads\/2024\/06\/1718361153_image10.jpeg\" width=\"352\" height=\"235\" data-link=\"\"><\/span><\/span><\/p>\n<\/td>\n<\/tr>\n<tr class=\"-R\">\n<td class=\"-C\" style=\"width: 481.4pt; border: none windowtext 0pt;\" colspan=\"2\">\n<p class=\"Normal-P\" style=\"margin-bottom: 3pt; direction: ltr; unicode-bidi: normal;\"><span class=\"Normal-H\"><span style=\"font-family: Arial;\">Treppen f\u00fchrten hinunter zur Hauptstrasse und dann weiter \u00fcber Felsen zum Meer. Unten sahen wir schon den Hauptteil unsere Gruppe bei der Tempelruine. Um das Meer zu erreichen musste man zuerst eine Lagune \u00fcberwinden. Dies wurde in verschiedene \u2018Outfits\u2019 bew\u00e4ltigt oder man kletterte einfach \u00fcber die Felsen, die von Echsen bev\u00f6lkert waren. Das Meer war etwas unruhig aber nicht zu kalt und man k\u00f6nnte ein Bad geniessen. Nachher gab es ein wohl verdientes Bier.<\/span><\/span><\/p>\n<\/td>\n<\/tr>\n<tr class=\"-R\">\n<td class=\"-C\" style=\"width: 240.85pt; border: none windowtext 0pt;\">\n<p class=\"Normal-P\" style=\"margin-bottom: 3pt; direction: ltr; unicode-bidi: normal;\"><span class=\"Normal-H\"><span style=\"font-family: Arial;\"><img loading=\"lazy\" decoding=\"async\" class=\"\" src=\"https:\/\/www.adrianwood.ch\/wp-content\/uploads\/2024\/06\/1718361153_image11.jpeg\" width=\"352\" height=\"234\" data-link=\"\"><\/span><\/span><\/p>\n<\/td>\n<td class=\"-C\" style=\"width: 240.55pt; border: none windowtext 0pt;\">\n<p class=\"Normal-P\" style=\"margin-bottom: 3pt; direction: ltr; unicode-bidi: normal;\"><span class=\"Normal-H\"><span style=\"font-family: Arial;\"><img loading=\"lazy\" decoding=\"async\" class=\"\" src=\"https:\/\/www.adrianwood.ch\/wp-content\/uploads\/2024\/06\/1718361153_image12.jpeg\" width=\"361\" height=\"241\" data-link=\"\"><\/span><\/span><\/p>\n<\/td>\n<\/tr>\n<tr class=\"-R\">\n<td class=\"-C\" style=\"width: 481.4pt; border: none windowtext 0pt;\" colspan=\"2\">\n<p class=\"Normal-P\" style=\"margin-bottom: 3pt; direction: ltr; unicode-bidi: normal;\"><span class=\"Normal-H\"><span style=\"font-family: Arial;\">Danke an alle die mitgekommen sind.<\/span><\/span><\/p>\n<p class=\"Normal-P\" style=\"margin-bottom: 3pt; direction: ltr; unicode-bidi: normal;\"><span class=\"Normal-H\"><span style=\"font-family: Arial;\">Adrian<\/span><\/span><\/p>\n<\/td>\n<\/tr>\n<p><!-- [if !supportMisalignedColumns]--><\/tbody>\n<\/table>\n<\/div>\n","protected":false},"excerpt":{"rendered":"<p>23.Mai, Von Agios Dimitros durch die Chalaris-Schlucht nach Nas Heute besteigen acht Wanderfreudige den Bus, der uns nach Agios Dimitros bringt. Auf 320 m H\u00f6he steigen wir in die Schlucht Chalaris ein (die alles mit sich Reissende). Der Weg bis hinunter zum Bachbett erweist sich als recht schwierig. Einige haben verzichtet und den guten Rat &hellip; <a href=\"https:\/\/www.adrianwood.ch\/?page_id=26239\" class=\"more-link\">Continue reading <span class=\"screen-reader-text\">05-23 Nas<\/span> <span class=\"meta-nav\">&rarr;<\/span><\/a><\/p>\n","protected":false},"author":1,"featured_media":0,"parent":26090,"menu_order":2671,"comment_status":"closed","ping_status":"closed","template":"","meta":{"ngg_post_thumbnail":0,"footnotes":""},"class_list":["post-26239","page","type-page","status-publish","hentry"],"_links":{"self":[{"href":"https:\/\/www.adrianwood.ch\/index.php?rest_route=\/wp\/v2\/pages\/26239","targetHints":{"allow":["GET"]}}],"collection":[{"href":"https:\/\/www.adrianwood.ch\/index.php?rest_route=\/wp\/v2\/pages"}],"about":[{"href":"https:\/\/www.adrianwood.ch\/index.php?rest_route=\/wp\/v2\/types\/page"}],"author":[{"embeddable":true,"href":"https:\/\/www.adrianwood.ch\/index.php?rest_route=\/wp\/v2\/users\/1"}],"replies":[{"embeddable":true,"href":"https:\/\/www.adrianwood.ch\/index.php?rest_route=%2Fwp%2Fv2%2Fcomments&post=26239"}],"version-history":[{"count":4,"href":"https:\/\/www.adrianwood.ch\/index.php?rest_route=\/wp\/v2\/pages\/26239\/revisions"}],"predecessor-version":[{"id":26253,"href":"https:\/\/www.adrianwood.ch\/index.php?rest_route=\/wp\/v2\/pages\/26239\/revisions\/26253"}],"up":[{"embeddable":true,"href":"https:\/\/www.adrianwood.ch\/index.php?rest_route=\/wp\/v2\/pages\/26090"}],"wp:attachment":[{"href":"https:\/\/www.adrianwood.ch\/index.php?rest_route=%2Fwp%2Fv2%2Fmedia&parent=26239"}],"curies":[{"name":"wp","href":"https:\/\/api.w.org\/{rel}","templated":true}]}}