{"id":26257,"date":"2024-06-14T11:45:37","date_gmt":"2024-06-14T11:45:37","guid":{"rendered":"https:\/\/www.adrianwood.ch\/?page_id=26257"},"modified":"2024-06-15T08:50:17","modified_gmt":"2024-06-15T08:50:17","slug":"05-24-gialiskari","status":"publish","type":"page","link":"https:\/\/www.adrianwood.ch\/?page_id=26257","title":{"rendered":"05-24 Gialiskari"},"content":{"rendered":"<div class=\"pmdi_content_wrapper\">\n<p class=\"Normal-P\" style=\"margin-bottom: 6pt; direction: ltr; unicode-bidi: normal; text-autospace: none;\"><span class=\"Normal-H\"><span style=\"; font-weight: bold;\">Freitag 24.5.<\/span><span style=\"; font-weight: bold;\">2024<\/span><span style=\"; font-weight: bold;\">,<\/span><span style=\"; font-weight: bold;\"> nach Christos <\/span><span style=\"; font-weight: bold;\">Raches<\/span><span style=\"; font-weight: bold;\"> zum Kloster Monte und <\/span><span style=\"; font-weight: bold;\">Myrsonas<\/span><span style=\"; font-weight: bold;\">-Schlucht<\/span><\/span><\/p>\n<p class=\"Normal-P\" style=\"margin-bottom: 6pt; direction: ltr; unicode-bidi: normal; text-autospace: none;\">\n<table class=\"TableGrid-T\" style=\"border-collapse: collapse;\" cellspacing=\"0\">\n<tbody>\n<tr class=\"-R\">\n<td class=\"-C\" style=\"width: 481.1pt; border: none windowtext 0pt;\" colspan=\"2\">\n<p class=\"Normal-P\" style=\"margin-bottom: 6pt; direction: ltr; unicode-bidi: normal; text-autospace: none;\"><span class=\"Normal-H\">Punkt 9 Uhr fahren wir mit dem Bus wie am 8. Tag nach Christos Raches. Leider ist der kleine Laden der Schweizerin Ursula noch geschlossen.<\/span><\/p>\n<p class=\"Normal-P\" style=\"margin-bottom: 6pt; direction: ltr; unicode-bidi: normal; text-autospace: none;\"><span class=\"Normal-H\">Wir wandern \u00fcber alte Versorgungswege und kommen bald zu einergrossealten Wasserm\u00fchle die bis 1940 noch in Betrieb war. Die M\u00fchle wurde wieder soweit restauriert, dass man sich noch gut vorstellen kann, wie sie einst funktionierte.<\/span><\/p>\n<\/td>\n<\/tr>\n<tr class=\"-R\">\n<td class=\"-C\" style=\"width: 238.5pt; border: none windowtext 0pt;\">\n<p class=\"Normal-P\" style=\"margin-bottom: 6pt; direction: ltr; unicode-bidi: normal; text-autospace: none;\"><span class=\"Normal-H\"><img loading=\"lazy\" decoding=\"async\" class=\"\" src=\"https:\/\/www.adrianwood.ch\/wp-content\/uploads\/2024\/06\/1718365508_image1.jpg\" width=\"352\" height=\"320\" data-link=\"\"><\/span><\/p>\n<\/td>\n<td class=\"-C\" style=\"width: 242.6pt; border: none windowtext 0pt;\">\n<p class=\"Normal-P\" style=\"margin-bottom: 6pt; direction: ltr; unicode-bidi: normal; text-autospace: none;\"><span class=\"Normal-H\"><img loading=\"lazy\" decoding=\"async\" class=\"\" src=\"https:\/\/www.adrianwood.ch\/wp-content\/uploads\/2024\/06\/1718365508_image2.jpg\" width=\"352\" height=\"320\" data-link=\"\"><\/span><\/p>\n<\/td>\n<\/tr>\n<tr class=\"-R\">\n<td class=\"-C\" style=\"width: 481.1pt; border: none windowtext 0pt;\" colspan=\"2\">\n<p class=\"Normal-P\" style=\"margin-bottom: 6pt; direction: ltr; unicode-bidi: normal; text-autospace: none;\"><span class=\"Normal-H\">Etwas sp\u00e4ter erreichen wir die gut erhaltene Kirche Agia Triada, wo wir uns eine kleine Pause g\u00f6nnen. Die Kirche ist leider geschlossen, aber daf\u00fcr entsteht eine tiefgr\u00fcndige Diskussion \u00fcber Religion, Bibel und die Evangelisten.<\/span><\/p>\n<\/td>\n<\/tr>\n<tr class=\"-R\">\n<td class=\"-C\" style=\"width: 238.5pt; border: none windowtext 0pt;\">\n<p class=\"Normal-P\" style=\"margin-bottom: 6pt; direction: ltr; unicode-bidi: normal; text-autospace: none;\"><span class=\"Normal-H\"><img loading=\"lazy\" decoding=\"async\" class=\"\" src=\"https:\/\/www.adrianwood.ch\/wp-content\/uploads\/2024\/06\/1718365508_image3.jpg\" width=\"353\" height=\"445\" data-link=\"\"><\/span><\/p>\n<\/td>\n<td class=\"-C\" style=\"width: 242.6pt; border: none windowtext 0pt;\">\n<p class=\"Normal-P\" style=\"margin-bottom: 6pt; direction: ltr; unicode-bidi: normal; text-autospace: none;\"><span class=\"Normal-H\"><img loading=\"lazy\" decoding=\"async\" class=\"\" src=\"https:\/\/www.adrianwood.ch\/wp-content\/uploads\/2024\/06\/1718365508_image4.jpg\" width=\"352\" height=\"441\" data-link=\"\"><\/span><\/p>\n<\/td>\n<\/tr>\n<tr class=\"-R\">\n<td class=\"-C\" style=\"width: 481.1pt; border: none windowtext 0pt;\" colspan=\"2\">\n<p class=\"Normal-P\" style=\"margin-bottom: 6pt; direction: ltr; unicode-bidi: normal; text-autospace: none;\"><span class=\"Normal-H\">Wir wandern weiter, einmal auf einem etwas breiteren, mit bl\u00fchender Vegetation ges\u00e4umten Wanderweg. Auf der linken Seite entdecken wir zuoberst auf dem Gipfel eines hohen H\u00fcgels ein ungew\u00f6hnliches Haus. Es ist die Feuerwache der Insel Ikaria. Von dort ist der \u00dcberblick \u00fcber die Insel sehr gut und der wachhaltende Feuerwehrmann kann sofort alarmieren, sollte irgendwo ein Feuer ausbrechen.<\/span><\/p>\n<\/td>\n<\/tr>\n<tr class=\"-R\">\n<td class=\"-C\" style=\"width: 238.5pt; border: none windowtext 0pt;\">\n<p class=\"Normal-P\" style=\"margin-bottom: 6pt; direction: ltr; unicode-bidi: normal; text-autospace: none;\"><span class=\"Normal-H\"><img loading=\"lazy\" decoding=\"async\" class=\"\" src=\"https:\/\/www.adrianwood.ch\/wp-content\/uploads\/2024\/06\/1718365508_image5.jpg\" width=\"353\" height=\"235\" data-link=\"\"><\/span><\/p>\n<\/td>\n<td class=\"-C\" style=\"width: 242.6pt; border: none windowtext 0pt;\">\n<p class=\"Normal-P\" style=\"margin-bottom: 6pt; direction: ltr; unicode-bidi: normal; text-autospace: none;\"><span class=\"Normal-H\"><img loading=\"lazy\" decoding=\"async\" class=\"\" src=\"https:\/\/www.adrianwood.ch\/wp-content\/uploads\/2024\/06\/1718365508_image6.jpeg\" width=\"353\" height=\"235\" data-link=\"\"><\/span><\/p>\n<\/td>\n<\/tr>\n<tr class=\"-R\">\n<td class=\"-C\" style=\"width: 481.1pt; border: none windowtext 0pt;\" colspan=\"2\">\n<p class=\"Normal-P\" style=\"margin-bottom: 6pt; direction: ltr; unicode-bidi: normal; text-autospace: none;\"><span class=\"Normal-H\">Um 11 Uhr 40 erreichen wir unser Tages Ziel, das Kloster Mounte Evangelismo.Das Kloster (Die Verk\u00fcndigung) liegt in der N\u00e4he des Dorfes Kastanies in der N\u00e4he von Raches. Eine wundersch\u00f6ne gr\u00fcne Umgebung umgibt das Kloster.<\/span><\/p>\n<p class=\"Normal-P\" style=\"margin-bottom: 6pt; direction: ltr; unicode-bidi: normal; text-autospace: none;\"><span class=\"Normal-H\">Es wurde um 1460 n.Chr. gebaut. Im Innern der Kirche befinden sich verschiedene Wandmalereien und alte Ikonen. W\u00e4hrend dem griechischen B\u00fcrgerkrieg von 1947 bis 1949 diente das Kloster als Krankenhaus. Es gibt auch noch Gr\u00e4ber aus dieser Zeit. Lange lebte hier noch ein M\u00f6nch, der sich um das Kloster, die Kirche und das Gel\u00e4nde k\u00fcmmerte. <a href=\"rId10\" target=\"\" rel=\"noopener\">http:\/\/www.island-ikaria.com\/sites\/Mounte-Monastery<\/a><\/span><\/p>\n<p class=\"Normal-P\" style=\"margin-bottom: 6pt; direction: ltr; unicode-bidi: normal; text-autospace: none;\"><span class=\"Normal-H\">Wir sitzen alle im Hof des Klosters und nehmen unsere Zwischenverpflegung ein. <\/span><\/p>\n<\/td>\n<\/tr>\n<tr class=\"-R\">\n<td class=\"-C\" style=\"width: 238.5pt; border: none windowtext 0pt;\">\n<p class=\"Normal-P\" style=\"margin-bottom: 6pt; direction: ltr; unicode-bidi: normal; text-autospace: none;\"><span class=\"Normal-H\"><img loading=\"lazy\" decoding=\"async\" class=\"\" src=\"https:\/\/www.adrianwood.ch\/wp-content\/uploads\/2024\/06\/1718365508_image7.jpeg\" width=\"353\" height=\"235\" data-link=\"\"><\/span><\/p>\n<\/td>\n<td class=\"-C\" style=\"width: 242.6pt; border: none windowtext 0pt;\">\n<p class=\"Normal-P\" style=\"margin-bottom: 6pt; direction: ltr; unicode-bidi: normal; text-autospace: none;\"><span class=\"Normal-H\"><img loading=\"lazy\" decoding=\"async\" class=\"\" src=\"https:\/\/www.adrianwood.ch\/wp-content\/uploads\/2024\/06\/1718365508_image8.jpeg\" width=\"353\" height=\"235\" data-link=\"\"><\/span><\/p>\n<\/td>\n<\/tr>\n<tr class=\"-R\">\n<td class=\"-C\" style=\"width: 481.1pt; border: none windowtext 0pt;\" colspan=\"2\">\n<p class=\"Normal-P\" style=\"margin-bottom: 6pt; direction: ltr; unicode-bidi: normal; text-autospace: none;\"><span class=\"Normal-H\">Danach geht es bergab \u00fcber Stock und Stein entlang der Myrsonas Schlucht zum Dorf Polykarpos. In einem h\u00fcbschen Restaurant werden wir mit einem Glas frisch gepressten Orangensaft verw\u00f6hnt. <\/span><\/p>\n<\/td>\n<\/tr>\n<tr class=\"-R\">\n<td class=\"-C\" style=\"width: 238.5pt; border: none windowtext 0pt;\">\n<p class=\"Normal-P\" style=\"margin-bottom: 6pt; direction: ltr; unicode-bidi: normal; text-autospace: none;\"><span class=\"Normal-H\"><img loading=\"lazy\" decoding=\"async\" class=\"\" src=\"https:\/\/www.adrianwood.ch\/wp-content\/uploads\/2024\/06\/1718365508_image9.jpeg\" width=\"353\" height=\"235\" data-link=\"\"><\/span><\/p>\n<\/td>\n<td class=\"-C\" style=\"width: 242.6pt; border: none windowtext 0pt;\">\n<p class=\"Normal-P\" style=\"margin-bottom: 6pt; direction: ltr; unicode-bidi: normal; text-autospace: none;\"><span class=\"Normal-H\"><img loading=\"lazy\" decoding=\"async\" class=\"\" src=\"https:\/\/www.adrianwood.ch\/wp-content\/uploads\/2024\/06\/1718365508_image10.jpeg\" width=\"353\" height=\"235\" data-link=\"\"><\/span><\/p>\n<\/td>\n<\/tr>\n<tr class=\"-R\">\n<td class=\"-C\" style=\"width: 481.1pt; border: none windowtext 0pt;\" colspan=\"2\">\n<p class=\"Normal-P\" style=\"margin-bottom: 6pt; direction: ltr; unicode-bidi: normal; text-autospace: none;\"><span class=\"Normal-H\">Mit dem Bus fahren wir zur\u00fcck nach Gialiskari in eine Taverne, wo uns frischer Fisch und andere griechische K\u00f6stlichkeiten serviert werden.<\/span><\/p>\n<p class=\"Normal-P\" style=\"margin-bottom: 6pt; direction: ltr; unicode-bidi: normal; text-autospace: none;\"><span class=\"Normal-H\">Barbara und Herbert<\/span><\/p>\n<\/td>\n<\/tr>\n<p><!-- [if !supportMisalignedColumns]--><\/tbody>\n<\/table>\n<\/div>\n","protected":false},"excerpt":{"rendered":"<p>Freitag 24.5.2024, nach Christos Raches zum Kloster Monte und Myrsonas-Schlucht Punkt 9 Uhr fahren wir mit dem Bus wie am 8. Tag nach Christos Raches. Leider ist der kleine Laden der Schweizerin Ursula noch geschlossen. Wir wandern \u00fcber alte Versorgungswege und kommen bald zu einergrossealten Wasserm\u00fchle die bis 1940 noch in Betrieb war. Die M\u00fchle &hellip; <a href=\"https:\/\/www.adrianwood.ch\/?page_id=26257\" class=\"more-link\">Continue reading <span class=\"screen-reader-text\">05-24 Gialiskari<\/span> <span class=\"meta-nav\">&rarr;<\/span><\/a><\/p>\n","protected":false},"author":1,"featured_media":0,"parent":26090,"menu_order":2672,"comment_status":"closed","ping_status":"closed","template":"","meta":{"ngg_post_thumbnail":0,"footnotes":""},"class_list":["post-26257","page","type-page","status-publish","hentry"],"_links":{"self":[{"href":"https:\/\/www.adrianwood.ch\/index.php?rest_route=\/wp\/v2\/pages\/26257","targetHints":{"allow":["GET"]}}],"collection":[{"href":"https:\/\/www.adrianwood.ch\/index.php?rest_route=\/wp\/v2\/pages"}],"about":[{"href":"https:\/\/www.adrianwood.ch\/index.php?rest_route=\/wp\/v2\/types\/page"}],"author":[{"embeddable":true,"href":"https:\/\/www.adrianwood.ch\/index.php?rest_route=\/wp\/v2\/users\/1"}],"replies":[{"embeddable":true,"href":"https:\/\/www.adrianwood.ch\/index.php?rest_route=%2Fwp%2Fv2%2Fcomments&post=26257"}],"version-history":[{"count":3,"href":"https:\/\/www.adrianwood.ch\/index.php?rest_route=\/wp\/v2\/pages\/26257\/revisions"}],"predecessor-version":[{"id":26269,"href":"https:\/\/www.adrianwood.ch\/index.php?rest_route=\/wp\/v2\/pages\/26257\/revisions\/26269"}],"up":[{"embeddable":true,"href":"https:\/\/www.adrianwood.ch\/index.php?rest_route=\/wp\/v2\/pages\/26090"}],"wp:attachment":[{"href":"https:\/\/www.adrianwood.ch\/index.php?rest_route=%2Fwp%2Fv2%2Fmedia&parent=26257"}],"curies":[{"name":"wp","href":"https:\/\/api.w.org\/{rel}","templated":true}]}}