{"id":26298,"date":"2024-06-14T13:27:00","date_gmt":"2024-06-14T13:27:00","guid":{"rendered":"https:\/\/www.adrianwood.ch\/?page_id=26298"},"modified":"2024-06-15T08:04:28","modified_gmt":"2024-06-15T08:04:28","slug":"05-16-pythagorion","status":"publish","type":"page","link":"https:\/\/www.adrianwood.ch\/?page_id=26298","title":{"rendered":"05-16 Pythagorion"},"content":{"rendered":"<div class=\"pmdi_content_wrapper\">\n<p class=\"PlainText-P\" style=\"margin-bottom: 6pt; direction: ltr; unicode-bidi: normal;\"><span class=\"PlainText-H\"><span style=\"font-family: Arial; font-weight: bold;\">16.Mai, <\/span><strong>Ausflug nach Pythagorion mit dem Evpalinos-Tunnel <\/strong><\/span><\/p>\n<table class=\"TableGrid-T\" style=\"border-collapse: collapse;\" cellspacing=\"0\">\n<tbody>\n<tr class=\"-R\">\n<td class=\"-C\" style=\"width: 481.4pt; border: none windowtext 0pt;\" colspan=\"2\">\n<p class=\"PlainText-P\" style=\"margin-bottom: 6pt; direction: ltr; unicode-bidi: normal;\"><span class=\"PlainText-H\"><span style=\"font-family: Arial;\">W\u00e4r <\/span><span style=\"font-family: Arial;\">hetts<\/span><span style=\"font-family: Arial;\"> erfunden <\/span><span style=\"font-family: Arial;\">a<\/span><span style=\"font-family: Arial; vertical-align: super;\">2<\/span><span style=\"font-family: Arial;\">+ b<\/span><span style=\"font-family: Arial; vertical-align: super;\">2<\/span><span style=\"font-family: Arial;\"> = c<\/span><span style=\"font-family: Arial; vertical-align: super;\">2<\/span><span style=\"font-family: Arial;\"> ? <\/span><span style=\"font-family: Arial;\">Pythagoras !!!<\/span><\/span><\/p>\n<p class=\"PlainText-P\" style=\"margin-bottom: 6pt; direction: ltr; unicode-bidi: normal;\"><span class=\"PlainText-H\"><span style=\"font-family: Arial;\">Er war <\/span><span style=\"font-family: Arial;\">Samiote<\/span><span style=\"font-family: Arial;\"> und stand in Opposition zum Tyrannen Polykrates im 538 v. Chr.<\/span><\/span><\/p>\n<\/td>\n<\/tr>\n<tr class=\"-R\">\n<td class=\"-C\" style=\"width: 241.45pt; border: none windowtext 0pt;\">\n<p class=\"PlainText-P\" style=\"margin-bottom: 6pt; direction: ltr; unicode-bidi: normal;\"><span class=\"PlainText-H\"><span style=\"font-family: Arial;\"><img loading=\"lazy\" decoding=\"async\" class=\"\" src=\"https:\/\/www.adrianwood.ch\/wp-content\/uploads\/2024\/06\/1718371608_image1.jpeg\" width=\"352\" height=\"234\" data-link=\"\"><\/span><\/span><\/p>\n<\/td>\n<td class=\"-C\" style=\"width: 239.95pt; border: none windowtext 0pt;\">\n<p class=\"PlainText-P\" style=\"margin-bottom: 6pt; direction: ltr; unicode-bidi: normal;\"><span class=\"PlainText-H\"><span style=\"font-family: Arial;\"><img loading=\"lazy\" decoding=\"async\" class=\"\" src=\"https:\/\/www.adrianwood.ch\/wp-content\/uploads\/2024\/06\/1718371608_image2.jpeg\" width=\"351\" height=\"233\" data-link=\"\"><\/span><\/span><\/p>\n<\/td>\n<\/tr>\n<tr class=\"-R\">\n<td class=\"-C\" style=\"width: 481.4pt; border: none windowtext 0pt;\" colspan=\"2\">\n<p class=\"PlainText-P\" style=\"margin-bottom: 6pt; direction: ltr; unicode-bidi: normal;\"><span class=\"PlainText-H\"><span style=\"font-family: Arial;\">Heute starten wir um 10h zur einer Busfahrt nach <\/span><span style=\"font-family: Arial;\">Pythagorion<\/span><span style=\"font-family: Arial;\">. Beim alten, bauf\u00e4lligen <\/span><span style=\"font-family: Arial;\">Openair<\/span><span style=\"font-family: Arial;\"> Theater haben wir das Vergn\u00fcgen, Christina auf den historischen Theaterbrettern, die Geschichte vom Fischer und den Smaragdring des Polykrates zu lauschen.<\/span><\/span><\/p>\n<\/td>\n<\/tr>\n<tr class=\"-R\">\n<td class=\"-C\" style=\"width: 241.45pt; border: none windowtext 0pt;\">\n<p class=\"PlainText-P\" style=\"margin-bottom: 6pt; direction: ltr; unicode-bidi: normal;\"><span class=\"PlainText-H\"><span style=\"font-family: Arial;\"><img loading=\"lazy\" decoding=\"async\" class=\"\" src=\"https:\/\/www.adrianwood.ch\/wp-content\/uploads\/2024\/06\/1718371608_image3.jpeg\" width=\"352\" height=\"236\" data-link=\"\"><\/span><\/span><\/p>\n<\/td>\n<td class=\"-C\" style=\"width: 239.95pt; border: none windowtext 0pt;\">\n<p class=\"PlainText-P\" style=\"margin-bottom: 6pt; direction: ltr; unicode-bidi: normal;\"><span class=\"PlainText-H\"><span style=\"font-family: Arial;\"><img loading=\"lazy\" decoding=\"async\" class=\"\" src=\"https:\/\/www.adrianwood.ch\/wp-content\/uploads\/2024\/06\/1718371608_image4.jpeg\" width=\"352\" height=\"235\" data-link=\"\"><\/span><\/span><\/p>\n<\/td>\n<\/tr>\n<tr class=\"-R\">\n<td class=\"-C\" style=\"width: 481.4pt; border: none windowtext 0pt;\" colspan=\"2\">\n<p class=\"PlainText-P\" style=\"margin-bottom: 6pt; direction: ltr; unicode-bidi: normal;\"><span class=\"PlainText-H\"><span style=\"font-family: Arial;\">Von dort oben haben wir eine gute Sicht auf den Flughafen, wo gleich nebenan die Heilige Strasse sich befindet. Zu jener Zeit wurden Prozessionen durchgef\u00fchrt um der G\u00f6ttin Hera zu huldigen, die dort geboren wurde. Die Schutzpatronin der verheirateten Frauen und ehelichen Gewerkschaften.<\/span><\/span><\/p>\n<\/td>\n<\/tr>\n<tr class=\"-R\">\n<td class=\"-C\" style=\"width: 241.45pt; border: none windowtext 0pt;\">\n<p class=\"PlainText-P\" style=\"margin-bottom: 6pt; direction: ltr; unicode-bidi: normal;\"><span class=\"PlainText-H\"><span style=\"font-family: Arial;\"><img loading=\"lazy\" decoding=\"async\" class=\"\" src=\"https:\/\/www.adrianwood.ch\/wp-content\/uploads\/2024\/06\/1718371608_image5.jpeg\" width=\"352\" height=\"236\" data-link=\"\"><\/span><\/span><\/p>\n<\/td>\n<td class=\"-C\" style=\"width: 239.95pt; border: none windowtext 0pt;\">\n<p class=\"PlainText-P\" style=\"margin-bottom: 6pt; direction: ltr; unicode-bidi: normal;\"><span class=\"PlainText-H\"><span style=\"font-family: Arial;\"><img loading=\"lazy\" decoding=\"async\" class=\"\" src=\"https:\/\/www.adrianwood.ch\/wp-content\/uploads\/2024\/06\/1718371608_image6.jpeg\" width=\"352\" height=\"235\" data-link=\"\"><\/span><\/span><\/p>\n<\/td>\n<\/tr>\n<tr class=\"-R\">\n<td class=\"-C\" style=\"width: 481.4pt; border: none windowtext 0pt;\" colspan=\"2\">\n<p class=\"PlainText-P\" style=\"margin-bottom: 6pt; direction: ltr; unicode-bidi: normal;\"><span class=\"PlainText-H\"><span style=\"font-family: Arial;\">Weiter ging\u2019s zur H\u00f6hlenkirche des Kloster <\/span><span style=\"font-family: Arial;\">Spiliani<\/span><span style=\"font-family: Arial;\">. Das von der Decke tropfende H\u00f6hlenwasser versprach wundersame Heilung. In einem Tauchbecken wurden die kranken Kinder getaucht und ihre Kleidung hinter der Kirche weggeschmissen.<\/span><span style=\"font-family: Arial;\">Auf dem Platz vor dem Kloster verehrte man verschiedenen Nymphen.<\/span><\/span><\/p>\n<p class=\"PlainText-P\" style=\"margin-bottom: 6pt; direction: ltr; unicode-bidi: normal;\"><span class=\"PlainText-H\"><span style=\"font-family: Arial;\">Zu jener Zeit wurden spezielle, sehr schnelle und sehr wendige Schiffe gebaut. Bibliotheken und Architekturen entstanden. Eine bl\u00fchende Zeit.<\/span><\/span><\/p>\n<\/td>\n<\/tr>\n<tr class=\"-R\">\n<td class=\"-C\" style=\"width: 241.45pt; border: none windowtext 0pt;\">\n<p class=\"PlainText-P\" style=\"margin-bottom: 6pt; direction: ltr; unicode-bidi: normal;\"><span class=\"PlainText-H\"><span style=\"font-family: Arial;\"><img loading=\"lazy\" decoding=\"async\" class=\"\" src=\"https:\/\/www.adrianwood.ch\/wp-content\/uploads\/2024\/06\/1718371608_image7.jpeg\" width=\"352\" height=\"234\" data-link=\"\"><\/span><\/span><\/p>\n<\/td>\n<td class=\"-C\" style=\"width: 239.95pt; border: none windowtext 0pt;\">\n<p class=\"PlainText-P\" style=\"margin-bottom: 6pt; direction: ltr; unicode-bidi: normal;\"><span class=\"PlainText-H\"><span style=\"font-family: Arial;\"><img loading=\"lazy\" decoding=\"async\" class=\"\" src=\"https:\/\/www.adrianwood.ch\/wp-content\/uploads\/2024\/06\/1718371608_image8.jpeg\" width=\"352\" height=\"235\" data-link=\"\"><\/span><\/span><\/p>\n<\/td>\n<\/tr>\n<tr class=\"-R\">\n<td class=\"-C\" style=\"width: 481.4pt; border: none windowtext 0pt;\" colspan=\"2\">\n<p class=\"PlainText-P\" style=\"margin-bottom: 6pt; direction: ltr; unicode-bidi: normal;\"><span class=\"PlainText-H\"><span style=\"font-family: Arial;\">F\u00fcr den <\/span><span style=\"font-family: Arial;\">Evapalinos<\/span><span style=\"font-family: Arial;\">-Tunnel mussten wir uns mit Haarnetz und Helm best\u00fccken. Was sich als sehr weise entpuppte. War es doch eng und sehr niedrig und mancher sich den Kopf anschlug. Mit nur Hammer und Meis<\/span><span style=\"font-family: Arial;\">el wurde der Tunnel bearbeitet. Ein besonders kluges Wasserleitungssystem von 1036 m lang und grossem Gef\u00e4lle entstand. Als es fertig war, versiegte die Quelle. Es dauerte 10 Jahre um ein neues herzustellen.<\/span><\/span><\/p>\n<\/td>\n<\/tr>\n<tr class=\"-R\">\n<td class=\"-C\" style=\"width: 241.45pt; border: none windowtext 0pt;\">\n<p class=\"PlainText-P\" style=\"margin-bottom: 6pt; direction: ltr; unicode-bidi: normal;\"><span class=\"PlainText-H\"><span style=\"font-family: Arial;\"><img loading=\"lazy\" decoding=\"async\" class=\"\" src=\"https:\/\/www.adrianwood.ch\/wp-content\/uploads\/2024\/06\/1718371608_image9.jpg\" width=\"352\" height=\"236\" data-link=\"\"><\/span><\/span><\/p>\n<\/td>\n<td class=\"-C\" style=\"width: 239.95pt; border: none windowtext 0pt;\">\n<p class=\"PlainText-P\" style=\"margin-bottom: 6pt; direction: ltr; unicode-bidi: normal;\"><span class=\"PlainText-H\"><span style=\"font-family: Arial;\"><img loading=\"lazy\" decoding=\"async\" class=\"\" src=\"https:\/\/www.adrianwood.ch\/wp-content\/uploads\/2024\/06\/1718371608_image10.jpeg\" width=\"352\" height=\"235\" data-link=\"\"><\/span><\/span><\/p>\n<\/td>\n<\/tr>\n<tr class=\"-R\">\n<td class=\"-C\" style=\"width: 481.4pt; border: none windowtext 0pt;\" colspan=\"2\">\n<p class=\"PlainText-P\" style=\"margin-bottom: 6pt; direction: ltr; unicode-bidi: normal;\"><span class=\"PlainText-H\"><span style=\"font-family: Arial;\">Auf dem Weg zum Beach haben wir das Gl\u00fcck auf alten Gem\u00e4uern ein <\/span><span style=\"font-family: Arial;\">Hardun<\/span><span style=\"font-family: Arial;\"> (Echse) zu erblicken, welcher zur Familie der <\/span><span style=\"font-family: Arial;\">Ag<\/span><span style=\"font-family: Arial;\">a<\/span><span style=\"font-family: Arial;\">me<\/span><span style=\"font-family: Arial;\"> geh\u00f6rt. <\/span><span style=\"font-family: Arial;\">Nun sind wir am Meer, Thomas, Peter Albert und Inge k\u00f6nnen sich nicht mehr halten und st\u00fcrzen sich in das erfrischende, k\u00fchle Nass. Adrian sucht sich wieder sein Pl\u00e4tzchen und geniesst ganz f\u00fcr sich seinen <\/span><span style=\"font-family: Arial;\">Schwumm<\/span><span style=\"font-family: Arial;\">.<\/span><\/span><\/p>\n<\/td>\n<\/tr>\n<tr class=\"-R\">\n<td class=\"-C\" style=\"width: 241.45pt; border: none windowtext 0pt;\">\n<p class=\"PlainText-P\" style=\"margin-bottom: 6pt; direction: ltr; unicode-bidi: normal;\"><span class=\"PlainText-H\"><span style=\"font-family: Arial;\"><img loading=\"lazy\" decoding=\"async\" class=\"\" src=\"https:\/\/www.adrianwood.ch\/wp-content\/uploads\/2024\/06\/1718371608_image11.jpeg\" width=\"352\" height=\"236\" data-link=\"\"><\/span><\/span><\/p>\n<\/td>\n<td class=\"-C\" style=\"width: 239.95pt; border: none windowtext 0pt;\">\n<p class=\"PlainText-P\" style=\"margin-bottom: 6pt; direction: ltr; unicode-bidi: normal;\"><span class=\"PlainText-H\"><span style=\"font-family: Arial;\"><img loading=\"lazy\" decoding=\"async\" class=\"\" src=\"https:\/\/www.adrianwood.ch\/wp-content\/uploads\/2024\/06\/1718371608_image12.jpeg\" width=\"352\" height=\"235\" data-link=\"\"><\/span><\/span><\/p>\n<\/td>\n<\/tr>\n<tr class=\"-R\">\n<td class=\"-C\" style=\"width: 481.4pt; border: none windowtext 0pt;\" colspan=\"2\">\n<p class=\"PlainText-P\" style=\"margin-bottom: 6pt; direction: ltr; unicode-bidi: normal;\"><span class=\"PlainText-H\"><span style=\"font-family: Arial;\">Jetzt noch zum <\/span><span style=\"font-family: Arial;\">Castell<\/span><span style=\"font-family: Arial;\">Lycourgos<\/span><span style=\"font-family: Arial;\">, zur reich geschm\u00fcckten Kirche wo vor 2 Wochen das Osterfest stattfand. Das wichtigste, kirchliche Ereignis im Jahr. Im 19 Jahrhundert war hier das Center der Widerstandsk\u00e4mpfer.<\/span><\/span><\/p>\n<p class=\"PlainText-P\" style=\"margin-bottom: 6pt; direction: ltr; unicode-bidi: normal;\"><span class=\"PlainText-H\"><span style=\"font-family: Arial;\">Wir haben schon sehr Hunger, m\u00fcssen aber noch die Statue des <\/span><span style=\"font-family: Arial;\">Pythogaros<\/span><span style=\"font-family: Arial;\">, im sehr modernen Stil besichtigen. Wirklich sehr gelungen. <\/span><span style=\"font-family: Arial;\">So, jetzt h\u00e4lt uns nichts mehr und wir st\u00fcrmen das Restaurant! Geniessen ein wunderbares Essen mit erlesenem Wein! <\/span><span style=\"font-family: Arial;\">Ein sehr reicher, informativerer Tag! <\/span><span style=\"font-family: Arial;\">Vielen Dank Christina, vielen Dank Adrian, es war ein wunderbarer Tag!<\/span><\/span><\/p>\n<p class=\"PlainText-P\" style=\"margin-bottom: 6pt; direction: ltr; unicode-bidi: normal;\"><span class=\"PlainText-H\"><span style=\"font-family: Arial;\">Fran\u00e7oise<\/span><\/span><\/p>\n<\/td>\n<\/tr>\n<p><!-- [if !supportMisalignedColumns]--><\/tbody>\n<\/table>\n<\/div>\n","protected":false},"excerpt":{"rendered":"<p>16.Mai, Ausflug nach Pythagorion mit dem Evpalinos-Tunnel W\u00e4r hetts erfunden a2+ b2 = c2 ? Pythagoras !!! Er war Samiote und stand in Opposition zum Tyrannen Polykrates im 538 v. Chr. Heute starten wir um 10h zur einer Busfahrt nach Pythagorion. Beim alten, bauf\u00e4lligen Openair Theater haben wir das Vergn\u00fcgen, Christina auf den historischen Theaterbrettern, &hellip; <a href=\"https:\/\/www.adrianwood.ch\/?page_id=26298\" class=\"more-link\">Continue reading <span class=\"screen-reader-text\">05-16 Pythagorion<\/span> <span class=\"meta-nav\">&rarr;<\/span><\/a><\/p>\n","protected":false},"author":1,"featured_media":0,"parent":26090,"menu_order":2664,"comment_status":"closed","ping_status":"closed","template":"","meta":{"ngg_post_thumbnail":0,"footnotes":""},"class_list":["post-26298","page","type-page","status-publish","hentry"],"_links":{"self":[{"href":"https:\/\/www.adrianwood.ch\/index.php?rest_route=\/wp\/v2\/pages\/26298","targetHints":{"allow":["GET"]}}],"collection":[{"href":"https:\/\/www.adrianwood.ch\/index.php?rest_route=\/wp\/v2\/pages"}],"about":[{"href":"https:\/\/www.adrianwood.ch\/index.php?rest_route=\/wp\/v2\/types\/page"}],"author":[{"embeddable":true,"href":"https:\/\/www.adrianwood.ch\/index.php?rest_route=\/wp\/v2\/users\/1"}],"replies":[{"embeddable":true,"href":"https:\/\/www.adrianwood.ch\/index.php?rest_route=%2Fwp%2Fv2%2Fcomments&post=26298"}],"version-history":[{"count":7,"href":"https:\/\/www.adrianwood.ch\/index.php?rest_route=\/wp\/v2\/pages\/26298\/revisions"}],"predecessor-version":[{"id":26326,"href":"https:\/\/www.adrianwood.ch\/index.php?rest_route=\/wp\/v2\/pages\/26298\/revisions\/26326"}],"up":[{"embeddable":true,"href":"https:\/\/www.adrianwood.ch\/index.php?rest_route=\/wp\/v2\/pages\/26090"}],"wp:attachment":[{"href":"https:\/\/www.adrianwood.ch\/index.php?rest_route=%2Fwp%2Fv2%2Fmedia&parent=26298"}],"curies":[{"name":"wp","href":"https:\/\/api.w.org\/{rel}","templated":true}]}}