{"id":26408,"date":"2024-09-23T15:40:08","date_gmt":"2024-09-23T15:40:08","guid":{"rendered":"https:\/\/www.adrianwood.ch\/?page_id=26408"},"modified":"2024-09-26T09:18:37","modified_gmt":"2024-09-26T09:18:37","slug":"2024-08-albania","status":"publish","type":"page","link":"https:\/\/www.adrianwood.ch\/?page_id=26408","title":{"rendered":"2024-08 Albania"},"content":{"rendered":"<figure id=\"attachment_26409\" aria-describedby=\"caption-attachment-26409\" style=\"width: 1620px\" class=\"wp-caption alignleft\"><a href=\"https:\/\/www.adrianwood.ch\/wp-content\/uploads\/2024\/09\/ALB_0387.jpg\"><img loading=\"lazy\" decoding=\"async\" class=\"size-full wp-image-26409\" src=\"https:\/\/www.adrianwood.ch\/wp-content\/uploads\/2024\/09\/ALB_0387.jpg\" alt=\"Albanische Flagge weht \u00fcber eine Schlucht\" width=\"1620\" height=\"1080\" srcset=\"https:\/\/www.adrianwood.ch\/wp-content\/uploads\/2024\/09\/ALB_0387.jpg 1620w, https:\/\/www.adrianwood.ch\/wp-content\/uploads\/2024\/09\/ALB_0387-300x200.jpg 300w, https:\/\/www.adrianwood.ch\/wp-content\/uploads\/2024\/09\/ALB_0387-1024x683.jpg 1024w, https:\/\/www.adrianwood.ch\/wp-content\/uploads\/2024\/09\/ALB_0387-768x512.jpg 768w, https:\/\/www.adrianwood.ch\/wp-content\/uploads\/2024\/09\/ALB_0387-1536x1024.jpg 1536w\" sizes=\"auto, (max-width: 1620px) 100vw, 1620px\" \/><\/a><figcaption id=\"caption-attachment-26409\" class=\"wp-caption-text\">Albanische Flagge weht \u00fcber eine Schlucht<\/figcaption><\/figure>\n<p><strong>Vom Shkodrasee bis zur albanischen Riviera<\/strong><\/p>\n<p><strong>Wanderreise in Albanien von Lupe Reisen, 26.August \u2013 09.September 2024<\/strong><\/p>\n<h3><a href=\"https:\/\/www.adrianwood.ch\/?page_id=26414\">Programm<\/a><\/h3>\n<h3><a href=\"https:\/\/www.adrianwood.ch\/?page_id=26806\">Inhalt<\/a><\/h3>\n<p>Das &#8220;letzte Geheimnis Europas&#8221;: \u00dcber 300 km K\u00fcstenlinie mit vielen Sand- und Kiesstr\u00e4nden und ein wildes gebirgiges Hinterland sorgen in Albanien f\u00fcr Vielfalt. Zu Fu\u00df l\u00e4sst sich das Land am besten erkunden. Einsame Gebirgslandschaften bezaubern mit besonderer Pflanzen- und Tierwelt. Und in den Bergd\u00f6rfern haben sich alte Traditionen bis heute erhalten. Auch kulturell zeigt Albanien viele Facetten: Die verschiedensten V\u00f6lker haben im Laufe der Jahrtausende ihre Spuren hinterlassen. Hier bl\u00fchten die Hochkulturen der Griechen, Illyrer und R\u00f6mer. Zahlreiche antike St\u00e4tten, orthodoxe Kirchen, mittelalterliche Burganlagen sowie kommunistische Bauten aus j\u00fcngerer Zeit zeugen von dieser bewegten Vergangenheit. Die Menschen sind sehr gastfreundlich und aufgeschlossen.<\/p>\n<p>Auf gef\u00fchrten Wanderungen entdecken wir ausgew\u00e4hlte Naturlandschaften Albaniens entlang der Adriak\u00fcste. Die Reise f\u00fchrt vom Shkodrasee, dem gr\u00f6\u00dften See auf dem Balkan im Norden an der Grenze zu Montenegro, bis zur albanischen Riviera im S\u00fcden und ins gebirgige Hinterland. Au\u00dferdem stehen mit Berat, Gjirokastra und Butrint gleich drei Weltkulturerbe-St\u00e4tten auf dem Programm. Nach den vielen Begegnungen, Eindr\u00fccken und Informationen werden Sie Land und Leute Albaniens mit neuen Augen sehen!<\/p>\n","protected":false},"excerpt":{"rendered":"<p>Vom Shkodrasee bis zur albanischen Riviera Wanderreise in Albanien von Lupe Reisen, 26.August \u2013 09.September 2024 Programm Inhalt Das &#8220;letzte Geheimnis Europas&#8221;: \u00dcber 300 km K\u00fcstenlinie mit vielen Sand- und Kiesstr\u00e4nden und ein wildes gebirgiges Hinterland sorgen in Albanien f\u00fcr Vielfalt. Zu Fu\u00df l\u00e4sst sich das Land am besten erkunden. Einsame Gebirgslandschaften bezaubern mit besonderer &hellip; <a href=\"https:\/\/www.adrianwood.ch\/?page_id=26408\" class=\"more-link\">Continue reading <span class=\"screen-reader-text\">2024-08 Albania<\/span> <span class=\"meta-nav\">&rarr;<\/span><\/a><\/p>\n","protected":false},"author":1,"featured_media":0,"parent":292,"menu_order":475,"comment_status":"closed","ping_status":"closed","template":"","meta":{"ngg_post_thumbnail":0,"footnotes":""},"class_list":["post-26408","page","type-page","status-publish","hentry"],"_links":{"self":[{"href":"https:\/\/www.adrianwood.ch\/index.php?rest_route=\/wp\/v2\/pages\/26408","targetHints":{"allow":["GET"]}}],"collection":[{"href":"https:\/\/www.adrianwood.ch\/index.php?rest_route=\/wp\/v2\/pages"}],"about":[{"href":"https:\/\/www.adrianwood.ch\/index.php?rest_route=\/wp\/v2\/types\/page"}],"author":[{"embeddable":true,"href":"https:\/\/www.adrianwood.ch\/index.php?rest_route=\/wp\/v2\/users\/1"}],"replies":[{"embeddable":true,"href":"https:\/\/www.adrianwood.ch\/index.php?rest_route=%2Fwp%2Fv2%2Fcomments&post=26408"}],"version-history":[{"count":6,"href":"https:\/\/www.adrianwood.ch\/index.php?rest_route=\/wp\/v2\/pages\/26408\/revisions"}],"predecessor-version":[{"id":26411,"href":"https:\/\/www.adrianwood.ch\/index.php?rest_route=\/wp\/v2\/pages\/26408\/revisions\/26411"}],"up":[{"embeddable":true,"href":"https:\/\/www.adrianwood.ch\/index.php?rest_route=\/wp\/v2\/pages\/292"}],"wp:attachment":[{"href":"https:\/\/www.adrianwood.ch\/index.php?rest_route=%2Fwp%2Fv2%2Fmedia&parent=26408"}],"curies":[{"name":"wp","href":"https:\/\/api.w.org\/{rel}","templated":true}]}}