{"id":26424,"date":"2024-09-23T16:43:45","date_gmt":"2024-09-23T16:43:45","guid":{"rendered":"https:\/\/www.adrianwood.ch\/?page_id=26424"},"modified":"2024-09-24T14:14:02","modified_gmt":"2024-09-24T14:14:02","slug":"08-27-lezhe","status":"publish","type":"page","link":"https:\/\/www.adrianwood.ch\/?page_id=26424","title":{"rendered":"08-27 Lezhe"},"content":{"rendered":"<figure id=\"attachment_26425\" aria-describedby=\"caption-attachment-26425\" style=\"width: 1620px\" class=\"wp-caption alignleft\"><a href=\"https:\/\/www.adrianwood.ch\/wp-content\/uploads\/2024\/09\/ALB_0054.jpg\"><img loading=\"lazy\" decoding=\"async\" class=\"size-full wp-image-26425\" src=\"https:\/\/www.adrianwood.ch\/wp-content\/uploads\/2024\/09\/ALB_0054.jpg\" alt=\"\" width=\"1620\" height=\"1080\" srcset=\"https:\/\/www.adrianwood.ch\/wp-content\/uploads\/2024\/09\/ALB_0054.jpg 1620w, https:\/\/www.adrianwood.ch\/wp-content\/uploads\/2024\/09\/ALB_0054-300x200.jpg 300w, https:\/\/www.adrianwood.ch\/wp-content\/uploads\/2024\/09\/ALB_0054-1024x683.jpg 1024w, https:\/\/www.adrianwood.ch\/wp-content\/uploads\/2024\/09\/ALB_0054-768x512.jpg 768w, https:\/\/www.adrianwood.ch\/wp-content\/uploads\/2024\/09\/ALB_0054-1536x1024.jpg 1536w\" sizes=\"auto, (max-width: 1620px) 100vw, 1620px\" \/><\/a><figcaption id=\"caption-attachment-26425\" class=\"wp-caption-text\">Et\u2019hem-bey-Moschee in Tirana<\/figcaption><\/figure>\n<p><strong>27.08.2024, Von Tirana durch das albanische Tiefland nach Shkodra<\/strong><\/p>\n<p>Die gef\u00fchrte Tour durch Tirana brachte mich zur\u00fcck zum Skanderbeg-Platz und zu anderen Orten der meist j\u00fcngeren Geschichte Albaniens: wie der Et\u2019hem-bey-Moschee, der Bunker 2, der Pyramid und der Maria Theresa Platz. Dann fuhren wir nach Norden und hielten an der K\u00fcste in der N\u00e4he von Lezhe, um einen dreist\u00fcndigen Strandspaziergang zur D\u00fcne \u201eRana e Hedhun\u201c zu machen und schnell im sehr warmen Meer zu baden. Schlie\u00dflich kamen wir in Shkodra im English Rose Garten Hotel an, wo wir im sch\u00f6nen Garten zu Abend speisten.<\/p>\nngg_shortcode_0_placeholder\n","protected":false},"excerpt":{"rendered":"<p>27.08.2024, Von Tirana durch das albanische Tiefland nach Shkodra Die gef\u00fchrte Tour durch Tirana brachte mich zur\u00fcck zum Skanderbeg-Platz und zu anderen Orten der meist j\u00fcngeren Geschichte Albaniens: wie der Et\u2019hem-bey-Moschee, der Bunker 2, der Pyramid und der Maria Theresa Platz. Dann fuhren wir nach Norden und hielten an der K\u00fcste in der N\u00e4he von &hellip; <a href=\"https:\/\/www.adrianwood.ch\/?page_id=26424\" class=\"more-link\">Continue reading <span class=\"screen-reader-text\">08-27 Lezhe<\/span> <span class=\"meta-nav\">&rarr;<\/span><\/a><\/p>\n","protected":false},"author":1,"featured_media":0,"parent":26408,"menu_order":4753,"comment_status":"closed","ping_status":"closed","template":"","meta":{"ngg_post_thumbnail":0,"footnotes":""},"class_list":["post-26424","page","type-page","status-publish","hentry"],"_links":{"self":[{"href":"https:\/\/www.adrianwood.ch\/index.php?rest_route=\/wp\/v2\/pages\/26424","targetHints":{"allow":["GET"]}}],"collection":[{"href":"https:\/\/www.adrianwood.ch\/index.php?rest_route=\/wp\/v2\/pages"}],"about":[{"href":"https:\/\/www.adrianwood.ch\/index.php?rest_route=\/wp\/v2\/types\/page"}],"author":[{"embeddable":true,"href":"https:\/\/www.adrianwood.ch\/index.php?rest_route=\/wp\/v2\/users\/1"}],"replies":[{"embeddable":true,"href":"https:\/\/www.adrianwood.ch\/index.php?rest_route=%2Fwp%2Fv2%2Fcomments&post=26424"}],"version-history":[{"count":4,"href":"https:\/\/www.adrianwood.ch\/index.php?rest_route=\/wp\/v2\/pages\/26424\/revisions"}],"predecessor-version":[{"id":26829,"href":"https:\/\/www.adrianwood.ch\/index.php?rest_route=\/wp\/v2\/pages\/26424\/revisions\/26829"}],"up":[{"embeddable":true,"href":"https:\/\/www.adrianwood.ch\/index.php?rest_route=\/wp\/v2\/pages\/26408"}],"wp:attachment":[{"href":"https:\/\/www.adrianwood.ch\/index.php?rest_route=%2Fwp%2Fv2%2Fmedia&parent=26424"}],"curies":[{"name":"wp","href":"https:\/\/api.w.org\/{rel}","templated":true}]}}