{"id":26431,"date":"2024-09-23T16:58:41","date_gmt":"2024-09-23T16:58:41","guid":{"rendered":"https:\/\/www.adrianwood.ch\/?page_id=26431"},"modified":"2024-09-24T14:17:16","modified_gmt":"2024-09-24T14:17:16","slug":"08-29-kruja","status":"publish","type":"page","link":"https:\/\/www.adrianwood.ch\/?page_id=26431","title":{"rendered":"08-29 Kruja"},"content":{"rendered":"<figure id=\"attachment_26432\" aria-describedby=\"caption-attachment-26432\" style=\"width: 1620px\" class=\"wp-caption alignleft\"><a href=\"https:\/\/www.adrianwood.ch\/wp-content\/uploads\/2024\/09\/ALB_0206.jpg\"><img loading=\"lazy\" decoding=\"async\" class=\"size-full wp-image-26432\" src=\"https:\/\/www.adrianwood.ch\/wp-content\/uploads\/2024\/09\/ALB_0206.jpg\" alt=\"\" width=\"1620\" height=\"1080\" srcset=\"https:\/\/www.adrianwood.ch\/wp-content\/uploads\/2024\/09\/ALB_0206.jpg 1620w, https:\/\/www.adrianwood.ch\/wp-content\/uploads\/2024\/09\/ALB_0206-300x200.jpg 300w, https:\/\/www.adrianwood.ch\/wp-content\/uploads\/2024\/09\/ALB_0206-1024x683.jpg 1024w, https:\/\/www.adrianwood.ch\/wp-content\/uploads\/2024\/09\/ALB_0206-768x512.jpg 768w, https:\/\/www.adrianwood.ch\/wp-content\/uploads\/2024\/09\/ALB_0206-1536x1024.jpg 1536w\" sizes=\"auto, (max-width: 1620px) 100vw, 1620px\" \/><\/a><figcaption id=\"caption-attachment-26432\" class=\"wp-caption-text\">Ein Teil von Festung Rozafa<\/figcaption><\/figure>\n<p><strong>29.08.2024,<\/strong> <strong>Von Festung Rozafa zu Festung Kruja<\/strong><\/p>\n<p>Wir besuchten zuerst das Schloss Rozafa, das in der N\u00e4he unserem Spaziergang vom Vortag lag. Er ist interessant und weitl\u00e4ufig und besteht gr\u00f6\u00dftenteils aus riesigen Steinmauern. Die Aussicht w\u00e4re besser gewesen, wenn es nicht so diesig gewesen w\u00e4re. Die Fahrt nach Kruja erschien mir wegen der teilweise schlechten Stra\u00dfen lang. Von Skanderbegs Festung ist nicht mehr viel \u00fcbrig und man besucht ein Museum, das haupts\u00e4chlich aus modernen Wandmalereien besteht. Die Lage gegen die Berge ist spektakul\u00e4r und w\u00e4re ohne einige der neuen Bl\u00f6cke noch besser. Auf der Weiterfahrt ans Meer nach Vlora halterten wir beim Kloster Ardenica wo dem Nationalhelden verheiratet hat. Schlie\u00dflich erreichten wir den gro\u00dfen Badeort Vlora. Das Abendessen war ausgezeichnet mit einer ganzen Dorade als Hauptgericht.<\/p>\nngg_shortcode_0_placeholder\n","protected":false},"excerpt":{"rendered":"<p>29.08.2024, Von Festung Rozafa zu Festung Kruja Wir besuchten zuerst das Schloss Rozafa, das in der N\u00e4he unserem Spaziergang vom Vortag lag. Er ist interessant und weitl\u00e4ufig und besteht gr\u00f6\u00dftenteils aus riesigen Steinmauern. Die Aussicht w\u00e4re besser gewesen, wenn es nicht so diesig gewesen w\u00e4re. Die Fahrt nach Kruja erschien mir wegen der teilweise schlechten &hellip; <a href=\"https:\/\/www.adrianwood.ch\/?page_id=26431\" class=\"more-link\">Continue reading <span class=\"screen-reader-text\">08-29 Kruja<\/span> <span class=\"meta-nav\">&rarr;<\/span><\/a><\/p>\n","protected":false},"author":1,"featured_media":0,"parent":26408,"menu_order":4755,"comment_status":"closed","ping_status":"closed","template":"","meta":{"ngg_post_thumbnail":0,"footnotes":""},"class_list":["post-26431","page","type-page","status-publish","hentry"],"_links":{"self":[{"href":"https:\/\/www.adrianwood.ch\/index.php?rest_route=\/wp\/v2\/pages\/26431","targetHints":{"allow":["GET"]}}],"collection":[{"href":"https:\/\/www.adrianwood.ch\/index.php?rest_route=\/wp\/v2\/pages"}],"about":[{"href":"https:\/\/www.adrianwood.ch\/index.php?rest_route=\/wp\/v2\/types\/page"}],"author":[{"embeddable":true,"href":"https:\/\/www.adrianwood.ch\/index.php?rest_route=\/wp\/v2\/users\/1"}],"replies":[{"embeddable":true,"href":"https:\/\/www.adrianwood.ch\/index.php?rest_route=%2Fwp%2Fv2%2Fcomments&post=26431"}],"version-history":[{"count":3,"href":"https:\/\/www.adrianwood.ch\/index.php?rest_route=\/wp\/v2\/pages\/26431\/revisions"}],"predecessor-version":[{"id":26550,"href":"https:\/\/www.adrianwood.ch\/index.php?rest_route=\/wp\/v2\/pages\/26431\/revisions\/26550"}],"up":[{"embeddable":true,"href":"https:\/\/www.adrianwood.ch\/index.php?rest_route=\/wp\/v2\/pages\/26408"}],"wp:attachment":[{"href":"https:\/\/www.adrianwood.ch\/index.php?rest_route=%2Fwp%2Fv2%2Fmedia&parent=26431"}],"curies":[{"name":"wp","href":"https:\/\/api.w.org\/{rel}","templated":true}]}}