{"id":26435,"date":"2024-09-23T17:02:36","date_gmt":"2024-09-23T17:02:36","guid":{"rendered":"https:\/\/www.adrianwood.ch\/?page_id=26435"},"modified":"2024-09-24T14:19:34","modified_gmt":"2024-09-24T14:19:34","slug":"08-30-valora","status":"publish","type":"page","link":"https:\/\/www.adrianwood.ch\/?page_id=26435","title":{"rendered":"08-30 Valora"},"content":{"rendered":"<figure id=\"attachment_26436\" aria-describedby=\"caption-attachment-26436\" style=\"width: 1620px\" class=\"wp-caption alignleft\"><a href=\"https:\/\/www.adrianwood.ch\/wp-content\/uploads\/2024\/09\/ALB_0277.jpg\"><img loading=\"lazy\" decoding=\"async\" class=\"size-full wp-image-26436\" src=\"https:\/\/www.adrianwood.ch\/wp-content\/uploads\/2024\/09\/ALB_0277.jpg\" alt=\"\" width=\"1620\" height=\"1080\" srcset=\"https:\/\/www.adrianwood.ch\/wp-content\/uploads\/2024\/09\/ALB_0277.jpg 1620w, https:\/\/www.adrianwood.ch\/wp-content\/uploads\/2024\/09\/ALB_0277-300x200.jpg 300w, https:\/\/www.adrianwood.ch\/wp-content\/uploads\/2024\/09\/ALB_0277-1024x683.jpg 1024w, https:\/\/www.adrianwood.ch\/wp-content\/uploads\/2024\/09\/ALB_0277-768x512.jpg 768w, https:\/\/www.adrianwood.ch\/wp-content\/uploads\/2024\/09\/ALB_0277-1536x1024.jpg 1536w\" sizes=\"auto, (max-width: 1620px) 100vw, 1620px\" \/><\/a><figcaption id=\"caption-attachment-26436\" class=\"wp-caption-text\">Blick vom Hotel Fenster<\/figcaption><\/figure>\n<p><strong>30.08.2024,<\/strong> <strong>Der Badeort Valora<\/strong><\/p>\n<p>Unser Hotel Bologna lag an der neuen Promenade direkt am Meer. Von meinem Zimmer aus hatte ich einen sch\u00f6nen Blick auf den Hafen und \u00fcber die Bucht. Zwischen Hotel und Hafen hat man sogar einen Pinien Wald gepflanzt! Ich entschied mich, nicht den l\u00e4ngsten Spaziergang des Urlaubs am Logara Pass in der Hitze zu machen, sondern einen Tag am Meer zu genie\u00dfen. Ich spazierte um die Bucht herum und badete, wobei ich die gro\u00dfe Anzahl von Sonnenliegen, die es w\u00e4hrend der Sommersaison am Strand gab, vermieden habe. Ich habe eine sch\u00f6ne Strandbar gefunden, obwohl die Musik dort doch ziemlich laut war.<\/p>\nngg_shortcode_0_placeholder\n","protected":false},"excerpt":{"rendered":"<p>30.08.2024, Der Badeort Valora Unser Hotel Bologna lag an der neuen Promenade direkt am Meer. Von meinem Zimmer aus hatte ich einen sch\u00f6nen Blick auf den Hafen und \u00fcber die Bucht. Zwischen Hotel und Hafen hat man sogar einen Pinien Wald gepflanzt! Ich entschied mich, nicht den l\u00e4ngsten Spaziergang des Urlaubs am Logara Pass in &hellip; <a href=\"https:\/\/www.adrianwood.ch\/?page_id=26435\" class=\"more-link\">Continue reading <span class=\"screen-reader-text\">08-30 Valora<\/span> <span class=\"meta-nav\">&rarr;<\/span><\/a><\/p>\n","protected":false},"author":1,"featured_media":0,"parent":26408,"menu_order":4756,"comment_status":"closed","ping_status":"closed","template":"","meta":{"ngg_post_thumbnail":0,"footnotes":""},"class_list":["post-26435","page","type-page","status-publish","hentry"],"_links":{"self":[{"href":"https:\/\/www.adrianwood.ch\/index.php?rest_route=\/wp\/v2\/pages\/26435","targetHints":{"allow":["GET"]}}],"collection":[{"href":"https:\/\/www.adrianwood.ch\/index.php?rest_route=\/wp\/v2\/pages"}],"about":[{"href":"https:\/\/www.adrianwood.ch\/index.php?rest_route=\/wp\/v2\/types\/page"}],"author":[{"embeddable":true,"href":"https:\/\/www.adrianwood.ch\/index.php?rest_route=\/wp\/v2\/users\/1"}],"replies":[{"embeddable":true,"href":"https:\/\/www.adrianwood.ch\/index.php?rest_route=%2Fwp%2Fv2%2Fcomments&post=26435"}],"version-history":[{"count":3,"href":"https:\/\/www.adrianwood.ch\/index.php?rest_route=\/wp\/v2\/pages\/26435\/revisions"}],"predecessor-version":[{"id":26552,"href":"https:\/\/www.adrianwood.ch\/index.php?rest_route=\/wp\/v2\/pages\/26435\/revisions\/26552"}],"up":[{"embeddable":true,"href":"https:\/\/www.adrianwood.ch\/index.php?rest_route=\/wp\/v2\/pages\/26408"}],"wp:attachment":[{"href":"https:\/\/www.adrianwood.ch\/index.php?rest_route=%2Fwp%2Fv2%2Fmedia&parent=26435"}],"curies":[{"name":"wp","href":"https:\/\/api.w.org\/{rel}","templated":true}]}}