{"id":26438,"date":"2024-09-23T17:07:56","date_gmt":"2024-09-23T17:07:56","guid":{"rendered":"https:\/\/www.adrianwood.ch\/?page_id=26438"},"modified":"2024-09-25T09:15:47","modified_gmt":"2024-09-25T09:15:47","slug":"08-31-nivice","status":"publish","type":"page","link":"https:\/\/www.adrianwood.ch\/?page_id=26438","title":{"rendered":"08-31 Nivice"},"content":{"rendered":"<figure id=\"attachment_26439\" aria-describedby=\"caption-attachment-26439\" style=\"width: 1620px\" class=\"wp-caption alignleft\"><a href=\"https:\/\/www.adrianwood.ch\/wp-content\/uploads\/2024\/09\/ALB_0370.jpg\"><img loading=\"lazy\" decoding=\"async\" class=\"size-full wp-image-26439\" src=\"https:\/\/www.adrianwood.ch\/wp-content\/uploads\/2024\/09\/ALB_0370.jpg\" alt=\"\" width=\"1620\" height=\"1080\" srcset=\"https:\/\/www.adrianwood.ch\/wp-content\/uploads\/2024\/09\/ALB_0370.jpg 1620w, https:\/\/www.adrianwood.ch\/wp-content\/uploads\/2024\/09\/ALB_0370-300x200.jpg 300w, https:\/\/www.adrianwood.ch\/wp-content\/uploads\/2024\/09\/ALB_0370-1024x683.jpg 1024w, https:\/\/www.adrianwood.ch\/wp-content\/uploads\/2024\/09\/ALB_0370-768x512.jpg 768w, https:\/\/www.adrianwood.ch\/wp-content\/uploads\/2024\/09\/ALB_0370-1536x1024.jpg 1536w\" sizes=\"auto, (max-width: 1620px) 100vw, 1620px\" \/><\/a><figcaption id=\"caption-attachment-26439\" class=\"wp-caption-text\">Bergdorf Nivice<\/figcaption><\/figure>\n<p><strong>31.08.2024,<\/strong> <strong>Spektakul\u00e4re Gebirgsfahrt ins Hinterland<\/strong><\/p>\n<p>Die landschaftlich reizvolle Fahrt zuerst entlang des Shushice-Tals nutzte eine k\u00fcrzlich er\u00f6ffnete neue Stra\u00dfe durch die Berge, um das Vjosa-Tal zu erreichen. Wir hielten im Bergdorf Nivice, das einen wundersch\u00f6n frisch restaurierten Dorfplatz besitzt, f\u00fcr einen kurzen Spaziergang. Ein Teil der Gruppe stieg in einen spektakul\u00e4ren Canyon hinab (nicht im Programm) zusammen mit einem lokalen F\u00fchrer, aber drei der Damen und ich besannen uns eines Besseren. Wir begn\u00fcgten uns mit einem Bllick in der Schlucht von einem Aussichtspunkt und k\u00f6nnten die anderen weit unten gerade noch sehen. Nach einem guten Mittagessen ging die Fahrt weiter zu einem sehr kleinen Hotel im gro\u00dfen Dorf Permet im Vjosa-Tal. Unterwegs auf die abenteuerliche Strasse stiessen wir auf einen Bauer mit seine drei Maultiere.<\/p>\nngg_shortcode_0_placeholder\n","protected":false},"excerpt":{"rendered":"<p>31.08.2024, Spektakul\u00e4re Gebirgsfahrt ins Hinterland Die landschaftlich reizvolle Fahrt zuerst entlang des Shushice-Tals nutzte eine k\u00fcrzlich er\u00f6ffnete neue Stra\u00dfe durch die Berge, um das Vjosa-Tal zu erreichen. Wir hielten im Bergdorf Nivice, das einen wundersch\u00f6n frisch restaurierten Dorfplatz besitzt, f\u00fcr einen kurzen Spaziergang. Ein Teil der Gruppe stieg in einen spektakul\u00e4ren Canyon hinab (nicht im &hellip; <a href=\"https:\/\/www.adrianwood.ch\/?page_id=26438\" class=\"more-link\">Continue reading <span class=\"screen-reader-text\">08-31 Nivice<\/span> <span class=\"meta-nav\">&rarr;<\/span><\/a><\/p>\n","protected":false},"author":1,"featured_media":0,"parent":26408,"menu_order":4757,"comment_status":"closed","ping_status":"closed","template":"","meta":{"ngg_post_thumbnail":0,"footnotes":""},"class_list":["post-26438","page","type-page","status-publish","hentry"],"_links":{"self":[{"href":"https:\/\/www.adrianwood.ch\/index.php?rest_route=\/wp\/v2\/pages\/26438","targetHints":{"allow":["GET"]}}],"collection":[{"href":"https:\/\/www.adrianwood.ch\/index.php?rest_route=\/wp\/v2\/pages"}],"about":[{"href":"https:\/\/www.adrianwood.ch\/index.php?rest_route=\/wp\/v2\/types\/page"}],"author":[{"embeddable":true,"href":"https:\/\/www.adrianwood.ch\/index.php?rest_route=\/wp\/v2\/users\/1"}],"replies":[{"embeddable":true,"href":"https:\/\/www.adrianwood.ch\/index.php?rest_route=%2Fwp%2Fv2%2Fcomments&post=26438"}],"version-history":[{"count":5,"href":"https:\/\/www.adrianwood.ch\/index.php?rest_route=\/wp\/v2\/pages\/26438\/revisions"}],"predecessor-version":[{"id":26584,"href":"https:\/\/www.adrianwood.ch\/index.php?rest_route=\/wp\/v2\/pages\/26438\/revisions\/26584"}],"up":[{"embeddable":true,"href":"https:\/\/www.adrianwood.ch\/index.php?rest_route=\/wp\/v2\/pages\/26408"}],"wp:attachment":[{"href":"https:\/\/www.adrianwood.ch\/index.php?rest_route=%2Fwp%2Fv2%2Fmedia&parent=26438"}],"curies":[{"name":"wp","href":"https:\/\/api.w.org\/{rel}","templated":true}]}}