{"id":26588,"date":"2024-09-25T09:28:12","date_gmt":"2024-09-25T09:28:12","guid":{"rendered":"https:\/\/www.adrianwood.ch\/?page_id=26588"},"modified":"2024-09-25T12:46:02","modified_gmt":"2024-09-25T12:46:02","slug":"09-02-gjirokastra","status":"publish","type":"page","link":"https:\/\/www.adrianwood.ch\/?page_id=26588","title":{"rendered":"09-02 Gjirokastra"},"content":{"rendered":"<figure id=\"attachment_26589\" aria-describedby=\"caption-attachment-26589\" style=\"width: 1620px\" class=\"wp-caption alignleft\"><a href=\"https:\/\/www.adrianwood.ch\/wp-content\/uploads\/2024\/09\/ALB_0552.jpg\"><img loading=\"lazy\" decoding=\"async\" class=\"size-full wp-image-26589\" src=\"https:\/\/www.adrianwood.ch\/wp-content\/uploads\/2024\/09\/ALB_0552.jpg\" alt=\"\" width=\"1620\" height=\"1080\" srcset=\"https:\/\/www.adrianwood.ch\/wp-content\/uploads\/2024\/09\/ALB_0552.jpg 1620w, https:\/\/www.adrianwood.ch\/wp-content\/uploads\/2024\/09\/ALB_0552-300x200.jpg 300w, https:\/\/www.adrianwood.ch\/wp-content\/uploads\/2024\/09\/ALB_0552-1024x683.jpg 1024w, https:\/\/www.adrianwood.ch\/wp-content\/uploads\/2024\/09\/ALB_0552-768x512.jpg 768w, https:\/\/www.adrianwood.ch\/wp-content\/uploads\/2024\/09\/ALB_0552-1536x1024.jpg 1536w\" sizes=\"auto, (max-width: 1620px) 100vw, 1620px\" \/><\/a><figcaption id=\"caption-attachment-26589\" class=\"wp-caption-text\">Der Turm von Gjirokastra Burg<\/figcaption><\/figure>\n<p><strong>02.09.2024,<\/strong> <strong>Gjirokastra \u2013 Stadt der 1000 Stufen<\/strong><\/p>\n<p>Unsere Hotel Kestro lag ganz zentral in der Altstadt von Gjirokaster. Den ganzen Tag verbrachten wir mit Sightseeing, zuerst in einem Haus aus dem 18. Jahrhundert und dann in der Burg. Wir machten einen umfassenden Rundgang durch das Haus, der einen guten Einblick in das Leben dort in der osmanischen Zeit gab. Drau\u00dfen war es sehr hei\u00df und es waren viele Leute da. Einige von uns hatten Eist\u00fcten, wenn wir Platz vor einem Bar daf\u00fcr finden k\u00f6nnten. Das Abendessen gab es in einem separaten Restaurant mit gutem Blick auf die Burg (im Dunkeln).<\/p>\nngg_shortcode_0_placeholder\n","protected":false},"excerpt":{"rendered":"<p>02.09.2024, Gjirokastra \u2013 Stadt der 1000 Stufen Unsere Hotel Kestro lag ganz zentral in der Altstadt von Gjirokaster. Den ganzen Tag verbrachten wir mit Sightseeing, zuerst in einem Haus aus dem 18. Jahrhundert und dann in der Burg. Wir machten einen umfassenden Rundgang durch das Haus, der einen guten Einblick in das Leben dort in &hellip; <a href=\"https:\/\/www.adrianwood.ch\/?page_id=26588\" class=\"more-link\">Continue reading <span class=\"screen-reader-text\">09-02 Gjirokastra<\/span> <span class=\"meta-nav\">&rarr;<\/span><\/a><\/p>\n","protected":false},"author":1,"featured_media":0,"parent":26408,"menu_order":4759,"comment_status":"closed","ping_status":"closed","template":"","meta":{"ngg_post_thumbnail":0,"footnotes":""},"class_list":["post-26588","page","type-page","status-publish","hentry"],"_links":{"self":[{"href":"https:\/\/www.adrianwood.ch\/index.php?rest_route=\/wp\/v2\/pages\/26588","targetHints":{"allow":["GET"]}}],"collection":[{"href":"https:\/\/www.adrianwood.ch\/index.php?rest_route=\/wp\/v2\/pages"}],"about":[{"href":"https:\/\/www.adrianwood.ch\/index.php?rest_route=\/wp\/v2\/types\/page"}],"author":[{"embeddable":true,"href":"https:\/\/www.adrianwood.ch\/index.php?rest_route=\/wp\/v2\/users\/1"}],"replies":[{"embeddable":true,"href":"https:\/\/www.adrianwood.ch\/index.php?rest_route=%2Fwp%2Fv2%2Fcomments&post=26588"}],"version-history":[{"count":3,"href":"https:\/\/www.adrianwood.ch\/index.php?rest_route=\/wp\/v2\/pages\/26588\/revisions"}],"predecessor-version":[{"id":26788,"href":"https:\/\/www.adrianwood.ch\/index.php?rest_route=\/wp\/v2\/pages\/26588\/revisions\/26788"}],"up":[{"embeddable":true,"href":"https:\/\/www.adrianwood.ch\/index.php?rest_route=\/wp\/v2\/pages\/26408"}],"wp:attachment":[{"href":"https:\/\/www.adrianwood.ch\/index.php?rest_route=%2Fwp%2Fv2%2Fmedia&parent=26588"}],"curies":[{"name":"wp","href":"https:\/\/api.w.org\/{rel}","templated":true}]}}