{"id":26594,"date":"2024-09-25T10:19:19","date_gmt":"2024-09-25T10:19:19","guid":{"rendered":"https:\/\/www.adrianwood.ch\/?page_id=26594"},"modified":"2024-09-25T12:48:59","modified_gmt":"2024-09-25T12:48:59","slug":"09-03-butrint","status":"publish","type":"page","link":"https:\/\/www.adrianwood.ch\/?page_id=26594","title":{"rendered":"09-03 Butrint"},"content":{"rendered":"<figure id=\"attachment_26595\" aria-describedby=\"caption-attachment-26595\" style=\"width: 1620px\" class=\"wp-caption alignleft\"><a href=\"https:\/\/www.adrianwood.ch\/wp-content\/uploads\/2024\/09\/ALB_0589.jpg\"><img loading=\"lazy\" decoding=\"async\" class=\"size-full wp-image-26595\" src=\"https:\/\/www.adrianwood.ch\/wp-content\/uploads\/2024\/09\/ALB_0589.jpg\" alt=\"\" width=\"1620\" height=\"1080\" srcset=\"https:\/\/www.adrianwood.ch\/wp-content\/uploads\/2024\/09\/ALB_0589.jpg 1620w, https:\/\/www.adrianwood.ch\/wp-content\/uploads\/2024\/09\/ALB_0589-300x200.jpg 300w, https:\/\/www.adrianwood.ch\/wp-content\/uploads\/2024\/09\/ALB_0589-1024x683.jpg 1024w, https:\/\/www.adrianwood.ch\/wp-content\/uploads\/2024\/09\/ALB_0589-768x512.jpg 768w, https:\/\/www.adrianwood.ch\/wp-content\/uploads\/2024\/09\/ALB_0589-1536x1024.jpg 1536w\" sizes=\"auto, (max-width: 1620px) 100vw, 1620px\" \/><\/a><figcaption id=\"caption-attachment-26595\" class=\"wp-caption-text\">Kalanti, unserer Reisef\u00fchrer<\/figcaption><\/figure>\n<p><strong>03.09.2024,<\/strong> <strong>Zum Blauen Auge und nach Butrint<\/strong><\/p>\n<p>Dieser Tag stand ganz im Zeichen des Sightseeings. Unser erster Halt war an der Quelle &#8220;Blue Eye&#8221;, wo eine gro\u00dfe Menge Wasser (10 Kubikmeter pro Sekunde) aus den Kalksteinfelsen aufsteigt und sofort einen Fluss erzeugt. Der gesamte Ort, umgeben von Klippen und Wald, ist sehr malerisch. Baden war verboten, aber Klanti, unsere F\u00fchrer nahm die Gelegenheit seinen F\u00fcssen zu k\u00fchlen. Es gab auch eine Schildkr\u00f6te Gehege. Es folgte ein ausgedehnterer Besuch der ber\u00fchmten arch\u00e4ologischen St\u00e4tte von Butrint. Die St\u00e4tte erstreckt sich \u00fcber ein riesiges Gel\u00e4nde mit Ruinen aus verschiedenen historischen Epochen, darunter griechische, r\u00f6mische und byzantinische. Gro\u00dfe Teile wurden ausgegraben, aber vieles ist noch unter B\u00e4umen begraben. In dieser Hinsicht erinnerte es mich an Angor Wat.<\/p>\nngg_shortcode_0_placeholder\n","protected":false},"excerpt":{"rendered":"<p>03.09.2024, Zum Blauen Auge und nach Butrint Dieser Tag stand ganz im Zeichen des Sightseeings. Unser erster Halt war an der Quelle &#8220;Blue Eye&#8221;, wo eine gro\u00dfe Menge Wasser (10 Kubikmeter pro Sekunde) aus den Kalksteinfelsen aufsteigt und sofort einen Fluss erzeugt. Der gesamte Ort, umgeben von Klippen und Wald, ist sehr malerisch. Baden war &hellip; <a href=\"https:\/\/www.adrianwood.ch\/?page_id=26594\" class=\"more-link\">Continue reading <span class=\"screen-reader-text\">09-03 Butrint<\/span> <span class=\"meta-nav\">&rarr;<\/span><\/a><\/p>\n","protected":false},"author":1,"featured_media":0,"parent":26408,"menu_order":4760,"comment_status":"closed","ping_status":"closed","template":"","meta":{"ngg_post_thumbnail":0,"footnotes":""},"class_list":["post-26594","page","type-page","status-publish","hentry"],"_links":{"self":[{"href":"https:\/\/www.adrianwood.ch\/index.php?rest_route=\/wp\/v2\/pages\/26594","targetHints":{"allow":["GET"]}}],"collection":[{"href":"https:\/\/www.adrianwood.ch\/index.php?rest_route=\/wp\/v2\/pages"}],"about":[{"href":"https:\/\/www.adrianwood.ch\/index.php?rest_route=\/wp\/v2\/types\/page"}],"author":[{"embeddable":true,"href":"https:\/\/www.adrianwood.ch\/index.php?rest_route=\/wp\/v2\/users\/1"}],"replies":[{"embeddable":true,"href":"https:\/\/www.adrianwood.ch\/index.php?rest_route=%2Fwp%2Fv2%2Fcomments&post=26594"}],"version-history":[{"count":3,"href":"https:\/\/www.adrianwood.ch\/index.php?rest_route=\/wp\/v2\/pages\/26594\/revisions"}],"predecessor-version":[{"id":26790,"href":"https:\/\/www.adrianwood.ch\/index.php?rest_route=\/wp\/v2\/pages\/26594\/revisions\/26790"}],"up":[{"embeddable":true,"href":"https:\/\/www.adrianwood.ch\/index.php?rest_route=\/wp\/v2\/pages\/26408"}],"wp:attachment":[{"href":"https:\/\/www.adrianwood.ch\/index.php?rest_route=%2Fwp%2Fv2%2Fmedia&parent=26594"}],"curies":[{"name":"wp","href":"https:\/\/api.w.org\/{rel}","templated":true}]}}