{"id":26598,"date":"2024-09-25T10:28:17","date_gmt":"2024-09-25T10:28:17","guid":{"rendered":"https:\/\/www.adrianwood.ch\/?page_id=26598"},"modified":"2024-09-25T12:50:40","modified_gmt":"2024-09-25T12:50:40","slug":"09-04-himara","status":"publish","type":"page","link":"https:\/\/www.adrianwood.ch\/?page_id=26598","title":{"rendered":"09-04 Himara"},"content":{"rendered":"<figure id=\"attachment_26599\" aria-describedby=\"caption-attachment-26599\" style=\"width: 1440px\" class=\"wp-caption alignleft\"><a href=\"https:\/\/www.adrianwood.ch\/wp-content\/uploads\/2024\/09\/ALB_0825.jpg\"><img loading=\"lazy\" decoding=\"async\" class=\"size-full wp-image-26599\" src=\"https:\/\/www.adrianwood.ch\/wp-content\/uploads\/2024\/09\/ALB_0825.jpg\" alt=\"\" width=\"1440\" height=\"1080\" srcset=\"https:\/\/www.adrianwood.ch\/wp-content\/uploads\/2024\/09\/ALB_0825.jpg 1440w, https:\/\/www.adrianwood.ch\/wp-content\/uploads\/2024\/09\/ALB_0825-300x225.jpg 300w, https:\/\/www.adrianwood.ch\/wp-content\/uploads\/2024\/09\/ALB_0825-1024x768.jpg 1024w, https:\/\/www.adrianwood.ch\/wp-content\/uploads\/2024\/09\/ALB_0825-768x576.jpg 768w\" sizes=\"auto, (max-width: 1440px) 100vw, 1440px\" \/><\/a><figcaption id=\"caption-attachment-26599\" class=\"wp-caption-text\">bei Livadhi Strand<\/figcaption><\/figure>\n<p><strong>04.09.2024,<\/strong> <strong>Wanderung im K\u00fcstenbergland bei Himara<\/strong><\/p>\n<p>Wir waren am Vorabend an der albanischen Riviera angekommen und ich beschloss erneut, einen Tag am Meer zu verbringen, w\u00e4hrend die anderen sich schwitzend einen H\u00fcgel entlang der K\u00fcste hinaufarbeiteten. Ich habe zwar einen sehr kurzen Spaziergang zum n\u00e4chsten Livadhi Strand gemacht, aber tags\u00fcber war es fast zu hei\u00df, um rauszugehen. Ich verbrachte Zeit in einem Restaurant mit Blick auf den Strand und ging sp\u00e4ter am Nachmittag erst schwimmen, als die Wanderer zur\u00fcckkehrten.<\/p>\nngg_shortcode_0_placeholder\n","protected":false},"excerpt":{"rendered":"<p>04.09.2024, Wanderung im K\u00fcstenbergland bei Himara Wir waren am Vorabend an der albanischen Riviera angekommen und ich beschloss erneut, einen Tag am Meer zu verbringen, w\u00e4hrend die anderen sich schwitzend einen H\u00fcgel entlang der K\u00fcste hinaufarbeiteten. Ich habe zwar einen sehr kurzen Spaziergang zum n\u00e4chsten Livadhi Strand gemacht, aber tags\u00fcber war es fast zu hei\u00df, &hellip; <a href=\"https:\/\/www.adrianwood.ch\/?page_id=26598\" class=\"more-link\">Continue reading <span class=\"screen-reader-text\">09-04 Himara<\/span> <span class=\"meta-nav\">&rarr;<\/span><\/a><\/p>\n","protected":false},"author":1,"featured_media":0,"parent":26408,"menu_order":4761,"comment_status":"closed","ping_status":"closed","template":"","meta":{"ngg_post_thumbnail":0,"footnotes":""},"class_list":["post-26598","page","type-page","status-publish","hentry"],"_links":{"self":[{"href":"https:\/\/www.adrianwood.ch\/index.php?rest_route=\/wp\/v2\/pages\/26598","targetHints":{"allow":["GET"]}}],"collection":[{"href":"https:\/\/www.adrianwood.ch\/index.php?rest_route=\/wp\/v2\/pages"}],"about":[{"href":"https:\/\/www.adrianwood.ch\/index.php?rest_route=\/wp\/v2\/types\/page"}],"author":[{"embeddable":true,"href":"https:\/\/www.adrianwood.ch\/index.php?rest_route=\/wp\/v2\/users\/1"}],"replies":[{"embeddable":true,"href":"https:\/\/www.adrianwood.ch\/index.php?rest_route=%2Fwp%2Fv2%2Fcomments&post=26598"}],"version-history":[{"count":4,"href":"https:\/\/www.adrianwood.ch\/index.php?rest_route=\/wp\/v2\/pages\/26598\/revisions"}],"predecessor-version":[{"id":26792,"href":"https:\/\/www.adrianwood.ch\/index.php?rest_route=\/wp\/v2\/pages\/26598\/revisions\/26792"}],"up":[{"embeddable":true,"href":"https:\/\/www.adrianwood.ch\/index.php?rest_route=\/wp\/v2\/pages\/26408"}],"wp:attachment":[{"href":"https:\/\/www.adrianwood.ch\/index.php?rest_route=%2Fwp%2Fv2%2Fmedia&parent=26598"}],"curies":[{"name":"wp","href":"https:\/\/api.w.org\/{rel}","templated":true}]}}