{"id":26602,"date":"2024-09-25T10:37:35","date_gmt":"2024-09-25T10:37:35","guid":{"rendered":"https:\/\/www.adrianwood.ch\/?page_id=26602"},"modified":"2024-09-25T12:51:45","modified_gmt":"2024-09-25T12:51:45","slug":"o9-05-berat-burg","status":"publish","type":"page","link":"https:\/\/www.adrianwood.ch\/?page_id=26602","title":{"rendered":"o9-05 Berat Burg"},"content":{"rendered":"<figure id=\"attachment_26603\" aria-describedby=\"caption-attachment-26603\" style=\"width: 1620px\" class=\"wp-caption alignleft\"><a href=\"https:\/\/www.adrianwood.ch\/wp-content\/uploads\/2024\/09\/ALB_0696.jpg\"><img loading=\"lazy\" decoding=\"async\" class=\"size-full wp-image-26603\" src=\"https:\/\/www.adrianwood.ch\/wp-content\/uploads\/2024\/09\/ALB_0696.jpg\" alt=\"\" width=\"1620\" height=\"1080\" srcset=\"https:\/\/www.adrianwood.ch\/wp-content\/uploads\/2024\/09\/ALB_0696.jpg 1620w, https:\/\/www.adrianwood.ch\/wp-content\/uploads\/2024\/09\/ALB_0696-300x200.jpg 300w, https:\/\/www.adrianwood.ch\/wp-content\/uploads\/2024\/09\/ALB_0696-1024x683.jpg 1024w, https:\/\/www.adrianwood.ch\/wp-content\/uploads\/2024\/09\/ALB_0696-768x512.jpg 768w, https:\/\/www.adrianwood.ch\/wp-content\/uploads\/2024\/09\/ALB_0696-1536x1024.jpg 1536w\" sizes=\"auto, (max-width: 1620px) 100vw, 1620px\" \/><\/a><figcaption id=\"caption-attachment-26603\" class=\"wp-caption-text\">Blick vom Burg auf dem Gorica Viertel<\/figcaption><\/figure>\n<p><strong>05.09.2024,<\/strong> <strong>Von der albanischen Riviera bis Berat <\/strong><\/p>\n<p>Wir fuhren die K\u00fcste hinauf und nutzten dabei den 5 km langen neuen Tunnel unter dem Llogara-Pass und die 10 km lange neue Umgehungsstra\u00dfe von Valora. Sp\u00e4ter in der N\u00e4he von Berat besuchten wir einen Oliven\u00f6lproduzenten. Mein Zimmer in einem alten Haus in der alten historischen Stadt Berat war sehr interessant und ger\u00e4umig, fast palastartig. Es verf\u00fcgte sowohl \u00fcber Seiten- als auch \u00fcber Badezimmerfenster, die einen Durchzug bieten, wenn man die Schiebefenster offenhalten k\u00f6nnte. (Man brauchte Schuhe als Keil, um das zu tun.) Am Abend besuchten wir die riesige Zitadelle mit seinen vielen H\u00e4usern, von denen einige noch bewohnt sind, und die Marienkirche mit dem Onufri Ikonenmuseum. Die reich verzierte Ikonostase ist sehr eindr\u00fccklich. Nachdem wir den Sonnenuntergang bewundert hatten, hatten wir ein ausgezeichnetes Abendessen in einem Familienrestaurant.<\/p>\nngg_shortcode_0_placeholder\n","protected":false},"excerpt":{"rendered":"<p>05.09.2024, Von der albanischen Riviera bis Berat Wir fuhren die K\u00fcste hinauf und nutzten dabei den 5 km langen neuen Tunnel unter dem Llogara-Pass und die 10 km lange neue Umgehungsstra\u00dfe von Valora. Sp\u00e4ter in der N\u00e4he von Berat besuchten wir einen Oliven\u00f6lproduzenten. Mein Zimmer in einem alten Haus in der alten historischen Stadt Berat &hellip; <a href=\"https:\/\/www.adrianwood.ch\/?page_id=26602\" class=\"more-link\">Continue reading <span class=\"screen-reader-text\">o9-05 Berat Burg<\/span> <span class=\"meta-nav\">&rarr;<\/span><\/a><\/p>\n","protected":false},"author":1,"featured_media":0,"parent":26408,"menu_order":4761,"comment_status":"closed","ping_status":"closed","template":"","meta":{"ngg_post_thumbnail":0,"footnotes":""},"class_list":["post-26602","page","type-page","status-publish","hentry"],"_links":{"self":[{"href":"https:\/\/www.adrianwood.ch\/index.php?rest_route=\/wp\/v2\/pages\/26602","targetHints":{"allow":["GET"]}}],"collection":[{"href":"https:\/\/www.adrianwood.ch\/index.php?rest_route=\/wp\/v2\/pages"}],"about":[{"href":"https:\/\/www.adrianwood.ch\/index.php?rest_route=\/wp\/v2\/types\/page"}],"author":[{"embeddable":true,"href":"https:\/\/www.adrianwood.ch\/index.php?rest_route=\/wp\/v2\/users\/1"}],"replies":[{"embeddable":true,"href":"https:\/\/www.adrianwood.ch\/index.php?rest_route=%2Fwp%2Fv2%2Fcomments&post=26602"}],"version-history":[{"count":5,"href":"https:\/\/www.adrianwood.ch\/index.php?rest_route=\/wp\/v2\/pages\/26602\/revisions"}],"predecessor-version":[{"id":26794,"href":"https:\/\/www.adrianwood.ch\/index.php?rest_route=\/wp\/v2\/pages\/26602\/revisions\/26794"}],"up":[{"embeddable":true,"href":"https:\/\/www.adrianwood.ch\/index.php?rest_route=\/wp\/v2\/pages\/26408"}],"wp:attachment":[{"href":"https:\/\/www.adrianwood.ch\/index.php?rest_route=%2Fwp%2Fv2%2Fmedia&parent=26602"}],"curies":[{"name":"wp","href":"https:\/\/api.w.org\/{rel}","templated":true}]}}