{"id":26615,"date":"2024-09-25T12:11:35","date_gmt":"2024-09-25T12:11:35","guid":{"rendered":"https:\/\/www.adrianwood.ch\/?page_id=26615"},"modified":"2024-09-25T12:54:00","modified_gmt":"2024-09-25T12:54:00","slug":"09-07-berat-region","status":"publish","type":"page","link":"https:\/\/www.adrianwood.ch\/?page_id=26615","title":{"rendered":"09-07 Tomorr Park"},"content":{"rendered":"<figure id=\"attachment_26616\" aria-describedby=\"caption-attachment-26616\" style=\"width: 1620px\" class=\"wp-caption alignleft\"><a href=\"https:\/\/www.adrianwood.ch\/wp-content\/uploads\/2024\/09\/ALB_0781.jpg\"><img loading=\"lazy\" decoding=\"async\" class=\"size-full wp-image-26616\" src=\"https:\/\/www.adrianwood.ch\/wp-content\/uploads\/2024\/09\/ALB_0781.jpg\" alt=\"\" width=\"1620\" height=\"1080\" srcset=\"https:\/\/www.adrianwood.ch\/wp-content\/uploads\/2024\/09\/ALB_0781.jpg 1620w, https:\/\/www.adrianwood.ch\/wp-content\/uploads\/2024\/09\/ALB_0781-300x200.jpg 300w, https:\/\/www.adrianwood.ch\/wp-content\/uploads\/2024\/09\/ALB_0781-1024x683.jpg 1024w, https:\/\/www.adrianwood.ch\/wp-content\/uploads\/2024\/09\/ALB_0781-768x512.jpg 768w, https:\/\/www.adrianwood.ch\/wp-content\/uploads\/2024\/09\/ALB_0781-1536x1024.jpg 1536w\" sizes=\"auto, (max-width: 1620px) 100vw, 1620px\" \/><\/a><figcaption id=\"caption-attachment-26616\" class=\"wp-caption-text\">Tomorr Berg<\/figcaption><\/figure>\n<p><strong>07.09.2024,<\/strong> <strong>Wandern im Tomorr-Nationalpark<\/strong><\/p>\n<p>Wir wanderten an der eindr\u00fcckliche West-Flanke der Mount Tomorr, der \u2018Olymp Albaniens\u2019. Mit 2400m ist es nicht ganz so hoch wie die Bergen im Norden aber es steht relativ allein. Die Wanderung war ziemlich lang mit einem steinigen Abstieg, aber es gab eine wundersch\u00f6ne Landschaft unter blauem Himmel und wir starteten auf 700m, was es etwas k\u00fchler machte. Das Picknick, das vom lokalen F\u00fchrer bereitgestellt wurde, war ein ziemliches Festmahl, aber von den Bergd\u00f6rfern war nicht viel zu sehen. Anscheinend sind sie jetzt alle fast menschenleer. Wir speisten wieder sehr gut in der Altstadt neben einem Minarett. Gl\u00fccklicherweise war das Klagen kurz, wenn auch ziemlich laut. Das gleiche Minarett war von den gegen\u00fcberliegenden Seiten, vom Restaurant und vom Hotel, zu sehen. Es war mein letztes Abendessen mit der Gruppe, da ich am n\u00e4chsten Tag zum Flughafen Tirana aufbrechen und meinen R\u00fcckflug nach Basel antreten w\u00fcrde.<\/p>\nngg_shortcode_0_placeholder\n","protected":false},"excerpt":{"rendered":"<p>07.09.2024, Wandern im Tomorr-Nationalpark Wir wanderten an der eindr\u00fcckliche West-Flanke der Mount Tomorr, der \u2018Olymp Albaniens\u2019. Mit 2400m ist es nicht ganz so hoch wie die Bergen im Norden aber es steht relativ allein. Die Wanderung war ziemlich lang mit einem steinigen Abstieg, aber es gab eine wundersch\u00f6ne Landschaft unter blauem Himmel und wir starteten &hellip; <a href=\"https:\/\/www.adrianwood.ch\/?page_id=26615\" class=\"more-link\">Continue reading <span class=\"screen-reader-text\">09-07 Tomorr Park<\/span> <span class=\"meta-nav\">&rarr;<\/span><\/a><\/p>\n","protected":false},"author":1,"featured_media":0,"parent":26408,"menu_order":4764,"comment_status":"closed","ping_status":"closed","template":"","meta":{"ngg_post_thumbnail":0,"footnotes":""},"class_list":["post-26615","page","type-page","status-publish","hentry"],"_links":{"self":[{"href":"https:\/\/www.adrianwood.ch\/index.php?rest_route=\/wp\/v2\/pages\/26615","targetHints":{"allow":["GET"]}}],"collection":[{"href":"https:\/\/www.adrianwood.ch\/index.php?rest_route=\/wp\/v2\/pages"}],"about":[{"href":"https:\/\/www.adrianwood.ch\/index.php?rest_route=\/wp\/v2\/types\/page"}],"author":[{"embeddable":true,"href":"https:\/\/www.adrianwood.ch\/index.php?rest_route=\/wp\/v2\/users\/1"}],"replies":[{"embeddable":true,"href":"https:\/\/www.adrianwood.ch\/index.php?rest_route=%2Fwp%2Fv2%2Fcomments&post=26615"}],"version-history":[{"count":4,"href":"https:\/\/www.adrianwood.ch\/index.php?rest_route=\/wp\/v2\/pages\/26615\/revisions"}],"predecessor-version":[{"id":26798,"href":"https:\/\/www.adrianwood.ch\/index.php?rest_route=\/wp\/v2\/pages\/26615\/revisions\/26798"}],"up":[{"embeddable":true,"href":"https:\/\/www.adrianwood.ch\/index.php?rest_route=\/wp\/v2\/pages\/26408"}],"wp:attachment":[{"href":"https:\/\/www.adrianwood.ch\/index.php?rest_route=%2Fwp%2Fv2%2Fmedia&parent=26615"}],"curies":[{"name":"wp","href":"https:\/\/api.w.org\/{rel}","templated":true}]}}