{"id":2675,"date":"2013-09-01T17:37:40","date_gmt":"2013-09-01T16:37:40","guid":{"rendered":"http:\/\/adrianwood.ch\/?page_id=2675"},"modified":"2013-09-01T17:37:40","modified_gmt":"2013-09-01T16:37:40","slug":"05-20-vrmac-halbinsel","status":"publish","type":"page","link":"https:\/\/www.adrianwood.ch\/?page_id=2675","title":{"rendered":"05-20 Vrmac Halbinsel"},"content":{"rendered":"<p><b>Pfingstmontag, 20. Mai, Vrmac-Halbinsel &#8211; Insel Gospa od Skrjela &#8211; Perast<\/b><\/p>\n<table border=\"0\" cellspacing=\"0\" cellpadding=\"0\">\n<tbody>\n<tr>\n<td style=\"text-align: justify;\" colspan=\"2\" valign=\"top\" width=\"815\">Nach einer fr\u00fchen Fotoshooting oder Picknick-Einkaufs-Tour durch Kotor versammeln wir uns um 9:00 Uhr vor den Stadtmauern und werden in zwei Kleinbusse aufgeteilt. Wir fahren nach S\u00fcden zur Halbinsel Vrmac. Am Fuss des Halbinsel-Bergr\u00fcckens steigen aus dem einen Kleinbus um 09:30 elf Personen aus. Sie haben vor, etwa 600 Meter hochzusteigen. Die anderen neunzehn &#8220;gem\u00fctlichen&#8221; Wanderer fahren weiter auf einer Milit\u00e4rstrasse, die immer schmaler und holpriger wird und immer engere Kurven aufweist, hoch zur Ruine der Festung Vrmac. Nach einem Gruppenphoto geht es in der Sonne durch einen lichten Pinienwald gegen Nord-Westen. Der Weg steigt leicht an und die Vegetation geht von Pinienb\u00e4umen in Mischwald und Str\u00e4uchern \u00fcber. Man hat eine sch\u00f6ne Sicht, mal nach S\u00fcden, auf eine Ebene mit einem Flugfeld, Buchten und im Horizont die Adria, dann nach Norden auf die Kotor-Bucht und sp\u00e4ter nach Westen auf die Stadt Tivat. Mit der Zeit ziehen immer dunklere Wolken auf. Wird es regnen ?<\/td>\n<\/tr>\n<tr>\n<td valign=\"top\" width=\"408\">\u00a0<img decoding=\"async\" class=\"ngg-singlepic ngg-none\" alt=\"image001_r3\" src=\"http:\/\/adrianwood.ch\/wp-content\/gallery\/montenegro04\/image001_r3.jpg\" \/><\/td>\n<td valign=\"top\" width=\"407\">\u00a0<img decoding=\"async\" class=\"ngg-singlepic ngg-none\" alt=\"image003_r3\" src=\"http:\/\/adrianwood.ch\/wp-content\/gallery\/montenegro04\/image003_r3.jpg\" \/><\/td>\n<\/tr>\n<tr>\n<td style=\"text-align: justify;\" colspan=\"2\" valign=\"top\" width=\"815\">Kurz nach 12:00 meldet Vlatko, der die Gipfelst\u00fcrmer-Gruppe f\u00fchrt, dass sie noch 1 Stunde von der als Treffpunkt vereinbarten Weg-Kreuzung hinter uns sind. Die Adrian-Gruppe l\u00e4uft aber weiter durch abwechslungsreiche Vegetation mit immer engeren Single Trails. Dann erreichen wir den Waldrand mit einem kleinen See. Wir werden interessiert, aber mit respektvollen Abstand, von &#8220;Wald&#8221;-K\u00fchen&#8221; beobachtet. Endlich, p\u00fcnktlich zur Mittagsrast um 12:30, kommt auch die Sonne wieder aus den Wolken hervor. Die Vlatko-Wandergruppe trifft um 13:15 an unserem Rastplatz ein.<\/td>\n<\/tr>\n<tr>\n<td valign=\"top\" width=\"408\">\u00a0<img decoding=\"async\" class=\"ngg-singlepic ngg-none\" alt=\"image005_r3\" src=\"http:\/\/adrianwood.ch\/wp-content\/gallery\/montenegro04\/image005_r3.jpg\" \/><\/td>\n<td style=\"text-align: justify;\" valign=\"top\" width=\"407\">Nach der Rast nehmen wir den Abstieg zum Ufer der Kotor-Bucht in Angriff. Es ist ein schwerer Weg: Hohe Schritte \u00fcber kantige und schl\u00fcpfrige Steine und Baumbl\u00e4tter. Es geht vorbei am verlassenen Bergdorf Gornji Stoliv, das Vlatko mit einem Teil der Gruppe besichtigt und weiter runter zum Ufer-d\u00f6rfchen Donji Stoliv, das wir um 14:45 erreichen. Leider gibt es keine Wirtschaft f\u00fcr einen Kaffee oder ein kaltes Bier und auch das Kirchlein ist geschlossen.Daf\u00fcr wartet schon an der einsamen Anlegestelle das Boot auf uns. Kurz vor 16:00 sind nun alle vom\u00a0Abstieg eingetroffen und das Boot startet zur Rundfahrt in die Bucht.<\/td>\n<\/tr>\n<tr>\n<td valign=\"top\" width=\"408\">\u00a0<img decoding=\"async\" class=\"ngg-singlepic ngg-none\" alt=\"image007_r3\" src=\"http:\/\/adrianwood.ch\/wp-content\/gallery\/montenegro04\/image007_r3.jpg\" \/><\/td>\n<td valign=\"top\" width=\"407\">\u00a0<img decoding=\"async\" class=\"ngg-singlepic ngg-none\" alt=\"image009_r3\" src=\"http:\/\/adrianwood.ch\/wp-content\/gallery\/montenegro04\/image009_r3.jpg\" \/><\/td>\n<\/tr>\n<tr>\n<td valign=\"top\" width=\"408\">\u00a0<img decoding=\"async\" class=\"ngg-singlepic ngg-none\" alt=\"image011_r3\" src=\"http:\/\/adrianwood.ch\/wp-content\/gallery\/montenegro04\/image011_r3.jpg\" \/><\/td>\n<td valign=\"top\" width=\"407\">\u00a0<img decoding=\"async\" class=\"ngg-singlepic ngg-none\" alt=\"image013_r3\" src=\"http:\/\/adrianwood.ch\/wp-content\/gallery\/montenegro04\/image013_r3.jpg\" \/><\/td>\n<\/tr>\n<tr>\n<td style=\"text-align: justify;\" colspan=\"2\" valign=\"top\" width=\"815\">Es geht zuerst nach S\u00fcden hinaus durch die Meerenge in die \u00e4ussere Bucht. Vorne rechts sehen wir Industrie-Werftanlagen. Dann geht es zur\u00fcck in die Bucht von Kotor. Um 16:30 legen wir an dem kleinen Inselchen mit Namen Gospa od Skrpjela an. Urspr\u00fcnglich nur ein aus dem Wasser ragender spitzer Fels, wurde sie ab 1452 mit Steinen und ausgedienten Booten zu einer schifff\u00f6rmigen Plattform aufgesch\u00fcttet und darauf eine Kirche errichtet. Dies als Dank f\u00fcr den Fund und die heilsame Wirkung einer Marienikone. Eine deutschprechende, wortgewaltige F\u00fchrerin f\u00fchrt uns durch die Kirche und das Museum, das Votivbilder und Waffen der Peraster Seeleute aus dem 16. bis 19. Jahrhundert ausstellt.<\/td>\n<\/tr>\n<tr>\n<td valign=\"top\" width=\"408\">\u00a0<img decoding=\"async\" class=\"ngg-singlepic ngg-none\" alt=\"image015_r3\" src=\"http:\/\/adrianwood.ch\/wp-content\/gallery\/montenegro04\/image015_r3.jpg\" \/><\/td>\n<td valign=\"top\" width=\"407\">\u00a0<img decoding=\"async\" class=\"ngg-singlepic ngg-none\" alt=\"image017_r3\" src=\"http:\/\/adrianwood.ch\/wp-content\/gallery\/montenegro04\/image017_r3.jpg\" \/><\/td>\n<\/tr>\n<tr>\n<td style=\"text-align: justify;\" colspan=\"2\" valign=\"top\" width=\"815\">Um 17.20 geht die Bootsfahrt weiter nach Perast, unserem \u00dcbernachtungsort. Wir erfahren, das die Uferstrasse wegen Filmaufnahmen gesperrt ist. Wie kommen wir zu unserem Gep\u00e4ck, das auf einem Garagenplatz auf der anderen Seite deponiert wurde? Nach Verhandlungen mit der absperrenden Dorfpolizei und den Filmaufnahme- Verantwortlichen d\u00fcrfen wir doch die Uferstrasse passieren. Wir werden streng vom Aufnahme-Hilfspersonal vom Drehort abgeschirmt. Trotzdem erblicken wir einen gut geschminkten Schauspieler in einem offenen Sportwagen mit Tessiner- Kennzeichen.Werden hier an Montenegros K\u00fcste Schweizer Filme gedreht? Am Garagenplatz werden die privaten \u00dcbernachtungsquartiere aufgeteilt. Wir treffen uns dann alle wieder um 20:00 Uhr im Uferrestaurant Admiral zum Fischmenue, um den Tag ausklingen zu lassen.<br \/>\nRainer und Ingrid<\/td>\n<\/tr>\n<tr>\n<td valign=\"top\" width=\"408\">\u00a0<img decoding=\"async\" class=\"ngg-singlepic ngg-none\" alt=\"image019_r3\" src=\"http:\/\/adrianwood.ch\/wp-content\/gallery\/montenegro04\/image019_r3.jpg\" \/><\/td>\n<td valign=\"top\" width=\"407\">\u00a0<img decoding=\"async\" class=\"ngg-singlepic ngg-none\" alt=\"image021_r3\" src=\"http:\/\/adrianwood.ch\/wp-content\/gallery\/montenegro04\/image021_r3.jpg\" \/><\/td>\n<\/tr>\n<tr>\n<td colspan=\"2\" valign=\"top\" width=\"815\"><\/td>\n<\/tr>\n<tr>\n<td colspan=\"2\" valign=\"top\" width=\"815\">\u00a0<img decoding=\"async\" class=\"ngg-singlepic ngg-none\" alt=\"image023r_72\" src=\"http:\/\/adrianwood.ch\/wp-content\/gallery\/montenegro04\/image023r_72.jpg\" \/><\/td>\n<\/tr>\n<tr>\n<td colspan=\"2\" valign=\"top\" width=\"815\"><\/td>\n<\/tr>\n<tr>\n<td colspan=\"2\" valign=\"top\" width=\"815\">\u00a0<img decoding=\"async\" class=\"ngg-singlepic ngg-none\" alt=\"image025r_72\" src=\"http:\/\/adrianwood.ch\/wp-content\/gallery\/montenegro04\/image025r_72.jpg\" \/><\/td>\n<\/tr>\n<\/tbody>\n<\/table>\n<p>&nbsp;<\/p>\n<p>&nbsp;<\/p>\n","protected":false},"excerpt":{"rendered":"<p>Pfingstmontag, 20. Mai, Vrmac-Halbinsel &#8211; Insel Gospa od Skrjela &#8211; Perast Nach einer fr\u00fchen Fotoshooting oder Picknick-Einkaufs-Tour durch Kotor versammeln wir uns um 9:00 Uhr vor den Stadtmauern und werden in zwei Kleinbusse aufgeteilt. Wir fahren nach S\u00fcden zur Halbinsel Vrmac. Am Fuss des Halbinsel-Bergr\u00fcckens steigen aus dem einen Kleinbus um 09:30 elf Personen aus. &hellip; <a href=\"https:\/\/www.adrianwood.ch\/?page_id=2675\" class=\"more-link\">Continue reading <span class=\"screen-reader-text\">05-20 Vrmac Halbinsel<\/span> <span class=\"meta-nav\">&rarr;<\/span><\/a><\/p>\n","protected":false},"author":1,"featured_media":0,"parent":2612,"menu_order":2445,"comment_status":"closed","ping_status":"closed","template":"","meta":{"ngg_post_thumbnail":0,"footnotes":""},"class_list":["post-2675","page","type-page","status-publish","hentry"],"_links":{"self":[{"href":"https:\/\/www.adrianwood.ch\/index.php?rest_route=\/wp\/v2\/pages\/2675","targetHints":{"allow":["GET"]}}],"collection":[{"href":"https:\/\/www.adrianwood.ch\/index.php?rest_route=\/wp\/v2\/pages"}],"about":[{"href":"https:\/\/www.adrianwood.ch\/index.php?rest_route=\/wp\/v2\/types\/page"}],"author":[{"embeddable":true,"href":"https:\/\/www.adrianwood.ch\/index.php?rest_route=\/wp\/v2\/users\/1"}],"replies":[{"embeddable":true,"href":"https:\/\/www.adrianwood.ch\/index.php?rest_route=%2Fwp%2Fv2%2Fcomments&post=2675"}],"version-history":[{"count":0,"href":"https:\/\/www.adrianwood.ch\/index.php?rest_route=\/wp\/v2\/pages\/2675\/revisions"}],"up":[{"embeddable":true,"href":"https:\/\/www.adrianwood.ch\/index.php?rest_route=\/wp\/v2\/pages\/2612"}],"wp:attachment":[{"href":"https:\/\/www.adrianwood.ch\/index.php?rest_route=%2Fwp%2Fv2%2Fmedia&parent=2675"}],"curies":[{"name":"wp","href":"https:\/\/api.w.org\/{rel}","templated":true}]}}