{"id":26838,"date":"2025-06-11T08:07:53","date_gmt":"2025-06-11T08:07:53","guid":{"rendered":"https:\/\/www.adrianwood.ch\/?page_id=26838"},"modified":"2025-06-23T08:44:55","modified_gmt":"2025-06-23T08:44:55","slug":"2026-albanien","status":"publish","type":"page","link":"https:\/\/www.adrianwood.ch\/?page_id=26838","title":{"rendered":"2025-Albanien"},"content":{"rendered":"<figure id=\"attachment_26839\" aria-describedby=\"caption-attachment-26839\" style=\"width: 1620px\" class=\"wp-caption alignleft\"><a href=\"https:\/\/www.adrianwood.ch\/wp-content\/uploads\/2025\/06\/ALB_1101.jpg\"><img loading=\"lazy\" decoding=\"async\" class=\"size-full wp-image-26839\" src=\"https:\/\/www.adrianwood.ch\/wp-content\/uploads\/2025\/06\/ALB_1101.jpg\" alt=\"\" width=\"1620\" height=\"1080\" srcset=\"https:\/\/www.adrianwood.ch\/wp-content\/uploads\/2025\/06\/ALB_1101.jpg 1620w, https:\/\/www.adrianwood.ch\/wp-content\/uploads\/2025\/06\/ALB_1101-300x200.jpg 300w, https:\/\/www.adrianwood.ch\/wp-content\/uploads\/2025\/06\/ALB_1101-1024x683.jpg 1024w, https:\/\/www.adrianwood.ch\/wp-content\/uploads\/2025\/06\/ALB_1101-768x512.jpg 768w, https:\/\/www.adrianwood.ch\/wp-content\/uploads\/2025\/06\/ALB_1101-1536x1024.jpg 1536w\" sizes=\"auto, (max-width: 1620px) 100vw, 1620px\" \/><\/a><figcaption id=\"caption-attachment-26839\" class=\"wp-caption-text\">auf Berat Schloss<\/figcaption><\/figure>\n<h2><strong>Albanien<\/strong><\/h2>\n<h3><a href=\"https:\/\/www.adrianwood.ch\/?page_id=26845\">Programm<\/a><\/h3>\n<p>Albanien ist ein kleines sonniges Gebirgsland am Rand des westlichen Balkans, den zwischen Montenegro und Griechenland liegt. Nur 80 Kilometer sind es hin\u00fcber bis zur italienischen Adriak\u00fcste, und gerade zwei Flugstunden betr\u00e4gt die Entfernung von mittel-europ\u00e4ischen Flugh\u00e4fen.<\/p>\n<p>Naturliebhaber faszinieren vor allem die Natursch\u00f6nheiten der Gebirge sowie das wilde mediterrane Flair der Riviera-k\u00fcste. F\u00fcr seine Landesgrosse hat Albanien eine erstaunliche F\u00fclle unterschiedlichster Naturlandschaften, die noch darauf warten, vom Outdoor-Tourismus entdeckt zu werden. Dazu bietet das Land eine \u00fcberall frei zug\u00e4ngliche Natur- und Bewegungsfreiheit, wie wir im Mitteleuropa und auch im S\u00fcden Europas kaum mehr vorfinden.<\/p>\n<p>Fast alle L\u00e4nder Mitteleuropas haben ihrer Spuren in Albanien hinterlassen, die meisten als Besatzer, die das Land als Br\u00fcckenkopf f\u00fcr weiterer Expansionen nutzen. Sie hinterliessen in dem kleinen Balkanland, in dem die allermeisten Menschen bis in die Neuzeit als Hirten und Bauern lebten, ihre Kulturen, die sich \u00fcber Jahrhunderte mit der albanischen vermischten. So wird jeder, der sich f\u00fcr Geschichte und Arch\u00e4ologie interessiert oder einfach nur antike Spuren in grossartigen Landschaften entdecken will, in Albanien ein Spiegelbild der gesamten europ\u00e4ischen Geschichte finden.<\/p>\n<p>Auf gef\u00fchrten Wanderungen entdecken wir ausgew\u00e4hlte Naturlandschaften Albaniens im S\u00fcden des Landes. Die Reise f\u00fchrt ins einmalige Vjosatal \u00fcber einsame Gebirgslandschaften bis zur albanischen Riviera. Au\u00dferdem stehen mit Berat, Gjirokastra und Butrint gleich drei Weltkulturerbe-St\u00e4tten auf dem Programm.<\/p>\n","protected":false},"excerpt":{"rendered":"<p>Albanien Programm Albanien ist ein kleines sonniges Gebirgsland am Rand des westlichen Balkans, den zwischen Montenegro und Griechenland liegt. Nur 80 Kilometer sind es hin\u00fcber bis zur italienischen Adriak\u00fcste, und gerade zwei Flugstunden betr\u00e4gt die Entfernung von mittel-europ\u00e4ischen Flugh\u00e4fen. Naturliebhaber faszinieren vor allem die Natursch\u00f6nheiten der Gebirge sowie das wilde mediterrane Flair der Riviera-k\u00fcste. F\u00fcr &hellip; <a href=\"https:\/\/www.adrianwood.ch\/?page_id=26838\" class=\"more-link\">Continue reading <span class=\"screen-reader-text\">2025-Albanien<\/span> <span class=\"meta-nav\">&rarr;<\/span><\/a><\/p>\n","protected":false},"author":1,"featured_media":0,"parent":20764,"menu_order":268,"comment_status":"closed","ping_status":"closed","template":"","meta":{"ngg_post_thumbnail":0,"footnotes":""},"class_list":["post-26838","page","type-page","status-publish","hentry"],"_links":{"self":[{"href":"https:\/\/www.adrianwood.ch\/index.php?rest_route=\/wp\/v2\/pages\/26838","targetHints":{"allow":["GET"]}}],"collection":[{"href":"https:\/\/www.adrianwood.ch\/index.php?rest_route=\/wp\/v2\/pages"}],"about":[{"href":"https:\/\/www.adrianwood.ch\/index.php?rest_route=\/wp\/v2\/types\/page"}],"author":[{"embeddable":true,"href":"https:\/\/www.adrianwood.ch\/index.php?rest_route=\/wp\/v2\/users\/1"}],"replies":[{"embeddable":true,"href":"https:\/\/www.adrianwood.ch\/index.php?rest_route=%2Fwp%2Fv2%2Fcomments&post=26838"}],"version-history":[{"count":5,"href":"https:\/\/www.adrianwood.ch\/index.php?rest_route=\/wp\/v2\/pages\/26838\/revisions"}],"predecessor-version":[{"id":27051,"href":"https:\/\/www.adrianwood.ch\/index.php?rest_route=\/wp\/v2\/pages\/26838\/revisions\/27051"}],"up":[{"embeddable":true,"href":"https:\/\/www.adrianwood.ch\/index.php?rest_route=\/wp\/v2\/pages\/20764"}],"wp:attachment":[{"href":"https:\/\/www.adrianwood.ch\/index.php?rest_route=%2Fwp%2Fv2%2Fmedia&parent=26838"}],"curies":[{"name":"wp","href":"https:\/\/api.w.org\/{rel}","templated":true}]}}