{"id":26845,"date":"2025-06-11T08:52:22","date_gmt":"2025-06-11T08:52:22","guid":{"rendered":"https:\/\/www.adrianwood.ch\/?page_id=26845"},"modified":"2025-06-23T08:43:59","modified_gmt":"2025-06-23T08:43:59","slug":"program","status":"publish","type":"page","link":"https:\/\/www.adrianwood.ch\/?page_id=26845","title":{"rendered":"Programm"},"content":{"rendered":"<figure id=\"attachment_26846\" aria-describedby=\"caption-attachment-26846\" style=\"width: 1621px\" class=\"wp-caption alignleft\"><a href=\"https:\/\/www.adrianwood.ch\/wp-content\/uploads\/2025\/06\/ALB_1226.jpg\"><img loading=\"lazy\" decoding=\"async\" class=\"size-full wp-image-26846\" src=\"https:\/\/www.adrianwood.ch\/wp-content\/uploads\/2025\/06\/ALB_1226.jpg\" alt=\"\" width=\"1621\" height=\"1080\" srcset=\"https:\/\/www.adrianwood.ch\/wp-content\/uploads\/2025\/06\/ALB_1226.jpg 1621w, https:\/\/www.adrianwood.ch\/wp-content\/uploads\/2025\/06\/ALB_1226-300x200.jpg 300w, https:\/\/www.adrianwood.ch\/wp-content\/uploads\/2025\/06\/ALB_1226-1024x682.jpg 1024w, https:\/\/www.adrianwood.ch\/wp-content\/uploads\/2025\/06\/ALB_1226-768x512.jpg 768w, https:\/\/www.adrianwood.ch\/wp-content\/uploads\/2025\/06\/ALB_1226-1536x1023.jpg 1536w\" sizes=\"auto, (max-width: 1621px) 100vw, 1621px\" \/><\/a><figcaption id=\"caption-attachment-26846\" class=\"wp-caption-text\">oberhalb Valora<\/figcaption><\/figure>\n<h2>Albanien \u2013 Weltkulturerbe, Vjosatal und albanische Riviera<br \/>\nMo, 12.05. &#8211; Mo, 26.05.2025, Programm Lupe Reisen<\/h2>\n<p>1. Tag: <a href=\"https:\/\/www.adrianwood.ch\/?page_id=26998\">Anreise \/ Stadtrundgang Tirana<\/a><br \/>\nFlug mit Wizzair von Basel nach Tirana (voraussichtliche Ankunft 10:00 Uhr). Bustransfer nach Tirana.<br \/>\nGemeinsames Mittagessen in einem guten Restaurant, anschlie\u00dfend Fahrt zum Hotel und Check-in.<br \/>\nAm Nachmittag Stadtrundgang durchs Zentrum von Tirana.<br \/>\nMittagessen und Abendessen in Tirana<br \/>\n\u00dcbernachtung in einem Hotel im Zentrum von Tirana<\/p>\n<p>2. Tag: <a href=\"https:\/\/www.adrianwood.ch\/?page_id=27017\">Wanderauftakt am Dajti, dem Hausberg von Tirana<\/a><br \/>\nMit dem Bus fahren wir auf den Dajti, den Hausberg Tiranas. Hier machen wir eine kleine Wanderung (Wanderung ca. 7 km, ca. 250 HM auf- und abw\u00e4rts, Gehzeit ca. 3 Std.) und genie\u00dfen die Aussicht sowohl auf die Hauptstadt als auch in die unber\u00fchrten Berge im Hinterland. Eine gemeinsame Einkehr nach der Wanderung wird vor Ort organisiert (nicht im Reisepreis enthalten). Nachmittags Freizeit.<br \/>\nAbendessen in Tirana.<br \/>\n\u00dcbernachtung in einem Hotel im Zentrum von Tirana<\/p>\n<p>3. Tag: Von Tirana nach Berat<br \/>\nBei unserer Fahrt in den S\u00fcden des Landes gilt ein erster Halt der Kirche von Ardenica. Die Kr\u00f6nungskirche des Nationalhelden Skanderbeg \u00fcberrascht mit wunderbar farbenpr\u00e4chtigen Fresken. Am fr\u00fchen Nachmittag Ankunft in Berat, der \u201eStadt der 1.000 Fenster\u201c, wo wir durch das Viertel Mangalemi streifen und zur Burg hinaufsteigen. Mit dem Ikonenmuseum wartet hier eine weitere \u00dcberraschung auf uns. Gemeinsames Abendessen in einem Restaurant in der Burg.<br \/>\n\u00dcbernachtung in einem famili\u00e4r gef\u00fchrten Hotel in der Altstadt von Berat.<\/p>\n<p>4. Tag: <a href=\"https:\/\/www.adrianwood.ch\/?page_id=26851\">Wandern in der Umgebung von Berat<\/a><br \/>\nNach einem Bummel durch die engen Gassen der stimmungsvollen Osmanenviertel Mangalemi und Gorica geht es zu Fu\u00df hinaus ins umgebende H\u00fcgelland mit sch\u00f6ner Aussicht auf die Altstadt von Berat (Wanderung ca. 10 km, ca. 500 HM auf- und abw\u00e4rts, Gehzeit ca. 4 Std.). Mittagessen (inklusive, ersetzt heute das Abendessen) im Dorf Drobonik, wer nicht mehr weiterlaufen m\u00f6chte, kann sich von hier schon in den Bus setzen. Am sp\u00e4ten Nachmittag Abfahrt zur Weinprobe mit Snacks in einem ausgezeichneten Weingut (inklusive)<br \/>\n\u00dcbernachtung in einem famili\u00e4r gef\u00fchrten Hotel in der Altstadt von Berat.<\/p>\n<p>5. Tag: Wandern im Tomorr-Nationalpark<br \/>\nKaum 20 km \u00f6stlich von Berat erhebt sich der Tomorr, der \u201eOlymp Albaniens\u201c, majest\u00e4tisch aus der K\u00fcstenebene (2.400 m H\u00f6he). Auf einer kurvenreichen Stra\u00dfe folgen wir zun\u00e4chst dem Osumtal flussaufw\u00e4rts. Mit einem einheimischen F\u00fchrer erkunden wir die spannende Berglandschaft und Bergd\u00f6rfer am Rand des Tomori Nationalparks, inklusive Picknick unterwegs (Wanderung ca. 6 km, ca. 350 HM auf- und abw\u00e4rts, Gehzeit ca. 3 Std.). Abendessen in Berat.<br \/>\n\u00dcbernachtung in einem famili\u00e4r gef\u00fchrten Hotel in der Altstadt von Berat.<\/p>\n<p>6. Tag: <a href=\"https:\/\/www.adrianwood.ch\/?page_id=27027\">Nach Vlora ans Meer<\/a><br \/>\nDer historische Ortskern von Vlora ist sch\u00f6n restauriert und mit der Muradiye Moschee gibt es hier auch ein hochkar\u00e4tiges Bauwerk aus der osmanischen Zeit zu sehen. Nach einem kleinen Rundgang in Vlora geht es weiter zum Badehotel s\u00fcdlich der Stadt. Abendessen im Hotel.<br \/>\n\u00dcbernachtung in einem Badehotel bei Vlora<\/p>\n<p>7. Tag: <a href=\"https:\/\/www.adrianwood.ch\/?page_id=26871\">Spektakul\u00e4re Gebirgsfahrt ins Hinterland<\/a><br \/>\nDie Anfahrt \u00fcber das Vjosatal ins K\u00fcstengebirge ist zwar etwas l\u00e4nger, daf\u00fcr aber landschaftlich sehr reizvoll. Teils messen die tiefen Canyons 1.000 H\u00f6henmeter von der Schulter bis zur Sohle! Von einem Bergdorf aus machen wir eine kleine Wanderung mit einem lokalen Guide, anschlie\u00dfend leichtes Mittagessen (Wanderung ca. 4 km, ca. 150 HM auf- und abw\u00e4rts, Gehzeit ca. 2 Std.). Durch die Schlucht von Kelcyra geht es dann entlang der Vjosa bis zu unserem n\u00e4chsten Unterkunftsort Permet. Abendessen in Permet.<br \/>\n\u00dcbernachtung in einem oder mehreren famili\u00e4ren Hotels in Permet im Vjosatal<\/p>\n<p>8. Tag: <a href=\"https:\/\/www.adrianwood.ch\/?page_id=26901\">Lengarica Canyon und Entspannen in den Thermalbecken von Benja<\/a><br \/>\nDer Lengarica-Canyon ist teils nur 3 m breit, aber bis \u00fcber 100 m tief. Die gewaltige Schlucht ist schon von unten eindrucksvoll, die wahren Ausblicke bieten sich aber erst, wenn man den Pfad oberhalb des Canyons entlang wandert (Wanderung ca. 4 km, ca. 300 HM auf- und abw\u00e4rts, Gehzeit ca. 3 Std.). Danach haben wir uns das Bad in den warmen Heilquellen von Benja unterhalb der osmanischen Br\u00fccke wirklich verdient. Hier k\u00f6nnen wir uns Zeit lassen, denn der Nachmittag ist zur freien Verf\u00fcgung.<br \/>\nAbendessen in Permet. \u00dcbernachtung in einem oder mehreren famili\u00e4ren Hotels in Permet im Vjosatal<\/p>\n<p>9. Tag: <a href=\"https:\/\/www.adrianwood.ch\/?page_id=26918\">Wandern an den Nemercka-Bergen und Fahrt nach Gjirokastra<\/a><br \/>\nDie Berge um Permet bieten unber\u00fchrte Landschaften und urspr\u00fcngliche Bergd\u00f6rfer, die auch heute noch bewohnt werden. Eine Wanderung hier lohnt unbedingt. (Wanderung ca. 10 km, ca. 400 HM auf- und abw\u00e4rts, Gehzeit ca. 3 Std.) In die UNESCO Weltkulturerbe-Stadt Gjirokastra ist es nicht weit.<br \/>\nAbendessen in Gjirokastra<br \/>\n\u00dcbernachtung in einem oder mehreren famili\u00e4ren Hotels in der Altstadt<\/p>\n<p>10. Tag: <a href=\"https:\/\/www.adrianwood.ch\/?page_id=26937\">Gjirokastra \u2013 Stadt der 1.000 Stufen<\/a><br \/>\nWir besichtigen nicht nur die Altstadt und eines der zahlreichen, mit Steinplatten gedeckten Herrenh\u00e4user aus osmanischer Zeit, sondern auch die gewaltige Festung (Gehzeit ca. 2 Std.). Nachmittags bleibt Zeit f\u00fcr eigene Entdeckungen. Abendessen in Gjirokastra.<br \/>\n\u00dcbernachtung in einem famili\u00e4r gef\u00fchrten Hotel in der Altstadt von Gjirokastra<\/p>\n<p>11. Tag: Zum Blauen Auge und nach Butrint (UNESCO-Weltkulturerbe)<br \/>\nWeiter geht es zum \u201eBlauen Auge\u201c, einer faszinierenden Karstquelle und an die ionische K\u00fcste. Der malerisch gelegene arch\u00e4ologische Park von Butrint ist nicht nur f\u00fcr Fans der Antike ein Highlight. Bei einem gemeinsamen Rundgang durchstreifen wir das weitl\u00e4ufige Gel\u00e4nde und seine beeindruckenden Bauwerke. Ein erfrischendes Bad im Meer vor unserem Strandhotel rundet den Tag ab. Abendessen in Himara.<br \/>\n\u00dcbernachtung in einem Strandhotel in Himara<\/p>\n<p>12. Tag: <a href=\"https:\/\/www.adrianwood.ch\/?page_id=26951\">Wanderung im K\u00fcstenbergland oberhalb von Himara<\/a><br \/>\nUnsere reizvolle Wanderung f\u00fchrt durch Olivenhaine, entlang von B\u00e4chlein und zu Bergd\u00f6rfern mit trutzigen Steinh\u00e4usern. Vielleicht treffen wir unterwegs auf Hirten mit ihren Herden, auf jeden Fall aber k\u00f6nnen wir auch heute wieder den weiten Blick \u00fcber das Meer genie\u00dfen (Wanderung ca. 10 km, ca. 450 HM auf- und abw\u00e4rts, Gehzeit ca. 4 Std.). Abendessen in Himara.<br \/>\n\u00dcbernachtung in einem Strandhotel in Himara<\/p>\n<p>13. Tag: <a href=\"https:\/\/www.adrianwood.ch\/?page_id=26968\">Wanderung zum Traumstrand von Gjipe<\/a><br \/>\nDie albanische Riviera hat viele wundersch\u00f6ne Str\u00e4nde zu bieten. Einige davon sind nur zu Fu\u00df zu erreichen. So auch der Strand am Canyon von Gjipe, zu dem wir von der H\u00f6henstra\u00dfe aus wandern. Unterwegs gibt es Badem\u00f6glichkeiten (Wanderung ca. 8 km, ca. 250 HM auf- und 350 HM abw\u00e4rts, Gehzeit ca. 3,5 Std.).<br \/>\nAbendessen in Himara. \u00dcbernachtung in einem Strandhotel in Himara an der albanischen Riviera<\/p>\n<p>14. Tag: <a href=\"https:\/\/www.adrianwood.ch\/?page_id=26982\">\u00dcber den Llogarapass und Fahrt nach Kruja<\/a><br \/>\nNach der spektakul\u00e4ren Anfahrt auf den 1.000 m hohen Llogarapass durchstreifen wir bei einer kleinen Rundwanderung zum C\u00e4sar-Pass die feuchten Urw\u00e4lder des Nationalparks und k\u00f6nnen unsere Blicke \u00fcber das Meer schweifen lassen (Wanderung ca. 3,4 km, ca. 200 HM auf- und abw\u00e4rts, Gehzeit ca. 1,5 Std.). Weiter geht es zur letzten Station, den Ort Kruja n\u00f6rdlich von Tirana. Je nach Ankunftszeit bleibt Zeit f\u00fcr den Bazar von Kruja, wo Andenken gekauft werden k\u00f6nnen.<br \/>\nIn einem sch\u00f6nen Restaurant essen wir zum Abschluss gemeinsam zu Abend.<br \/>\n\u00dcbernachtung in einem Hotel in Zentrum von Kruja<\/p>\n<p>15. Tag R\u00fcckreise<br \/>\nIn der Nacht gegen 2:30 Uhr Fahrt zum Flughafen, wo wir den R\u00fcckflug nach Basel antreten (Abflug voraussichtlich 05:00 Uhr).<\/p>\n","protected":false},"excerpt":{"rendered":"<p>Albanien \u2013 Weltkulturerbe, Vjosatal und albanische Riviera Mo, 12.05. &#8211; Mo, 26.05.2025, Programm Lupe Reisen 1. Tag: Anreise \/ Stadtrundgang Tirana Flug mit Wizzair von Basel nach Tirana (voraussichtliche Ankunft 10:00 Uhr). Bustransfer nach Tirana. Gemeinsames Mittagessen in einem guten Restaurant, anschlie\u00dfend Fahrt zum Hotel und Check-in. Am Nachmittag Stadtrundgang durchs Zentrum von Tirana. Mittagessen &hellip; <a href=\"https:\/\/www.adrianwood.ch\/?page_id=26845\" class=\"more-link\">Continue reading <span class=\"screen-reader-text\">Programm<\/span> <span class=\"meta-nav\">&rarr;<\/span><\/a><\/p>\n","protected":false},"author":1,"featured_media":0,"parent":26838,"menu_order":2680,"comment_status":"closed","ping_status":"closed","template":"","meta":{"ngg_post_thumbnail":0,"footnotes":""},"class_list":["post-26845","page","type-page","status-publish","hentry"],"_links":{"self":[{"href":"https:\/\/www.adrianwood.ch\/index.php?rest_route=\/wp\/v2\/pages\/26845","targetHints":{"allow":["GET"]}}],"collection":[{"href":"https:\/\/www.adrianwood.ch\/index.php?rest_route=\/wp\/v2\/pages"}],"about":[{"href":"https:\/\/www.adrianwood.ch\/index.php?rest_route=\/wp\/v2\/types\/page"}],"author":[{"embeddable":true,"href":"https:\/\/www.adrianwood.ch\/index.php?rest_route=\/wp\/v2\/users\/1"}],"replies":[{"embeddable":true,"href":"https:\/\/www.adrianwood.ch\/index.php?rest_route=%2Fwp%2Fv2%2Fcomments&post=26845"}],"version-history":[{"count":6,"href":"https:\/\/www.adrianwood.ch\/index.php?rest_route=\/wp\/v2\/pages\/26845\/revisions"}],"predecessor-version":[{"id":27049,"href":"https:\/\/www.adrianwood.ch\/index.php?rest_route=\/wp\/v2\/pages\/26845\/revisions\/27049"}],"up":[{"embeddable":true,"href":"https:\/\/www.adrianwood.ch\/index.php?rest_route=\/wp\/v2\/pages\/26838"}],"wp:attachment":[{"href":"https:\/\/www.adrianwood.ch\/index.php?rest_route=%2Fwp%2Fv2%2Fmedia&parent=26845"}],"curies":[{"name":"wp","href":"https:\/\/api.w.org\/{rel}","templated":true}]}}