{"id":26871,"date":"2025-06-11T11:09:12","date_gmt":"2025-06-11T11:09:12","guid":{"rendered":"https:\/\/www.adrianwood.ch\/?page_id=26871"},"modified":"2025-06-23T16:29:37","modified_gmt":"2025-06-23T16:29:37","slug":"05-17-nivice","status":"publish","type":"page","link":"https:\/\/www.adrianwood.ch\/?page_id=26871","title":{"rendered":"05-18 Nivice"},"content":{"rendered":"<div class=\"pmdi_content_wrapper\">\n<p class=\"Normal-P\" style=\"margin-bottom: 6pt; direction: ltr; unicode-bidi: normal;\"><span class=\"Normal-H\"><span style=\"font-family: Arial; font-weight: bold; font-size: 12pt;\">18.Mai,<\/span><span style=\"font-family: Arial; font-weight: bold; font-size: 12pt;\"> Spektakul\u00e4re <\/span><span style=\"font-family: Arial; font-weight: bold; font-size: 12pt;\">Abstieg <\/span><span style=\"font-family: Arial; font-weight: bold; font-size: 12pt;\">in einem der Canyons<\/span><span style=\"font-family: Arial; font-weight: bold; font-size: 12pt;\"> bei <\/span><span style=\"font-family: Arial; font-weight: bold; font-size: 12pt;\">Nivice<\/span><\/span><\/p>\n<table class=\"TableGrid-T\" style=\"border-collapse: collapse;\" cellspacing=\"0\">\n<tbody>\n<tr class=\"-R\">\n<td class=\"-C\" style=\"width: 481.4pt; border: none windowtext 0pt;\" colspan=\"2\">\n<p class=\"Normal-P\" style=\"margin-bottom: 6pt; direction: ltr; unicode-bidi: normal;\"><span class=\"Normal-H\"><span style=\"font-family: Arial; font-size: 12pt;\">Von Vlora geht unsere Reise weiter nach <\/span><span style=\"font-family: Arial; font-size: 12pt;\">Nivice<\/span><span style=\"font-family: Arial; font-size: 12pt;\">. Die beeindruckende Fahrt durch <\/span><span style=\"font-family: Arial; font-size: 12pt;\">den<\/span><span style=\"font-family: Arial; font-size: 12pt;\">Shushice<\/span><span style=\"font-family: Arial; font-size: 12pt;\"> und <\/span><span style=\"font-family: Arial; font-size: 12pt;\">Vjosa<\/span><span style=\"font-family: Arial; font-size: 12pt;\"> T\u00e4ler<\/span><span style=\"font-family: Arial; font-size: 12pt;\"> geh\u00f6rt sicher zu einer der landschaftlich reizvollsten Regionen des Landes. Unser Ziel sind die spektakul\u00e4ren <\/span><span style=\"font-family: Arial; font-size: 12pt;\">Nivica<\/span><span style=\"font-family: Arial; font-size: 12pt;\"> Canyons die in der Region <\/span><span style=\"font-family: Arial; font-size: 12pt;\">Kurvelesh<\/span><span style=\"font-family: Arial; font-size: 12pt;\"> nahe dem Dorf <\/span><span style=\"font-family: Arial; font-size: 12pt;\">Nivice<\/span><span style=\"font-family: Arial; font-size: 12pt;\">, zwischen <\/span><span style=\"font-family: Arial; font-size: 12pt;\">Tepelana<\/span><span style=\"font-family: Arial; font-size: 12pt;\"> und der Ionischen K\u00fcste liegen. Sie erstrecken sich \u00fcber eine L\u00e4nge von etwa 40 Kilometernund eine Breite von rund 15 Kilometern.<\/span><\/span><\/p>\n<\/td>\n<\/tr>\n<tr class=\"-R\">\n<td class=\"-C\" style=\"width: 241.45pt; border: none windowtext 0pt;\">\n<p class=\"Normal-P\" style=\"margin-bottom: 6pt; direction: ltr; unicode-bidi: normal;\"><span class=\"Normal-H\"><span style=\"font-family: Arial; font-size: 12pt;\"><img loading=\"lazy\" decoding=\"async\" class=\"\" src=\"https:\/\/www.adrianwood.ch\/wp-content\/uploads\/2025\/06\/1749640122_image1.jpeg\" width=\"353\" height=\"235\" data-link=\"\"><\/span><\/span><\/p>\n<\/td>\n<td class=\"-C\" style=\"width: 239.95pt; border: none windowtext 0pt;\">\n<p class=\"Normal-P\" style=\"margin-bottom: 6pt; direction: ltr; unicode-bidi: normal;\"><span class=\"Normal-H\"><span style=\"font-family: Arial; font-size: 12pt;\"><img loading=\"lazy\" decoding=\"async\" class=\"\" src=\"https:\/\/www.adrianwood.ch\/wp-content\/uploads\/2025\/06\/1749640122_image2.jpeg\" width=\"353\" height=\"234\" data-link=\"\"><\/span><\/span><\/p>\n<\/td>\n<\/tr>\n<tr class=\"-R\">\n<td class=\"-C\" style=\"width: 481.4pt; border: none windowtext 0pt;\" colspan=\"2\">\n<p class=\"Normal-P\" style=\"margin-bottom: 6pt; direction: ltr; unicode-bidi: normal;\"><span class=\"Normal-H\"><span style=\"font-family: Arial; font-size: 12pt;\">Wir machen Halt an einem wundersch\u00f6n gelegenen Restaurant. Von hier starten wir unsere Wanderung in einen der Canyons. Unterst\u00fctzt werden wir von Nadir, einem lokalen Guide der in dieser Region aufgewachsen ist. Er hilft hier und da beim Abstieg <\/span><span style=\"font-size: 12pt;\">\ud83d\ude0a<\/span><span style=\"font-family: Arial; font-size: 12pt;\">der doch anspruchsvollen Strecke.<\/span><\/span><\/p>\n<\/td>\n<\/tr>\n<tr class=\"-R\">\n<td class=\"-C\" style=\"width: 241.45pt; border: none windowtext 0pt;\">\n<p class=\"Normal-P\" style=\"margin-bottom: 6pt; direction: ltr; unicode-bidi: normal;\"><span class=\"Normal-H\"><span style=\"font-family: Arial; font-size: 12pt;\"><img loading=\"lazy\" decoding=\"async\" class=\"\" src=\"https:\/\/www.adrianwood.ch\/wp-content\/uploads\/2025\/06\/1749640122_image3.jpeg\" width=\"353\" height=\"235\" data-link=\"\"><\/span><\/span><\/p>\n<\/td>\n<td class=\"-C\" style=\"width: 239.95pt; border: none windowtext 0pt;\">\n<p class=\"Normal-P\" style=\"margin-bottom: 6pt; direction: ltr; unicode-bidi: normal;\"><span class=\"Normal-H\"><span style=\"font-family: Arial; font-size: 12pt;\"><img loading=\"lazy\" decoding=\"async\" class=\"\" src=\"https:\/\/www.adrianwood.ch\/wp-content\/uploads\/2025\/06\/1749640122_image4.jpeg\" width=\"353\" height=\"236\" data-link=\"\"><\/span><\/span><\/p>\n<\/td>\n<\/tr>\n<tr class=\"-R\">\n<td class=\"-C\" style=\"width: 481.4pt; border: none windowtext 0pt;\" colspan=\"2\">\n<p class=\"Normal-P\" style=\"margin-bottom: 6pt; direction: ltr; unicode-bidi: normal;\"><span class=\"Normal-H\"><span style=\"font-family: Arial; font-size: 12pt;\">Unser Ziel ist ein malerischer Wasserfall, der sich in einen kristallklaren Fluss ergiesst und von steilen Kalksteinw\u00e4nden umgeben ist. Nach ca. 1 Stunde und nach ca. 150 H\u00f6henmetern haben wir es geschafft.<\/span><\/span><\/p>\n<\/td>\n<\/tr>\n<tr class=\"-R\">\n<td class=\"-C\" style=\"width: 241.45pt; border: none windowtext 0pt;\">\n<p class=\"Normal-P\" style=\"margin-bottom: 6pt; direction: ltr; unicode-bidi: normal;\"><span class=\"Normal-H\"><span style=\"font-family: Arial; font-size: 12pt;\"><img loading=\"lazy\" decoding=\"async\" class=\"\" src=\"https:\/\/www.adrianwood.ch\/wp-content\/uploads\/2025\/06\/1749640122_image5.jpeg\" width=\"353\" height=\"235\" data-link=\"\"><\/span><\/span><\/p>\n<\/td>\n<td class=\"-C\" style=\"width: 239.95pt; border: none windowtext 0pt;\">\n<p class=\"Normal-P\" style=\"margin-bottom: 6pt; direction: ltr; unicode-bidi: normal;\"><span class=\"Normal-H\"><span style=\"font-family: Arial; font-size: 12pt;\"><img loading=\"lazy\" decoding=\"async\" class=\"\" src=\"https:\/\/www.adrianwood.ch\/wp-content\/uploads\/2025\/06\/1749640122_image6.jpeg\" width=\"353\" height=\"236\" data-link=\"\"><\/span><\/span><\/p>\n<\/td>\n<\/tr>\n<tr class=\"-R\">\n<td class=\"-C\" style=\"width: 481.4pt; border: none windowtext 0pt;\" colspan=\"2\">\n<p class=\"Normal-P\" style=\"margin-bottom: 6pt; direction: ltr; unicode-bidi: normal;\"><span class=\"Normal-H\"><span style=\"font-family: Arial; font-size: 12pt;\">Zum Baden in dem quirligen Fl\u00fcsschen ist es uns aber allen zu kalt und so machen wir uns nach einer kurzen Pause wieder an den Aufstieg. Wir verabschieden uns von Nadir und st\u00e4rken uns mit einem leckeren Mittagessen in dem Berggasthof. <\/span><\/span><\/p>\n<\/td>\n<\/tr>\n<tr class=\"-R\">\n<td class=\"-C\" style=\"width: 241.45pt; border: none windowtext 0pt;\">\n<p class=\"Normal-P\" style=\"margin-bottom: 6pt; direction: ltr; unicode-bidi: normal;\"><span class=\"Normal-H\"><span style=\"font-family: Arial; font-size: 12pt;\"><img loading=\"lazy\" decoding=\"async\" class=\"\" src=\"https:\/\/www.adrianwood.ch\/wp-content\/uploads\/2025\/06\/1749640122_image7.jpeg\" width=\"353\" height=\"628\" data-link=\"\"><\/span><\/span><\/p>\n<\/td>\n<td class=\"-C\" style=\"width: 239.95pt; border: none windowtext 0pt;\">\n<p class=\"Normal-P\" style=\"margin-bottom: 6pt; direction: ltr; unicode-bidi: normal;\"><span class=\"Normal-H\"><span style=\"font-family: Arial; font-size: 12pt;\"><img loading=\"lazy\" decoding=\"async\" class=\"\" src=\"https:\/\/www.adrianwood.ch\/wp-content\/uploads\/2025\/06\/1749640122_image8.jpeg\" width=\"353\" height=\"627\" data-link=\"\"><\/span><\/span><\/p>\n<\/td>\n<\/tr>\n<tr class=\"-R\">\n<td class=\"-C\" style=\"width: 481.4pt; border: none windowtext 0pt;\" colspan=\"2\">\n<p class=\"Normal-P\" style=\"margin-bottom: 6pt; direction: ltr; unicode-bidi: normal;\"><span class=\"Normal-H\"><span style=\"font-family: Arial; font-size: 12pt;\">Wir verlassen das Dorf <\/span><span style=\"font-family: Arial; font-size: 12pt;\">Nevice<\/span><span style=\"font-family: Arial; font-size: 12pt;\"> und fahren durch die wilde Landschaft des <\/span><span style=\"font-family: Arial; font-size: 12pt;\">Kurvelesh<\/span><span style=\"font-family: Arial; font-size: 12pt;\"> Gebirges. Die Strecke bietet immer wieder landschaftlich atemberaubende Ausblicke auf die tiefen Schluchten. <\/span><\/span><\/p>\n<\/td>\n<\/tr>\n<tr class=\"-R\">\n<td class=\"-C\" style=\"width: 481.4pt; border: none windowtext 0pt;\" colspan=\"2\">\n<p class=\"Normal-P\" style=\"margin-bottom: 6pt; direction: ltr; unicode-bidi: normal;\"><span class=\"Normal-H\"><span style=\"font-family: Arial; font-size: 12pt;\"><img loading=\"lazy\" decoding=\"async\" class=\"\" src=\"https:\/\/www.adrianwood.ch\/wp-content\/uploads\/2025\/06\/1749640122_image9.jpeg\" width=\"746\" height=\"258\" data-link=\"\"><\/span><\/span><\/p>\n<\/td>\n<\/tr>\n<tr class=\"-R\">\n<td class=\"-C\" style=\"width: 481.4pt; border: none windowtext 0pt;\" colspan=\"2\">\n<p class=\"Normal-P\" style=\"margin-bottom: 6pt; direction: ltr; unicode-bidi: normal;\"><span class=\"Normal-H\"><span style=\"font-family: Arial; font-size: 12pt;\">Unser Ziel ist <\/span><span style=\"font-family: Arial; font-size: 12pt;\">Permet<\/span><span style=\"font-family: Arial; font-size: 12pt;\">, eine charmante Kleinstadt im <\/span><span style=\"font-family: Arial; font-size: 12pt;\">Vjosatal<\/span><span style=\"font-family: Arial; font-size: 12pt;\">, auch genannt die Stadt der Rosen. Wir lassen den Tag bei einem gem\u00fctlichen Abendessen ausklingen.<\/span><\/span><\/p>\n<p class=\"Normal-P\" style=\"margin-bottom: 6pt; direction: ltr; unicode-bidi: normal;\"><span class=\"Normal-H\"><span style=\"font-family: Arial; font-size: 12pt;\">Doris<\/span><\/span><\/p>\n<\/td>\n<\/tr>\n<p><!-- [if !supportMisalignedColumns]--><\/tbody>\n<\/table>\n<\/div>\n","protected":false},"excerpt":{"rendered":"<p>18.Mai, Spektakul\u00e4re Abstieg in einem der Canyons bei Nivice Von Vlora geht unsere Reise weiter nach Nivice. Die beeindruckende Fahrt durch denShushice und Vjosa T\u00e4ler geh\u00f6rt sicher zu einer der landschaftlich reizvollsten Regionen des Landes. Unser Ziel sind die spektakul\u00e4ren Nivica Canyons die in der Region Kurvelesh nahe dem Dorf Nivice, zwischen Tepelana und der &hellip; <a href=\"https:\/\/www.adrianwood.ch\/?page_id=26871\" class=\"more-link\">Continue reading <span class=\"screen-reader-text\">05-18 Nivice<\/span> <span class=\"meta-nav\">&rarr;<\/span><\/a><\/p>\n","protected":false},"author":1,"featured_media":0,"parent":26838,"menu_order":2688,"comment_status":"closed","ping_status":"closed","template":"","meta":{"ngg_post_thumbnail":0,"footnotes":""},"class_list":["post-26871","page","type-page","status-publish","hentry"],"_links":{"self":[{"href":"https:\/\/www.adrianwood.ch\/index.php?rest_route=\/wp\/v2\/pages\/26871","targetHints":{"allow":["GET"]}}],"collection":[{"href":"https:\/\/www.adrianwood.ch\/index.php?rest_route=\/wp\/v2\/pages"}],"about":[{"href":"https:\/\/www.adrianwood.ch\/index.php?rest_route=\/wp\/v2\/types\/page"}],"author":[{"embeddable":true,"href":"https:\/\/www.adrianwood.ch\/index.php?rest_route=\/wp\/v2\/users\/1"}],"replies":[{"embeddable":true,"href":"https:\/\/www.adrianwood.ch\/index.php?rest_route=%2Fwp%2Fv2%2Fcomments&post=26871"}],"version-history":[{"count":9,"href":"https:\/\/www.adrianwood.ch\/index.php?rest_route=\/wp\/v2\/pages\/26871\/revisions"}],"predecessor-version":[{"id":27065,"href":"https:\/\/www.adrianwood.ch\/index.php?rest_route=\/wp\/v2\/pages\/26871\/revisions\/27065"}],"up":[{"embeddable":true,"href":"https:\/\/www.adrianwood.ch\/index.php?rest_route=\/wp\/v2\/pages\/26838"}],"wp:attachment":[{"href":"https:\/\/www.adrianwood.ch\/index.php?rest_route=%2Fwp%2Fv2%2Fmedia&parent=26871"}],"curies":[{"name":"wp","href":"https:\/\/api.w.org\/{rel}","templated":true}]}}