{"id":2694,"date":"2013-09-03T11:37:08","date_gmt":"2013-09-03T10:37:08","guid":{"rendered":"http:\/\/adrianwood.ch\/?page_id=2694"},"modified":"2013-09-03T11:37:08","modified_gmt":"2013-09-03T10:37:08","slug":"05-22-pluzine","status":"publish","type":"page","link":"https:\/\/www.adrianwood.ch\/?page_id=2694","title":{"rendered":"05-22 Pluzine"},"content":{"rendered":"<p><!--[if !mso]>\n\n\n<style>\nv:* {behavior:url(#default#VML);}\no:* {behavior:url(#default#VML);}\nw:* {behavior:url(#default#VML);}\n.shape {behavior:url(#default#VML);}\n<\/style>\n\n\n<![endif]--><\/p>\n<p><b>Mittwoch, 22., Perast \u2013 Pluzine \u2013 Crkvicko Polje im Piva Gebirge<\/b><\/p>\n<table border=\"0\" cellspacing=\"0\" cellpadding=\"0\">\n<tbody>\n<tr>\n<td colspan=\"2\" valign=\"top\" width=\"814\">Vor der Abfahrt suchen wir Schutz unter einem Unterstand. Und schon kam er angerannt, der clevere Regenschirmverk\u00e4ufer und wurde ein paar Knirpse zum Preis von 5 Euro los. Schirm, Charme ohne Melone sollen uns im regenreichsten Ort von Europa vor N\u00e4sse verschonen. In Bergregionen im Orjen und Lovcen misst man Rekord-Niederschlagswerte mit 5000 Liter pro qm.<\/td>\n<\/tr>\n<tr>\n<td valign=\"top\" width=\"407\">\u00a0<img decoding=\"async\" class=\"ngg-singlepic ngg-none\" alt=\"image001_r3\" src=\"http:\/\/adrianwood.ch\/wp-content\/gallery\/montenegro07\/image001_r3.jpg\" \/><\/td>\n<td valign=\"top\" width=\"407\">\u00a0<img decoding=\"async\" class=\"ngg-singlepic ngg-none\" alt=\"image003_r3\" src=\"http:\/\/adrianwood.ch\/wp-content\/gallery\/montenegro07\/image003_r3.jpg\" \/><\/td>\n<\/tr>\n<tr>\n<td colspan=\"2\" valign=\"top\" width=\"814\">Nach Norden f\u00fchrt die tunnelreiche E 762 (bisher Nr. 18) \u00fcber den Javorak-Pass (1235 m) ins Piva-Tal nach Pluzine. Dieses heute zentrumsferne Tal war fr\u00fcher ein wichtiger Karawanenweg zwischen der K\u00fcste bei Kotor, Niksic und Sbrinje in Bosnien, sowie weiter nach Sarajevo bzw. Visegrad. Dort wurde die ber\u00fchmte Br\u00fccke \u00fcber die Drina im 16. Jh. errichtet, um die Karavanen sicher \u00fcber den Fluss zu leiten, der bei Hochwasser oft nicht fahrbar war (Dumont).<\/td>\n<\/tr>\n<tr>\n<td valign=\"top\" width=\"407\">\u00a0<img decoding=\"async\" class=\"ngg-singlepic ngg-none\" alt=\"image005_r3\" src=\"http:\/\/adrianwood.ch\/wp-content\/gallery\/montenegro07\/image005_r3.jpg\" \/><\/td>\n<td valign=\"top\" width=\"407\">\u00a0<img decoding=\"async\" class=\"ngg-singlepic ngg-none\" alt=\"image007_r3\" src=\"http:\/\/adrianwood.ch\/wp-content\/gallery\/montenegro07\/image007_r3.jpg\" \/><\/td>\n<\/tr>\n<tr>\n<td colspan=\"2\" valign=\"top\" width=\"814\">Ein Kaffehalt wird eingeplant. Ob er vor oder nach Niksic, der 2. gr\u00f6ssten Industriestadt mit ca. 80 000 Einwohnern war, weiss ich heute nicht mehr, doch erinnere ich mich an die handgeschnitzten Barst\u00fchle und das idyllische Ambiente, wo wir uns mit hausgemachtem Pflaumenschnaps bei \u00e4usserst dunklen Wetterprognosen anheiterten.<\/td>\n<\/tr>\n<tr>\n<td valign=\"top\" width=\"407\">\u00a0<img decoding=\"async\" class=\"ngg-singlepic ngg-none\" alt=\"image009_r3\" src=\"http:\/\/adrianwood.ch\/wp-content\/gallery\/montenegro07\/image009_r3.jpg\" \/><\/td>\n<td valign=\"top\" width=\"407\">\u00a0<img decoding=\"async\" class=\"ngg-singlepic ngg-none\" alt=\"image011_r3\" src=\"http:\/\/adrianwood.ch\/wp-content\/gallery\/montenegro07\/image011_r3.jpg\" \/><\/td>\n<\/tr>\n<tr>\n<td colspan=\"2\" valign=\"top\" width=\"814\">Weiter geht die Fahrt zum Pivski Manastir.\u00a0 Das Kloster an der Piva entstand im sp\u00e4ten 16. Jh. Einer der Maler der Fresken ist vermutlich mit jenem identisch, der die meisten Fresken im Kloster der Dreifaltigkeit in Pljevlja geschaffen hat. Das kleine Kloster mit seiner 3-schiffigen basilikalen Klosterkirche war zu seiner Zeit sehr bedeutend. Die Fresken im Schiff entstanden 1604 \u2013 1606, jene im Narthex bis 1626. Sie stammen von zwei verschiedenen Meistern. Das Kloster hat nicht immer an dieser Stelle gestanden. Mit dem Bau des Wasserkraftwerkes stromabw\u00e4rts (zwischen Pluzine und der Grenze wurde der Piva-Stausee geflutet, der das Kloster \u00fcberdeckt h\u00e4tte, wenn man es nicht 1969 \u2013 1982 Stein f\u00fcr Stein \u00fcber eine Distanz von 3 km an seinen heutigen Platz versetzt h\u00e4tte (Dumont).<\/td>\n<\/tr>\n<tr>\n<td valign=\"top\" width=\"407\">\u00a0<img decoding=\"async\" class=\"ngg-singlepic ngg-none\" alt=\"image013_r3\" src=\"http:\/\/adrianwood.ch\/wp-content\/gallery\/montenegro07\/image013_r3.jpg\" \/><\/td>\n<td valign=\"top\" width=\"407\">\u00a0<img decoding=\"async\" class=\"ngg-singlepic ngg-none\" alt=\"image015_r3\" src=\"http:\/\/adrianwood.ch\/wp-content\/gallery\/montenegro07\/image015_r3.jpg\" \/><\/td>\n<\/tr>\n<tr>\n<td colspan=\"2\" valign=\"top\" width=\"814\">Nun, die vorgesehene Bootsfahrt, die Wanderung zu einem Aussichspunkt oberhalb von Pluzine fallen\u00a0 buchst\u00e4blich ins Wasser. Ebenso die M\u00f6glichkeit, einen Rafting Ausflug auf der Tara in Betracht zu ziehen, doch ein leckeres M\u00e4hli in einem gem\u00fctlichen Lokal hat Vlatko, Reisef\u00fchrer junior, f\u00fcr uns bestellt. Als Spezialit\u00e4t gibt es zum Ap\u00e9ro hausgemachte fruchtige Slibowitze, Salate, Frischk\u00e4se, Fleisch- oder Gem\u00fcsesuppe, Rumsteaks in Honig mariniert oder frische Forellen, Ratatouille und Kartoffeln, dazu einheimischer Honigwein. In anderen Worten: kulinarische Superlativen.<\/td>\n<\/tr>\n<tr>\n<td valign=\"top\" width=\"407\">\u00a0<img decoding=\"async\" class=\"ngg-singlepic ngg-none\" alt=\"image017_r3\" src=\"http:\/\/adrianwood.ch\/wp-content\/gallery\/montenegro07\/image017_r3.jpg\" \/><\/td>\n<td valign=\"top\" width=\"407\">\u00a0<img decoding=\"async\" class=\"ngg-singlepic ngg-none\" alt=\"image019_r3\" src=\"http:\/\/adrianwood.ch\/wp-content\/gallery\/montenegro07\/image019_r3.jpg\" \/><\/td>\n<\/tr>\n<tr>\n<td colspan=\"2\" valign=\"top\" width=\"814\">Die Weiterfahrt geht durch ein Nebelmeer. Chauffeur Novak steuert uns zielsicher ans Uebernachtungsziel am Fusse des Durmitors auf ca.1050 m \u00fcber Meer.\u00a0 Eine H\u00e4lfte ist in einem umgebauten ehemaligen Partisanen Spital in Hochbetten untergebracht, die andere H\u00e4lfte um nicht zu sagen die bessere in einem Camp bestehend aus niedlichen Holzh\u00fctten. Die Singles r\u00fccken mit den Twins oder untereinander zusammen \u2013 wohlverstanden Frauen zu Frauen, Mannen zu Mannen. Die Ehepaare nisten sich in Holzh\u00e4uschen ein.<\/td>\n<\/tr>\n<tr>\n<td valign=\"top\" width=\"407\">\u00a0<img decoding=\"async\" class=\"ngg-singlepic ngg-none\" alt=\"image021_r3\" src=\"http:\/\/adrianwood.ch\/wp-content\/gallery\/montenegro07\/image021_r3.jpg\" \/><\/td>\n<td valign=\"top\" width=\"407\">Meine in Kotor erstandene Schlafm\u00fctze aus einheimischer Schafwolle ersetzt Bettsocken und sch\u00fctzt vor Partisanend\u00e4monen. Somit ist mein Mittwochsbericht zu Ende. Gute Nacht, schlaft gut und tr\u00e4umt honigs\u00fcss von euern Liebsten daheim.<\/p>\n<p>Christa G.<\/p>\n<p><img decoding=\"async\" class=\"ngg-singlepic ngg-none\" alt=\"image023_r3\" src=\"http:\/\/adrianwood.ch\/wp-content\/gallery\/montenegro07\/image023_r3.jpg\" \/><\/td>\n<\/tr>\n<\/tbody>\n<\/table>\n<p>&nbsp;<\/p>\n","protected":false},"excerpt":{"rendered":"<p>Mittwoch, 22., Perast \u2013 Pluzine \u2013 Crkvicko Polje im Piva Gebirge Vor der Abfahrt suchen wir Schutz unter einem Unterstand. Und schon kam er angerannt, der clevere Regenschirmverk\u00e4ufer und wurde ein paar Knirpse zum Preis von 5 Euro los. Schirm, Charme ohne Melone sollen uns im regenreichsten Ort von Europa vor N\u00e4sse verschonen. In Bergregionen &hellip; <a href=\"https:\/\/www.adrianwood.ch\/?page_id=2694\" class=\"more-link\">Continue reading <span class=\"screen-reader-text\">05-22 Pluzine<\/span> <span class=\"meta-nav\">&rarr;<\/span><\/a><\/p>\n","protected":false},"author":1,"featured_media":0,"parent":2612,"menu_order":2448,"comment_status":"closed","ping_status":"closed","template":"","meta":{"ngg_post_thumbnail":0,"footnotes":""},"class_list":["post-2694","page","type-page","status-publish","hentry"],"_links":{"self":[{"href":"https:\/\/www.adrianwood.ch\/index.php?rest_route=\/wp\/v2\/pages\/2694","targetHints":{"allow":["GET"]}}],"collection":[{"href":"https:\/\/www.adrianwood.ch\/index.php?rest_route=\/wp\/v2\/pages"}],"about":[{"href":"https:\/\/www.adrianwood.ch\/index.php?rest_route=\/wp\/v2\/types\/page"}],"author":[{"embeddable":true,"href":"https:\/\/www.adrianwood.ch\/index.php?rest_route=\/wp\/v2\/users\/1"}],"replies":[{"embeddable":true,"href":"https:\/\/www.adrianwood.ch\/index.php?rest_route=%2Fwp%2Fv2%2Fcomments&post=2694"}],"version-history":[{"count":0,"href":"https:\/\/www.adrianwood.ch\/index.php?rest_route=\/wp\/v2\/pages\/2694\/revisions"}],"up":[{"embeddable":true,"href":"https:\/\/www.adrianwood.ch\/index.php?rest_route=\/wp\/v2\/pages\/2612"}],"wp:attachment":[{"href":"https:\/\/www.adrianwood.ch\/index.php?rest_route=%2Fwp%2Fv2%2Fmedia&parent=2694"}],"curies":[{"name":"wp","href":"https:\/\/api.w.org\/{rel}","templated":true}]}}