{"id":26968,"date":"2025-06-13T08:53:33","date_gmt":"2025-06-13T08:53:33","guid":{"rendered":"https:\/\/www.adrianwood.ch\/?page_id=26968"},"modified":"2025-06-23T08:53:52","modified_gmt":"2025-06-23T08:53:52","slug":"05-24-gjipe","status":"publish","type":"page","link":"https:\/\/www.adrianwood.ch\/?page_id=26968","title":{"rendered":"05-24 Gjipe"},"content":{"rendered":"<div class=\"pmdi_content_wrapper\">\n<p class=\"Normal-P\" style=\"margin-bottom: 6pt; direction: ltr; unicode-bidi: normal;\"><span class=\"Normal-H\"><span style=\"font-family: Arial; font-weight: bold; font-size: 12pt;\">24.Mai, Wanderung zum Traumstrand von <\/span><span style=\"font-family: Arial; font-weight: bold; font-size: 12pt;\">Gjipe<\/span><\/span><\/p>\n<table class=\"TableGrid-T\" style=\"border-collapse: collapse;\" cellspacing=\"0\">\n<tbody>\n<tr class=\"-R\">\n<td class=\"-C\" style=\"width: 481.4pt; border: none windowtext 0pt;\" colspan=\"2\">\n<p class=\"Normal-P\" style=\"margin-bottom: 6pt; direction: ltr; unicode-bidi: normal;\"><span class=\"Normal-H\"><span style=\"font-family: Arial; font-size: 12pt;\">Wie die Zeit doch schnell vergeht<\/span><span style=\"font-family: Arial; font-size: 12pt;\">! Heute Samstag unternehmen wir nach dem Fr\u00fchst\u00fcck die letzte Wanderung diesmal an den sch\u00f6nen S<\/span><span style=\"font-family: Arial; font-size: 12pt;\">trand von <\/span><span style=\"font-family: Arial; font-size: 12pt;\">Gjipe<\/span><span style=\"font-family: Arial; font-size: 12pt;\"> zum Baden. Nach kurzer Fahrt von <\/span><span style=\"font-family: Arial; font-size: 12pt;\">Himara<\/span><span style=\"font-family: Arial; font-size: 12pt;\"> mit dem Bus der K\u00fcste entlang; kleiner <\/span><span style=\"font-family: Arial; font-size: 12pt;\">Stop<\/span><span style=\"font-family: Arial; font-size: 12pt;\"> um den Lunch einzukaufen. Dann weiter hinauf durch das Dorf <\/span><span style=\"font-family: Arial; font-size: 12pt;\">Vuno<\/span><span style=\"font-family: Arial; font-size: 12pt;\">. Dieses alte Dorf wurde wie manche andere in der Gegend von der Regierung renoviert. Weiter geht die Fahrt zum Bergort <\/span><span style=\"font-family: Arial; font-size: 12pt;\">Dhermi<\/span><span style=\"font-family: Arial; font-size: 12pt;\">, welches nur aus ein paar wenige H\u00e4user am Hang besteht.<\/span><\/span><\/p>\n<\/td>\n<\/tr>\n<tr class=\"-R\">\n<td class=\"-C\" style=\"width: 481.4pt; border: none windowtext 0pt;\" colspan=\"2\">\n<p class=\"Normal-P\" style=\"margin-bottom: 6pt; direction: ltr; unicode-bidi: normal;\"><span class=\"Normal-H\"><span style=\"font-family: Arial; font-size: 12pt;\"><img loading=\"lazy\" decoding=\"async\" class=\"\" src=\"https:\/\/www.adrianwood.ch\/wp-content\/uploads\/2025\/06\/1749804802_image1.jpeg\" width=\"745\" height=\"243\" data-link=\"\"><\/span><\/span><\/p>\n<\/td>\n<\/tr>\n<tr class=\"-R\">\n<td class=\"-C\" style=\"width: 481.4pt; border: none windowtext 0pt;\" colspan=\"2\">\n<p class=\"Normal-P\" style=\"margin-bottom: 6pt; direction: ltr; unicode-bidi: normal;\"><span class=\"Normal-H\"><span style=\"font-family: Arial; font-size: 12pt;\">Von hier aus beginnt unsere Wanderung. Der Einstieg war zuerst sehr flach. Die Vegetation hier oben war ganz anders als unten an der K\u00fcste, vor allem wegen die viele Zypressen. Einige davon haben wie Tannen ausgesehen und wuchsen sehr dicht wie in einen Wald. Dan gab es mancherorts kleinere B\u00fcsche und B\u00e4ume darunter.<\/span><\/span><\/p>\n<\/td>\n<\/tr>\n<tr class=\"-R\">\n<td class=\"-C\" style=\"width: 240.7pt; border: none windowtext 0pt;\">\n<p class=\"Normal-P\" style=\"margin-bottom: 6pt; direction: ltr; unicode-bidi: normal;\"><span class=\"Normal-H\"><span style=\"font-family: Arial; font-size: 12pt;\"><img loading=\"lazy\" decoding=\"async\" class=\"\" src=\"https:\/\/www.adrianwood.ch\/wp-content\/uploads\/2025\/06\/1749804802_image2.jpeg\" width=\"353\" height=\"235\" data-link=\"\"><\/span><\/span><\/p>\n<\/td>\n<td class=\"-C\" style=\"width: 240.7pt; border: none windowtext 0pt;\">\n<p class=\"Normal-P\" style=\"margin-bottom: 6pt; direction: ltr; unicode-bidi: normal;\"><span class=\"Normal-H\"><span style=\"font-family: Arial; font-size: 12pt;\"><img loading=\"lazy\" decoding=\"async\" class=\"\" src=\"https:\/\/www.adrianwood.ch\/wp-content\/uploads\/2025\/06\/1749804802_image3.jpeg\" width=\"353\" height=\"235\" data-link=\"\"><\/span><\/span><\/p>\n<\/td>\n<\/tr>\n<tr class=\"-R\">\n<td class=\"-C\" style=\"width: 481.4pt; border: none windowtext 0pt;\" colspan=\"2\">\n<p class=\"Normal-P\" style=\"margin-bottom: 6pt; direction: ltr; unicode-bidi: normal;\"><span class=\"Normal-H\"><span style=\"font-family: Arial; font-size: 12pt;\">Nun ging es immer steiler den Pfad hinab. Auf der linken Seite \u00f6ffneten sich einige Aussichtspunkte von denen man in den Canyon von <\/span><span style=\"font-family: Arial; font-size: 12pt;\">Gjipe<\/span><span style=\"font-family: Arial; font-size: 12pt;\"> sehen konnte. Ca. 350 HM hinunter. Am letzten Aussichtspunkt machten wir eine kleine Rast zum Trinken und konnten dabei schon zum Strand von <\/span><span style=\"font-family: Arial; font-size: 12pt;\">Gjipe<\/span><span style=\"font-family: Arial; font-size: 12pt;\"> sehen.<\/span><\/span><\/p>\n<\/td>\n<\/tr>\n<tr class=\"-R\">\n<td class=\"-C\" style=\"width: 240.7pt; border: none windowtext 0pt;\">\n<p class=\"Normal-P\" style=\"margin-bottom: 6pt; direction: ltr; unicode-bidi: normal;\"><span class=\"Normal-H\"><span style=\"font-family: Arial; font-size: 12pt;\"><img loading=\"lazy\" decoding=\"async\" class=\"\" src=\"https:\/\/www.adrianwood.ch\/wp-content\/uploads\/2025\/06\/1749804802_image4.jpeg\" width=\"353\" height=\"235\" data-link=\"\"><\/span><\/span><\/p>\n<\/td>\n<td class=\"-C\" style=\"width: 240.7pt; border: none windowtext 0pt;\">\n<p class=\"Normal-P\" style=\"margin-bottom: 6pt; direction: ltr; unicode-bidi: normal;\"><span class=\"Normal-H\"><span style=\"font-family: Arial; font-size: 12pt;\"><img loading=\"lazy\" decoding=\"async\" class=\"\" src=\"https:\/\/www.adrianwood.ch\/wp-content\/uploads\/2025\/06\/1749804802_image5.jpeg\" width=\"353\" height=\"235\" data-link=\"\"><\/span><\/span><\/p>\n<\/td>\n<\/tr>\n<tr class=\"-R\">\n<td class=\"-C\" style=\"width: 240.7pt; border: none windowtext 0pt;\">\n<p class=\"Normal-P\" style=\"margin-bottom: 6pt; direction: ltr; unicode-bidi: normal;\"><span class=\"Normal-H\"><span style=\"font-family: Arial; font-size: 12pt;\"><img loading=\"lazy\" decoding=\"async\" class=\"\" src=\"https:\/\/www.adrianwood.ch\/wp-content\/uploads\/2025\/06\/1749804802_image6.jpeg\" width=\"353\" height=\"235\" data-link=\"\"><\/span><\/span><\/p>\n<\/td>\n<td class=\"-C\" style=\"width: 240.7pt; border: none windowtext 0pt;\">\n<p class=\"Normal-P\" style=\"margin-bottom: 6pt; direction: ltr; unicode-bidi: normal;\"><span class=\"Normal-H\"><span style=\"font-family: Arial; font-size: 12pt;\"><img loading=\"lazy\" decoding=\"async\" class=\"\" src=\"https:\/\/www.adrianwood.ch\/wp-content\/uploads\/2025\/06\/1749804802_image7.jpeg\" width=\"353\" height=\"235\" data-link=\"\"><\/span><\/span><\/p>\n<\/td>\n<\/tr>\n<tr class=\"-R\">\n<td class=\"-C\" style=\"width: 481.4pt; border: none windowtext 0pt;\" colspan=\"2\">\n<p class=\"Normal-P\" style=\"margin-bottom: 6pt; direction: ltr; unicode-bidi: normal;\"><span class=\"Normal-H\"><span style=\"font-family: Arial; font-size: 12pt;\">Und weiter ging es hinunter bis zum Meer. Hier hatten wir viel Zeit zum Baden und konnten unseren mitgebrachten Lunch geniessen. Das Wasser war erfrischend und die Wellen nicht zu wild, sodass alle sicher zweimal schwimmen gingen!<\/span><\/span><\/p>\n<\/td>\n<\/tr>\n<tr class=\"-R\">\n<td class=\"-C\" style=\"width: 240.7pt; border: none windowtext 0pt;\">\n<p class=\"Normal-P\" style=\"margin-bottom: 6pt; direction: ltr; unicode-bidi: normal;\"><span class=\"Normal-H\"><span style=\"font-family: Arial; font-size: 12pt;\"><img loading=\"lazy\" decoding=\"async\" class=\"\" src=\"https:\/\/www.adrianwood.ch\/wp-content\/uploads\/2025\/06\/1749804802_image8.jpeg\" width=\"353\" height=\"235\" data-link=\"\"><\/span><\/span><\/p>\n<\/td>\n<td class=\"-C\" style=\"width: 240.7pt; border: none windowtext 0pt;\">\n<p class=\"Normal-P\" style=\"margin-bottom: 6pt; direction: ltr; unicode-bidi: normal;\"><span class=\"Normal-H\"><span style=\"font-family: Arial; font-size: 12pt;\"><img loading=\"lazy\" decoding=\"async\" class=\"\" src=\"https:\/\/www.adrianwood.ch\/wp-content\/uploads\/2025\/06\/1749804802_image9.jpeg\" width=\"353\" height=\"235\" data-link=\"\"><\/span><\/span><\/p>\n<\/td>\n<\/tr>\n<tr class=\"-R\">\n<td class=\"-C\" style=\"width: 481.4pt; border: none windowtext 0pt;\" colspan=\"2\">\n<p class=\"Normal-P\" style=\"margin-bottom: 6pt; direction: ltr; unicode-bidi: normal;\"><span class=\"Normal-H\"><span style=\"font-family: Arial; font-size: 12pt;\">Es gab zwei kleine <\/span><span style=\"font-family: Arial; font-size: 12pt;\">Strandkaffee\u2019s<\/span><span style=\"font-family: Arial; font-size: 12pt;\"> welche eine beschr\u00e4nkte Auswahl an Essen und Trinken angeboten haben. Um14 Uhr wanderten wir auf einem breiteren Weg hinauf. Er war f\u00fcr Allrad-Autos geeignet um Ware in die <\/span><span style=\"font-family: Arial; font-size: 12pt;\">Kaffee\u2019s<\/span><span style=\"font-family: Arial; font-size: 12pt;\"> zu bringen, war also nicht \u00f6ffentlich. Fast alle Badeg\u00e4ste gingen zu Fuss zum Strand und retour. Nur einige wenige G\u00e4ste kamen mit kleinen Motorbooten dorthin.<\/span><\/span><\/p>\n<\/td>\n<\/tr>\n<tr class=\"-R\">\n<td class=\"-C\" style=\"width: 240.7pt; border: none windowtext 0pt;\">\n<p class=\"Normal-P\" style=\"margin-bottom: 6pt; direction: ltr; unicode-bidi: normal;\"><a href=\"https:\/\/www.adrianwood.ch\/wp-content\/uploads\/2025\/06\/ALB_1659.jpg\"><img loading=\"lazy\" decoding=\"async\" class=\" wp-image-27038 alignnone\" src=\"https:\/\/www.adrianwood.ch\/wp-content\/uploads\/2025\/06\/ALB_1659.jpg\" alt=\"\" width=\"353\" height=\"235\" srcset=\"https:\/\/www.adrianwood.ch\/wp-content\/uploads\/2025\/06\/ALB_1659.jpg 1620w, https:\/\/www.adrianwood.ch\/wp-content\/uploads\/2025\/06\/ALB_1659-300x200.jpg 300w, https:\/\/www.adrianwood.ch\/wp-content\/uploads\/2025\/06\/ALB_1659-1024x683.jpg 1024w, https:\/\/www.adrianwood.ch\/wp-content\/uploads\/2025\/06\/ALB_1659-768x512.jpg 768w, https:\/\/www.adrianwood.ch\/wp-content\/uploads\/2025\/06\/ALB_1659-1536x1024.jpg 1536w\" sizes=\"auto, (max-width: 353px) 100vw, 353px\" \/><\/a><\/p>\n<\/td>\n<td class=\"-C\" style=\"width: 240.7pt; border: none windowtext 0pt;\">\n<p class=\"Normal-P\" style=\"margin-bottom: 6pt; direction: ltr; unicode-bidi: normal;\"><a href=\"https:\/\/www.adrianwood.ch\/wp-content\/uploads\/2025\/06\/\/1749804802_image10.jpeg\"><img loading=\"lazy\" decoding=\"async\" class=\" wp-image-26972 alignnone\" src=\"https:\/\/www.adrianwood.ch\/wp-content\/uploads\/2025\/06\/\/1749804802_image10.jpeg\" alt=\"\" width=\"353\" height=\"235\"><\/a><\/p>\n<\/td>\n<\/tr>\n<tr class=\"-R\">\n<td class=\"-C\" style=\"width: 481.4pt; border: none windowtext 0pt;\" colspan=\"2\">\n<p class=\"Normal-P\" style=\"margin-bottom: 6pt; direction: ltr; unicode-bidi: normal;\"><span class=\"Normal-H\"><span style=\"font-family: Arial; font-size: 12pt;\">Oben angekommen wartete unser Busfahrer <\/span><span style=\"font-family: Arial; font-size: 12pt;\">Albjon<\/span><span style=\"font-family: Arial; font-size: 12pt;\"> auf uns und fuhr uns zur\u00fcck zum Hotel. Am Abend trafen wir uns zum Apero in der Taverne Andreas bevor wir unsere Abschiedsessen vom Meer vor unserem Hotel genossen haben.<\/span><\/span><\/p>\n<p class=\"Normal-P\" style=\"margin-bottom: 6pt; direction: ltr; unicode-bidi: normal;\"><span class=\"Normal-H\"><span style=\"font-family: Arial; font-size: 12pt;\">Es war ein sehr sch\u00f6ner Tag.<\/span><\/span><\/p>\n<p class=\"Normal-P\" style=\"margin-bottom: 6pt; direction: ltr; unicode-bidi: normal;\"><span class=\"Normal-H\"><span style=\"font-family: Arial; font-size: 12pt;\">Lilian <\/span><\/span><\/p>\n<\/td>\n<\/tr>\n<p><!-- [if !supportMisalignedColumns]--><\/tbody>\n<\/table>\n<\/div>\n","protected":false},"excerpt":{"rendered":"<p>24.Mai, Wanderung zum Traumstrand von Gjipe Wie die Zeit doch schnell vergeht! Heute Samstag unternehmen wir nach dem Fr\u00fchst\u00fcck die letzte Wanderung diesmal an den sch\u00f6nen Strand von Gjipe zum Baden. Nach kurzer Fahrt von Himara mit dem Bus der K\u00fcste entlang; kleiner Stop um den Lunch einzukaufen. Dann weiter hinauf durch das Dorf Vuno. &hellip; <a href=\"https:\/\/www.adrianwood.ch\/?page_id=26968\" class=\"more-link\">Continue reading <span class=\"screen-reader-text\">05-24 Gjipe<\/span> <span class=\"meta-nav\">&rarr;<\/span><\/a><\/p>\n","protected":false},"author":1,"featured_media":0,"parent":26838,"menu_order":2694,"comment_status":"closed","ping_status":"closed","template":"","meta":{"ngg_post_thumbnail":0,"footnotes":""},"class_list":["post-26968","page","type-page","status-publish","hentry"],"_links":{"self":[{"href":"https:\/\/www.adrianwood.ch\/index.php?rest_route=\/wp\/v2\/pages\/26968","targetHints":{"allow":["GET"]}}],"collection":[{"href":"https:\/\/www.adrianwood.ch\/index.php?rest_route=\/wp\/v2\/pages"}],"about":[{"href":"https:\/\/www.adrianwood.ch\/index.php?rest_route=\/wp\/v2\/types\/page"}],"author":[{"embeddable":true,"href":"https:\/\/www.adrianwood.ch\/index.php?rest_route=\/wp\/v2\/users\/1"}],"replies":[{"embeddable":true,"href":"https:\/\/www.adrianwood.ch\/index.php?rest_route=%2Fwp%2Fv2%2Fcomments&post=26968"}],"version-history":[{"count":7,"href":"https:\/\/www.adrianwood.ch\/index.php?rest_route=\/wp\/v2\/pages\/26968\/revisions"}],"predecessor-version":[{"id":27056,"href":"https:\/\/www.adrianwood.ch\/index.php?rest_route=\/wp\/v2\/pages\/26968\/revisions\/27056"}],"up":[{"embeddable":true,"href":"https:\/\/www.adrianwood.ch\/index.php?rest_route=\/wp\/v2\/pages\/26838"}],"wp:attachment":[{"href":"https:\/\/www.adrianwood.ch\/index.php?rest_route=%2Fwp%2Fv2%2Fmedia&parent=26968"}],"curies":[{"name":"wp","href":"https:\/\/api.w.org\/{rel}","templated":true}]}}