{"id":27017,"date":"2025-06-17T19:40:19","date_gmt":"2025-06-17T19:40:19","guid":{"rendered":"https:\/\/www.adrianwood.ch\/?page_id=27017"},"modified":"2025-07-23T10:42:45","modified_gmt":"2025-07-23T10:42:45","slug":"05-13-dajti","status":"publish","type":"page","link":"https:\/\/www.adrianwood.ch\/?page_id=27017","title":{"rendered":"05-13 Dajti"},"content":{"rendered":"<div class=\"pmdi_content_wrapper\">\n<p class=\"Normal-P\" style=\"direction: ltr; unicode-bidi: normal;\"><span class=\"Normal-H\"><span style=\"font-family: Arial; font-weight: bold; font-size: 12pt;\">13.Mai, <\/span><span style=\"font-family: Arial; font-weight: bold; font-size: 12pt;\">D<\/span><span style=\"font-family: Arial; font-weight: bold; font-size: 12pt;\">a<\/span><span style=\"font-family: Arial; font-weight: bold; font-size: 12pt;\">jti<\/span><span style=\"font-family: Arial; font-weight: bold; font-size: 12pt;\"> der Hausberg von Tirana<\/span><\/span><\/p>\n<table class=\"TableGrid-T\" style=\"border-collapse: collapse;\" cellspacing=\"0\">\n<tbody>\n<tr class=\"-R\">\n<td class=\"-C\" style=\"width: 481.4pt; border: none windowtext 0pt;\" colspan=\"2\">\n<p class=\"Normal-P\" style=\"margin-bottom: 6pt; direction: ltr; unicode-bidi: normal;\"><span class=\"Normal-H\"><span style=\"font-family: Arial; font-size: 12pt;\">Unsere erste Wanderung fand auf dem <\/span><span style=\"font-family: Arial; font-size: 12pt;\">D<\/span><span style=\"font-family: Arial; font-size: 12pt;\">a<\/span><span style=\"font-family: Arial; font-size: 12pt;\">jti<\/span><span style=\"font-family: Arial; font-size: 12pt;\"> den Hausberg von Tirana statt. Weil der Seilbahn <\/span><span style=\"font-family: Arial; font-size: 12pt;\">Dienstags<\/span><span style=\"font-family: Arial; font-size: 12pt;\"> Ruhetag hatte mussten wir mit unserem Bus auf halbe hohe hoch<\/span><span style=\"font-family: Arial; font-size: 12pt;\">&#8211;<\/span><span style=\"font-family: Arial; font-size: 12pt;\">fahren \u2013 gut, dass wir <\/span><span style=\"font-family: Arial; font-size: 12pt;\">wegen der kleineren Teilnehmerzahl<\/span><span style=\"font-family: Arial; font-size: 12pt;\"> einen kleinen Bus hatten.<\/span><\/span><\/p>\n<\/td>\n<\/tr>\n<tr class=\"-R\">\n<td class=\"-C\" style=\"width: 240.7pt; border: none windowtext 0pt;\">\n<p class=\"Normal-P\" style=\"margin-bottom: 6pt; direction: ltr; unicode-bidi: normal;\"><span class=\"Normal-H\"><span style=\"font-family: Arial; font-size: 12pt;\"><img loading=\"lazy\" decoding=\"async\" class=\"\" src=\"https:\/\/www.adrianwood.ch\/wp-content\/uploads\/2025\/06\/1750189204_image1.jpeg\" width=\"353\" height=\"235\" data-link=\"\"><\/span><\/span><\/p>\n<\/td>\n<td class=\"-C\" style=\"width: 240.7pt; border: none windowtext 0pt;\">\n<p class=\"Normal-P\" style=\"margin-bottom: 6pt; direction: ltr; unicode-bidi: normal;\"><span class=\"Normal-H\"><span style=\"font-family: Arial; font-size: 12pt;\"><img loading=\"lazy\" decoding=\"async\" class=\"\" src=\"https:\/\/www.adrianwood.ch\/wp-content\/uploads\/2025\/06\/1750189204_image2.jpeg\" width=\"353\" height=\"235\" data-link=\"\"><\/span><\/span><\/p>\n<\/td>\n<\/tr>\n<tr class=\"-R\">\n<td class=\"-C\" style=\"width: 481.4pt; border: none windowtext 0pt;\" colspan=\"2\">\n<p class=\"Normal-P\" style=\"margin-bottom: 6pt; direction: ltr; unicode-bidi: normal;\"><span class=\"Normal-H\"><span style=\"font-family: Arial; font-size: 12pt;\">Obwohl den Berg als Schutzgebiet gilt wurden wir von einer grossen Baustelle am geplanten Anfang unsere Wanderung \u00fcberrascht! Ein neues Ressort wird gebaut. Sogenannte Naturschutz l\u00e4sst in Albanien etwas zu w\u00fcnschen \u00fcbrig!<\/span><\/span><\/p>\n<\/td>\n<\/tr>\n<tr class=\"-R\">\n<td class=\"-C\" style=\"width: 240.7pt; border: none windowtext 0pt;\">\n<p class=\"Normal-P\" style=\"margin-bottom: 6pt; direction: ltr; unicode-bidi: normal;\"><span class=\"Normal-H\"><span style=\"font-family: Arial; font-size: 12pt;\"><img loading=\"lazy\" decoding=\"async\" class=\"\" src=\"https:\/\/www.adrianwood.ch\/wp-content\/uploads\/2025\/06\/1750189204_image3.jpeg\" width=\"353\" height=\"235\" data-link=\"\"><\/span><\/span><\/p>\n<\/td>\n<td class=\"-C\" style=\"width: 240.7pt; border: none windowtext 0pt;\">\n<p class=\"Normal-P\" style=\"margin-bottom: 6pt; direction: ltr; unicode-bidi: normal;\"><span class=\"Normal-H\"><span style=\"font-family: Arial; font-size: 12pt;\"><img loading=\"lazy\" decoding=\"async\" class=\"\" src=\"https:\/\/www.adrianwood.ch\/wp-content\/uploads\/2025\/06\/1750189204_image4.jpeg\" width=\"353\" height=\"235\" data-link=\"\"><\/span><\/span><\/p>\n<\/td>\n<\/tr>\n<tr class=\"-R\">\n<td class=\"-C\" style=\"width: 481.4pt; border: none windowtext 0pt;\" colspan=\"2\">\n<p class=\"Normal-P\" style=\"margin-bottom: 6pt; direction: ltr; unicode-bidi: normal;\"><span class=\"Normal-H\"><span style=\"font-family: Arial; font-size: 12pt;\">Wir fingen in der N\u00e4he an aber merkten bald das der Gipfel Milit\u00e4rsperrgebiet war. Die Wanderung lief im Wald fast eben entlang eine Panoramaweg bis einen sch\u00f6nen felsigen Aussichtspunkt und zur\u00fcck auf dem gleichen Weg.<\/span><\/span><\/p>\n<\/td>\n<\/tr>\n<tr class=\"-R\">\n<td class=\"-C\" style=\"width: 240.7pt; border: none windowtext 0pt;\">\n<p class=\"Normal-P\" style=\"margin-bottom: 6pt; direction: ltr; unicode-bidi: normal;\"><span class=\"Normal-H\"><span style=\"font-family: Arial; font-size: 12pt;\"><img loading=\"lazy\" decoding=\"async\" class=\"\" src=\"https:\/\/www.adrianwood.ch\/wp-content\/uploads\/2025\/06\/1750189204_image5.jpeg\" width=\"353\" height=\"235\" data-link=\"\"><\/span><\/span><\/p>\n<\/td>\n<td class=\"-C\" style=\"width: 240.7pt; border: none windowtext 0pt;\">\n<p class=\"Normal-P\" style=\"margin-bottom: 6pt; direction: ltr; unicode-bidi: normal;\"><span class=\"Normal-H\"><span style=\"font-family: Arial; font-size: 12pt;\"><img loading=\"lazy\" decoding=\"async\" class=\"\" src=\"https:\/\/www.adrianwood.ch\/wp-content\/uploads\/2025\/06\/1750189204_image6.jpeg\" width=\"353\" height=\"235\" data-link=\"\"><\/span><\/span><\/p>\n<\/td>\n<\/tr>\n<tr class=\"-R\">\n<td class=\"-C\" style=\"width: 481.4pt; border: none windowtext 0pt;\" colspan=\"2\">\n<p class=\"Normal-P\" style=\"margin-bottom: 6pt; direction: ltr; unicode-bidi: normal;\"><span class=\"Normal-H\"><span style=\"font-family: Arial; font-size: 12pt;\">Geplant war ein Erfrischungshalt im Restaurant am oberen Ende der Seilbahn. Das \u00fcberraschte <\/span><span style=\"font-family: Arial; font-size: 12pt;\">mich,<\/span><span style=\"font-family: Arial; font-size: 12pt;\"> weil jeden Bewohner der Schweiz <\/span><span style=\"font-family: Arial; font-size: 12pt;\">weisst<\/span><span style=\"font-family: Arial; font-size: 12pt;\"> dass wenn eine Seilbahn zu hat ist das Restaurant <\/span><span style=\"font-family: Arial; font-size: 12pt;\">oben <\/span><span style=\"font-family: Arial; font-size: 12pt;\">auch zu <\/span><span style=\"font-size: 12pt;\">\ud83d\ude0a<\/span><span style=\"font-family: Arial; font-size: 12pt;\">. So war es, aber wir haben doch weiter unten eine anderen Panorama Restaurant entdeckt,<\/span><span style=\"font-family: Arial; font-size: 12pt;\"> wo wir den ersten sch\u00f6nen Wandertag abrunden <\/span><\/span><span class=\"Normal-H\"><span style=\"font-family: Arial; font-size: 12pt;\">k\u00f6nnten<\/span><\/span><span class=\"Normal-H\"><span style=\"font-family: Arial; font-size: 12pt;\">.<\/span><\/span><\/p>\n<p class=\"Normal-P\" style=\"margin-bottom: 6pt; direction: ltr; unicode-bidi: normal;\"><span class=\"Normal-H\"><span style=\"font-family: Arial; font-size: 12pt;\">Adrian<\/span><\/span><\/p>\n<\/td>\n<\/tr>\n<p><!-- [if !supportMisalignedColumns]--><\/tbody>\n<\/table>\n<\/div>\n","protected":false},"excerpt":{"rendered":"<p>13.Mai, Dajti der Hausberg von Tirana Unsere erste Wanderung fand auf dem Dajti den Hausberg von Tirana statt. Weil der Seilbahn Dienstags Ruhetag hatte mussten wir mit unserem Bus auf halbe hohe hoch&#8211;fahren \u2013 gut, dass wir wegen der kleineren Teilnehmerzahl einen kleinen Bus hatten. Obwohl den Berg als Schutzgebiet gilt wurden wir von einer &hellip; <a href=\"https:\/\/www.adrianwood.ch\/?page_id=27017\" class=\"more-link\">Continue reading <span class=\"screen-reader-text\">05-13 Dajti<\/span> <span class=\"meta-nav\">&rarr;<\/span><\/a><\/p>\n","protected":false},"author":1,"featured_media":0,"parent":26838,"menu_order":2683,"comment_status":"closed","ping_status":"closed","template":"","meta":{"ngg_post_thumbnail":0,"footnotes":""},"class_list":["post-27017","page","type-page","status-publish","hentry"],"_links":{"self":[{"href":"https:\/\/www.adrianwood.ch\/index.php?rest_route=\/wp\/v2\/pages\/27017","targetHints":{"allow":["GET"]}}],"collection":[{"href":"https:\/\/www.adrianwood.ch\/index.php?rest_route=\/wp\/v2\/pages"}],"about":[{"href":"https:\/\/www.adrianwood.ch\/index.php?rest_route=\/wp\/v2\/types\/page"}],"author":[{"embeddable":true,"href":"https:\/\/www.adrianwood.ch\/index.php?rest_route=\/wp\/v2\/users\/1"}],"replies":[{"embeddable":true,"href":"https:\/\/www.adrianwood.ch\/index.php?rest_route=%2Fwp%2Fv2%2Fcomments&post=27017"}],"version-history":[{"count":5,"href":"https:\/\/www.adrianwood.ch\/index.php?rest_route=\/wp\/v2\/pages\/27017\/revisions"}],"predecessor-version":[{"id":27067,"href":"https:\/\/www.adrianwood.ch\/index.php?rest_route=\/wp\/v2\/pages\/27017\/revisions\/27067"}],"up":[{"embeddable":true,"href":"https:\/\/www.adrianwood.ch\/index.php?rest_route=\/wp\/v2\/pages\/26838"}],"wp:attachment":[{"href":"https:\/\/www.adrianwood.ch\/index.php?rest_route=%2Fwp%2Fv2%2Fmedia&parent=27017"}],"curies":[{"name":"wp","href":"https:\/\/api.w.org\/{rel}","templated":true}]}}