{"id":2703,"date":"2013-09-03T12:12:27","date_gmt":"2013-09-03T11:12:27","guid":{"rendered":"http:\/\/adrianwood.ch\/?page_id=2703"},"modified":"2013-09-03T12:12:27","modified_gmt":"2013-09-03T11:12:27","slug":"05-24-tara-schlucht","status":"publish","type":"page","link":"https:\/\/www.adrianwood.ch\/?page_id=2703","title":{"rendered":"05-24 Tara Schlucht"},"content":{"rendered":"<p><b>Freitag, 24.Mai, Zabliak, Curevac, Crno jezero<\/b><\/p>\n<table border=\"0\" cellspacing=\"0\" cellpadding=\"0\">\n<tbody>\n<tr>\n<td colspan=\"2\" valign=\"top\" width=\"815\">\u00a0<img decoding=\"async\" class=\"ngg-singlepic ngg-none\" alt=\"image013r_72\" src=\"http:\/\/adrianwood.ch\/wp-content\/gallery\/montenegro09\/image013r_72.jpg\" \/><\/td>\n<\/tr>\n<tr>\n<td style=\"text-align: justify;\" colspan=\"2\" valign=\"top\" width=\"815\">Nach zwei sehr regnerischen und k\u00fchlen Tagen ist ein Protestmarsch gegen das schlechte Wetter angesagt. Mit andern Worten, man geht wieder wandern. Zabliak, 9 Uhr. Viel Wolken, k\u00fchl, wenig Sonne. Berge ringsum mit noch vielen Schneefeldern. Nach einer kurzen Fahrt mit dem Bus starten wir unsere Wanderung in einer Gegend, die den Freibergen in der Schweiz nicht un\u00e4hnlich ist. Zu Beginn der Tour hatte unser Protestzug noch einigermassen Erfolg. Wanderung bei tr\u00fcbem, aber trockenem Wetter leicht ansteigend nach Curevac auf 1625 m \u00fc.M. Wanderzeit ca. 45 Minuten, H\u00f6hendifferenz gut 100 Meter. Etwa 1000 Meter unterhalb von Curevac fliesst der Tara Fluss in einer imposanten Schlucht vorbei.<\/td>\n<\/tr>\n<tr>\n<td valign=\"top\" width=\"407\">\u00a0<img decoding=\"async\" class=\"ngg-singlepic ngg-none\" alt=\"image015_r3\" src=\"http:\/\/adrianwood.ch\/wp-content\/gallery\/montenegro09\/image015_r3.jpg\" \/><\/td>\n<td valign=\"top\" width=\"407\">\u00a0<img decoding=\"async\" class=\"ngg-singlepic ngg-none\" alt=\"image017_r3\" src=\"http:\/\/adrianwood.ch\/wp-content\/gallery\/montenegro09\/image017_r3.jpg\" \/><\/td>\n<\/tr>\n<tr>\n<td colspan=\"2\" valign=\"top\" width=\"815\"><\/td>\n<\/tr>\n<tr>\n<td valign=\"top\" width=\"407\">\u00a0<img decoding=\"async\" class=\"ngg-singlepic ngg-none\" alt=\"image019_r3\" src=\"http:\/\/adrianwood.ch\/wp-content\/gallery\/montenegro09\/image019_r3.jpg\" \/><\/td>\n<td style=\"text-align: justify;\" valign=\"top\" width=\"407\">Der gr\u00f6sste H\u00f6henunterschied zwischen Oberkante Schlucht und Tara Fluss betr\u00e4gt 1300 Meter. Somit ist sie die tiefste Schlucht in Europa und nach dem Grand Canyon (1800 Meter) in den USA die zweittiefste auf der Welt. Die Berge in der n\u00e4heren Umgebung sind bis 2300\u00a0 Meter hoch. Im Winter werden sie mit Skiern befahren. Wegen dem Aufkommen von Regenwolken wird zum R\u00fcckzug von diesem imposanten Aussichtspunkt geblasen. Vorher gibt es aber noch einen oder zwei Becher Slivovitz zum Geburtstag von Ren\u00e9. Die Mitglieder der auseinander gerissenen Wandtruppe werden einzeln kurz vor Zabliak vom Bus eingesammelt. Nach kurzer Busfahrt stehen wir am Eingang des Durmitor-Nationalparks. Von hier starten wir um ca.12 Uhr zur Drei-Seen-Wanderung.<\/td>\n<\/tr>\n<tr>\n<td style=\"text-align: justify;\" colspan=\"2\" valign=\"top\" width=\"815\">Nach 15 Min. erreichen wir den gr\u00f6ssten der Seen, den Crno jezero (Schwarzsee), Durchmesser ca.1300 Meter. Am Ufer des Sees nehmen wir den mehr oder weniger \u00fcppigen Lunch ein. Die einladenden Tische und B\u00e4nke am See k\u00f6nnen leider nicht benutzt werden, durch den hohen Wasserpegel stehen sie weit im Wasser. Die Wanderung geht weiter dem Seeufer entlang. Manchmal zeigt sich sogar die Sonne. Hat der Protestmarsch doch Wirkung gezeigt? Einige Wasserf\u00e4lle ergiessen sich ins gr\u00fcnblaue, sehr saubere Wasser.<\/td>\n<\/tr>\n<tr>\n<td valign=\"top\" width=\"407\">\u00a0<img decoding=\"async\" class=\"ngg-singlepic ngg-none\" alt=\"image021_r3\" src=\"http:\/\/adrianwood.ch\/wp-content\/gallery\/montenegro09\/image021_r3.jpg\" \/><\/td>\n<td valign=\"top\" width=\"407\">\u00a0<img decoding=\"async\" class=\"ngg-singlepic ngg-none\" alt=\"image023_r3\" src=\"http:\/\/adrianwood.ch\/wp-content\/gallery\/montenegro09\/image023_r3.jpg\" \/><\/td>\n<\/tr>\n<tr>\n<td style=\"text-align: justify;\" colspan=\"2\" valign=\"top\" width=\"815\">Nach etwa halbem Seeumfang geht es quer durch dichten Wald zum n\u00e4chsten See. Der Waldweg steht h\u00e4ufig unter Wasser und jetzt stellt sich heraus, dass die Wirkung unsrer Protestaktion abgeklungen ist. Bis fast zum Ende unserer Wanderung regnet es nun am St\u00fcck. Der zweite, deutlich kleinere See (Zmijinje jezero) hat Hochwasser. Tische und B\u00e4nke der Picknickpl\u00e4tze stehen 5 Meter vom Ufer im Wasser.<\/td>\n<\/tr>\n<tr>\n<td valign=\"top\" width=\"407\">\u00a0<img decoding=\"async\" class=\"ngg-singlepic ngg-none\" alt=\"image025_r3\" src=\"http:\/\/adrianwood.ch\/wp-content\/gallery\/montenegro09\/image025_r3.jpg\" \/><\/td>\n<td valign=\"top\" width=\"407\">\u00a0<img decoding=\"async\" class=\"ngg-singlepic ngg-none\" alt=\"image027_r3\" src=\"http:\/\/adrianwood.ch\/wp-content\/gallery\/montenegro09\/image027_r3.jpg\" \/><\/td>\n<\/tr>\n<tr>\n<td style=\"text-align: justify;\" colspan=\"2\" valign=\"top\" width=\"815\">Leider l\u00e4sst der stete Regen kein Verweilen zu. Weiter geht es im dichten Wald (meist Nadelholz) z.T. auf dem gleichen Weg zur\u00fcck, ehe wir in eine Hochmoor Landschaft abbiegen und kurz darauf den kleinsten See vor uns haben. Es ist eher eine Sumpflandschaft, aus der wegen dem vielen Regen ein See (Barno jezero) entstanden ist. Der Weg zum Ausgangspunkt im Nationalpark f\u00fchrt bei Ferien- und Wochenendh\u00e4usern vorbei und der Regen hat nachgelassen\u2026\u2026 Um etwa 16 Uhr f\u00e4hrt uns der Bus ins Hotel Enigma. P.S. Enigma bedeutet im Griechischen R\u00e4tsel.\u00a0\u00a0\u00a0\u00a0\u00a0\u00a0\u00a0\u00a0\u00a0\u00a0\u00a0\u00a0\u00a0\u00a0\u00a0\u00a0\u00a0\u00a0\u00a0\u00a0\u00a0 Felix<\/td>\n<\/tr>\n<tr>\n<td colspan=\"2\" valign=\"top\" width=\"815\"><\/td>\n<\/tr>\n<tr>\n<td colspan=\"2\" valign=\"top\" width=\"815\">\u00a0<img decoding=\"async\" class=\"ngg-singlepic ngg-none\" alt=\"image029r_72\" src=\"http:\/\/adrianwood.ch\/wp-content\/gallery\/montenegro09\/image029r_72.jpg\" \/><\/td>\n<\/tr>\n<tr>\n<td colspan=\"2\" valign=\"top\" width=\"815\"><\/td>\n<\/tr>\n<tr>\n<td colspan=\"2\" valign=\"top\" width=\"815\">\u00a0<img decoding=\"async\" class=\"ngg-singlepic ngg-none\" alt=\"image031r_72\" src=\"http:\/\/adrianwood.ch\/wp-content\/gallery\/montenegro09\/image031r_72.jpg\" \/><\/td>\n<\/tr>\n<\/tbody>\n<\/table>\n<p>&nbsp;<\/p>\n","protected":false},"excerpt":{"rendered":"<p>Freitag, 24.Mai, Zabliak, Curevac, Crno jezero \u00a0 Nach zwei sehr regnerischen und k\u00fchlen Tagen ist ein Protestmarsch gegen das schlechte Wetter angesagt. Mit andern Worten, man geht wieder wandern. Zabliak, 9 Uhr. Viel Wolken, k\u00fchl, wenig Sonne. Berge ringsum mit noch vielen Schneefeldern. Nach einer kurzen Fahrt mit dem Bus starten wir unsere Wanderung in &hellip; <a href=\"https:\/\/www.adrianwood.ch\/?page_id=2703\" class=\"more-link\">Continue reading <span class=\"screen-reader-text\">05-24 Tara Schlucht<\/span> <span class=\"meta-nav\">&rarr;<\/span><\/a><\/p>\n","protected":false},"author":1,"featured_media":0,"parent":2612,"menu_order":2450,"comment_status":"closed","ping_status":"closed","template":"","meta":{"ngg_post_thumbnail":0,"footnotes":""},"class_list":["post-2703","page","type-page","status-publish","hentry"],"_links":{"self":[{"href":"https:\/\/www.adrianwood.ch\/index.php?rest_route=\/wp\/v2\/pages\/2703","targetHints":{"allow":["GET"]}}],"collection":[{"href":"https:\/\/www.adrianwood.ch\/index.php?rest_route=\/wp\/v2\/pages"}],"about":[{"href":"https:\/\/www.adrianwood.ch\/index.php?rest_route=\/wp\/v2\/types\/page"}],"author":[{"embeddable":true,"href":"https:\/\/www.adrianwood.ch\/index.php?rest_route=\/wp\/v2\/users\/1"}],"replies":[{"embeddable":true,"href":"https:\/\/www.adrianwood.ch\/index.php?rest_route=%2Fwp%2Fv2%2Fcomments&post=2703"}],"version-history":[{"count":0,"href":"https:\/\/www.adrianwood.ch\/index.php?rest_route=\/wp\/v2\/pages\/2703\/revisions"}],"up":[{"embeddable":true,"href":"https:\/\/www.adrianwood.ch\/index.php?rest_route=\/wp\/v2\/pages\/2612"}],"wp:attachment":[{"href":"https:\/\/www.adrianwood.ch\/index.php?rest_route=%2Fwp%2Fv2%2Fmedia&parent=2703"}],"curies":[{"name":"wp","href":"https:\/\/api.w.org\/{rel}","templated":true}]}}