{"id":2708,"date":"2013-09-06T09:34:39","date_gmt":"2013-09-06T08:34:39","guid":{"rendered":"http:\/\/adrianwood.ch\/?page_id=2708"},"modified":"2013-09-06T09:34:39","modified_gmt":"2013-09-06T08:34:39","slug":"kolasin","status":"publish","type":"page","link":"https:\/\/www.adrianwood.ch\/?page_id=2708","title":{"rendered":"Kolasin"},"content":{"rendered":"<figure id=\"attachment_2712\" aria-describedby=\"caption-attachment-2712\" style=\"width: 730px\" class=\"wp-caption alignleft\"><a href=\"http:\/\/adrianwood.ch\/wp-content\/uploads\/2013\/09\/MON_0628_1_r7.jpg\"><img loading=\"lazy\" decoding=\"async\" class=\"size-full wp-image-2712\" src=\"http:\/\/adrianwood.ch\/wp-content\/uploads\/2013\/09\/MON_0628_1_r7.jpg\" alt=\"Komovi Gebirge\" width=\"730\" height=\"485\" \/><\/a><figcaption id=\"caption-attachment-2712\" class=\"wp-caption-text\">Komovi Gebirge<\/figcaption><\/figure>\n<h2>\u00a025.-27.Mai, Kolasin<\/h2>\n<p style=\"text-align: justify;\"><b>Tag 8. Zabljak &#8211; Biogradska Gora \u2013 Kolasin.<\/b> W\u00e4hrend der Weiterfahrt kommt die 1941 erbaute f\u00fcnfb\u00f6gige Tara-Br\u00fccke, die in 150 Metern H\u00f6he Einblick in die Schlucht gew\u00e4hrt, uns gelegen. Tief unten rauscht die Tara &#8211; die Br\u00fccke ist einer der wenigen \u00dcberg\u00e4nge \u00fcber die Schlucht im Durmitor-Nationalpark. An der Tara geht es entlang steil ansteigender Felsmassive in Richtung S\u00fcdosten bis Kolasin am Crkvine-Pass auf knapp 1000 Metern H\u00f6he. Eine weitere Br\u00fccke f\u00fchrt \u00fcber die Schlucht in die Bergstadt hinein. Den Marktplatz s\u00e4umen B\u00fcrgerh\u00e4user aus gelbem Tuffstein. Vom Platz geht eine platanenbestandene Fu\u00dfg\u00e4ngerzone ab, die mit ihren Caf\u00e9s abends zur Flaniermeile des Ortes wird. Von Kolasin aus ist der bereits 1952 gegr\u00fcndete Nationalpark Biogradska Gora, der zu 80 Prozent von Urwald bedeckt wird, in kurzer Zeit erreichbar. Wir laufen durch den Wald zum Bergsee Biogradsko. Ein \u00d6kologiepfad mit Erkl\u00e4rungen zur interessanten Vegetation f\u00fchrt rund um den See. (Rother 36). R\u00fcckfahrt nach Kolasin.<\/p>\n<p style=\"text-align: justify;\">12km, \u2191500m, \u2193200m, 4:30Std.<\/p>\n<p style=\"text-align: justify;\"><b>Tag 9. Kljuc and Bjelascia Gebirge.<\/b> Auf einer ausgedehnten Wanderung erkunden wir die Kljuc und Bjelascia Gebirgsr\u00fccken (Rother 33). Ausladende H\u00f6henwege mit weiten Ausblicken f\u00fchren um die \u00abgr\u00fcne H\u00f6lle\u00bb des Nationalparks herum, vorbei an Almen, Gipfeln jenseits der 2000 Meter, kleinen Bachl\u00e4ufen und schindelbedeckten H\u00fctten. In der Ferne k\u00f6nnen wir gerade noch die Durmitor und die Prokletije, die h\u00f6chsten Montenegrinischen Gebirgsgruppen ausmachen. Am Schluss erreichen wir Katun Vranak unterhalb dem Zekova Glava, mit 2117m der zweith\u00f6chste Berg der Bjelasica Gruppe. In diesem Camp mit seinen Holzh\u00fctten werden wir mit einem Willkommsschnaps begr\u00fcsst und bekommen ein w\u00e4hrschaftes Lamm-fleisch Mittagessen. Mit Gel\u00e4ndefahrzeuge werden wir zur\u00fcck in usere Unterkunft in Kolasin gebracht.<\/p>\n<p style=\"text-align: justify;\">14km, \u2191600m, \u2193420m, 5:30Std. oder mit Jeep Transfer, 8km, \u2191500m, \u2193350m, 4:00Std.<\/p>\n<p style=\"text-align: justify;\"><b>Tag 10. Komovi Gebirge.<\/b> Ein ganz anderer Landschaftscharakter erwartet uns auf unserer heutige Wanderung: Lange wurden die durch Erosionen entstandenen Zacken des Komovi-Massivs in einer Wiesenlandschaft mit reicher alpiner Flora f\u00fcr die h\u00f6chsten Berggipfel S\u00fcdeuropas gehalten. Sie sind genauso beeindruckend wie die weiten Hochebenen des Bjelasica-Gebirges vom Vortag. An einer der zahlreichen Almh\u00fctten findet sich sicher wieder ein wundersch\u00f6ner Picknickplatz f\u00fcr eine Pause mit Panoramablick. R\u00fcckfahrt nach Kolasin.<\/p>\n<p style=\"text-align: justify;\">4:00 bis 6:00Std. je nach dem Verh\u00e4ltnissen.<\/p>\n<p style=\"text-align: justify;\">ngg_shortcode_0_placeholder<\/p>\n<figure id=\"attachment_2794\" aria-describedby=\"caption-attachment-2794\" style=\"width: 858px\" class=\"wp-caption alignleft\"><a href=\"http:\/\/adrianwood.ch\/wp-content\/uploads\/2013\/09\/Map-Kolasin_1_r8.jpg\"><img loading=\"lazy\" decoding=\"async\" class=\"size-full wp-image-2794\" src=\"http:\/\/adrianwood.ch\/wp-content\/uploads\/2013\/09\/Map-Kolasin_1_r8.jpg\" alt=\"Tara Schlucht - Kolasin - Bjelascia - Komovi\" width=\"858\" height=\"1251\" \/><\/a><figcaption id=\"caption-attachment-2794\" class=\"wp-caption-text\">Tara Schlucht &#8211; Kolasin &#8211; Bjelascia &#8211; Komovi<\/figcaption><\/figure>\n","protected":false},"excerpt":{"rendered":"<p>\u00a025.-27.Mai, Kolasin Tag 8. Zabljak &#8211; Biogradska Gora \u2013 Kolasin. W\u00e4hrend der Weiterfahrt kommt die 1941 erbaute f\u00fcnfb\u00f6gige Tara-Br\u00fccke, die in 150 Metern H\u00f6he Einblick in die Schlucht gew\u00e4hrt, uns gelegen. Tief unten rauscht die Tara &#8211; die Br\u00fccke ist einer der wenigen \u00dcberg\u00e4nge \u00fcber die Schlucht im Durmitor-Nationalpark. An der Tara geht es entlang &hellip; <a href=\"https:\/\/www.adrianwood.ch\/?page_id=2708\" class=\"more-link\">Continue reading <span class=\"screen-reader-text\">Kolasin<\/span> <span class=\"meta-nav\">&rarr;<\/span><\/a><\/p>\n","protected":false},"author":1,"featured_media":0,"parent":2612,"menu_order":2451,"comment_status":"closed","ping_status":"closed","template":"","meta":{"ngg_post_thumbnail":0,"footnotes":""},"class_list":["post-2708","page","type-page","status-publish","hentry"],"_links":{"self":[{"href":"https:\/\/www.adrianwood.ch\/index.php?rest_route=\/wp\/v2\/pages\/2708","targetHints":{"allow":["GET"]}}],"collection":[{"href":"https:\/\/www.adrianwood.ch\/index.php?rest_route=\/wp\/v2\/pages"}],"about":[{"href":"https:\/\/www.adrianwood.ch\/index.php?rest_route=\/wp\/v2\/types\/page"}],"author":[{"embeddable":true,"href":"https:\/\/www.adrianwood.ch\/index.php?rest_route=\/wp\/v2\/users\/1"}],"replies":[{"embeddable":true,"href":"https:\/\/www.adrianwood.ch\/index.php?rest_route=%2Fwp%2Fv2%2Fcomments&post=2708"}],"version-history":[{"count":0,"href":"https:\/\/www.adrianwood.ch\/index.php?rest_route=\/wp\/v2\/pages\/2708\/revisions"}],"up":[{"embeddable":true,"href":"https:\/\/www.adrianwood.ch\/index.php?rest_route=\/wp\/v2\/pages\/2612"}],"wp:attachment":[{"href":"https:\/\/www.adrianwood.ch\/index.php?rest_route=%2Fwp%2Fv2%2Fmedia&parent=2708"}],"curies":[{"name":"wp","href":"https:\/\/api.w.org\/{rel}","templated":true}]}}