{"id":2724,"date":"2013-09-06T11:40:45","date_gmt":"2013-09-06T10:40:45","guid":{"rendered":"http:\/\/adrianwood.ch\/?page_id=2724"},"modified":"2013-09-06T11:40:45","modified_gmt":"2013-09-06T10:40:45","slug":"05-27-klujc-gebirge","status":"publish","type":"page","link":"https:\/\/www.adrianwood.ch\/?page_id=2724","title":{"rendered":"05-27 Klujc Gebirge"},"content":{"rendered":"<p><b>Montag, 27.Mai, Klujc und Bjelascia Gebirge<\/b><\/p>\n<table border=\"0\" cellspacing=\"0\" cellpadding=\"0\">\n<tbody>\n<tr>\n<td colspan=\"2\" valign=\"top\" width=\"820\">\n<p style=\"text-align: justify;\">Fr\u00fcher als sonst, dh. schon um 7 Uhr kommen wir zum Fr\u00fchst\u00fcck und stehen um 8 Uhr vor dem Hotel bereit. Ein Blick an den Himmel l\u00e4sst keine grosse Vorfreude aufkommen! Nachdem auch noch ein vierter Jeep (drei waren zu wenig) angekommen ist, k\u00f6nnen wir losfahren und verlassen bald das kleine Kolasin, um auf sehr schlechten Str\u00e4sschen hinaufzufahren zum Ausgangspunkt unserer heutigen Wanderung. Hier oben befindet sich ein M\u00e4nnerkloster.<\/p>\n<\/td>\n<\/tr>\n<tr>\n<td valign=\"top\" width=\"410\">\u00a0<img decoding=\"async\" class=\"ngg-singlepic ngg-none\" alt=\"image001_r3\" src=\"http:\/\/adrianwood.ch\/wp-content\/gallery\/montenegro13\/image001_r3.jpg\" \/><\/td>\n<td valign=\"top\" width=\"410\">\u00a0<img decoding=\"async\" class=\"ngg-singlepic ngg-none\" alt=\"image003_r3\" src=\"http:\/\/adrianwood.ch\/wp-content\/gallery\/montenegro13\/image003_r3.jpg\" \/><\/td>\n<\/tr>\n<tr>\n<td colspan=\"2\" valign=\"top\" width=\"820\">\n<p style=\"text-align: justify;\">Ausger\u00fcstet mit Regenzeug machen wir uns auf. Bald liegen Schneeflecken auf dem Weg und auf den Wiesen, die wir weiter oben erreichen. Und bald gehen wir im Nassschnee. W\u00e4hrend wir weiter hinaufsteigen, nimmt die Kraft des Windes immer zu und es kommt ein Punkt, an dem Adrian beschliesst, umzukehren, wissen wir doch nicht, was uns noch weiter oben auf dem Grat erwartet. So machen wir uns nach einer Stunde Wandern frierend auf den R\u00fcckweg und erreichen wieder den Ausgangspunkt unserer Wanderung. Unser Reiseleiter hat bereits einen alternativen Plan f\u00fcr uns. Wir k\u00f6nnen den Hang hinunter zum Kloster \u0106irilovac wandern.<\/p>\n<\/td>\n<\/tr>\n<tr>\n<td valign=\"top\" width=\"410\">\u00a0<img decoding=\"async\" class=\"ngg-singlepic ngg-none\" alt=\"image005_r3\" src=\"http:\/\/adrianwood.ch\/wp-content\/gallery\/montenegro13\/image005_r3.jpg\" \/><\/td>\n<td valign=\"top\" width=\"410\">\u00a0<img decoding=\"async\" class=\"ngg-singlepic ngg-none\" alt=\"image007_r3\" src=\"http:\/\/adrianwood.ch\/wp-content\/gallery\/montenegro13\/image007_r3.jpg\" \/><\/td>\n<\/tr>\n<tr>\n<td colspan=\"2\" valign=\"top\" width=\"820\">\n<p style=\"text-align: justify;\">Auf diesem Weg erleben wir etwas ganz besonderes: wir sehen eine Menge roter und gelber Holunder Orchis in den schneebedeckten Wiesen, was nat\u00fcrlich die Fotographen auf den Plan ruft! Wir erreichen dann das Frauenkloster \u0106irilovac, ein eher neuer Geb\u00e4udekomplex. Eine schwarzbekleidete Schwester l\u00e4sst uns hinein ins Klosterareal und f\u00fchrt uns in ein Refektorium. Sie offeriert uns s\u00fcssen, heissen Tee und Geb\u00e4ck, was uns nach unserer Schnee-wanderung sehr willkommen ist.<\/p>\n<\/td>\n<\/tr>\n<tr>\n<td valign=\"top\" width=\"410\">&nbsp;<\/p>\n<p style=\"text-align: justify;\">Inzwischen sind unsere Jeeps eingetroffen und bringen uns hinunter nach Kolasin.Von dort fahren wir auf einer guten Strasse hinauf zu einen Skizentrum. Dann beginnt wieder die Schotterpiste. In halsbrecherischer Fahrt gelangen wir in vielen Kehren immer h\u00f6her hinauf und bald fahren die Jeeps im Schnee. Auf einer einsamen Hochebene angekommen, ist unser Ziel erreicht. Wir m\u00fcssen aussteigen und werden vom Chauffeur \u00fcber einen schneebedeckten Hang geleitet. Rund um uns herum sehen wir bewaldete Berge.<\/p>\n<\/td>\n<td valign=\"top\" width=\"410\">\u00a0<img decoding=\"async\" class=\"ngg-singlepic ngg-none\" alt=\"image009_r3\" src=\"http:\/\/adrianwood.ch\/wp-content\/gallery\/montenegro13\/image009_r3.jpg\" \/><\/td>\n<\/tr>\n<tr>\n<td valign=\"top\" width=\"410\">\u00a0<img decoding=\"async\" class=\"ngg-singlepic ngg-none\" alt=\"image011_r3\" src=\"http:\/\/adrianwood.ch\/wp-content\/gallery\/montenegro13\/image011_r3.jpg\" \/><\/td>\n<td valign=\"top\" width=\"410\">\u00a0<img decoding=\"async\" class=\"ngg-singlepic ngg-none\" alt=\"image013_r3\" src=\"http:\/\/adrianwood.ch\/wp-content\/gallery\/montenegro13\/image013_r3.jpg\" \/><\/td>\n<\/tr>\n<tr>\n<td colspan=\"2\" valign=\"top\" width=\"820\">\n<p style=\"text-align: justify;\">Es geht einen Abhang hinunter \u2013 unten in einer Senke sehen wir eine Ansammlung von kleineren und gr\u00f6sseren H\u00fctten. Dies muss das besagte Camp Katun Vranak sein, das wir eigentlich \u00fcber die dar\u00fcber stehenden Berge h\u00e4tten erreichen m\u00fcssen. Es stellt sich die Frage, in welcher H\u00fctte wir alle Platz finden werden, m\u00f6chten wir doch bei diesem Wetter lieber nicht draussen sein. Bald sehen wir eine fensterlose gr\u00f6ssere H\u00fctte, in welcher zwei gedeckte Tische stehen. Hinten im Raum steht ein Warmluftgebl\u00e4se!<\/p>\n<\/td>\n<\/tr>\n<tr>\n<td valign=\"top\" width=\"410\">\u00a0<img decoding=\"async\" class=\"ngg-singlepic ngg-none\" alt=\"image015_r3\" src=\"http:\/\/adrianwood.ch\/wp-content\/gallery\/montenegro13\/image015_r3.jpg\" \/><\/td>\n<td valign=\"top\" width=\"410\">\u00a0<img decoding=\"async\" class=\"ngg-singlepic ngg-none\" alt=\"image017_r3\" src=\"http:\/\/adrianwood.ch\/wp-content\/gallery\/montenegro13\/image017_r3.jpg\" \/><\/td>\n<\/tr>\n<tr>\n<td colspan=\"2\" valign=\"top\" width=\"820\">\n<p style=\"text-align: justify;\">Eng nebeneinander sitzend essen wir mit Appetit die wohlschmeckende heisse Gem\u00fcsesuppe. Nach dem Salat werden grosse Holzschalen mit Lammfleisch und Kartoffeln aufgetischt. Dazu gibt es neben heissen Tee und auch Wein, den Adrian extra bestellt. Das Essen wird in einer kleinen Kochh\u00fctte auf engstem Raum zubereitet, wie ich nachher sehe.<\/p>\n<\/td>\n<\/tr>\n<tr>\n<td valign=\"top\" width=\"410\">\u00a0<img decoding=\"async\" class=\"ngg-singlepic ngg-none\" alt=\"image019_r3\" src=\"http:\/\/adrianwood.ch\/wp-content\/gallery\/montenegro13\/image019_r3.jpg\" \/><\/td>\n<td valign=\"top\" width=\"410\">\u00a0<img decoding=\"async\" class=\"ngg-singlepic ngg-none\" alt=\"image021_r3\" src=\"http:\/\/adrianwood.ch\/wp-content\/gallery\/montenegro13\/image021_r3.jpg\" \/><\/td>\n<\/tr>\n<tr>\n<td colspan=\"2\" valign=\"top\" width=\"820\">\n<p style=\"text-align: justify;\">Ganz gem\u00fctlich wird es auch nach dem warmen Essen nicht in dieser H\u00fctte. Diejenigen, die nahe an der st\u00e4ndig offenen T\u00fcr sitzen, m\u00f6chten lieber wieder aufbrechen. So findet sich dann die erste Gruppe zusammen und stapft den Berg hinauf zu den Jeeps. In wieder abenteuerlicher Fahrt geht es hinunter ins Tal und dann in rasanter Fahrt nach Kolasin.<\/p>\n<p style=\"text-align: justify;\">Sicher haben sich viele diese Wanderung etwas anders vorgestellt. Aber man muss sich mit dem schlechten Wetter abfinden! Eine heisse Dusche im Hotel Brile bringt alles wieder ins Lot. Hoffen wir, dass dies der letzte Schlechtwettertag gewesen ist!\u00a0\u00a0\u00a0\u00a0\u00a0 \u00a0\u00a0\u00a0\u00a0\u00a0\u00a0\u00a0\u00a0\u00a0\u00a0\u00a0\u00a0\u00a0\u00a0\u00a0\u00a0\u00a0\u00a0\u00a0\u00a0\u00a0\u00a0\u00a0\u00a0\u00a0\u00a0\u00a0\u00a0\u00a0\u00a0\u00a0\u00a0\u00a0\u00a0\u00a0\u00a0\u00a0\u00a0\u00a0\u00a0\u00a0\u00a0\u00a0\u00a0\u00a0\u00a0\u00a0Marianne<\/p>\n<\/td>\n<\/tr>\n<tr>\n<td colspan=\"2\" valign=\"top\" width=\"820\">\u00a0<img decoding=\"async\" class=\"ngg-singlepic ngg-none\" alt=\"image023r_72\" src=\"http:\/\/adrianwood.ch\/wp-content\/gallery\/montenegro13\/image023r_72.jpg\" \/><\/td>\n<\/tr>\n<tr>\n<td colspan=\"2\" valign=\"top\" width=\"820\"><\/td>\n<\/tr>\n<tr>\n<td colspan=\"2\" valign=\"top\" width=\"820\">\u00a0<img decoding=\"async\" class=\"ngg-singlepic ngg-none\" alt=\"image025r_72\" src=\"http:\/\/adrianwood.ch\/wp-content\/gallery\/montenegro13\/image025r_72.jpg\" \/><\/td>\n<\/tr>\n<\/tbody>\n<\/table>\n<p>&nbsp;<\/p>\n","protected":false},"excerpt":{"rendered":"<p>Montag, 27.Mai, Klujc und Bjelascia Gebirge Fr\u00fcher als sonst, dh. schon um 7 Uhr kommen wir zum Fr\u00fchst\u00fcck und stehen um 8 Uhr vor dem Hotel bereit. Ein Blick an den Himmel l\u00e4sst keine grosse Vorfreude aufkommen! Nachdem auch noch ein vierter Jeep (drei waren zu wenig) angekommen ist, k\u00f6nnen wir losfahren und verlassen bald &hellip; <a href=\"https:\/\/www.adrianwood.ch\/?page_id=2724\" class=\"more-link\">Continue reading <span class=\"screen-reader-text\">05-27 Klujc Gebirge<\/span> <span class=\"meta-nav\">&rarr;<\/span><\/a><\/p>\n","protected":false},"author":1,"featured_media":0,"parent":2612,"menu_order":2454,"comment_status":"closed","ping_status":"closed","template":"","meta":{"ngg_post_thumbnail":0,"footnotes":""},"class_list":["post-2724","page","type-page","status-publish","hentry"],"_links":{"self":[{"href":"https:\/\/www.adrianwood.ch\/index.php?rest_route=\/wp\/v2\/pages\/2724","targetHints":{"allow":["GET"]}}],"collection":[{"href":"https:\/\/www.adrianwood.ch\/index.php?rest_route=\/wp\/v2\/pages"}],"about":[{"href":"https:\/\/www.adrianwood.ch\/index.php?rest_route=\/wp\/v2\/types\/page"}],"author":[{"embeddable":true,"href":"https:\/\/www.adrianwood.ch\/index.php?rest_route=\/wp\/v2\/users\/1"}],"replies":[{"embeddable":true,"href":"https:\/\/www.adrianwood.ch\/index.php?rest_route=%2Fwp%2Fv2%2Fcomments&post=2724"}],"version-history":[{"count":0,"href":"https:\/\/www.adrianwood.ch\/index.php?rest_route=\/wp\/v2\/pages\/2724\/revisions"}],"up":[{"embeddable":true,"href":"https:\/\/www.adrianwood.ch\/index.php?rest_route=\/wp\/v2\/pages\/2612"}],"wp:attachment":[{"href":"https:\/\/www.adrianwood.ch\/index.php?rest_route=%2Fwp%2Fv2%2Fmedia&parent=2724"}],"curies":[{"name":"wp","href":"https:\/\/api.w.org\/{rel}","templated":true}]}}