{"id":2744,"date":"2013-09-07T10:02:27","date_gmt":"2013-09-07T09:02:27","guid":{"rendered":"http:\/\/adrianwood.ch\/?page_id=2744"},"modified":"2013-09-07T10:02:27","modified_gmt":"2013-09-07T09:02:27","slug":"skadar-see-sudkuste","status":"publish","type":"page","link":"https:\/\/www.adrianwood.ch\/?page_id=2744","title":{"rendered":"Skadar See &#038; S\u00fcdkuste"},"content":{"rendered":"<figure id=\"attachment_2745\" aria-describedby=\"caption-attachment-2745\" style=\"width: 720px\" class=\"wp-caption alignleft\"><a href=\"http:\/\/adrianwood.ch\/wp-content\/uploads\/2013\/09\/MON_1272_1r_72.jpg\"><img loading=\"lazy\" decoding=\"async\" class=\"size-full wp-image-2745\" src=\"http:\/\/adrianwood.ch\/wp-content\/uploads\/2013\/09\/MON_1272_1r_72.jpg\" alt=\"Stari Budva\" width=\"720\" height=\"478\" \/><\/a><figcaption id=\"caption-attachment-2745\" class=\"wp-caption-text\">Stari Budva<\/figcaption><\/figure>\n<h2>\u00a030.-31.Mai Skadar See und S\u00fcdkuste<\/h2>\n<p style=\"text-align: justify;\"><b>Tag 13. Cetinje &#8211; Skadar See.<\/b> Fahrt nach Cetinje, der ehemaligen Hauptstadt Montenegros und einst Sitz der montenegrinischen K\u00f6nige. Wir besuchen das Schloss des montenegrinischen K\u00f6nigs Nikola, heute ein Museum. Er hatte viel Macht wegen seine politischen Beziehungen, die ihm den Beinamen \u201eSchwiegervater Europas\u201c gaben. Denn er verstand es, seine sch\u00f6nen T\u00f6chter an den europ\u00e4ischen K\u00f6nigsh\u00f6fen zu verheiraten. Anschliessend wandern wir hinunter durch kleine D\u00f6rfer nach Rijeka Cronjevica an einen der Ausl\u00e4ufer des Skadar Sees. Kaum vorstellbarer Fischreichtum und eine Vogelvielfalt wie nirgendwo anders in Europa machen den im Fr\u00fchjahr wegen der Schneeschmelze auf \u00fcber 500 km\u00b2 anschwellenden, im Herbst immer noch \u00fcber 300 km\u00b2 gro\u00dfen See zu einem Paradies f\u00fcr Fans von Flora und Fauna. Kurze Fahrt zum Fischerdorf Karuc, wo wir ein schmackhaftes und reichhaltiges Fischmittagessen geniessen. Dann nimmt uns ein Boot in gem\u00e4chlicher Fahrt zuerst zwischen Schilf und Teichrosen zum offenen Skadar See. Viele Wasserv\u00f6gel, vor allem Reiher und Kormorane fliegen hoch, w\u00e4hrend wir vorbei gleiten. Angekommen in Virpazar geht es mit dem Bus zur\u00fcck nach Petrovac. 11km, \u2191100m, \u2193700m, 4:00Std.<\/p>\n<p style=\"text-align: justify;\"><b>Tag 14. Freier Tag im Petrovac oder Ulcinj oder Babina Glava.<\/b> Heute ist im Prinzip ein freier Tag, aber unser Bus steht uns trotzdem zur Verf\u00fcgung und wir k\u00f6nnen kurzfristig etwas organisieren. Zum Beispiel fahren wir weiter der K\u00fcste entlang und machen einen Badestop. Nirgendwo sonst an der Ostadria gibt es so sch\u00f6ne Sandstr\u00e4nde wie zwischen Bar und Ulcinj. Mit einer L\u00e4nge von 13 Kilometern ist der Lido Strand von Ulcinj der l\u00e4ngste an der gesamten Adria K\u00fcste. Auf der S\u00fcdseite der Stadt liegt die Halbinsel Ratislava, auf der sich Hotels umgeben von viel Gr\u00fcn und Parkanlagen befinden. Auf der gegen\u00fcberliegenden Seite liegt eine kleine felsige Halbinsel, auf der sich die sehenswerte Altstadt von Ulcinj befindet. Das Stadtbild zeigt die osmanische Vergangenheit, zahlreiche Moscheen verteilen sich \u00fcber die ganze Stadt. <b>Oder<\/b> doch noch eine Wanderung: Fahrt nach Ivanova Korita in den Lovcen Gebirge, wo die Wanderung auf dem 1474m hohen Babina Glava anf\u00e4ngt (Rother 17). Zuerst durch Buchenwald und dann im offenen Gel\u00e4nde mit wenig Steigung laufen wir nach S\u00fcden Richtung K\u00fcste. Nach der fast verlassenen Siedlung Majstori mit ihrer verfallenen kleinen Kirche geht es kurz steil hinauf zu einem alten Sendemast auf einem Bergr\u00fccken mit einen herrlichen Blick auf fast die ganze Montenegrinischen K\u00fcste. Zur\u00fcck auf einer anderem Route nach Norden zum Ausgangspunkt. 13km, \u2191350m, \u2193400m, 4:30Std.<\/p>\n<p style=\"text-align: justify;\"><b>Tag 15. R\u00fcckreise<\/b><\/p>\n<p style=\"text-align: justify;\">Transfer von Petrovac nach Podgorica Flughafen, ca eine Stunde. Flug nach Z\u00fcrich, zwei Stunden.<\/p>\nngg_shortcode_0_placeholder\n<figure id=\"attachment_2750\" aria-describedby=\"caption-attachment-2750\" style=\"width: 858px\" class=\"wp-caption alignleft\"><a href=\"http:\/\/adrianwood.ch\/wp-content\/uploads\/2013\/09\/MON_1000_m_r8.jpg\"><img loading=\"lazy\" decoding=\"async\" class=\"size-full wp-image-2750\" src=\"http:\/\/adrianwood.ch\/wp-content\/uploads\/2013\/09\/MON_1000_m_r8.jpg\" alt=\"N\u00f6rdliche Skadar See\" width=\"858\" height=\"607\" \/><\/a><figcaption id=\"caption-attachment-2750\" class=\"wp-caption-text\">N\u00f6rdliche Skadar See<\/figcaption><\/figure>\n<figure id=\"attachment_2747\" aria-describedby=\"caption-attachment-2747\" style=\"width: 858px\" class=\"wp-caption alignleft\"><a href=\"http:\/\/adrianwood.ch\/wp-content\/uploads\/2013\/09\/MON_0900_m_r8.jpg\"><img loading=\"lazy\" decoding=\"async\" class=\"size-full wp-image-2747\" src=\"http:\/\/adrianwood.ch\/wp-content\/uploads\/2013\/09\/MON_0900_m_r8.jpg\" alt=\"Petrovac Umgebung\" width=\"858\" height=\"1211\" \/><\/a><figcaption id=\"caption-attachment-2747\" class=\"wp-caption-text\">Petrovac Umgebung<\/figcaption><\/figure>\n","protected":false},"excerpt":{"rendered":"<p>\u00a030.-31.Mai Skadar See und S\u00fcdkuste Tag 13. Cetinje &#8211; Skadar See. Fahrt nach Cetinje, der ehemaligen Hauptstadt Montenegros und einst Sitz der montenegrinischen K\u00f6nige. Wir besuchen das Schloss des montenegrinischen K\u00f6nigs Nikola, heute ein Museum. Er hatte viel Macht wegen seine politischen Beziehungen, die ihm den Beinamen \u201eSchwiegervater Europas\u201c gaben. Denn er verstand es, seine &hellip; <a href=\"https:\/\/www.adrianwood.ch\/?page_id=2744\" class=\"more-link\">Continue reading <span class=\"screen-reader-text\">Skadar See &#038; S\u00fcdkuste<\/span> <span class=\"meta-nav\">&rarr;<\/span><\/a><\/p>\n","protected":false},"author":1,"featured_media":0,"parent":2612,"menu_order":2458,"comment_status":"closed","ping_status":"closed","template":"","meta":{"ngg_post_thumbnail":0,"footnotes":""},"class_list":["post-2744","page","type-page","status-publish","hentry"],"_links":{"self":[{"href":"https:\/\/www.adrianwood.ch\/index.php?rest_route=\/wp\/v2\/pages\/2744","targetHints":{"allow":["GET"]}}],"collection":[{"href":"https:\/\/www.adrianwood.ch\/index.php?rest_route=\/wp\/v2\/pages"}],"about":[{"href":"https:\/\/www.adrianwood.ch\/index.php?rest_route=\/wp\/v2\/types\/page"}],"author":[{"embeddable":true,"href":"https:\/\/www.adrianwood.ch\/index.php?rest_route=\/wp\/v2\/users\/1"}],"replies":[{"embeddable":true,"href":"https:\/\/www.adrianwood.ch\/index.php?rest_route=%2Fwp%2Fv2%2Fcomments&post=2744"}],"version-history":[{"count":0,"href":"https:\/\/www.adrianwood.ch\/index.php?rest_route=\/wp\/v2\/pages\/2744\/revisions"}],"up":[{"embeddable":true,"href":"https:\/\/www.adrianwood.ch\/index.php?rest_route=\/wp\/v2\/pages\/2612"}],"wp:attachment":[{"href":"https:\/\/www.adrianwood.ch\/index.php?rest_route=%2Fwp%2Fv2%2Fmedia&parent=2744"}],"curies":[{"name":"wp","href":"https:\/\/api.w.org\/{rel}","templated":true}]}}