{"id":2761,"date":"2013-09-07T17:20:29","date_gmt":"2013-09-07T16:20:29","guid":{"rendered":"http:\/\/adrianwood.ch\/?page_id=2761"},"modified":"2013-09-07T17:20:29","modified_gmt":"2013-09-07T16:20:29","slug":"05-31-ulcinj-stari-bar","status":"publish","type":"page","link":"https:\/\/www.adrianwood.ch\/?page_id=2761","title":{"rendered":"05-31 Ulcinj &#038; Stari Bar"},"content":{"rendered":"<p><b>Freitag, 31. Mai, Stari Bar und Ulcinj.<\/b><\/p>\n<table border=\"0\" cellspacing=\"0\" cellpadding=\"0\">\n<tbody>\n<tr>\n<td valign=\"top\" width=\"407\">\u00a0<img decoding=\"async\" class=\"ngg-singlepic ngg-none\" alt=\"image001_r3\" src=\"http:\/\/adrianwood.ch\/wp-content\/gallery\/montenegro20\/image001_r3.jpg\" \/><\/td>\n<td valign=\"top\" width=\"407\">\u00a0<img decoding=\"async\" class=\"ngg-singlepic ngg-none\" alt=\"image003_r3\" src=\"http:\/\/adrianwood.ch\/wp-content\/gallery\/montenegro20\/image003_r3.jpg\" \/><\/td>\n<\/tr>\n<tr>\n<td colspan=\"2\" valign=\"top\" width=\"815\">\n<p style=\"text-align: justify;\">Die K\u00fcstengruppe f\u00e4hrt mit dem Bus nach <b>Stari Bar<\/b> wo auf dem Marktplatz hektischer Betrieb herrscht: Alles kann man haben, vom Oliven\u00f6l in Coca-Colaflaschen, Kirschen und getrockneten Feigen, Fisch und Kartoffeln bis zu H\u00fchnern und Ziegen! Doch dann \u00fcberrascht uns ein Sturzregen vermischt mit Hagel-k\u00f6rnern und wir m\u00fcssen unter dem Dach des Marktes Zuflucht suchen. Nach kurzer Zeit trauen wir uns doch wieder auf die Strasse und steigen die mit Souvenirl\u00e4den und Restaurants ges\u00e4umte Hauptstrasse hinauf, vorbei an einer Moschee, welche zur antiken Stadt f\u00fchrt. Hier kann man lange verweilen, ein sch\u00f6ner Aqu\u00e4dukt wird sichtbar und Jan erscheint pl\u00f6tzlich innerhalb eines Fensters dieser verzwickten Anlage. Blumenwiesen mit leuchtendem Mohn und eine kleine orthodoxe Kirche ergeben ein beschauliches Bild.<\/p>\n<\/td>\n<\/tr>\n<tr>\n<td valign=\"top\" width=\"407\">\u00a0<img decoding=\"async\" class=\"ngg-singlepic ngg-none\" alt=\"image005_r3\" src=\"http:\/\/adrianwood.ch\/wp-content\/gallery\/montenegro20\/image005_r3.jpg\" \/><\/td>\n<td valign=\"top\" width=\"407\">\u00a0<img decoding=\"async\" class=\"ngg-singlepic ngg-none\" alt=\"image007_r3\" src=\"http:\/\/adrianwood.ch\/wp-content\/gallery\/montenegro20\/image007_r3.jpg\" \/><\/td>\n<\/tr>\n<tr>\n<td colspan=\"2\" valign=\"top\" width=\"815\">\n<p style=\"text-align: justify;\">Wir fahren weiter der K\u00fcste entlang bis nach <b>Ulcinj<\/b>, vorbei an die blaue Adria s\u00e4umenden langen Sandstr\u00e4nde. Am Ziel angekommen sind wir \u00fcberrascht vom regen Betrieb in dieser s\u00fcdlichsten Stadt von Montenegro nahe der albanischen Grenze. Das Stadtbild zeigt die osmanische Vergangenheit, zahlreiche Moscheen verteilen sich \u00fcber die ganze Stadt.<\/p>\n<\/td>\n<\/tr>\n<tr>\n<td valign=\"top\" width=\"407\">\u00a0<img decoding=\"async\" class=\"ngg-singlepic ngg-none\" alt=\"image009_r3\" src=\"http:\/\/adrianwood.ch\/wp-content\/gallery\/montenegro20\/image009_r3.jpg\" \/><\/td>\n<td valign=\"top\" width=\"407\">\u00a0<img decoding=\"async\" class=\"ngg-singlepic ngg-none\" alt=\"image011_r3\" src=\"http:\/\/adrianwood.ch\/wp-content\/gallery\/montenegro20\/image011_r3.jpg\" \/><\/td>\n<\/tr>\n<tr>\n<td colspan=\"2\" valign=\"top\" width=\"815\">\n<p style=\"text-align: justify;\">Ein grosser Markt zieht uns besonders an: noch mehr Betrieb und Auswahl als in Bar, einige von uns k\u00f6nnen seinen Reiz nicht widerstehen und kaufen Honig oder Oliven\u00f6l.<\/p>\n<\/td>\n<\/tr>\n<tr>\n<td valign=\"top\" width=\"407\">\u00a0<img decoding=\"async\" class=\"ngg-singlepic ngg-none\" alt=\"image013_r3\" src=\"http:\/\/adrianwood.ch\/wp-content\/gallery\/montenegro20\/image013_r3.jpg\" \/><\/td>\n<td valign=\"top\" width=\"407\">\u00a0<img decoding=\"async\" class=\"ngg-singlepic ngg-none\" alt=\"image015_r3\" src=\"http:\/\/adrianwood.ch\/wp-content\/gallery\/montenegro20\/image015_r3.jpg\" \/><\/td>\n<\/tr>\n<tr>\n<td colspan=\"2\" valign=\"top\" width=\"815\">\n<p style=\"text-align: justify;\">Doch der Hunger meldet sich nat\u00fcrlich nach diesem Rundgang und Albi, Peter, Sonja und der Schreibende kehren im Restaurant Pizzeria &#8220;Il Faro&#8221; ein. Das Essen im ersten Stock mit Blick au die rege Hauptstrasse bis zum Meer ist ausgezeichnet und wir sind ganz \u00fcberrascht dass der einheimische Besitzer so gut deutsch spricht: er war l\u00e4ngere Zeit in Z\u00fcrich als Koch t\u00e4tig und hat dort seine Schweizer Frau kennengelernt. Jetzt sind beide nach Montenegro zur\u00fcckgekehrt und haben vor zwei Jahren eben dieses Restaurant er\u00f6ffnet &#8211; und ein Hotel f\u00fchren sie auch noch!<\/p>\n<\/td>\n<\/tr>\n<tr>\n<td valign=\"top\" width=\"407\">\u00a0<img decoding=\"async\" class=\"ngg-singlepic ngg-none\" alt=\"image017_r3\" src=\"http:\/\/adrianwood.ch\/wp-content\/gallery\/montenegro20\/image017_r3.jpg\" \/><\/td>\n<td valign=\"top\" width=\"407\">\u00a0<img decoding=\"async\" class=\"ngg-singlepic ngg-none\" alt=\"image019_r3\" src=\"http:\/\/adrianwood.ch\/wp-content\/gallery\/montenegro20\/image019_r3.jpg\" \/><\/td>\n<\/tr>\n<tr>\n<td colspan=\"2\" valign=\"top\" width=\"815\">\n<p style=\"text-align: justify;\">Auf der S\u00fcdseite der Stadt liegt die Halbinsel Ratislava, auf der sich Hotels umgeben von viel Gr\u00fcn und Parkanlagen befinden. Auf der gegen\u00fcberliegenden Seite der Stadt liegt eine kleine felsige Halbinsel, auf der wir die die sehenswerte Altstadt von Ulcinj besichtigen mit ihren engen Gassen und Restaurants mit herrlichem Blick auf die Bucht. Doch um 15 Uhr heisst es alles zur\u00fcckzugehen bis zu Busparkplatz und das ist recht schweisstreibend beim nun immer heisser werdenden Sonnenschein.<\/p>\n<\/td>\n<\/tr>\n<tr>\n<td valign=\"top\" width=\"407\">\u00a0<img decoding=\"async\" class=\"ngg-singlepic ngg-none\" alt=\"image021_r3\" src=\"http:\/\/adrianwood.ch\/wp-content\/gallery\/montenegro20\/image021_r3.jpg\" \/><\/td>\n<td valign=\"top\" width=\"407\">\u00a0<img decoding=\"async\" class=\"ngg-singlepic ngg-none\" alt=\"image023_r3\" src=\"http:\/\/adrianwood.ch\/wp-content\/gallery\/montenegro20\/image023_r3.jpg\" \/><\/td>\n<\/tr>\n<tr>\n<td colspan=\"2\" valign=\"top\" width=\"815\">\n<p style=\"text-align: justify;\">Schliesslich sind wir froh, wieder in Petrovac zur\u00fcck zu sein und eine Douche nehmen zu k\u00f6nnen. Bis zum gemeinsamen Nachtessen im Hotel Rivijera bleibt aber noch etwas Zeit, zum Beispiel um der sch\u00f6nen hochgelegenen, von windschiefen Pinien ges\u00e4umten Promenade bis zu einem Tunnel entlangzuschlendern und die herrliche Sicht auf die Adria mit ihren zwei kleinen Inseln zu geniessen.<\/p>\n<p style=\"text-align: justify;\">Herzlichen Dank, Adrian, f\u00fcr die tollen, trotz zwischenzeitlichen Wetterunstimmigkeiten herrlichen zwei Wochen in diesem sch\u00f6nen und noch urspr\u00fcnglichen Land!<\/p>\n<p style=\"text-align: justify;\">\u00a0\u00a0\u00a0\u00a0\u00a0\u00a0\u00a0\u00a0\u00a0\u00a0\u00a0\u00a0\u00a0\u00a0\u00a0\u00a0\u00a0\u00a0\u00a0\u00a0\u00a0\u00a0 Philippe Schaetti<\/p>\n<\/td>\n<\/tr>\n<\/tbody>\n<\/table>\n<p>&nbsp;<\/p>\n<p>&nbsp;<\/p>\n<p>&nbsp;<\/p>\n<p>&nbsp;<\/p>\n","protected":false},"excerpt":{"rendered":"<p>Freitag, 31. Mai, Stari Bar und Ulcinj. \u00a0 \u00a0 Die K\u00fcstengruppe f\u00e4hrt mit dem Bus nach Stari Bar wo auf dem Marktplatz hektischer Betrieb herrscht: Alles kann man haben, vom Oliven\u00f6l in Coca-Colaflaschen, Kirschen und getrockneten Feigen, Fisch und Kartoffeln bis zu H\u00fchnern und Ziegen! Doch dann \u00fcberrascht uns ein Sturzregen vermischt mit Hagel-k\u00f6rnern und &hellip; <a href=\"https:\/\/www.adrianwood.ch\/?page_id=2761\" class=\"more-link\">Continue reading <span class=\"screen-reader-text\">05-31 Ulcinj &#038; Stari Bar<\/span> <span class=\"meta-nav\">&rarr;<\/span><\/a><\/p>\n","protected":false},"author":1,"featured_media":0,"parent":2612,"menu_order":2461,"comment_status":"closed","ping_status":"closed","template":"","meta":{"ngg_post_thumbnail":0,"footnotes":""},"class_list":["post-2761","page","type-page","status-publish","hentry"],"_links":{"self":[{"href":"https:\/\/www.adrianwood.ch\/index.php?rest_route=\/wp\/v2\/pages\/2761","targetHints":{"allow":["GET"]}}],"collection":[{"href":"https:\/\/www.adrianwood.ch\/index.php?rest_route=\/wp\/v2\/pages"}],"about":[{"href":"https:\/\/www.adrianwood.ch\/index.php?rest_route=\/wp\/v2\/types\/page"}],"author":[{"embeddable":true,"href":"https:\/\/www.adrianwood.ch\/index.php?rest_route=\/wp\/v2\/users\/1"}],"replies":[{"embeddable":true,"href":"https:\/\/www.adrianwood.ch\/index.php?rest_route=%2Fwp%2Fv2%2Fcomments&post=2761"}],"version-history":[{"count":0,"href":"https:\/\/www.adrianwood.ch\/index.php?rest_route=\/wp\/v2\/pages\/2761\/revisions"}],"up":[{"embeddable":true,"href":"https:\/\/www.adrianwood.ch\/index.php?rest_route=\/wp\/v2\/pages\/2612"}],"wp:attachment":[{"href":"https:\/\/www.adrianwood.ch\/index.php?rest_route=%2Fwp%2Fv2%2Fmedia&parent=2761"}],"curies":[{"name":"wp","href":"https:\/\/api.w.org\/{rel}","templated":true}]}}