{"id":2810,"date":"2013-11-21T18:14:06","date_gmt":"2013-11-21T17:14:06","guid":{"rendered":"http:\/\/adrianwood.ch\/?page_id=2810"},"modified":"2013-11-21T18:14:06","modified_gmt":"2013-11-21T17:14:06","slug":"11-03-anaga","status":"publish","type":"page","link":"https:\/\/www.adrianwood.ch\/?page_id=2810","title":{"rendered":"11 03 Anaga"},"content":{"rendered":"<figure id=\"attachment_2811\" aria-describedby=\"caption-attachment-2811\" style=\"width: 730px\" class=\"wp-caption alignleft\"><a href=\"http:\/\/adrianwood.ch\/wp-content\/uploads\/2013\/11\/DSC_0036a_r7.jpg\"><img loading=\"lazy\" decoding=\"async\" class=\"size-full wp-image-2811\" src=\"http:\/\/adrianwood.ch\/wp-content\/uploads\/2013\/11\/DSC_0036a_r7.jpg\" alt=\"Hotel Oceano, Punta del Hidalgo\" width=\"730\" height=\"485\" \/><\/a><figcaption id=\"caption-attachment-2811\" class=\"wp-caption-text\">Hotel Oceano, Punta del Hidalgo<\/figcaption><\/figure>\n<h2 class=\"MsoNormal\" style=\"margin-bottom: 6.0pt; line-height: normal;\"><b style=\"mso-bidi-font-weight: normal;\"><span lang=\"DE\" style=\"font-family: 'Times New Roman','serif'; mso-bidi-font-family: 'Times New Roman'; mso-bidi-theme-font: minor-bidi; mso-ansi-language: DE;\">Sonntag, 3. November, Anaga Gebirge<\/span><\/b><\/h2>\n<p>Wir fuhren bei regnerischem Wetter nach Punta del Hidalgo und besuchten das sch\u00f6ne Wellness Hotel Oceano. Dann kurze Wanderung auf einem Teil des H\u00f6henwegs zum H\u00f6hlendorf Chinamada durch den eigenartige Felslandschaft der Barranco del Rio mit typischen Wolfsmilchgew\u00e4chsen. Weiterfahrt an La Laguna vorbei und durch den immergr\u00fcnen Lorbeerwald von Las Mercedes entlang der Kammstrasse des Anagagebirges. Aussichtsreiche urspr\u00fcngliche Bergd\u00f6rfer und kunstvoll angelegte Feldterrassen schmiegen sich an den Bergh\u00e4ngen und begleiten unsere Route hinab ans Meer nach San Andr\u00e9s. Via Santa Cruz zur\u00fcck nach Puerto de la Cruz. ngg_shortcode_0_placeholder<\/p>\n<figure id=\"attachment_2813\" aria-describedby=\"caption-attachment-2813\" style=\"width: 858px\" class=\"wp-caption alignleft\"><a href=\"http:\/\/adrianwood.ch\/wp-content\/uploads\/2013\/11\/M3-Anaga-2_r8.jpg\"><img loading=\"lazy\" decoding=\"async\" class=\"size-full wp-image-2813\" src=\"http:\/\/adrianwood.ch\/wp-content\/uploads\/2013\/11\/M3-Anaga-2_r8.jpg\" alt=\"Westliche Anaga Gebirge\" width=\"858\" height=\"624\" \/><\/a><figcaption id=\"caption-attachment-2813\" class=\"wp-caption-text\">Westliche Anaga Gebirge<\/figcaption><\/figure>\n<p>&nbsp;<\/p>\n<p>&nbsp;<\/p>\n","protected":false},"excerpt":{"rendered":"<p>Sonntag, 3. November, Anaga Gebirge Wir fuhren bei regnerischem Wetter nach Punta del Hidalgo und besuchten das sch\u00f6ne Wellness Hotel Oceano. Dann kurze Wanderung auf einem Teil des H\u00f6henwegs zum H\u00f6hlendorf Chinamada durch den eigenartige Felslandschaft der Barranco del Rio mit typischen Wolfsmilchgew\u00e4chsen. Weiterfahrt an La Laguna vorbei und durch den immergr\u00fcnen Lorbeerwald von Las &hellip; <a href=\"https:\/\/www.adrianwood.ch\/?page_id=2810\" class=\"more-link\">Continue reading <span class=\"screen-reader-text\">11 03 Anaga<\/span> <span class=\"meta-nav\">&rarr;<\/span><\/a><\/p>\n","protected":false},"author":1,"featured_media":0,"parent":2804,"menu_order":4933,"comment_status":"closed","ping_status":"closed","template":"","meta":{"ngg_post_thumbnail":0,"footnotes":""},"class_list":["post-2810","page","type-page","status-publish","hentry"],"_links":{"self":[{"href":"https:\/\/www.adrianwood.ch\/index.php?rest_route=\/wp\/v2\/pages\/2810","targetHints":{"allow":["GET"]}}],"collection":[{"href":"https:\/\/www.adrianwood.ch\/index.php?rest_route=\/wp\/v2\/pages"}],"about":[{"href":"https:\/\/www.adrianwood.ch\/index.php?rest_route=\/wp\/v2\/types\/page"}],"author":[{"embeddable":true,"href":"https:\/\/www.adrianwood.ch\/index.php?rest_route=\/wp\/v2\/users\/1"}],"replies":[{"embeddable":true,"href":"https:\/\/www.adrianwood.ch\/index.php?rest_route=%2Fwp%2Fv2%2Fcomments&post=2810"}],"version-history":[{"count":0,"href":"https:\/\/www.adrianwood.ch\/index.php?rest_route=\/wp\/v2\/pages\/2810\/revisions"}],"up":[{"embeddable":true,"href":"https:\/\/www.adrianwood.ch\/index.php?rest_route=\/wp\/v2\/pages\/2804"}],"wp:attachment":[{"href":"https:\/\/www.adrianwood.ch\/index.php?rest_route=%2Fwp%2Fv2%2Fmedia&parent=2810"}],"curies":[{"name":"wp","href":"https:\/\/api.w.org\/{rel}","templated":true}]}}