{"id":2895,"date":"2014-01-04T16:55:18","date_gmt":"2014-01-04T15:55:18","guid":{"rendered":"http:\/\/adrianwood.ch\/?page_id=2895"},"modified":"2014-01-04T16:55:18","modified_gmt":"2014-01-04T15:55:18","slug":"08-01-comino","status":"publish","type":"page","link":"https:\/\/www.adrianwood.ch\/?page_id=2895","title":{"rendered":"08-01 Comino"},"content":{"rendered":"<table border=\"0\" cellspacing=\"0\" cellpadding=\"0\">\n<tbody>\n<tr>\n<td colspan=\"2\" valign=\"top\" width=\"821\"><b>Mittwoch, 1.August, Intragna \u2013 Monte di Comino\u00a0\u00a0 <\/b><\/p>\n<p>Eine ansehnliche Gruppe von 20 Personen erreichte nach langer Fahrt kurz vor Mittag das h\u00fcbsche Tessinerdorf Intragna. Zuerst stand nicht Wandern sondern Baden auf dem Programm. Es musste aber zuerst ein steiler Abstieg von ca 100m \u00fcberwunden werden, bevor wir in einen tiefen Pool, zwischen ausgewaschenen Felsen ins abk\u00fchlende Wasser des Melezza Flusses springen konnten.<\/td>\n<\/tr>\n<tr>\n<td valign=\"top\" width=\"411\">\u00a0<img decoding=\"async\" class=\"ngg-singlepic ngg-none\" alt=\"image001_r3\" src=\"http:\/\/adrianwood.ch\/wp-content\/gallery\/onsernone02\/image001_r3.jpg\" \/><\/td>\n<td valign=\"top\" width=\"410\">\u00a0<img decoding=\"async\" class=\"ngg-singlepic ngg-none\" alt=\"image003_r3\" src=\"http:\/\/adrianwood.ch\/wp-content\/gallery\/onsernone02\/image003_r3.jpg\" \/><\/td>\n<\/tr>\n<tr>\n<td colspan=\"2\" valign=\"top\" width=\"821\">Wir hatten abgemacht, dass wir uns nach ausgiebigem Baden und Mittagessen um 15.00 oben bei der Seilbahn Bergstation in Costa treffen, nicht wissend, dass die kleine vierpl\u00e4tzige Seilbahn eine zweist\u00fcndige Mittagspause bis 14.30 Uhr machte. So gab es dann eine Warteschlange und die Letzten kamen mit etwas Versp\u00e4tung oben an. Einige waren schon fr\u00fcher zu Fuss hochgelaufen.<\/td>\n<\/tr>\n<tr>\n<td valign=\"top\" width=\"411\">\u00a0<img decoding=\"async\" class=\"ngg-singlepic ngg-none\" alt=\"image005_r3\" src=\"http:\/\/adrianwood.ch\/wp-content\/gallery\/onsernone02\/image005_r3.jpg\" \/><\/td>\n<td valign=\"top\" width=\"410\">\u00a0<img decoding=\"async\" class=\"ngg-singlepic ngg-none\" alt=\"image007_r3\" src=\"http:\/\/adrianwood.ch\/wp-content\/gallery\/onsernone02\/image007_r3.jpg\" \/><\/td>\n<\/tr>\n<tr>\n<td colspan=\"2\" valign=\"top\" width=\"821\">Endlich ging es los nach Selna, wo wir von einer neugebauten Strasse \u00fcberrascht wurden. Bald hatten wir\u00a0 den alten Wanderweg durch sch\u00f6ne Buchenw\u00e4lder mit gelegentlichem Blick ins Tal wieder gefunden. Bei der kleinen offenen Kapelle bei Mott d\u00fcrai machten wir einen verdienten Rasthalt. Auf dem n\u00e4chsten weniger steilen Abschnitt um Droi stiessen wir wieder auf eine neue Strasse, jedoch die letzte Strecke nach Monte di Comino, mit leider etwas dunstiger Aussicht, war von solchen Eingriffen unber\u00fchrt.<\/td>\n<\/tr>\n<tr>\n<td valign=\"top\" width=\"411\">\u00a0<img decoding=\"async\" class=\"ngg-singlepic ngg-none\" alt=\"image009_r3\" src=\"http:\/\/adrianwood.ch\/wp-content\/gallery\/onsernone02\/image009_r3.jpg\" \/><\/td>\n<td valign=\"top\" width=\"410\">\u00a0<img decoding=\"async\" class=\"ngg-singlepic ngg-none\" alt=\"image011_r3\" src=\"http:\/\/adrianwood.ch\/wp-content\/gallery\/onsernone02\/image011_r3.jpg\" \/><\/td>\n<\/tr>\n<tr>\n<td colspan=\"2\" valign=\"top\" width=\"821\">Um ca. 18.00 Uhr erreichten wir alle unsere sch\u00f6ne Unterkunft, Alla Capanna, auf 1155 m und wurden von unserer Wirtin herzlich willkommen geheissen. Es reichte knapp noch f\u00fcr eine Dusche und den Apero an einem riesigen Holztisch unter einem Schatten spendenden Baum, bevor wir\u00a0 auf der sch\u00f6n gelegenen Terrasse f\u00fcr das Abendessen Platz nahmen. Da es der 1.August war, gab es neben uns noch mehrere G\u00e4ste von umliegenden Rustici. Bevor das traditionelle Feuerwerk losging wurden wir von zwei jungen M\u00e4dchen mit einer kleinen Tanzeinlage unterhalten. Sp\u00e4ter wurde kr\u00e4ftig gesungen, angef\u00fchrt von Margrit und Hans.Adrian<\/td>\n<\/tr>\n<\/tbody>\n<\/table>\n","protected":false},"excerpt":{"rendered":"<p>Mittwoch, 1.August, Intragna \u2013 Monte di Comino\u00a0\u00a0 Eine ansehnliche Gruppe von 20 Personen erreichte nach langer Fahrt kurz vor Mittag das h\u00fcbsche Tessinerdorf Intragna. Zuerst stand nicht Wandern sondern Baden auf dem Programm. Es musste aber zuerst ein steiler Abstieg von ca 100m \u00fcberwunden werden, bevor wir in einen tiefen Pool, zwischen ausgewaschenen Felsen ins &hellip; <a href=\"https:\/\/www.adrianwood.ch\/?page_id=2895\" class=\"more-link\">Continue reading <span class=\"screen-reader-text\">08-01 Comino<\/span> <span class=\"meta-nav\">&rarr;<\/span><\/a><\/p>\n","protected":false},"author":1,"featured_media":0,"parent":2890,"menu_order":1562,"comment_status":"closed","ping_status":"closed","template":"","meta":{"ngg_post_thumbnail":0,"footnotes":""},"class_list":["post-2895","page","type-page","status-publish","hentry"],"_links":{"self":[{"href":"https:\/\/www.adrianwood.ch\/index.php?rest_route=\/wp\/v2\/pages\/2895","targetHints":{"allow":["GET"]}}],"collection":[{"href":"https:\/\/www.adrianwood.ch\/index.php?rest_route=\/wp\/v2\/pages"}],"about":[{"href":"https:\/\/www.adrianwood.ch\/index.php?rest_route=\/wp\/v2\/types\/page"}],"author":[{"embeddable":true,"href":"https:\/\/www.adrianwood.ch\/index.php?rest_route=\/wp\/v2\/users\/1"}],"replies":[{"embeddable":true,"href":"https:\/\/www.adrianwood.ch\/index.php?rest_route=%2Fwp%2Fv2%2Fcomments&post=2895"}],"version-history":[{"count":0,"href":"https:\/\/www.adrianwood.ch\/index.php?rest_route=\/wp\/v2\/pages\/2895\/revisions"}],"up":[{"embeddable":true,"href":"https:\/\/www.adrianwood.ch\/index.php?rest_route=\/wp\/v2\/pages\/2890"}],"wp:attachment":[{"href":"https:\/\/www.adrianwood.ch\/index.php?rest_route=%2Fwp%2Fv2%2Fmedia&parent=2895"}],"curies":[{"name":"wp","href":"https:\/\/api.w.org\/{rel}","templated":true}]}}