{"id":2910,"date":"2014-01-04T17:27:05","date_gmt":"2014-01-04T16:27:05","guid":{"rendered":"http:\/\/adrianwood.ch\/?page_id=2910"},"modified":"2014-01-04T17:27:05","modified_gmt":"2014-01-04T16:27:05","slug":"08-02-pianascio","status":"publish","type":"page","link":"https:\/\/www.adrianwood.ch\/?page_id=2910","title":{"rendered":"08-02 Pianascio"},"content":{"rendered":"<table border=\"0\" cellspacing=\"0\" cellpadding=\"0\">\n<tbody>\n<tr>\n<td colspan=\"2\" valign=\"top\" width=\"821\"><b>Pianascio 1643m \u2013 Mosogno &#8211; Loco<\/b><\/td>\n<\/tr>\n<tr>\n<td valign=\"top\" width=\"411\">\u00a0<img decoding=\"async\" class=\"ngg-singlepic ngg-none\" alt=\"image025_r3\" src=\"http:\/\/adrianwood.ch\/wp-content\/gallery\/onsernone04\/image025_r3.jpg\" \/><\/td>\n<td valign=\"top\" width=\"410\">\u00a0<img decoding=\"async\" class=\"ngg-singlepic ngg-none\" alt=\"image027_r3\" src=\"http:\/\/adrianwood.ch\/wp-content\/gallery\/onsernone04\/image027_r3.jpg\" \/><\/td>\n<\/tr>\n<tr>\n<td colspan=\"2\" valign=\"top\" width=\"821\">Vom Monte Comino aus wandern wir zur Kirche Madonna della Segna 1166m. Dort teilt sich unsere Wandergruppe. Der eine Tel wird \u00fcber Calascio nach Loco wandern und unterwegs noch baden, der Rest nimmt den Berg Pianascio\/Pizzin 1643m in Angriff. Der Weg hinauf f\u00fchrt meist durch den Wald. Einmal ist es flacher dann wieder steil bis sehr steil. Wir sind schweissgebadet als wir oben ankommen. Leider ist der Himmel eher weisslich und die Sicht ist nicht optimal.<\/td>\n<\/tr>\n<tr>\n<td valign=\"top\" width=\"411\">\u00a0<img decoding=\"async\" class=\"ngg-singlepic ngg-none\" alt=\"image029_r3\" src=\"http:\/\/adrianwood.ch\/wp-content\/gallery\/onsernone04\/image029_r3.jpg\" \/><\/td>\n<td valign=\"top\" width=\"410\">\u00a0<img decoding=\"async\" class=\"ngg-singlepic ngg-none\" alt=\"image031_r3\" src=\"http:\/\/adrianwood.ch\/wp-content\/gallery\/onsernone04\/image031_r3.jpg\" \/><\/td>\n<\/tr>\n<tr>\n<td colspan=\"2\" valign=\"top\" width=\"821\">Auf demselben Weg geht es wieder hinunter zur Kirche, wo wir \u00fcberfl\u00fcssiges Gep\u00e4ck stationiert hatten. Von dort geht es steil hinunter auf teils rutschigen Weg zum Fluss Isorna im Val d\u2018Onsernone. Bei Ponte Nuovo (559m) queren wir den tief im Tobel fliessenden Fluss und m\u00fcssen nochmals einen steilen Aufstieg auf uns nehmen, um das Dorf Mosogno zu erreichen.<\/td>\n<\/tr>\n<tr>\n<td valign=\"top\" width=\"411\">Dort gibt es leider keine Beiz &#8211; wir h\u00e4tten so gerne ein Bier getrunken. Dank Autostop gelangen wir fr\u00fcher als vorgesehen nach Loco, wo wir schon einige unserer Leute in der Dorfbeiz vorfinden. Sp\u00e4ter machen wir uns dann auf die Suche nach dem Palazzo Armoncini, den wir nach etlichem Herumfragen unterhalb des Dorfes finden.<\/p>\n<p>Hier gibt es viele \u00dcberraschungen und Ungewohntes zu sehen. Ein gutes Abendessen und ein Konzert im innern Sanctum des Hauses runden den Tag ab.<\/p>\n<p>Marianne<\/td>\n<td valign=\"top\" width=\"410\">\u00a0<img decoding=\"async\" class=\"ngg-singlepic ngg-none\" alt=\"image033_r3\" src=\"http:\/\/adrianwood.ch\/wp-content\/gallery\/onsernone04\/image033_r3.jpg\" \/><\/td>\n<\/tr>\n<\/tbody>\n<\/table>\n","protected":false},"excerpt":{"rendered":"<p>Pianascio 1643m \u2013 Mosogno &#8211; Loco \u00a0 \u00a0 Vom Monte Comino aus wandern wir zur Kirche Madonna della Segna 1166m. Dort teilt sich unsere Wandergruppe. Der eine Tel wird \u00fcber Calascio nach Loco wandern und unterwegs noch baden, der Rest nimmt den Berg Pianascio\/Pizzin 1643m in Angriff. Der Weg hinauf f\u00fchrt meist durch den Wald. &hellip; <a href=\"https:\/\/www.adrianwood.ch\/?page_id=2910\" class=\"more-link\">Continue reading <span class=\"screen-reader-text\">08-02 Pianascio<\/span> <span class=\"meta-nav\">&rarr;<\/span><\/a><\/p>\n","protected":false},"author":1,"featured_media":0,"parent":2890,"menu_order":1564,"comment_status":"closed","ping_status":"closed","template":"","meta":{"ngg_post_thumbnail":0,"footnotes":""},"class_list":["post-2910","page","type-page","status-publish","hentry"],"_links":{"self":[{"href":"https:\/\/www.adrianwood.ch\/index.php?rest_route=\/wp\/v2\/pages\/2910","targetHints":{"allow":["GET"]}}],"collection":[{"href":"https:\/\/www.adrianwood.ch\/index.php?rest_route=\/wp\/v2\/pages"}],"about":[{"href":"https:\/\/www.adrianwood.ch\/index.php?rest_route=\/wp\/v2\/types\/page"}],"author":[{"embeddable":true,"href":"https:\/\/www.adrianwood.ch\/index.php?rest_route=\/wp\/v2\/users\/1"}],"replies":[{"embeddable":true,"href":"https:\/\/www.adrianwood.ch\/index.php?rest_route=%2Fwp%2Fv2%2Fcomments&post=2910"}],"version-history":[{"count":0,"href":"https:\/\/www.adrianwood.ch\/index.php?rest_route=\/wp\/v2\/pages\/2910\/revisions"}],"up":[{"embeddable":true,"href":"https:\/\/www.adrianwood.ch\/index.php?rest_route=\/wp\/v2\/pages\/2890"}],"wp:attachment":[{"href":"https:\/\/www.adrianwood.ch\/index.php?rest_route=%2Fwp%2Fv2%2Fmedia&parent=2910"}],"curies":[{"name":"wp","href":"https:\/\/api.w.org\/{rel}","templated":true}]}}