{"id":2913,"date":"2014-01-04T17:48:49","date_gmt":"2014-01-04T16:48:49","guid":{"rendered":"http:\/\/adrianwood.ch\/?page_id=2913"},"modified":"2014-01-04T17:48:49","modified_gmt":"2014-01-04T16:48:49","slug":"08-03-pizzo-peloso","status":"publish","type":"page","link":"https:\/\/www.adrianwood.ch\/?page_id=2913","title":{"rendered":"08-03 Pizzo Peloso"},"content":{"rendered":"<table border=\"0\" cellspacing=\"0\" cellpadding=\"0\">\n<tbody>\n<tr>\n<td colspan=\"2\" valign=\"top\" width=\"821\"><b>Freitag, 3.August, Loco &#8211; Passo della Bassa &#8211; Passo della Maggia &#8211; Loco<\/b><\/td>\n<\/tr>\n<tr>\n<td colspan=\"2\" valign=\"top\" width=\"821\">\u00a0<img decoding=\"async\" class=\"ngg-singlepic ngg-none\" alt=\"image035_r7\" src=\"http:\/\/adrianwood.ch\/wp-content\/gallery\/onsernone05\/image035_r7.jpg\" \/><\/td>\n<\/tr>\n<tr>\n<td colspan=\"2\" valign=\"top\" width=\"821\">Heute m\u00fcssen wir fr\u00fch aufstehen, um den Bus von Loco nach Gresso um 7.41 zuerreichen. Wir helfen unserem Gastgeber beim Tischen und beim Herrichten des Morgenbuffets. Das frisch gebackene Brot (ein 4kg Laib) ist sehr nahrhaft und reicht f\u00fcrs Morgenessen sowie f\u00fcr den Picknick, sind doch reichlich K\u00e4se, Schinken, Cervelats und einige Fr\u00fcchte vorhanden. In kleinen Gruppen steigen wir die steilen Treppen vorbei an alten Tessiner H\u00e4usern ins Dorf Loco hinauf. Die Gruppe, die im Dorf Unterkunft gefunden hat, sitzt noch im Strassencaf\u00e9 beim Morgenessen. Der Bus bringt uns nach Russo, wo wir in einen kleineren Bus umsteigen m\u00fcssen, um\u00a0 in das enge Seitental Vergeletto zu gelangen, wo Gresso 994m, der Ausgangspunkt unserer heutigen Wanderung liegt. Um 8.15 schon sind wir startbereit.<\/td>\n<\/tr>\n<tr>\n<td valign=\"top\" width=\"426\">\u00a0<img decoding=\"async\" class=\"ngg-singlepic ngg-none\" alt=\"image037_r3\" src=\"http:\/\/adrianwood.ch\/wp-content\/gallery\/onsernone05\/image037_r3.jpg\" \/><\/td>\n<td valign=\"top\" width=\"396\">\u00a0<img decoding=\"async\" class=\"ngg-singlepic ngg-none\" alt=\"image039_r3\" src=\"http:\/\/adrianwood.ch\/wp-content\/gallery\/onsernone05\/image039_r3.jpg\" \/><\/td>\n<\/tr>\n<tr>\n<td colspan=\"2\" valign=\"top\" width=\"821\">Es geht gleich steil hinauf durch die Dorfgassen und dann \u00fcber Wiesenpfade und sp\u00e4ter durch den Wald nach Pian della Crosa, einem Weiler auf 1370m H\u00f6he. Oberhalb der H\u00e4user schalten wir einen ersten Halt ein. Von Pian della Crosa steigen wir auf einem Pfad im Wald wieder steil hinauf &#8211; ein schweisstreibender Aufstieg. Auf der Alp stehen einige verlassenen Steinh\u00e4user. Wir haben die meisten H\u00f6henmeter gemacht und gehen nun auf einem Wiesenpfad auf ca. 1780m durch eine sehr sch\u00f6ne Landschaft mit lichten Wald, wo es gut duftet, zum Passo della Bassa 1804m hinauf. Wir folgen nun dem Grat mit Blick auf den Pizzo Pelosa 2064m.<\/td>\n<\/tr>\n<tr>\n<td valign=\"top\" width=\"426\">\u00a0<img decoding=\"async\" class=\"ngg-singlepic ngg-none\" alt=\"image041_r3\" src=\"http:\/\/adrianwood.ch\/wp-content\/gallery\/onsernone05\/image041_r3.jpg\" \/><\/td>\n<td valign=\"top\" width=\"396\">\u00a0<img decoding=\"async\" class=\"ngg-singlepic ngg-none\" alt=\"image043_r3\" src=\"http:\/\/adrianwood.ch\/wp-content\/gallery\/onsernone05\/image043_r3.jpg\" \/><\/td>\n<\/tr>\n<tr>\n<td colspan=\"2\" valign=\"top\" width=\"821\">Das Wetter hat sich inzwischen etwas ge\u00e4ndert und\u00a0 die Sonne ist hinter den Wolken verschwunden. Am Ende des Grates geht es steil durch eine Wiese mit hohen Gr\u00e4sern hinunter. Dann folgt eine recht ausgesetzte Wiesenpartie bis wir auf eine Art Pass\u00fcbergang kommen und sich der Pfad nach Norden wendet. Wir steigen\u00a0 sorgf\u00e4ltig auf rutschigem\u00a0 Bergweg durch Alpenrosengeb\u00fcsche hinunter in eine Mulde und halten dann nach\u00a0 Osten.<\/td>\n<\/tr>\n<tr>\n<td valign=\"top\" width=\"426\">\u00a0<img decoding=\"async\" class=\"ngg-singlepic ngg-none\" alt=\"image045_r3\" src=\"http:\/\/adrianwood.ch\/wp-content\/gallery\/onsernone05\/image045_r3.jpg\" \/><\/td>\n<td valign=\"top\" width=\"396\">\u00a0<img decoding=\"async\" class=\"ngg-singlepic ngg-none\" alt=\"image047_r3\" src=\"http:\/\/adrianwood.ch\/wp-content\/gallery\/onsernone05\/image047_r3.jpg\" \/><\/td>\n<\/tr>\n<tr>\n<td colspan=\"2\" valign=\"top\" width=\"821\">Es ist Zeit f\u00fcr einen Mittagshalt. Wie lassen uns auf den verstreut liegenden Felsbl\u00f6cken nieder und essen unsere nahrhaften belegten Brote und einiges dazu. Um 13.00 geht es wieder weiter. Wir m\u00fcssen wieder aufsteigen und gelangen in eine Mulde mit einigen Wasserl\u00f6chern. Der Weg f\u00fchrt nun zwischen vielen Felsplatten hinauf auf den Passo della Maggia, 1973m. Hier\u00a0 ist wieder ein Halt angesagt &#8211; Adrian setzt sich mit lauter Stimme durch!<\/td>\n<\/tr>\n<tr>\n<td valign=\"top\" width=\"426\">Der Weg hinunter \u00fcber den steilen Grashang verlangt sorgf\u00e4ltiges Gehen. Weit unten sieht man die Alp Pino. Nach einer Weile kommen wir auf den Grat, der vom Madone hinunter kommt. Wieder ist diese Gratlandschaft sehr sch\u00f6n und lockt zum Fotografieren. Auch das Wetter hat sich wieder ge\u00e4ndert und die Sonne kommt hinter den Wolken hervor. In Pino 1659m wartet die Vorhut auf den Rest der Gruppe. Wir schalten wieder einen Trinkhalt ein, es gibt sogar einen Brunnen hier, um die Flaschen nachzuf\u00fcllen. Dieser Ort liegt wundersch\u00f6n.<\/td>\n<td valign=\"top\" width=\"396\">\u00a0<img decoding=\"async\" class=\"ngg-singlepic ngg-none\" alt=\"image049_r3\" src=\"http:\/\/adrianwood.ch\/wp-content\/gallery\/onsernone05\/image049_r3.jpg\" \/><\/td>\n<\/tr>\n<tr>\n<td colspan=\"2\" valign=\"top\" width=\"821\">Leider m\u00fcssen wir wieder weiter, wir haben noch viele H\u00f6henmeter hinunterzusteigen. \u00dcber Costa die Masgnei gelangen wir zum Passo della Garina 1076m, wo etliche Rusticos verteilt in der Landschaft stehen. Bald kommen wir in offenes Gel\u00e4nde, nach Campo, wo wir Ausschau halten nach dem Rustico von Philippe. Adrian l\u00e4sst sich per Handy den Weg dahin erkl\u00e4ren. So wandern wir hin\u00fcber nach Loco Garina, wo uns Philippe mit seiner Familie erwartet. Er offeriert uns einen Aperitif mit guten Sachen zum essen. An Getr\u00e4nken fehlt es nicht &#8211; wir sind sehr durstig. Wir geniessen die Rast im Schatten der B\u00e4ume oder in den Liegest\u00fchlen.<\/td>\n<\/tr>\n<tr>\n<td valign=\"top\" width=\"426\">\u00a0<img decoding=\"async\" class=\"ngg-singlepic ngg-none\" alt=\"image051_r3\" src=\"http:\/\/adrianwood.ch\/wp-content\/gallery\/onsernone05\/image051_r3.jpg\" \/><\/td>\n<td valign=\"top\" width=\"396\">\u00a0<img decoding=\"async\" class=\"ngg-singlepic ngg-none\" alt=\"image053_r3\" src=\"http:\/\/adrianwood.ch\/wp-content\/gallery\/onsernone05\/image053_r3.jpg\" \/><\/td>\n<\/tr>\n<tr>\n<td colspan=\"2\" valign=\"top\" width=\"821\">Nach dem gem\u00fctlichen Zusammensein machen sich die Leute allm\u00e4hlich wieder auf den Weg hinunter nach Loco. Ein sch\u00f6ner Pfad f\u00fchrt durch Wiesen und \u00fcber kleine B\u00e4che hin\u00fcber zum Wanderweg, der einem Saumweg gleicht. Wir staunen, wie weit hinauf alles, was in Garina gebraucht wird, hinaufgetragen werden muss. Im Wald treffen wir auf die Kirche bei Sasiel 774m. Von dort aus gibt es noch einige Kehren, bis wir in Loco bei der Kirche angelangt sind. Im Dorf treffen wir einen Teil unserer Gruppe im Caf\u00e9 an der Strasse. Wir aber steigen wieder die steilen Treppen hinunter zum Palazzo Armonici. Ein Dusche tut gut (aber zuerst muss noch der Ablauf entstopft werden)!<\/td>\n<\/tr>\n<tr>\n<td valign=\"top\" width=\"408\">\u00a0<img decoding=\"async\" class=\"ngg-singlepic ngg-none\" alt=\"image055_r3\" src=\"http:\/\/adrianwood.ch\/wp-content\/gallery\/onsernone05\/image055_r3.jpg\" \/><\/td>\n<td valign=\"top\" width=\"414\">\u00a0<img decoding=\"async\" class=\"ngg-singlepic ngg-none\" alt=\"image057_r3\" src=\"http:\/\/adrianwood.ch\/wp-content\/gallery\/onsernone05\/image057_r3.jpg\" \/><\/td>\n<\/tr>\n<tr>\n<td colspan=\"2\" valign=\"top\" width=\"821\">Wir haben uns bereits an die Zust\u00e4nde im Klanghaus gew\u00f6hnt. Der Tisch wird durch Leute aus der Gruppe gedeckt, sodass wir uns endlich zum Essen hinsetzen k\u00f6nnen. Auch heute pr\u00e4sentiert uns Bardo eine schmackhafte Mahlzeit. Es gibt speziell gute Tomaten mit Mozzarella und dann Reis mit Pilzen und Bohnen. Dazu wird wieder reichlich Wein getrunken. Nachher l\u00e4dt uns Bardo wie am Vorabend, zu einem Konzert ein, das in einem Raum im zweiten Stock stattfindet. Hier h\u00e4ngen sehr viel grosse Gongs von der Decke herunter, die einmal angeschlagen, langandauernde, m\u00e4chtige Vibrationen erzeugen. Wir sind sehr beeindruckt. Dies ist sicher ein spezielles Erlebnis! Was man nicht alles erleben kann auf Adrian&#8217;s Touren!<br \/>\nMarianne<\/td>\n<\/tr>\n<\/tbody>\n<\/table>\n","protected":false},"excerpt":{"rendered":"<p>Freitag, 3.August, Loco &#8211; Passo della Bassa &#8211; Passo della Maggia &#8211; Loco \u00a0 Heute m\u00fcssen wir fr\u00fch aufstehen, um den Bus von Loco nach Gresso um 7.41 zuerreichen. Wir helfen unserem Gastgeber beim Tischen und beim Herrichten des Morgenbuffets. Das frisch gebackene Brot (ein 4kg Laib) ist sehr nahrhaft und reicht f\u00fcrs Morgenessen sowie &hellip; <a href=\"https:\/\/www.adrianwood.ch\/?page_id=2913\" class=\"more-link\">Continue reading <span class=\"screen-reader-text\">08-03 Pizzo Peloso<\/span> <span class=\"meta-nav\">&rarr;<\/span><\/a><\/p>\n","protected":false},"author":1,"featured_media":0,"parent":2890,"menu_order":1565,"comment_status":"closed","ping_status":"closed","template":"","meta":{"ngg_post_thumbnail":0,"footnotes":""},"class_list":["post-2913","page","type-page","status-publish","hentry"],"_links":{"self":[{"href":"https:\/\/www.adrianwood.ch\/index.php?rest_route=\/wp\/v2\/pages\/2913","targetHints":{"allow":["GET"]}}],"collection":[{"href":"https:\/\/www.adrianwood.ch\/index.php?rest_route=\/wp\/v2\/pages"}],"about":[{"href":"https:\/\/www.adrianwood.ch\/index.php?rest_route=\/wp\/v2\/types\/page"}],"author":[{"embeddable":true,"href":"https:\/\/www.adrianwood.ch\/index.php?rest_route=\/wp\/v2\/users\/1"}],"replies":[{"embeddable":true,"href":"https:\/\/www.adrianwood.ch\/index.php?rest_route=%2Fwp%2Fv2%2Fcomments&post=2913"}],"version-history":[{"count":0,"href":"https:\/\/www.adrianwood.ch\/index.php?rest_route=\/wp\/v2\/pages\/2913\/revisions"}],"up":[{"embeddable":true,"href":"https:\/\/www.adrianwood.ch\/index.php?rest_route=\/wp\/v2\/pages\/2890"}],"wp:attachment":[{"href":"https:\/\/www.adrianwood.ch\/index.php?rest_route=%2Fwp%2Fv2%2Fmedia&parent=2913"}],"curies":[{"name":"wp","href":"https:\/\/api.w.org\/{rel}","templated":true}]}}