{"id":2927,"date":"2014-01-05T17:13:06","date_gmt":"2014-01-05T16:13:06","guid":{"rendered":"http:\/\/adrianwood.ch\/?page_id=2927"},"modified":"2016-06-09T09:00:54","modified_gmt":"2016-06-09T09:00:54","slug":"2013-07-versasca","status":"publish","type":"page","link":"https:\/\/www.adrianwood.ch\/?page_id=2927","title":{"rendered":"2013-07 Versasca"},"content":{"rendered":"<figure id=\"attachment_2928\" aria-describedby=\"caption-attachment-2928\" style=\"width: 730px\" class=\"wp-caption alignleft\"><a href=\"http:\/\/adrianwood.ch\/wp-content\/uploads\/2014\/01\/DSC_0025_r7.jpg\"><img loading=\"lazy\" decoding=\"async\" class=\"size-full wp-image-2928\" src=\"http:\/\/adrianwood.ch\/wp-content\/uploads\/2014\/01\/DSC_0025_r7.jpg\" alt=\"Blick auf Versascatal von Alpe Co der Preda\" width=\"730\" height=\"485\" \/><\/a><figcaption id=\"caption-attachment-2928\" class=\"wp-caption-text\">Blick auf Versascatal von Alpe Co der Preda<\/figcaption><\/figure>\n<p align=\"center\"><b>Funftageswanderung durch der Valle Versasca <\/b><\/p>\n<p align=\"center\"><b>31.Juli &#8211; 4.August 2013<\/b><\/p>\n<p>\u00a0<b>ALLGEMEINES<\/b> \u00a0\u00a0\u00a0 Bergwan\u00adderung von Rustico zu Rustico der Versasca Tal hinunter mit anschliessendem Besteigung der Cima della Trosa oberhalb Locarno. Meist markierten Pfaden (T2). Etwas Ausdauer, Tritt\u00adsicherheit und &#8211; fakultativ &#8211; Kaltwas\u00adserfestigkeit werden verlangt. Die Lager bestehen aus Matrazzen am Dachboden mit Duvets oder Decken. Eine Dusche ist vorhanden. Man k\u00f6nnte m\u00f6glicherweise einen Tag sp\u00e4ter anfangen und\/oder einen Tag fr\u00fcher aufh\u00f6ren. Es gibt Varianten f\u00fcr etwas weniger ausdauernde Wanderer.<\/p>\n<p><b>PROGRAMM \u00a0\u00a0\u00a0\u00a0\u00a0\u00a0\u00a0 <\/b><span style=\"text-decoration: underline;\">Mittwoch, 31.Juli:<\/span> Treffpunkt Schalterhalle SBB 07.50. Abfahrt 08.04 nach Locarno\/Sonogno (918m), Ankunft 13.31. Mittagessen und Dorfbesichtigung oder Baden im Fluss. Ca.15.00 Wanderung Sonogno \u2013 Frasco (885m) &#8211; Pescia (1440m), 4km, 2.5Std. \u00dcbernachtung im Agriturismo La Ghironda, Lager mit Halbpension.<\/p>\n<p><span style=\"text-decoration: underline;\">Donnerstag, 1.August:<\/span> Pescia \u2013 Frasco (885m) \u2013 Gerra Valle (882m) \u2013 Lavertezzo (536m), Badem\u00f6glichkeit, 14km, 4Std. \u00dcbernachtung Ristorante Posse, Zimmer mit Halbpension.<\/p>\n<p><span style=\"text-decoration: underline;\">Freitag, 2.August:<\/span> Lavertezzo (536m) &#8211; Corippo (563m) &#8211; Monti di Cortoi oberhalb Mergoscia (1050m), Mittagessen \u2013 Valle di Mergoscia (750m) \u2013 Monti di Lego (1110m), 12km, 5Std. \u00dcbernachtung im Monti di Lego, Lager mit Halbpension.<\/p>\n<p><b>oder <\/b>\u00dcbernachtung im Monti di Cortoi bei einem Naturfreundekamerad, 8km, 3Std.<\/p>\n<p><span style=\"text-decoration: underline;\">Samstag, 3.August:<\/span> Monti di Lego (1110m) \u2013 Bassa di Bietri(1450m) \u2013 Alpe di Bietri (1499m) \u2013 Cima della Trosa (1869m) &#8211; Cardada (1332m), 11km, 4.5Std. <b>oder<\/b> Monti di Cortoi \u2013 Bresicadiga (1132m) &#8211; Alpe di Bietri (1499m) \u2013 Alpe Cardada (1473m) &#8211; Cardada (1332m), 9km, 3Std.<\/p>\n<p>\u00dcbernachtung in Bergstation Cardada, Lager mit Halbpension<\/p>\n<p><b>oder<\/b> Seilbahn nach Locarno und Heimreise.<\/p>\n<p><span style=\"text-decoration: underline;\">Sonntag, 4.August:<\/span> Cardada (1332m) \u2013 Alpi di Vegnasco (1426m) \u2013 Alpe Faeda (1534m) &#8211; Monaste (1126m) \u2013 Avegno di Fiori (321m) \u2013 Ponte Brolla (254m), Badem\u00f6g\u00adlichkeit,11km, 4Std. Zug um 15.43 nach Locarno. Abfahrt um 16.03, Ankunft in Basel um 19.53, oder eine Stunde sp\u00e4ter.<\/p>\n<h3><a href=\"http:\/\/www.adrianwood.ch\/?page_id=7604\">Inhalt \/ Contents<\/a><\/h3>\nngg_shortcode_0_placeholder\n<p><strong>TEILNEHMER<\/strong><\/p>\n<table border=\"0\" width=\"622\" cellspacing=\"0\" cellpadding=\"0\">\n<colgroup>\n<col width=\"64\" \/>\n<col width=\"218\" \/>\n<col span=\"2\" width=\"170\" \/> <\/colgroup>\n<tbody>\n<tr>\n<td width=\"64\" height=\"21\">Nr.<\/td>\n<td width=\"218\">Name<\/td>\n<td width=\"170\">Adresse<\/td>\n<td width=\"170\">Stadt<\/td>\n<\/tr>\n<tr>\n<td height=\"21\">1<\/td>\n<td>Wood Adrian<\/td>\n<td>R\u00fcttackerweg 20<\/td>\n<td>4104 Oberwil<\/td>\n<\/tr>\n<tr>\n<td height=\"21\">2<\/td>\n<td>Stampf Jean-Francois<\/td>\n<td>Rue des Landes 13<\/td>\n<td>F-68220 Neuwiller<\/td>\n<\/tr>\n<tr>\n<td height=\"21\">3<\/td>\n<td>Frei Marianne<\/td>\n<td>Strengig\u00e4ssli 20<\/td>\n<td>4123 Allschwil<\/td>\n<\/tr>\n<tr>\n<td height=\"21\">4<\/td>\n<td>Kr\u00e4henb\u00fchl Brunhilde<\/td>\n<td>Rheinparkstrasse 4<\/td>\n<td>4127 Birsfelden<\/td>\n<\/tr>\n<tr>\n<td height=\"21\">5<\/td>\n<td>Onken Ulrich<\/td>\n<td>R\u00f6merstrasse 26a<\/td>\n<td>79541 L\u00f6rrach<\/td>\n<\/tr>\n<tr>\n<td height=\"21\">6<\/td>\n<td>Walz Brigitte<\/td>\n<td>R\u00f6merstrasse 26a<\/td>\n<td>79541 L\u00f6rrach<\/td>\n<\/tr>\n<tr>\n<td height=\"21\">7<\/td>\n<td>Michaelis Peter<\/td>\n<td>Rue Gen.de Gaulle 8<\/td>\n<td>F-68510 Geispitzen<\/td>\n<\/tr>\n<tr>\n<td height=\"22\">8<\/td>\n<td>Michaelis Jochen<\/td>\n<td>Hebelstr. 6<\/td>\n<td>D-75305 Neuenb\u00fcrg<\/td>\n<\/tr>\n<tr>\n<td height=\"22\">9<\/td>\n<td>Kriemler Hanspeter<\/td>\n<td>Amerbachstrasse 18<\/td>\n<td>4057 Basel<\/td>\n<\/tr>\n<tr>\n<td height=\"21\">10<\/td>\n<td>Kriemler-Krahn Ulrike<\/td>\n<td>Amerbachstrasse 18<\/td>\n<td>4057 Basel<\/td>\n<\/tr>\n<tr>\n<td height=\"21\">11<\/td>\n<td>Gubler Veronika<\/td>\n<td>Im Hirshalm 42<\/td>\n<td>4125 Riehen<\/td>\n<\/tr>\n<tr>\n<td height=\"21\">12<\/td>\n<td>Koch Marlies<\/td>\n<td>Wettsteinallee 98<\/td>\n<td>4058 Basel<\/td>\n<\/tr>\n<tr>\n<td height=\"21\">13<\/td>\n<td>Helbing Brigitte<\/td>\n<td>Rauracherstr.15<\/td>\n<td>4125 Riehen<\/td>\n<\/tr>\n<tr>\n<td height=\"21\">14<\/td>\n<td>Schwendimann Edith<\/td>\n<td>Laufenburgerstr. 10\/4<\/td>\n<td>4058 Basel<\/td>\n<\/tr>\n<tr>\n<td height=\"21\">15<\/td>\n<td>Eichenberger Herbert<\/td>\n<td width=\"170\">Plattestrasse 12<\/td>\n<td>5024 K\u00fcttigen<\/td>\n<\/tr>\n<tr>\n<td height=\"21\">16<\/td>\n<td>M\u00fchlebach Barbara<\/td>\n<td width=\"170\">Plattestrasse 12<\/td>\n<td>5024 K\u00fcttigen<\/td>\n<\/tr>\n<tr>\n<td height=\"21\">17<\/td>\n<td>Sauter Hanspeter<\/td>\n<td>Binningerstr. 67<\/td>\n<td>4153, Reinach<\/td>\n<\/tr>\n<\/tbody>\n<\/table>\n","protected":false},"excerpt":{"rendered":"<p>Funftageswanderung durch der Valle Versasca 31.Juli &#8211; 4.August 2013 \u00a0ALLGEMEINES \u00a0\u00a0\u00a0 Bergwan\u00adderung von Rustico zu Rustico der Versasca Tal hinunter mit anschliessendem Besteigung der Cima della Trosa oberhalb Locarno. Meist markierten Pfaden (T2). Etwas Ausdauer, Tritt\u00adsicherheit und &#8211; fakultativ &#8211; Kaltwas\u00adserfestigkeit werden verlangt. Die Lager bestehen aus Matrazzen am Dachboden mit Duvets oder Decken. Eine &hellip; <a href=\"https:\/\/www.adrianwood.ch\/?page_id=2927\" class=\"more-link\">Continue reading <span class=\"screen-reader-text\">2013-07 Versasca<\/span> <span class=\"meta-nav\">&rarr;<\/span><\/a><\/p>\n","protected":false},"author":1,"featured_media":0,"parent":140,"menu_order":1570,"comment_status":"closed","ping_status":"closed","template":"","meta":{"ngg_post_thumbnail":0,"footnotes":""},"class_list":["post-2927","page","type-page","status-publish","hentry"],"_links":{"self":[{"href":"https:\/\/www.adrianwood.ch\/index.php?rest_route=\/wp\/v2\/pages\/2927","targetHints":{"allow":["GET"]}}],"collection":[{"href":"https:\/\/www.adrianwood.ch\/index.php?rest_route=\/wp\/v2\/pages"}],"about":[{"href":"https:\/\/www.adrianwood.ch\/index.php?rest_route=\/wp\/v2\/types\/page"}],"author":[{"embeddable":true,"href":"https:\/\/www.adrianwood.ch\/index.php?rest_route=\/wp\/v2\/users\/1"}],"replies":[{"embeddable":true,"href":"https:\/\/www.adrianwood.ch\/index.php?rest_route=%2Fwp%2Fv2%2Fcomments&post=2927"}],"version-history":[{"count":2,"href":"https:\/\/www.adrianwood.ch\/index.php?rest_route=\/wp\/v2\/pages\/2927\/revisions"}],"predecessor-version":[{"id":7609,"href":"https:\/\/www.adrianwood.ch\/index.php?rest_route=\/wp\/v2\/pages\/2927\/revisions\/7609"}],"up":[{"embeddable":true,"href":"https:\/\/www.adrianwood.ch\/index.php?rest_route=\/wp\/v2\/pages\/140"}],"wp:attachment":[{"href":"https:\/\/www.adrianwood.ch\/index.php?rest_route=%2Fwp%2Fv2%2Fmedia&parent=2927"}],"curies":[{"name":"wp","href":"https:\/\/api.w.org\/{rel}","templated":true}]}}