{"id":2935,"date":"2014-01-05T17:51:06","date_gmt":"2014-01-05T16:51:06","guid":{"rendered":"http:\/\/adrianwood.ch\/?page_id=2935"},"modified":"2014-01-05T17:51:06","modified_gmt":"2014-01-05T16:51:06","slug":"08-01-lavertezzo","status":"publish","type":"page","link":"https:\/\/www.adrianwood.ch\/?page_id=2935","title":{"rendered":"08-01 Lavertezzo"},"content":{"rendered":"<p><b>Donnerstag, 1.August, Von Alpe Co&#8217; der Pr\u00e8da nach Lavertezzo<\/b><\/p>\n<table border=\"0\" cellspacing=\"0\" cellpadding=\"0\">\n<tbody>\n<tr>\n<td colspan=\"2\" valign=\"top\" width=\"821\">In La ghironda\u00a0 werden wir auf eine\u00a0 spezielle Art geweckt. Punkt sechs Uhr st\u00f6sst das Maultier Nala, wie vom Besitzer vorausgesagt, die beiden Holztore unseres Schlafraumes auf und guckt\u00a0 hinein. Brigitte, die beim Eingang ihr Lager hat, steht mehrmals auf, um die Tore wieder zu schliessen aber immer wieder st\u00f6sst das Maultier diese auf. Inzwischen ist es ja auch Zeit, aufzustehen! Wir m\u00fcssen uns alle an Nala, die bockstill im Eingang stehen bleibt, vorbeidr\u00fccken. Wir fr\u00fchst\u00fccken drau\u00dfen an zwei Tischen und wiede rsind wir von Tieren umgeben wie am Vorabend.<\/td>\n<\/tr>\n<tr>\n<td valign=\"top\" width=\"409\">\u00a0<img decoding=\"async\" class=\"ngg-singlepic ngg-none\" alt=\"image023_r3\" src=\"http:\/\/adrianwood.ch\/wp-content\/gallery\/versasca03\/image023_r3.jpg\" \/><\/td>\n<td valign=\"top\" width=\"411\">Nur steht Nala nun brav im Durchgang zwischen den Steinh\u00e4usern und bel\u00e4stigt uns nicht mehr beim Essen wie gestern Abend, was eine grosse Heiterkeit ausgel\u00f6st hatte!\u00a0 Die Ziegen grasen oberhalb des Hauses und die jungen Hunde laufen einen wie gestern immer wieder einmal \u00fcber den Weg. Den Hahn h\u00f6rten wir doch auch kr\u00e4hen am Morgen ? Das Maultier hat ihm aber die Schau gestohlen! Wahrscheinlich ist noch niemand von uns von einem Maultier so sanft und still aber auch hartn\u00e4ckig\u00a0 geweckt worden! Was man nicht alles erlebt auf Adrian&#8217;s Touren!! Um 8.30 Uhr verlassen wir La ghironda auf der Alpe Co&#8217; der Pr\u00e8da 1500m und machen uns auf den Weg hinunter ins Tal nach Frasco 885m, wo wir eine Rast einschalten bevor wir uns auf den Sentiero Verzasca begeben, welcher hier der rechten Flussseite entlang f\u00fchrt.<\/td>\n<\/tr>\n<tr>\n<td colspan=\"2\" valign=\"top\" width=\"821\">Wir wandern immer mit Blick auf den rauschenden Fluss. Nach Valdasc queren wir auf einer Br\u00fccke die Verzasca und gehen weiter am Waldrand \u00fcber Cordasc mit seinen Rusticos dann kommen wir zur Siedlung Lorentino. Weiter geht es \u00fcber Wiesen zur Br\u00fccke, die wir \u00fcberqueren m\u00fcssen. Wir sind im Weiler Gerra Valle. Bald k\u00f6nnen wir wieder \u00fcber einen Steg zur\u00fcck auf die linke Talseite wechseln und wandern wieder im\u00a0 schattigen Wald.<\/td>\n<\/tr>\n<tr>\n<td valign=\"top\" width=\"409\">Unsere Wandergruppe teilt sich auf in kleinere Gruppen, die sich ihre Badepl\u00e4tze suchen. So kann ich nur \u00fcber die Bade-Erlebnisse einer kleinen Gruppe berichten. (Nachdem wir uns\u00a0 im Hotel ausserhalb von Lavertezzo wieder beim Apero treffen, erfahren wir, dass Adrian&#8217;s Gruppe unterwegs dreimal baden gegangen ist.)Unsere Gruppe h\u00e4lt eine Mittagsrast\u00a0 nach dem Weiler Alnasca. Wir wandern weiter und m\u00fcssen auf der H\u00f6he von Brione etwas auf- und dann wieder absteigen. Wir machen noch einen kurzen Halt auf dem Aussichtspunkt. Vor Ganne wechseln wir wieder auf die rechte Talseite und entfernen uns etwas vom Fluss.<\/td>\n<td valign=\"top\" width=\"411\">\u00a0<img decoding=\"async\" class=\"ngg-singlepic ngg-none\" alt=\"image025_r3\" src=\"http:\/\/adrianwood.ch\/wp-content\/gallery\/versasca03\/image025_r3.jpg\" \/><\/td>\n<\/tr>\n<tr>\n<td valign=\"top\" width=\"409\">\u00a0<img decoding=\"async\" class=\"ngg-singlepic ngg-none\" alt=\"image027_r3\" src=\"http:\/\/adrianwood.ch\/wp-content\/gallery\/versasca03\/image027_r3.jpg\" \/><\/td>\n<td valign=\"top\" width=\"411\">\u00a0<img decoding=\"async\" class=\"ngg-singlepic ngg-none\" alt=\"image029_r3\" src=\"http:\/\/adrianwood.ch\/wp-content\/gallery\/versasca03\/image029_r3.jpg\" \/><\/td>\n<\/tr>\n<tr>\n<td colspan=\"2\" valign=\"top\" width=\"821\">Es ist recht heiss und wir halten Ausschau nach einem geeigneten Badeplatz. Nach Listra n\u00e4hern wir uns wieder dem\u00a0 Fluss. Unterhalb der Br\u00fccke bei Motta finden wir einen gut erreichbaren Ort, wo der Fluss ein blaues\u00a0 Wasserbecken bildet. Wir sind nicht die einzigen Leute am Ufer! Wir finden ein Pl\u00e4tzchen im Schatten und steigen ins kalte, erfrischende Nass. Hier verweilen wir sicher eine Stunde und dann machen wir uns wieder auf den Weg gegen Lavertezzo.<\/td>\n<\/tr>\n<tr>\n<td valign=\"top\" width=\"409\">\u00a0<img decoding=\"async\" class=\"ngg-singlepic ngg-none\" alt=\"image031_r3\" src=\"http:\/\/adrianwood.ch\/wp-content\/gallery\/versasca03\/image031_r3.jpg\" \/><\/td>\n<td valign=\"top\" width=\"411\">\u00a0<img decoding=\"async\" class=\"ngg-singlepic ngg-none\" alt=\"image033_r3\" src=\"http:\/\/adrianwood.ch\/wp-content\/gallery\/versasca03\/image033_r3.jpg\" \/><\/td>\n<\/tr>\n<tr>\n<td colspan=\"2\" valign=\"top\" width=\"821\">In der N\u00e4he der sog. R\u00f6merbr\u00fccke wimmelt es nur so von Badenden! Diese ber\u00fchmte\u00a0 Doppelbogen &#8211; Br\u00fccke, Ponto dei Salti wird f\u00e4lschlicherweise &#8220;R\u00f6merbr\u00fccke&#8221; genannt, obwohl sie nicht aus der R\u00f6merzeit stammt sondern in nachr\u00f6mischer Zeit gebaut wurde. Nach der teilweisen Zerst\u00f6rung im Jahre 1868 wurde sie 1960 neu aufgebaut.Laut Google wird der Name &#8220;R\u00f6merbr\u00fccke&#8221; f\u00fcr zahlreiche alte Br\u00fccken verwendet, die aus teilweise wesentlich sp\u00e4teren Epochen stammen.Nun genug der Geschichte! Eine Erfrischung an diesem heissen Tag ist eine Notwendigkeit. Diese finden wir im k\u00fchlen Grotto oberhalb der Br\u00fccke. Wie gut kann ein k\u00fchles Bier schmecken!<\/td>\n<\/tr>\n<tr>\n<td valign=\"top\" width=\"409\">\u00a0<img decoding=\"async\" class=\"ngg-singlepic ngg-none\" alt=\"image035_r3\" src=\"http:\/\/adrianwood.ch\/wp-content\/gallery\/versasca03\/image035_r3.jpg\" \/><\/td>\n<td valign=\"top\" width=\"411\">\u00a0<img decoding=\"async\" class=\"ngg-singlepic ngg-none\" alt=\"image037_r3\" src=\"http:\/\/adrianwood.ch\/wp-content\/gallery\/versasca03\/image037_r3.jpg\" \/><\/td>\n<\/tr>\n<tr>\n<td colspan=\"2\" valign=\"top\" width=\"821\">Nach der Rast geht es wieder weiter. Dank den Informationen von Barbara und Herbert bleiben wir auf dem Wanderweg auf der rechten Flussseite. So k\u00f6nnen wir den Marsch auf der Autostrasse vermeiden. \u00dcber einen Steg k\u00f6nnen wir bei Posse die Verzasca queren und zum Hotel Posse gelangen, wo wir heute Abend \u00fcbernachten werden. Wir geniessen den Luxus der Dusche und sp\u00e4ter auch der Betten. Nach und nach finden sich alle Leute auf der Terrasse des Restaurants ein. Wir bekommen ein feines Abendessen serviert.<\/td>\n<\/tr>\n<tr>\n<td colspan=\"2\" valign=\"top\" width=\"821\">Nirgends sehen wir Schweizerf\u00e4hnchen und rot-weisse Lampions und diejenigen, die sich zeitig ins Zimmer zur\u00fcckziehen bekommen gar nichts mit von unserem Nationalfeiertag. Aber in Lavertezzo wurde offensichtlich schon gefeiert, wie unser Nachteulen am andern Morgen berichteten !Dies war ein langer, erlebnisreicher Tag. Laut GPS Aufzeichnung von Hanspeter Sauter sind wir 15.8 km marschiert und brauchten dazu mehr als sechs Stunden.\u00a0 Marianne<\/td>\n<\/tr>\n<\/tbody>\n<\/table>\n<p><img decoding=\"async\" class=\"ngg-singlepic ngg-none\" alt=\"image039_r8\" src=\"http:\/\/adrianwood.ch\/wp-content\/gallery\/versasca03\/image039_r8.jpg\" \/><\/p>\n","protected":false},"excerpt":{"rendered":"<p>Donnerstag, 1.August, Von Alpe Co&#8217; der Pr\u00e8da nach Lavertezzo In La ghironda\u00a0 werden wir auf eine\u00a0 spezielle Art geweckt. Punkt sechs Uhr st\u00f6sst das Maultier Nala, wie vom Besitzer vorausgesagt, die beiden Holztore unseres Schlafraumes auf und guckt\u00a0 hinein. Brigitte, die beim Eingang ihr Lager hat, steht mehrmals auf, um die Tore wieder zu schliessen &hellip; <a href=\"https:\/\/www.adrianwood.ch\/?page_id=2935\" class=\"more-link\">Continue reading <span class=\"screen-reader-text\">08-01 Lavertezzo<\/span> <span class=\"meta-nav\">&rarr;<\/span><\/a><\/p>\n","protected":false},"author":1,"featured_media":0,"parent":2927,"menu_order":1573,"comment_status":"closed","ping_status":"closed","template":"","meta":{"ngg_post_thumbnail":0,"footnotes":""},"class_list":["post-2935","page","type-page","status-publish","hentry"],"_links":{"self":[{"href":"https:\/\/www.adrianwood.ch\/index.php?rest_route=\/wp\/v2\/pages\/2935","targetHints":{"allow":["GET"]}}],"collection":[{"href":"https:\/\/www.adrianwood.ch\/index.php?rest_route=\/wp\/v2\/pages"}],"about":[{"href":"https:\/\/www.adrianwood.ch\/index.php?rest_route=\/wp\/v2\/types\/page"}],"author":[{"embeddable":true,"href":"https:\/\/www.adrianwood.ch\/index.php?rest_route=\/wp\/v2\/users\/1"}],"replies":[{"embeddable":true,"href":"https:\/\/www.adrianwood.ch\/index.php?rest_route=%2Fwp%2Fv2%2Fcomments&post=2935"}],"version-history":[{"count":0,"href":"https:\/\/www.adrianwood.ch\/index.php?rest_route=\/wp\/v2\/pages\/2935\/revisions"}],"up":[{"embeddable":true,"href":"https:\/\/www.adrianwood.ch\/index.php?rest_route=\/wp\/v2\/pages\/2927"}],"wp:attachment":[{"href":"https:\/\/www.adrianwood.ch\/index.php?rest_route=%2Fwp%2Fv2%2Fmedia&parent=2935"}],"curies":[{"name":"wp","href":"https:\/\/api.w.org\/{rel}","templated":true}]}}