{"id":294,"date":"2011-01-09T14:13:43","date_gmt":"2011-01-09T14:13:43","guid":{"rendered":"http:\/\/adrianwood.ch\/"},"modified":"2016-06-08T10:04:36","modified_gmt":"2016-06-08T10:04:36","slug":"2010-09-dalmatia","status":"publish","type":"page","link":"https:\/\/www.adrianwood.ch\/?page_id=294","title":{"rendered":"2010-09 Central Dalmatia"},"content":{"rendered":"<p>&nbsp;<\/p>\n<figure id=\"attachment_350\" aria-describedby=\"caption-attachment-350\" style=\"width: 712px\" class=\"wp-caption alignleft\"><a href=\"http:\/\/adrianwood.ch\/wp-content\/uploads\/2011\/01\/DSC_0086_r1.jpg\"><img loading=\"lazy\" decoding=\"async\" class=\"size-full wp-image-350\" title=\"DSC_0086_r1\" src=\"http:\/\/adrianwood.ch\/wp-content\/uploads\/2011\/01\/DSC_0086_r1.jpg\" alt=\"Der Bucht von Omis\" width=\"712\" height=\"473\" \/><\/a><figcaption id=\"caption-attachment-350\" class=\"wp-caption-text\">Der Bucht von Omis<\/figcaption><\/figure>\n<p><span lang=\"DE\" style=\"font-family: &amp;amp; amp; color: windowtext; font-size: 11pt; mso-ansi-language: DE; mso-bidi-font-weight: bold;\"><span lang=\"DE\" style=\"font-family: &amp;amp; amp; font-size: 11pt; mso-ansi-language: DE; mso-fareast-font-family: 'Times New Roman'; mso-fareast-language: EN-US; mso-bidi-language: AR-SA;\">Mein Bruder und ich starten unsere Reise in Omis, 25km s\u00fcdlich von Split.\u00a0Der etwa einen Kilometer lange Strand vor dem K\u00fcstenst\u00e4dtchen, einem ehemaligen Piratennest, verdankt seine Entstehung der Schwemmkraft des in einen gro\u00dfartigen Canyon m\u00fcndenden Flusses Cetina und z\u00e4hlt wie die anschliessende Makarska Riviera zu einem der beeindruckendsten Abschnitte der Adriak\u00fcste. Hier hatten wir die M\u00f6glichkeit die Cetinaschlucht zu erkunden und den Kula (863m), den h\u00f6chsten Berg des Dinara-gebirges zu besteigen. <\/span><\/span><\/p>\n<p style=\"text-align: justify; margin: 0cm 0cm 6pt;\"><span lang=\"DE\" style=\"font-family: &amp;amp; amp; color: windowtext; font-size: 11pt; mso-ansi-language: DE; mso-bidi-font-weight: bold;\">Anschliessend ging es, nach einem Besichtigungshalt bei den Krka Wasserf\u00e4llen, im Paklenica National Park n\u00f6rdlich von Zadar. Der Krka<\/span><span lang=\"DE\" style=\"font-family: &amp;amp; amp; color: windowtext; font-size: 11pt; mso-ansi-language: DE;\"> Fluss, auch ein National Park, ist wegen seiner zahlreichen Wasserf\u00e4lle ber\u00fchmt, die, wie auch die Plitwitzer Seen, durch die Ablagerung des Travertin, einer besonderen Kalksteinart, entstanden sind.\u00a0 Im Paklenica Park wurde es dann etwas ernster. Wir haben l\u00e4ngere Bergwanderungen im Karstgebirge gemacht &#8211;\u00a0\u00a0Crni Vrh (1118 m), Boijn Kuk und\u00a0Mala Paklenica.<\/span><\/p>\n<p style=\"text-align: justify; margin: 0cm 0cm 6pt;\"><span lang=\"DE\" style=\"font-family: &amp;amp; amp; font-size: 11pt; mso-ansi-language: DE; mso-fareast-font-family: 'Times New Roman'; mso-fareast-language: EN-US; mso-bidi-language: AR-SA;\">In der zweite Woche ging ich alleine in Trogir gleich an Bord eines Motorseglers, der zusammen mit einer kleine Wandergruppe mein\u00a0schwimmendes Heim f\u00fcr die n\u00e4chste Woche bilden wurde. Wir haben die Inseln Bol, Hvar, Kor\u010dula,\u00a0\u0160olta, der Halbinsel\u00a0Pelje\u0161ac und der Biokovo Gebirge bei Makarska besucht. Nach diesem Wander- und Badevergn\u00fcgen reiste ich wieder \u00fcber Split Flughafen bei Trogir nach Hause. <\/span><\/p>\n<p style=\"text-align: justify; margin: 0cm 0cm 6pt;\">ngg_shortcode_0_placeholder<\/p>\n","protected":false},"excerpt":{"rendered":"<p>&nbsp; Mein Bruder und ich starten unsere Reise in Omis, 25km s\u00fcdlich von Split.\u00a0Der etwa einen Kilometer lange Strand vor dem K\u00fcstenst\u00e4dtchen, einem ehemaligen Piratennest, verdankt seine Entstehung der Schwemmkraft des in einen gro\u00dfartigen Canyon m\u00fcndenden Flusses Cetina und z\u00e4hlt wie die anschliessende Makarska Riviera zu einem der beeindruckendsten Abschnitte der Adriak\u00fcste. Hier hatten wir &hellip; <a href=\"https:\/\/www.adrianwood.ch\/?page_id=294\" class=\"more-link\">Continue reading <span class=\"screen-reader-text\">2010-09 Central Dalmatia<\/span> <span class=\"meta-nav\">&rarr;<\/span><\/a><\/p>\n","protected":false},"author":1,"featured_media":0,"parent":292,"menu_order":471,"comment_status":"closed","ping_status":"closed","template":"","meta":{"ngg_post_thumbnail":0,"footnotes":""},"class_list":["post-294","page","type-page","status-publish","hentry"],"_links":{"self":[{"href":"https:\/\/www.adrianwood.ch\/index.php?rest_route=\/wp\/v2\/pages\/294","targetHints":{"allow":["GET"]}}],"collection":[{"href":"https:\/\/www.adrianwood.ch\/index.php?rest_route=\/wp\/v2\/pages"}],"about":[{"href":"https:\/\/www.adrianwood.ch\/index.php?rest_route=\/wp\/v2\/types\/page"}],"author":[{"embeddable":true,"href":"https:\/\/www.adrianwood.ch\/index.php?rest_route=\/wp\/v2\/users\/1"}],"replies":[{"embeddable":true,"href":"https:\/\/www.adrianwood.ch\/index.php?rest_route=%2Fwp%2Fv2%2Fcomments&post=294"}],"version-history":[{"count":1,"href":"https:\/\/www.adrianwood.ch\/index.php?rest_route=\/wp\/v2\/pages\/294\/revisions"}],"predecessor-version":[{"id":7405,"href":"https:\/\/www.adrianwood.ch\/index.php?rest_route=\/wp\/v2\/pages\/294\/revisions\/7405"}],"up":[{"embeddable":true,"href":"https:\/\/www.adrianwood.ch\/index.php?rest_route=\/wp\/v2\/pages\/292"}],"wp:attachment":[{"href":"https:\/\/www.adrianwood.ch\/index.php?rest_route=%2Fwp%2Fv2%2Fmedia&parent=294"}],"curies":[{"name":"wp","href":"https:\/\/api.w.org\/{rel}","templated":true}]}}