{"id":2949,"date":"2014-01-05T22:07:13","date_gmt":"2014-01-05T21:07:13","guid":{"rendered":"http:\/\/adrianwood.ch\/?page_id=2949"},"modified":"2014-01-05T22:07:13","modified_gmt":"2014-01-05T21:07:13","slug":"08-04-avegno","status":"publish","type":"page","link":"https:\/\/www.adrianwood.ch\/?page_id=2949","title":{"rendered":"08-04 Avegno"},"content":{"rendered":"<p><b>Sonntag 4.<\/b><b>August, Alpe Cardada &#8211; <\/b><b>Alpi di Vegnasco(1426m) \u2013 Pianosto(1296m) &#8211; Avegno (296m)<\/b><\/p>\n<table border=\"0\" cellspacing=\"0\" cellpadding=\"0\">\n<tbody>\n<tr>\n<td colspan=\"2\" valign=\"top\" width=\"815\">Auch am f\u00fcnften und letzten Tag unserer Wanderung beginnt der Morgen auf der Alpe Cardada (knapp 1500m) wolkenlos. Vom Kreuz vor dem Alpgeb\u00e4ude hat man nicht nur einen tollen Tiefblick auf Locarno, Ascona und den Lago Maggiore, sondern eine hervorragende Aussicht auf alle Berge rundum bis zum Horizont. Das drohende Gewitter von gestern Abend ist nicht hereingebrochen und hat sich vollst\u00e4ndig verzogen.<\/td>\n<\/tr>\n<tr>\n<td valign=\"top\" width=\"407\">\u00a0<img decoding=\"async\" class=\"ngg-singlepic ngg-none\" alt=\"image091_r3\" src=\"http:\/\/adrianwood.ch\/wp-content\/gallery\/versasca06\/image091_r3.jpg\" \/><\/td>\n<td valign=\"top\" width=\"407\">\u00a0<img decoding=\"async\" class=\"ngg-singlepic ngg-none\" alt=\"image093_r3\" src=\"http:\/\/adrianwood.ch\/wp-content\/gallery\/versasca06\/image093_r3.jpg\" \/><\/td>\n<\/tr>\n<tr>\n<td colspan=\"2\" valign=\"top\" width=\"815\">Wir geniessen ein reichhaltiges Fr\u00fchst\u00fcck. Um 8.45 Uhr machen wir uns auf den Weg Richtung Avegno im Maggiatal. Zuerst geht es auf einem breiten Weg leicht abw\u00e4rts Richtung Seilbahnstation Cardada. Diesen verlassen wir aber bald auf einem schmalen Wanderweg, der sich fast horizontal um den Berg Cimetta windet und vollst\u00e4ndig im Wald verl\u00e4uft. Auf der Alpe Vegnasca gibt es nach etwa einer Stunde einen ersten Trinkhalt. Hier haben wir einen guten Blick tief hinunter in das Maggiatal. Noch 1100 m Abstieg stehen uns bevor. Weiter geht es durch Wald der Bergflanke entlang sanft hinunter. Wir geniessen den Schutz des Waldes, denn die Sonne heizt langsam ein. Der n\u00e4chste Trinkhalt ist auf der Alp Pianosto ausserhalb des Waldes. Hier wohnen ein paar Leute in Rustici. Die auf der Karte eingezeichnete Alp Faeda haben wir auf unserem tiefer gelegenen Weg unbemerkt umgangen.<\/td>\n<\/tr>\n<tr>\n<td valign=\"top\" width=\"407\">\u00a0<img decoding=\"async\" class=\"ngg-singlepic ngg-none\" alt=\"image095_r3\" src=\"http:\/\/adrianwood.ch\/wp-content\/gallery\/versasca06\/image095_r3.jpg\" \/><\/td>\n<td valign=\"top\" width=\"407\">\u00a0<img decoding=\"async\" class=\"ngg-singlepic ngg-none\" alt=\"image097_r3\" src=\"http:\/\/adrianwood.ch\/wp-content\/gallery\/versasca06\/image097_r3.jpg\" \/><\/td>\n<\/tr>\n<tr>\n<td colspan=\"2\" valign=\"top\" width=\"815\">Aber nun beginnt der Abstieg richtig. Der Weg verl\u00e4uft oft in lockerem Wald und geht in vielen Kehren immer steiler hinunter. Bei der Abzweigung nach Piano machen wir in einem dichten Wald, auf dessen Boden viele m\u00e4nnliche Kastanienbl\u00fcten liegen, den n\u00e4chsten Trinkhalt. Sp\u00e4ter treffen wir auf unser Clubmitglied Alex Z\u00fcrcher, der uns entgegen kommt. Er r\u00e4t uns davon ab, zum Baden nach Ponte Brolla zu gehen und empfiehlt uns den Strand von Avegno, den wir auch dank genauer Wegbeschreibung finden werden. Bald kommt der von Alex angek\u00fcndigte Wasser spendende Baum in Sicht. Dankbar f\u00fcllen wir das aus einer Brunnenr\u00f6hre aus dem Baum fliessende k\u00fchle Wasser in unsere Flaschen. Der steile Weg besteht nun nicht mehr aus Erde, sondern es sind mehr oder weniger unregelm\u00e4ssig treppenartig geschichtete Granitplatten. Das Gehen darauf verlangt viel Konzentration. Auf einer Br\u00fccke mit Gitterboden \u00fcberqueren wir den Bach, der aus dem hoch oben von der Alpe Vernasca durch Granitfelsen hinabst\u00fcrzenden Valle del Ria Grande fliesst. Bei dieser Br\u00fccke tummeln sich viele Jugendliche im k\u00fchlen Wasser. Die Abzweigung nach Avegno di Fuori lasssen wir links liegen. Bald sind wir bei der Kirche von Avegno. Dann geht\u2019s am Restaurant \u201eStazione\u201c (hier fuhr fr\u00fcher ein Tram) vorbei zur Bushaltestelle. Wir \u00fcberpr\u00fcfen die Abfahrtszeiten und bald sind wir am Ufer der Maggia.<\/td>\n<\/tr>\n<tr>\n<td valign=\"top\" width=\"407\"><img decoding=\"async\" class=\"ngg-singlepic ngg-none\" alt=\"image099_r3\" src=\"http:\/\/adrianwood.ch\/wp-content\/gallery\/versasca06\/image099_r3.jpg\" \/><\/td>\n<td valign=\"top\" width=\"407\">\u00a0<img decoding=\"async\" class=\"ngg-singlepic ngg-none\" alt=\"image101_r3\" src=\"http:\/\/adrianwood.ch\/wp-content\/gallery\/versasca06\/image101_r3.jpg\" \/><\/td>\n<\/tr>\n<tr>\n<td colspan=\"2\" valign=\"top\" width=\"815\">Hier teilt sich die inzwischen geschrumpfte Gruppe. Die Einen ziehen den sehr felsigen und sonnig-heissen FKK-Strand vor, andere bevorzugen den feinsandigen und schattigen Strand etwas weiter oben am Fluss (Ankunft 13.30 Uhr). Das Bad in der k\u00fchlen Maggia tut wirklich sehr gut. Von hier aus k\u00f6nnen wir nochmals unseren Abstieg durch die hohen und steilen Granitfelsen betrachten. Vor der Abfahrt des Busses m\u00f6chten wir im Restaurant noch etwas konsumieren. Aber dieses hat leider von 14-17 Uhr geschlossen. So arrangieren wir uns in der schattigen Gartenwirtschaft mit unserem mitgebrachten Proviant.<\/td>\n<\/tr>\n<tr>\n<td colspan=\"2\" valign=\"top\" width=\"815\">Die \u00fcbrig gebliebenen zehn Wanderer fahren mit dem Bus um 15.31 Uhr ab. Aber bereits in Ponte Brolla steigt ein Teil wieder aus. Die andern fahren bis Locarno Stazione, wo der Bahnhofskiosk nach Fl\u00fcssigem durchk\u00e4mmt wird. Mit der gestopft vollen S-Bahn fahren wir bis Bellinzona. Dort folgt wenige Minuten sp\u00e4ter der ICN nach Z\u00fcrich. Trotz dichtem Gedr\u00e4nge am Perron finden wir im vordersten Wagen noch gen\u00fcgend freien Platz. Leider arbeitet die Klimaanlage nicht gut. Selbst der Lokf\u00fchrer muss w\u00e4hrend der Fahrt das Seitenfenster seiner Kabine \u00f6ffnen, um nicht in seinem F\u00fchrerstand zu verschmoren.Und so geht ein sehr sch\u00f6ner und \u00e4usserst heisser Tag mit einer angenehmen R\u00fcckreise im gut klimatisierten ICE von Z\u00fcrich nach Basel zu Ende.<\/p>\n<p>Hanspeter<\/td>\n<\/tr>\n<\/tbody>\n<\/table>\n<p><img decoding=\"async\" class=\"ngg-singlepic ngg-none\" alt=\"image103_r8\" src=\"http:\/\/adrianwood.ch\/wp-content\/gallery\/versasca06\/image103_r8.jpg\" \/><\/p>\n","protected":false},"excerpt":{"rendered":"<p>Sonntag 4.August, Alpe Cardada &#8211; Alpi di Vegnasco(1426m) \u2013 Pianosto(1296m) &#8211; Avegno (296m) Auch am f\u00fcnften und letzten Tag unserer Wanderung beginnt der Morgen auf der Alpe Cardada (knapp 1500m) wolkenlos. Vom Kreuz vor dem Alpgeb\u00e4ude hat man nicht nur einen tollen Tiefblick auf Locarno, Ascona und den Lago Maggiore, sondern eine hervorragende Aussicht auf &hellip; <a href=\"https:\/\/www.adrianwood.ch\/?page_id=2949\" class=\"more-link\">Continue reading <span class=\"screen-reader-text\">08-04 Avegno<\/span> <span class=\"meta-nav\">&rarr;<\/span><\/a><\/p>\n","protected":false},"author":1,"featured_media":0,"parent":2927,"menu_order":1576,"comment_status":"closed","ping_status":"closed","template":"","meta":{"ngg_post_thumbnail":0,"footnotes":""},"class_list":["post-2949","page","type-page","status-publish","hentry"],"_links":{"self":[{"href":"https:\/\/www.adrianwood.ch\/index.php?rest_route=\/wp\/v2\/pages\/2949","targetHints":{"allow":["GET"]}}],"collection":[{"href":"https:\/\/www.adrianwood.ch\/index.php?rest_route=\/wp\/v2\/pages"}],"about":[{"href":"https:\/\/www.adrianwood.ch\/index.php?rest_route=\/wp\/v2\/types\/page"}],"author":[{"embeddable":true,"href":"https:\/\/www.adrianwood.ch\/index.php?rest_route=\/wp\/v2\/users\/1"}],"replies":[{"embeddable":true,"href":"https:\/\/www.adrianwood.ch\/index.php?rest_route=%2Fwp%2Fv2%2Fcomments&post=2949"}],"version-history":[{"count":0,"href":"https:\/\/www.adrianwood.ch\/index.php?rest_route=\/wp\/v2\/pages\/2949\/revisions"}],"up":[{"embeddable":true,"href":"https:\/\/www.adrianwood.ch\/index.php?rest_route=\/wp\/v2\/pages\/2927"}],"wp:attachment":[{"href":"https:\/\/www.adrianwood.ch\/index.php?rest_route=%2Fwp%2Fv2%2Fmedia&parent=2949"}],"curies":[{"name":"wp","href":"https:\/\/api.w.org\/{rel}","templated":true}]}}