{"id":3070,"date":"2014-08-16T09:45:40","date_gmt":"2014-08-16T08:45:40","guid":{"rendered":"http:\/\/adrianwood.ch\/?page_id=3070"},"modified":"2019-11-02T20:21:42","modified_gmt":"2019-11-02T20:21:42","slug":"2014-04-teneriffa","status":"publish","type":"page","link":"https:\/\/www.adrianwood.ch\/?page_id=3070","title":{"rendered":"2014-04 Teneriffa"},"content":{"rendered":"<figure id=\"attachment_3071\" aria-describedby=\"caption-attachment-3071\" style=\"width: 730px\" class=\"wp-caption alignleft\"><a href=\"http:\/\/adrianwood.ch\/wp-content\/uploads\/2014\/08\/TEN_1074_r7.jpg\"><img loading=\"lazy\" decoding=\"async\" class=\"size-full wp-image-3071\" src=\"http:\/\/adrianwood.ch\/wp-content\/uploads\/2014\/08\/TEN_1074_r7.jpg\" alt=\"Der Der Guajara mit Taginaste Bl\u00fcte\" width=\"730\" height=\"487\"><\/a><figcaption id=\"caption-attachment-3071\" class=\"wp-caption-text\">Der Guajara mit Taginaste Bl\u00fcte<\/figcaption><\/figure>\n<h2>Wanderferien Teneriffa, 26.April \u2013 10.Mai 2014<\/h2>\n<p>Wer bei Teneriffa nur an Badestr\u00e4nde und Meer denkt, vergisst das herrliche Hinterland der Insel des ewigen Fr\u00fchlings. Schroffe T\u00e4ler mit einzigartiger Vegetation, schneebedeckte Vulkangipfel mit riesigen Kratern, ausgedehnte Pinien- und Lorbeerw\u00e4lder locken zu Streifz\u00fcgen fernab vom Rummel der K\u00fcste. Teneriffa ist neben den 3 kleineren westlichen Nachbarinseln ein klassisches Wanderparadies. Wandertouren in verschiedenen Schwierigkeitsgraden bis hin zur hochalpinen Tour auf Spaniens h\u00f6chsten Berg, den Pico del Teide, sind hier m\u00f6glich. Der Norden der Insel Teneriffa ist gr\u00fcn, bl\u00fchend, bewaldet und ein einmaliges Wanderparadies mit den Gebirgen Teno im Westen und Anaga im Osten. Die urspr\u00fcngliche und nur wenig erschlossene Gebirgslandschaft mit ihrem dichten Lorbeer- und Baumheidebewuchs ist ein Eldorado f\u00fcr den Naturliebhaber. Selbst im trockenen S\u00fcden Teneriffas gibt es in der Gegend von Adeje und Arona \u00fcber einsame Bergpfade zu erreichende Aussichtsgipfel mit grandiosem Panoramablick \u00fcber die K\u00fcste.<br \/>\nSchon beim Anflug auf Teneriffa fasziniert der 3718 Meter hohe Pico del Teide umgeben vom Caldera de las Ca\u00f1adas, ein vulkanischer Einsturzkessel mit ca.17 km Durchmesser. Der Boden dieses Kessels liegt auf etwa 2000 Meter H\u00f6he und wird im S\u00fcden von 500 m hohen Steilw\u00e4nden begrenzt. Der Parque Natural Corona Forestal umgibt das gesamte Teidemassiv mit einem dichten Kiefernwald, der sich, speziell n\u00f6rdlich und westlich des Teidemassivs, hervorragend zum Wandern eignet. An der Nordseite befindet sich eines der fruchtbarsten T\u00e4ler der Insel, das Orotavatal, das schon von Alexander Humboldt hoch gelobt wurde. An der S\u00fcdseite der Caldera liegt der Bergdorf Vilaflor, mit seiner Lage von 1400 Metern \u00fc. d. Meer der h\u00f6chstgelegene Ort Teneriffas und der Kanaren.<br \/>\nDer westliche Rand des bis zu fast 1200 Meter H\u00f6he ansteigenden Tenogebirges f\u00e4llt steil ab zum Meer und wird von mehreren eindr\u00fccklichen Barrancos durchzogen. Eine davon ist die ber\u00fchmte Masca Schlucht eine Pflichtroute f\u00fcr jeden Teneriffa Wanderer. Der wahre Reiz des Tenogebirges erschlie\u00dft sich jedoch erst au\u00dferhalb der stark frequentierten Touristenrouten. Am Nordhang des Tenogebirges gibt es auch wundersch\u00f6ne Wanderwege durch dichten Kiefernwald mit gelegentlichen Blicken bis zur Insel Gomera. Der gesamte Nordosten der Insel ist mit dem wild zerkl\u00fcfteten Anagagebirge bedeckt. Das Gebirgsmassiv erhebt sich steil aus dem Meer bis auf etwa 1000 Meter H\u00f6he, ist meist dicht bewachsen und oft von Wolken verh\u00fcllt. Einige Strassen erschliessen die T\u00e4ler und f\u00fchren zu den Orten im Norden des Gebirges. Von besonderem Reiz sind Taganana und Punta del Hidalgo wo man den meist tobenden Atlantik eindrucksvoll beobachten kann.<br \/>\nPuerto de la Cruz befindet sich weit weg vom Get\u00f6se der bekannten Tourismusorte des S\u00fcdens, aber das Ambiente ich trotzdem auch hier heiter. Es gibt ein breites Gesch\u00e4ftsangebot, viele Bars und Restaurants in der Umgebung der Hotels. Die kosmopolitische Stadt hat eine langj\u00e4hrige Erfahrung in Tourismus, aber auch heute noch den Flair aus vergangenen Zeiten. Hier leben die traditionellen Bauk\u00fcnste der Insel mit der Modernit\u00e4t der Hotelkomplexe im Einklang zusammen. Will man das Meer genie\u00dfen, kann man kleine Buchten, vulkanische Str\u00e4nde wie Playa Jard\u00edn, oder die herrliche Badeanlage von Costa Marti\u00e1nez besuchen.<\/p>\n<h3><a href=\"http:\/\/www.adrianwood.ch\/?page_id=6889\">Inhalt \/ Contents<\/a><\/h3>\n<figure id=\"attachment_3074\" aria-describedby=\"caption-attachment-3074\" style=\"width: 858px\" class=\"wp-caption alignleft\"><a href=\"http:\/\/adrianwood.ch\/wp-content\/uploads\/2014\/08\/2-Teneriffa_r8.jpg\"><img loading=\"lazy\" decoding=\"async\" class=\"size-full wp-image-3074\" src=\"http:\/\/adrianwood.ch\/wp-content\/uploads\/2014\/08\/2-Teneriffa_r8.jpg\" alt=\"Teneriffa\" width=\"858\" height=\"662\"><\/a><figcaption id=\"caption-attachment-3074\" class=\"wp-caption-text\">Teneriffa<\/figcaption><\/figure>\n","protected":false},"excerpt":{"rendered":"<p>Wanderferien Teneriffa, 26.April \u2013 10.Mai 2014 Wer bei Teneriffa nur an Badestr\u00e4nde und Meer denkt, vergisst das herrliche Hinterland der Insel des ewigen Fr\u00fchlings. Schroffe T\u00e4ler mit einzigartiger Vegetation, schneebedeckte Vulkangipfel mit riesigen Kratern, ausgedehnte Pinien- und Lorbeerw\u00e4lder locken zu Streifz\u00fcgen fernab vom Rummel der K\u00fcste. Teneriffa ist neben den 3 kleineren westlichen Nachbarinseln ein &hellip; <a href=\"https:\/\/www.adrianwood.ch\/?page_id=3070\" class=\"more-link\">Continue reading <span class=\"screen-reader-text\">2014-04 Teneriffa<\/span> <span class=\"meta-nav\">&rarr;<\/span><\/a><\/p>\n","protected":false},"author":1,"featured_media":0,"parent":20745,"menu_order":247,"comment_status":"closed","ping_status":"closed","template":"","meta":{"ngg_post_thumbnail":0,"footnotes":""},"class_list":["post-3070","page","type-page","status-publish","hentry"],"_links":{"self":[{"href":"https:\/\/www.adrianwood.ch\/index.php?rest_route=\/wp\/v2\/pages\/3070","targetHints":{"allow":["GET"]}}],"collection":[{"href":"https:\/\/www.adrianwood.ch\/index.php?rest_route=\/wp\/v2\/pages"}],"about":[{"href":"https:\/\/www.adrianwood.ch\/index.php?rest_route=\/wp\/v2\/types\/page"}],"author":[{"embeddable":true,"href":"https:\/\/www.adrianwood.ch\/index.php?rest_route=\/wp\/v2\/users\/1"}],"replies":[{"embeddable":true,"href":"https:\/\/www.adrianwood.ch\/index.php?rest_route=%2Fwp%2Fv2%2Fcomments&post=3070"}],"version-history":[{"count":3,"href":"https:\/\/www.adrianwood.ch\/index.php?rest_route=\/wp\/v2\/pages\/3070\/revisions"}],"predecessor-version":[{"id":20748,"href":"https:\/\/www.adrianwood.ch\/index.php?rest_route=\/wp\/v2\/pages\/3070\/revisions\/20748"}],"up":[{"embeddable":true,"href":"https:\/\/www.adrianwood.ch\/index.php?rest_route=\/wp\/v2\/pages\/20745"}],"wp:attachment":[{"href":"https:\/\/www.adrianwood.ch\/index.php?rest_route=%2Fwp%2Fv2%2Fmedia&parent=3070"}],"curies":[{"name":"wp","href":"https:\/\/api.w.org\/{rel}","templated":true}]}}