{"id":3141,"date":"2014-08-18T09:12:50","date_gmt":"2014-08-18T08:12:50","guid":{"rendered":"http:\/\/adrianwood.ch\/?page_id=3141"},"modified":"2014-08-18T09:12:50","modified_gmt":"2014-08-18T08:12:50","slug":"04-29-guajara","status":"publish","type":"page","link":"https:\/\/www.adrianwood.ch\/?page_id=3141","title":{"rendered":"04-29 Guajara"},"content":{"rendered":"<h2>Dienstag 29.April, Guajara 2,717m<\/h2>\n<p style=\"text-align: justify;\">Um 9.00 h sind wir bereit zur Abfahrt vom sch\u00f6nen Hotel VillAlba. Wieder ist das Wetter strahlend sch\u00f6n. Der Bus f\u00e4hrt in unz\u00e4hligen Kehren durch den Kiefernwald des Parque Natural de Corona Forestal hinauf in den Parque Nacional del Teide. Je h\u00f6her wir kommen, desto seltener werden die Kiefern. Bald fahren wir durch eine Steinlandschaft, die durchsetzt ist von kleinen B\u00fcschen und interessanten Felsformationen. Wir fahren hinunter in die ber\u00fchmte Caldera, die auch Las Ca\u00f1adas genannt wird. Dieser Krater hat eine Dimension von 17km (W-O) bzw. 12km (N-S) und ist durch den Zusammenbruch eines riesigen Vulkans entstanden. In diesem Kessel bauten sich der Pico Viejo und der Pico del Teide in Schichten neu auf und beherrschen nun das Aussehen der Caldera. Der Teide mit seinen 3718m H\u00f6he ist das Wahrzeichen von Teneriffa und ist auch der h\u00f6chste Gipfel von Spanien. Wir d\u00fcrfen uns auch die Wanderung am Samstag freuen, die uns auf den Teide f\u00fchren wird!<\/p>\n<p style=\"text-align: justify;\"><img decoding=\"async\" class=\"ngg-singlepic ngg-left\" src=\"http:\/\/adrianwood.ch\/wp-content\/gallery\/teneriffa05\/image001_r3.jpg\" alt=\"image001_r3\" \/><img decoding=\"async\" class=\"ngg-singlepic ngg-left\" src=\"http:\/\/adrianwood.ch\/wp-content\/gallery\/teneriffa05\/image003_r3.jpg\" alt=\"image003_r3\" \/>Heute allerdings k\u00f6nnen wir den Vulkan zuerst einmal von der Caldera aus bestaunen und ablichten! Wir steigen beim Parador aus und schw\u00e4rmen aus, um Fotos zu schiessen. Der Zweifarbiger Teide Lack(weiss-violett) und der Besen-Sch\u00f6terich ergeben pr\u00e4chtige Sujets mit dem Teide als Hintergrund. Unser Tagesziel, der 2.717 m hohe Guajara k\u00f6nnen wir am Rande der Caldera sehen. Unsrer F\u00fchrerin, Marion hat M\u00fche, die Gruppe zusammenzubringen und uns zu informieren. Endlich laufen wir los und folgen dem Pfad gekennzeichnet mit \u201eSiete Ca\u00f1adas\u201c.<br \/>\n<img decoding=\"async\" class=\"ngg-singlepic ngg-left\" src=\"http:\/\/adrianwood.ch\/wp-content\/gallery\/teneriffa05\/image005_r3.jpg\" alt=\"image005_r3\" \/><img decoding=\"async\" class=\"ngg-singlepic ngg-left\" src=\"http:\/\/adrianwood.ch\/wp-content\/gallery\/teneriffa05\/image007_r3.jpg\" alt=\"image007_r3\" \/>Bald gehen wir auf einem breiten Schotterweg, der uns vorbei an pittoresken Formationen der &#8220;Piedras Amaryllas&#8221; f\u00fchrt. Wir wandern durch eine bizarre Lavalandschaft und erreichen dann die Abzweigung auf den Guajara. Eine Tafel zeigt an, dass wir uns auf dem Sendero 5 zur Degollada Guajara befinden. Nun geht es w\u00e4hrend einer halben Stunde steil auf einem Zickzackweg hinauf durch Teide-Ginster und anderen Geb\u00fcschen auf den Sattel 2300m, wo die Gruppe sich wieder zusammenfindet. Wir machen eine ausgedehnte Pause, in der Marion einen Vortrag h\u00e4lt \u00fcber die Entstehung die Ca\u00f1adas h\u00e4lt.<br \/>\nVom Sattel aus haben wir eine pr\u00e4chtige Sicht auf den Teide und die weite Caldera. Es f\u00e4llt auf, dass es einige Senken oder Schwemmebenen hat in der Caldera. Diese werden las Ca\u00f1adas genannt, was Weidewiese bedeutet. Das Urvolk, die Guanchen haben in ihnen ihre Ziegen geweidet.<br \/>\nWir brechen dann auf zur letzten Etappe. Einige kehren bereits um und werden uns dann im Parador erwarten. Der Pfad f\u00fchrt auf der S\u00fcdseite dem Hang entlang, wobei wir bereits die S\u00fcdk\u00fcste und das Meer erblicken k\u00f6nnen.<\/p>\n<p style=\"text-align: justify;\"><img decoding=\"async\" class=\"ngg-singlepic ngg-left\" src=\"http:\/\/adrianwood.ch\/wp-content\/gallery\/teneriffa05\/image009_r3.jpg\" alt=\"image009_r3\" \/><img decoding=\"async\" class=\"ngg-singlepic ngg-left\" src=\"http:\/\/adrianwood.ch\/wp-content\/gallery\/teneriffa05\/image011_r3.jpg\" alt=\"image011_r3\" \/>Wie kommen an interessanten Bimsteinformationen vorbei. Zwischen Felsen und Geb\u00fcschen geht es einmal etwas steiler dann wieder etwas flacher hinauf zum Gipfel des Guajara 2717m. Von hier oben haben wir eine phantastische Sicht auf den Pico Viejo und den Pico del Tiede und die Caldera, die eingerahmt ist von einer Bergkette. Alle geniessen die Gipfelpause und die grossartige Aussicht.<\/p>\n<p style=\"text-align: justify;\"><img decoding=\"async\" class=\"ngg-singlepic ngg-left\" src=\"http:\/\/adrianwood.ch\/wp-content\/gallery\/teneriffa05\/image013_r7.jpg\" alt=\"image013_r7\" \/>Um ca. 13.45 h machen wir uns wieder an den Abstieg, der uns auf demselben Weg hinunter zum Sattel f\u00fchrt. Dann geht es im Zickzack vorbei an Felsen, B\u00fcschen und hie und da am Zweifarbigen Teide Lack. Wir sehen hinunter auf die grosse Schwemmebene in der Caldera. Untern angekommen sammelt sich die Gruppe wieder und es geht \u00fcber die Schotterstrasse weiter. Die &#8220;Piedras Amaryllas&#8221; erwecken wieder unsere Aufmerksamkeit, da sie im Nachmittagslicht viel plastischer erscheinen. Um ca. 16.30h treffen wir im Parador ein und es reicht noch f\u00fcr ein Bier.<br \/>\n<img decoding=\"async\" class=\"ngg-singlepic ngg-left\" src=\"http:\/\/adrianwood.ch\/wp-content\/gallery\/teneriffa05\/image015_r3.jpg\" alt=\"image015_r3\" \/><img decoding=\"async\" class=\"ngg-singlepic ngg-left\" src=\"http:\/\/adrianwood.ch\/wp-content\/gallery\/teneriffa05\/image017_r3.jpg\" alt=\"image017_r3\" \/>Zu<img decoding=\"async\" class=\"ngg-singlepic ngg-left alignleft\" src=\"http:\/\/adrianwood.ch\/wp-content\/gallery\/teneriffa05\/image019_r3.jpg\" alt=\"image019_r3\" \/>frieden fahren wir mit dem Bus zur\u00fcck nach Vilaflor. Es findet ein gemeinsames Abendessen draussen im sch\u00f6nen Garten des Hotels statt, das alle sehr geniessen. Es wird Fisch und Fleisch serviert sowie Patatas arugas, die feinen salzigen Kartoffeln. Zum Dessert gibt es entweder Eis oder Gofiomousse. ( Gofio besteht aus ger\u00f6steten und gemahlenen Weizen &#8211; und \/oder Maisk\u00f6rnern und war das Hauptnahrungsmittel der Ureinwohner, der Guanchen).<br \/>\nDen einen schmeckt diese Mousse, die anderen ziehen Eis vor.<br \/>\nEin sch\u00f6ner, erlebnisreicher Tag geht zuende und wir ziehen uns zur\u00fcck. Morgen erwaret uns eine Wanderung im Tenogebirge.<br \/>\nDie heutige Wanderung in einer f\u00fcr uns ganz fremden Landschaft war sehr sch\u00f6n und beeindruckend. Marianne<\/p>\n<p>\u00a0<img decoding=\"async\" class=\"ngg-singlepic ngg-left\" src=\"http:\/\/adrianwood.ch\/wp-content\/gallery\/teneriffa05\/image021_r7.jpg\" alt=\"image021_r7\" \/><\/p>\n<p>&nbsp;<\/p>\n","protected":false},"excerpt":{"rendered":"<p>Dienstag 29.April, Guajara 2,717m Um 9.00 h sind wir bereit zur Abfahrt vom sch\u00f6nen Hotel VillAlba. Wieder ist das Wetter strahlend sch\u00f6n. Der Bus f\u00e4hrt in unz\u00e4hligen Kehren durch den Kiefernwald des Parque Natural de Corona Forestal hinauf in den Parque Nacional del Teide. Je h\u00f6her wir kommen, desto seltener werden die Kiefern. Bald fahren &hellip; <a href=\"https:\/\/www.adrianwood.ch\/?page_id=3141\" class=\"more-link\">Continue reading <span class=\"screen-reader-text\">04-29 Guajara<\/span> <span class=\"meta-nav\">&rarr;<\/span><\/a><\/p>\n","protected":false},"author":1,"featured_media":0,"parent":3070,"menu_order":2476,"comment_status":"closed","ping_status":"closed","template":"","meta":{"ngg_post_thumbnail":0,"footnotes":""},"class_list":["post-3141","page","type-page","status-publish","hentry"],"_links":{"self":[{"href":"https:\/\/www.adrianwood.ch\/index.php?rest_route=\/wp\/v2\/pages\/3141","targetHints":{"allow":["GET"]}}],"collection":[{"href":"https:\/\/www.adrianwood.ch\/index.php?rest_route=\/wp\/v2\/pages"}],"about":[{"href":"https:\/\/www.adrianwood.ch\/index.php?rest_route=\/wp\/v2\/types\/page"}],"author":[{"embeddable":true,"href":"https:\/\/www.adrianwood.ch\/index.php?rest_route=\/wp\/v2\/users\/1"}],"replies":[{"embeddable":true,"href":"https:\/\/www.adrianwood.ch\/index.php?rest_route=%2Fwp%2Fv2%2Fcomments&post=3141"}],"version-history":[{"count":0,"href":"https:\/\/www.adrianwood.ch\/index.php?rest_route=\/wp\/v2\/pages\/3141\/revisions"}],"up":[{"embeddable":true,"href":"https:\/\/www.adrianwood.ch\/index.php?rest_route=\/wp\/v2\/pages\/3070"}],"wp:attachment":[{"href":"https:\/\/www.adrianwood.ch\/index.php?rest_route=%2Fwp%2Fv2%2Fmedia&parent=3141"}],"curies":[{"name":"wp","href":"https:\/\/api.w.org\/{rel}","templated":true}]}}