{"id":3155,"date":"2014-08-18T10:49:55","date_gmt":"2014-08-18T09:49:55","guid":{"rendered":"http:\/\/adrianwood.ch\/?page_id=3155"},"modified":"2014-08-18T10:49:55","modified_gmt":"2014-08-18T09:49:55","slug":"der-nordwesten-um-puerto","status":"publish","type":"page","link":"https:\/\/www.adrianwood.ch\/?page_id=3155","title":{"rendered":"der Nordwesten um Puerto"},"content":{"rendered":"<figure id=\"attachment_3156\" aria-describedby=\"caption-attachment-3156\" style=\"width: 730px\" class=\"wp-caption alignleft\"><a href=\"http:\/\/adrianwood.ch\/wp-content\/uploads\/2014\/08\/TEN_0637_r7.jpg\"><img loading=\"lazy\" decoding=\"async\" class=\"size-full wp-image-3156\" src=\"http:\/\/adrianwood.ch\/wp-content\/uploads\/2014\/08\/TEN_0637_r7.jpg\" alt=\"Orotavatal Hohenweg\" width=\"730\" height=\"487\" \/><\/a><figcaption id=\"caption-attachment-3156\" class=\"wp-caption-text\">Orotavatal Hohenweg<\/figcaption><\/figure>\n<h2>Nordwesten um Puerto de la Cruz \u2013 Teno-Gebirge, Orotava-Tal, Arenas Negras<\/h2>\n<p style=\"text-align: justify;\"><strong>5.Tag, Mi. 30.04.<\/strong> Panoramaweg von Masca, Teno-Gebirge Wanderzeit ca. 4,5 Std. \/Auf 250 m \/Ab 600 m Auf aussichtsreichen Kammwegen entdecken wir die einzigartige Berglandschaft des Teno-Gebirges. Zwischen Erikaw\u00e4ldern, Lorbeer und bunten Wildblumen geht es zu den sch\u00f6nsten Aussichtspl\u00e4tzen mit Blick auf das malerisch gelegene Bergdorf Masca. Im Anschluss geht es hinab in das farbenfrohe Tal von El Palmar. Dort kehren wir in einer kleinen Bodega ein.(\u00dc Puerto d. l. Cruz) Einkehr in Las Lagunetas bei Patamero.<br \/>\n<strong>6.Tag, Do. 01.05.<\/strong> H\u00f6henwanderung im Orotava-Tal Wanderzeit ca. 5 Std. \/Auf 630 m \/Ab 630 m Heute wandern wir durch den weiten Kiefernwald des von Humboldt so gepriesenen Orotava-Tals. Ein aussichtsreicher und botanisch schlichtweg \u00fcberw\u00e4ltigender H\u00f6hensteig f\u00fchrt uns dicht an den Felsw\u00e4nden des oberen Tals entlang. Hier erfahren wir alles \u00fcber das Geheimnis des Wassers auf der Insel. Im Anschluss lassen wir den Tag in einer Waldbar gem\u00fctlich ausklingen (\u00dc Puerto d. l. C.). Einkehr in der Waldbar in Aguamansa.<br \/>\n<strong>7.Tag, Fr. 02.05.<\/strong> Im Lavagebiet Arenas Negras Wanderzeit ca. 4 Std. \/Auf 400 m \/Ab 250 m Unsere Wanderung beginnt in der jungvulkanischen Landschaft der Vulkane Garachico (1706) und Chinyero (1909). Uns erwartet eine zauberhafte Route durch tiefschwarze Aschefelder und dem Saum zartgr\u00fcner Kiefern. Im Anschluss spazieren wir nach Los Llanos; dort rasten wir in einer urigen Waldbar an einem lauschigen Pl\u00e4tzchen im Schatten eines Lorbeers (\u00dc Puerto d. l. C.). Gemeinsames Abendessen in Puerto de la Cruz. ngg_shortcode_0_placeholder<\/p>\n<figure id=\"attachment_3157\" aria-describedby=\"caption-attachment-3157\" style=\"width: 848px\" class=\"wp-caption alignleft\"><a href=\"http:\/\/adrianwood.ch\/wp-content\/uploads\/2014\/08\/5-Map_r8.jpg\"><img loading=\"lazy\" decoding=\"async\" class=\"size-full wp-image-3157\" src=\"http:\/\/adrianwood.ch\/wp-content\/uploads\/2014\/08\/5-Map_r8.jpg\" alt=\"Puerto de la Cruz Region\" width=\"848\" height=\"600\" \/><\/a><figcaption id=\"caption-attachment-3157\" class=\"wp-caption-text\">Puerto de la Cruz Region<\/figcaption><\/figure>\n<figure id=\"attachment_3158\" aria-describedby=\"caption-attachment-3158\" style=\"width: 848px\" class=\"wp-caption alignleft\"><a href=\"http:\/\/adrianwood.ch\/wp-content\/uploads\/2014\/08\/M8-Teno-1_r8.jpg\"><img loading=\"lazy\" decoding=\"async\" class=\"size-full wp-image-3158\" src=\"http:\/\/adrianwood.ch\/wp-content\/uploads\/2014\/08\/M8-Teno-1_r8.jpg\" alt=\"Teno Gebirge\" width=\"848\" height=\"564\" \/><\/a><figcaption id=\"caption-attachment-3158\" class=\"wp-caption-text\">Teno Gebirge<\/figcaption><\/figure>\n<p>&nbsp;<\/p>\n","protected":false},"excerpt":{"rendered":"<p>Nordwesten um Puerto de la Cruz \u2013 Teno-Gebirge, Orotava-Tal, Arenas Negras 5.Tag, Mi. 30.04. Panoramaweg von Masca, Teno-Gebirge Wanderzeit ca. 4,5 Std. \/Auf 250 m \/Ab 600 m Auf aussichtsreichen Kammwegen entdecken wir die einzigartige Berglandschaft des Teno-Gebirges. Zwischen Erikaw\u00e4ldern, Lorbeer und bunten Wildblumen geht es zu den sch\u00f6nsten Aussichtspl\u00e4tzen mit Blick auf das malerisch &hellip; <a href=\"https:\/\/www.adrianwood.ch\/?page_id=3155\" class=\"more-link\">Continue reading <span class=\"screen-reader-text\">der Nordwesten um Puerto<\/span> <span class=\"meta-nav\">&rarr;<\/span><\/a><\/p>\n","protected":false},"author":1,"featured_media":0,"parent":3070,"menu_order":2477,"comment_status":"closed","ping_status":"closed","template":"","meta":{"ngg_post_thumbnail":0,"footnotes":""},"class_list":["post-3155","page","type-page","status-publish","hentry"],"_links":{"self":[{"href":"https:\/\/www.adrianwood.ch\/index.php?rest_route=\/wp\/v2\/pages\/3155","targetHints":{"allow":["GET"]}}],"collection":[{"href":"https:\/\/www.adrianwood.ch\/index.php?rest_route=\/wp\/v2\/pages"}],"about":[{"href":"https:\/\/www.adrianwood.ch\/index.php?rest_route=\/wp\/v2\/types\/page"}],"author":[{"embeddable":true,"href":"https:\/\/www.adrianwood.ch\/index.php?rest_route=\/wp\/v2\/users\/1"}],"replies":[{"embeddable":true,"href":"https:\/\/www.adrianwood.ch\/index.php?rest_route=%2Fwp%2Fv2%2Fcomments&post=3155"}],"version-history":[{"count":0,"href":"https:\/\/www.adrianwood.ch\/index.php?rest_route=\/wp\/v2\/pages\/3155\/revisions"}],"up":[{"embeddable":true,"href":"https:\/\/www.adrianwood.ch\/index.php?rest_route=\/wp\/v2\/pages\/3070"}],"wp:attachment":[{"href":"https:\/\/www.adrianwood.ch\/index.php?rest_route=%2Fwp%2Fv2%2Fmedia&parent=3155"}],"curies":[{"name":"wp","href":"https:\/\/api.w.org\/{rel}","templated":true}]}}