{"id":3208,"date":"2014-08-19T08:14:36","date_gmt":"2014-08-19T07:14:36","guid":{"rendered":"http:\/\/adrianwood.ch\/?page_id=3208"},"modified":"2014-08-19T08:14:36","modified_gmt":"2014-08-19T07:14:36","slug":"westkuste-masca-schlucht","status":"publish","type":"page","link":"https:\/\/www.adrianwood.ch\/?page_id=3208","title":{"rendered":"Westk\u00fcste, Masca Schlucht"},"content":{"rendered":"<figure id=\"attachment_3209\" aria-describedby=\"caption-attachment-3209\" style=\"width: 730px\" class=\"wp-caption alignleft\"><a href=\"http:\/\/adrianwood.ch\/wp-content\/uploads\/2014\/08\/TEN_1367_r7.jpg\"><img loading=\"lazy\" decoding=\"async\" class=\"size-full wp-image-3209\" src=\"http:\/\/adrianwood.ch\/wp-content\/uploads\/2014\/08\/TEN_1367_r7.jpg\" alt=\"im Masca Schlucht\" width=\"730\" height=\"487\" \/><\/a><figcaption id=\"caption-attachment-3209\" class=\"wp-caption-text\">im Masca Schlucht<\/figcaption><\/figure>\n<h2>Westk\u00fcste, Masca-Schlucht<\/h2>\n<p><strong>10.Tag, Mo. 05.05.<\/strong> Wanderung durch die Masca-Schlucht Wanderzeit ca. 4 Std \/ Auf 50 m \/Ab 600 m Vom idyllisch gelegenen Bergdorf Masca geht es durch die legend\u00e4re Schlucht hinunter zum Meer. Abenteuerlich und steinig ist der Weg &#8211; eindrucksvoll und gewaltig die \u00fcberh\u00e4ngenden Steilw\u00e4nde. Von der Playa de Masca bringt uns ein Boot hinaus aufs Meer zu den Delphinen, die sich hier vor der gigantischen Steilk\u00fcste beobachten lassen. Unsere Bootsfahrt endet an der Westk\u00fcste im Hafen von Los Gigantes. (\u00dc Puerto d. l. C.). Gemeinsames Abendessen in Puerto de la Cruz. (z. B. Bodega de Julian). ngg_shortcode_0_placeholder<\/p>\n<figure id=\"attachment_3210\" aria-describedby=\"caption-attachment-3210\" style=\"width: 848px\" class=\"wp-caption alignleft\"><a href=\"http:\/\/adrianwood.ch\/wp-content\/uploads\/2014\/08\/M4-Masca-1_r8.jpg\"><img loading=\"lazy\" decoding=\"async\" class=\"size-full wp-image-3210\" src=\"http:\/\/adrianwood.ch\/wp-content\/uploads\/2014\/08\/M4-Masca-1_r8.jpg\" alt=\"Teno Gebirge mit Masca Schlucht\" width=\"848\" height=\"992\" \/><\/a><figcaption id=\"caption-attachment-3210\" class=\"wp-caption-text\">Teno Gebirge mit Masca Schlucht<\/figcaption><\/figure>\n","protected":false},"excerpt":{"rendered":"<p>Westk\u00fcste, Masca-Schlucht 10.Tag, Mo. 05.05. Wanderung durch die Masca-Schlucht Wanderzeit ca. 4 Std \/ Auf 50 m \/Ab 600 m Vom idyllisch gelegenen Bergdorf Masca geht es durch die legend\u00e4re Schlucht hinunter zum Meer. Abenteuerlich und steinig ist der Weg &#8211; eindrucksvoll und gewaltig die \u00fcberh\u00e4ngenden Steilw\u00e4nde. Von der Playa de Masca bringt uns ein &hellip; <a href=\"https:\/\/www.adrianwood.ch\/?page_id=3208\" class=\"more-link\">Continue reading <span class=\"screen-reader-text\">Westk\u00fcste, Masca Schlucht<\/span> <span class=\"meta-nav\">&rarr;<\/span><\/a><\/p>\n","protected":false},"author":1,"featured_media":0,"parent":3070,"menu_order":2484,"comment_status":"closed","ping_status":"closed","template":"","meta":{"ngg_post_thumbnail":0,"footnotes":""},"class_list":["post-3208","page","type-page","status-publish","hentry"],"_links":{"self":[{"href":"https:\/\/www.adrianwood.ch\/index.php?rest_route=\/wp\/v2\/pages\/3208","targetHints":{"allow":["GET"]}}],"collection":[{"href":"https:\/\/www.adrianwood.ch\/index.php?rest_route=\/wp\/v2\/pages"}],"about":[{"href":"https:\/\/www.adrianwood.ch\/index.php?rest_route=\/wp\/v2\/types\/page"}],"author":[{"embeddable":true,"href":"https:\/\/www.adrianwood.ch\/index.php?rest_route=\/wp\/v2\/users\/1"}],"replies":[{"embeddable":true,"href":"https:\/\/www.adrianwood.ch\/index.php?rest_route=%2Fwp%2Fv2%2Fcomments&post=3208"}],"version-history":[{"count":0,"href":"https:\/\/www.adrianwood.ch\/index.php?rest_route=\/wp\/v2\/pages\/3208\/revisions"}],"up":[{"embeddable":true,"href":"https:\/\/www.adrianwood.ch\/index.php?rest_route=\/wp\/v2\/pages\/3070"}],"wp:attachment":[{"href":"https:\/\/www.adrianwood.ch\/index.php?rest_route=%2Fwp%2Fv2%2Fmedia&parent=3208"}],"curies":[{"name":"wp","href":"https:\/\/api.w.org\/{rel}","templated":true}]}}