{"id":3225,"date":"2014-08-19T09:16:20","date_gmt":"2014-08-19T08:16:20","guid":{"rendered":"http:\/\/adrianwood.ch\/?page_id=3225"},"modified":"2014-08-19T09:16:20","modified_gmt":"2014-08-19T08:16:20","slug":"nordosten-anaga-gebirge","status":"publish","type":"page","link":"https:\/\/www.adrianwood.ch\/?page_id=3225","title":{"rendered":"Nordosten, Anaga Gebirge"},"content":{"rendered":"<figure id=\"attachment_3226\" aria-describedby=\"caption-attachment-3226\" style=\"width: 730px\" class=\"wp-caption alignleft\"><a href=\"http:\/\/adrianwood.ch\/wp-content\/uploads\/2014\/08\/TEN_2029_1_r7.jpg\"><img loading=\"lazy\" decoding=\"async\" class=\"size-full wp-image-3226\" src=\"http:\/\/adrianwood.ch\/wp-content\/uploads\/2014\/08\/TEN_2029_1_r7.jpg\" alt=\"an der steile Nordostk\u00fcste\" width=\"730\" height=\"486\" \/><\/a><figcaption id=\"caption-attachment-3226\" class=\"wp-caption-text\">an der steile Nordostk\u00fcste<\/figcaption><\/figure>\n<h2>Der Nordosten, Anaga Gebirge<\/h2>\n<p style=\"text-align: justify;\"><strong>11. Tag, Die. 06.05.<\/strong> V. Cruz del Carmen n. P. del Hidalgo Wanderzeit ca. 4,5 Std. \/Auf 180 m\/Ab 980 m Durch den immergr\u00fcnen Lorbeerwald von Las Mercedes wandern wir \u00fcber einen aussichtsreichen H\u00f6henweg vorbei am H\u00f6hlendorf Chinamada hinunter nach Punta. Urspr\u00fcngliche Bergd\u00f6rfer und kunstvoll angelegte Feldterrassen schmiegen sich an den Berghang und begleiten unseren Felspfad hinab ans Meer. (\u00dc Punta del Hidalgo). Oder umgekehrt. Gemeinsames Abendessen in Punta del Hidalgo.<br \/>\n<strong>12. Tag, Mi. 07.05.<\/strong> Von Afur nach Taganana Wanderzeit ca. 4,5 Std. \/Auf 350 m \/Ab 300 m Abgeschieden liegt das Dorf Afur im Herzen des Anaga-Gebirges. Von dort wandern wir durch die Schlucht von Afur hinunter zum Meer und weiter auf dem wunderbaren K\u00fcstenweg nach Taganana, der uns pr\u00e4chtige Aussichten entlang der Horizonte von Anaga beschert. Einkehr an der K\u00fcste in Playa San Roque. (\u00dc Punta del Hidalgo). Einkehr Taganana (am Meer Casa Africa).<br \/>\n<strong>12. Tag, Do. 08.05.<\/strong> \u00dcber d. Engl\u00e4ndergipfel nach S. Cruz Wanderzeit ca. 4 Std. \/Auf 150 m \/Ab 900 m Von einem der sch\u00f6nsten Aussichtspl\u00e4tzen des Insel genie\u00dfen wir den Blick \u00fcber das gr\u00fcne Anaga-gebirge bis in den S\u00fcden nach Santa Cruz. Durch urspr\u00fcnglichen Lorbeerwald steigen wir \u00fcber einen grandiosen Felspfad bis zur K\u00fcste hinab und passieren kleine, einsam gelegene Weiler und fruchtbare T\u00e4ler. (\u00dc Punta del Hidalgo) Einkehr in Santa Cruz \/San Andres. ngg_shortcode_0_placeholder<\/p>\n<figure id=\"attachment_3227\" aria-describedby=\"caption-attachment-3227\" style=\"width: 848px\" class=\"wp-caption alignleft\"><a href=\"http:\/\/adrianwood.ch\/wp-content\/uploads\/2014\/08\/3-Map_r8.jpg\"><img loading=\"lazy\" decoding=\"async\" class=\"size-full wp-image-3227\" src=\"http:\/\/adrianwood.ch\/wp-content\/uploads\/2014\/08\/3-Map_r8.jpg\" alt=\"Der Nordoste, Anagebirge\" width=\"848\" height=\"600\" \/><\/a><figcaption id=\"caption-attachment-3227\" class=\"wp-caption-text\">Der Nordoste, Anagebirge<\/figcaption><\/figure>\n<figure id=\"attachment_3228\" aria-describedby=\"caption-attachment-3228\" style=\"width: 848px\" class=\"wp-caption alignleft\"><a href=\"http:\/\/adrianwood.ch\/wp-content\/uploads\/2014\/08\/Map-Candelaria-1_r8.jpg\"><img loading=\"lazy\" decoding=\"async\" class=\"size-full wp-image-3228\" src=\"http:\/\/adrianwood.ch\/wp-content\/uploads\/2014\/08\/Map-Candelaria-1_r8.jpg\" alt=\"der Ostk\u00fcste\" width=\"848\" height=\"1288\" \/><\/a><figcaption id=\"caption-attachment-3228\" class=\"wp-caption-text\">der Ostk\u00fcste<\/figcaption><\/figure>\n","protected":false},"excerpt":{"rendered":"<p>Der Nordosten, Anaga Gebirge 11. Tag, Die. 06.05. V. Cruz del Carmen n. P. del Hidalgo Wanderzeit ca. 4,5 Std. \/Auf 180 m\/Ab 980 m Durch den immergr\u00fcnen Lorbeerwald von Las Mercedes wandern wir \u00fcber einen aussichtsreichen H\u00f6henweg vorbei am H\u00f6hlendorf Chinamada hinunter nach Punta. Urspr\u00fcngliche Bergd\u00f6rfer und kunstvoll angelegte Feldterrassen schmiegen sich an den &hellip; <a href=\"https:\/\/www.adrianwood.ch\/?page_id=3225\" class=\"more-link\">Continue reading <span class=\"screen-reader-text\">Nordosten, Anaga Gebirge<\/span> <span class=\"meta-nav\">&rarr;<\/span><\/a><\/p>\n","protected":false},"author":1,"featured_media":0,"parent":3070,"menu_order":2486,"comment_status":"closed","ping_status":"closed","template":"","meta":{"ngg_post_thumbnail":0,"footnotes":""},"class_list":["post-3225","page","type-page","status-publish","hentry"],"_links":{"self":[{"href":"https:\/\/www.adrianwood.ch\/index.php?rest_route=\/wp\/v2\/pages\/3225","targetHints":{"allow":["GET"]}}],"collection":[{"href":"https:\/\/www.adrianwood.ch\/index.php?rest_route=\/wp\/v2\/pages"}],"about":[{"href":"https:\/\/www.adrianwood.ch\/index.php?rest_route=\/wp\/v2\/types\/page"}],"author":[{"embeddable":true,"href":"https:\/\/www.adrianwood.ch\/index.php?rest_route=\/wp\/v2\/users\/1"}],"replies":[{"embeddable":true,"href":"https:\/\/www.adrianwood.ch\/index.php?rest_route=%2Fwp%2Fv2%2Fcomments&post=3225"}],"version-history":[{"count":0,"href":"https:\/\/www.adrianwood.ch\/index.php?rest_route=\/wp\/v2\/pages\/3225\/revisions"}],"up":[{"embeddable":true,"href":"https:\/\/www.adrianwood.ch\/index.php?rest_route=\/wp\/v2\/pages\/3070"}],"wp:attachment":[{"href":"https:\/\/www.adrianwood.ch\/index.php?rest_route=%2Fwp%2Fv2%2Fmedia&parent=3225"}],"curies":[{"name":"wp","href":"https:\/\/api.w.org\/{rel}","templated":true}]}}